{"id":12417,"date":"2023-10-26T07:43:02","date_gmt":"2023-10-26T07:43:02","guid":{"rendered":"https:\/\/fisiotech.com\/tables\/serie-gynecology\/"},"modified":"2025-07-21T19:10:15","modified_gmt":"2025-07-21T19:10:15","slug":"divans-gynecologiques-serie-gynecology","status":"publish","type":"page","link":"https:\/\/dev.fisiotech.com\/fr\/lits-d-examen-professionnels-pour-la-kinesitherapie\/divans-gynecologiques-serie-gynecology\/","title":{"rendered":"S\u00e9rie Gynecology"},"content":{"rendered":"\t\t<div data-elementor-type=\"wp-page\" data-elementor-id=\"12417\" class=\"elementor elementor-12417 elementor-389\">\n\t\t\t\t<div class=\"elementor-element elementor-element-6b9542b2 e-flex e-con-boxed e-con e-parent\" data-id=\"6b9542b2\" data-element_type=\"container\" data-e-type=\"container\">\n\t\t\t\t\t<div class=\"e-con-inner\">\n\t\t\t\t<div class=\"elementor-element elementor-element-5da79f49 elementor-icon-list--layout-inline elementor-align-start elementor-mobile-align-center elementor-list-item-link-full_width elementor-invisible elementor-widget elementor-widget-icon-list\" data-id=\"5da79f49\" data-element_type=\"widget\" data-e-type=\"widget\" data-settings=\"{&quot;_animation&quot;:&quot;fadeInLeft&quot;,&quot;_animation_delay&quot;:100}\" data-widget_type=\"icon-list.default\">\n\t\t\t\t<div class=\"elementor-widget-container\">\n\t\t\t\t\t\t\t<ul class=\"elementor-icon-list-items elementor-inline-items\">\n\t\t\t\t\t\t\t<li class=\"elementor-icon-list-item elementor-inline-item\">\n\t\t\t\t\t\t\t\t\t\t\t<a href=\"https:\/\/dev.fisiotech.com\/\/fr\/tables\/\">\n\n\t\t\t\t\t\t\t\t\t\t\t<span class=\"elementor-icon-list-text\">Tables<\/span>\n\t\t\t\t\t\t\t\t\t\t\t<\/a>\n\t\t\t\t\t\t\t\t\t<\/li>\n\t\t\t\t\t\t\t\t<li class=\"elementor-icon-list-item elementor-inline-item\">\n\t\t\t\t\t\t\t\t\t\t<span class=\"elementor-icon-list-text\">Divans Gyn\u00e9cologiques S\u00e9rie Gynecology<\/span>\n\t\t\t\t\t\t\t\t\t<\/li>\n\t\t\t\t\t\t<\/ul>\n\t\t\t\t\t\t<\/div>\n\t\t\t\t<\/div>\n\t\t\t\t\t<\/div>\n\t\t\t\t<\/div>\n\t\t<div class=\"elementor-element elementor-element-de3fa12 e-flex e-con-boxed e-con e-parent\" data-id=\"de3fa12\" data-element_type=\"container\" data-e-type=\"container\">\n\t\t\t\t\t<div class=\"e-con-inner\">\n\t\t\t\t<div class=\"elementor-element elementor-element-5d16015 elementor-widget elementor-widget-heading\" data-id=\"5d16015\" data-element_type=\"widget\" data-e-type=\"widget\" data-widget_type=\"heading.default\">\n\t\t\t\t<div class=\"elementor-widget-container\">\n\t\t\t\t\t<h1 class=\"elementor-heading-title elementor-size-default\">Divans Gyn\u00e9cologiques S\u00e9rie Gynecology<\/h1>\t\t\t\t<\/div>\n\t\t\t\t<\/div>\n\t\t\t\t\t<\/div>\n\t\t\t\t<\/div>\n\t\t<div class=\"elementor-element elementor-element-32d979ac e-flex e-con-boxed e-con e-parent\" data-id=\"32d979ac\" data-element_type=\"container\" data-e-type=\"container\">\n\t\t\t\t\t<div class=\"e-con-inner\">\n\t\t\t\t\t<\/div>\n\t\t\t\t<\/div>\n\t\t\t\t<\/div>\n\t\t","protected":false},"excerpt":{"rendered":"<p>Tables Divans Gyn\u00e9cologiques S\u00e9rie Gynecology Divans Gyn\u00e9cologiques S\u00e9rie Gynecology &nbsp;&nbsp;Back S\u00e9rie Bobath S\u00e9rie Easy S\u00e9rie Gynecology S\u00e9rie Postural S\u00e9rie Professional S\u00e9rie Set-Close S\u00e9rie Simple S\u00e9rie Tilt S\u00e9rie Top S\u00e9rie Traction S\u00e9rie New Professional TABLE ERA TABLE ESTIA<\/p>\n","protected":false},"author":10,"featured_media":0,"parent":12327,"menu_order":9,"comment_status":"closed","ping_status":"closed","template":"elementor_header_footer","meta":{"_acf_changed":false,"footnotes":""},"class_list":["post-12417","page","type-page","status-publish","hentry","entry","owp-thumbs-layout-horizontal","owp-btn-normal","owp-tabs-layout-horizontal","has-no-thumbnails","has-product-nav"],"acf":[],"yoast_head":"<!-- This site is optimized with the Yoast SEO plugin v27.1.1 - https:\/\/yoast.com\/product\/yoast-seo-wordpress\/ -->\n<title>Divans Gyn\u00e9cologiques S\u00e9rie Gynecology pour Cabinets M\u00e9dicaux<\/title>\n<meta name=\"description\" content=\"D\u00e9couvrez les divans gyn\u00e9cologiques de la S\u00e9rie Gynecology de FisioTech : structures robustes, r\u00e9glables, avec supports lat\u00e9raux et accessoires sp\u00e9cifiques pour examens gyn\u00e9cologiques, id\u00e9als pour cabinets m\u00e9dicaux\" \/>\n<meta name=\"robots\" content=\"noindex, follow, max-snippet:-1, max-image-preview:large, max-video-preview:-1\" \/>\n<meta property=\"og:locale\" content=\"fr_FR\" \/>\n<meta property=\"og:type\" content=\"article\" \/>\n<meta property=\"og:title\" content=\"Divans Gyn\u00e9cologiques S\u00e9rie Gynecology pour Cabinets M\u00e9dicaux\" \/>\n<meta property=\"og:description\" content=\"D\u00e9couvrez les divans gyn\u00e9cologiques de la S\u00e9rie Gynecology de FisioTech : structures robustes, r\u00e9glables, avec supports lat\u00e9raux et accessoires sp\u00e9cifiques pour examens gyn\u00e9cologiques, id\u00e9als pour cabinets m\u00e9dicaux\" \/>\n<meta property=\"og:url\" content=\"https:\/\/dev.fisiotech.com\/fr\/lits-d-examen-professionnels-pour-la-kinesitherapie\/divans-gynecologiques-serie-gynecology\/\" \/>\n<meta property=\"og:site_name\" content=\"FisioTech\" \/>\n<meta property=\"article:modified_time\" content=\"2025-07-21T19:10:15+00:00\" \/>\n<meta property=\"og:image\" content=\"https:\/\/fisiotech.com\/wp-content\/uploads\/2024\/06\/Era-ANTEPRIMA-new.png\" \/>\n<meta name=\"twitter:card\" content=\"summary_large_image\" \/>\n<meta name=\"twitter:label1\" content=\"Dur\u00e9e de lecture estim\u00e9e\" \/>\n\t<meta name=\"twitter:data1\" content=\"1 minute\" \/>\n<script type=\"application\/ld+json\" class=\"yoast-schema-graph\">{\"@context\":\"https:\/\/schema.org\",\"@graph\":[{\"@type\":\"WebPage\",\"@id\":\"https:\/\/dev.fisiotech.com\/fr\/lits-d-examen-professionnels-pour-la-kinesitherapie\/divans-gynecologiques-serie-gynecology\/\",\"url\":\"https:\/\/dev.fisiotech.com\/fr\/lits-d-examen-professionnels-pour-la-kinesitherapie\/divans-gynecologiques-serie-gynecology\/\",\"name\":\"Divans Gyn\u00e9cologiques S\u00e9rie Gynecology pour Cabinets M\u00e9dicaux\",\"isPartOf\":{\"@id\":\"https:\/\/dev.fisiotech.com\/fr\/#website\"},\"primaryImageOfPage\":{\"@id\":\"https:\/\/dev.fisiotech.com\/fr\/lits-d-examen-professionnels-pour-la-kinesitherapie\/divans-gynecologiques-serie-gynecology\/#primaryimage\"},\"image\":{\"@id\":\"https:\/\/dev.fisiotech.com\/fr\/lits-d-examen-professionnels-pour-la-kinesitherapie\/divans-gynecologiques-serie-gynecology\/#primaryimage\"},\"thumbnailUrl\":\"https:\/\/fisiotech.com\/wp-content\/uploads\/2024\/06\/Era-ANTEPRIMA-new.png\",\"datePublished\":\"2023-10-26T07:43:02+00:00\",\"dateModified\":\"2025-07-21T19:10:15+00:00\",\"description\":\"D\u00e9couvrez les divans gyn\u00e9cologiques de la S\u00e9rie Gynecology de FisioTech : structures robustes, r\u00e9glables, avec supports lat\u00e9raux et accessoires sp\u00e9cifiques pour examens gyn\u00e9cologiques, id\u00e9als pour cabinets m\u00e9dicaux\",\"breadcrumb\":{\"@id\":\"https:\/\/dev.fisiotech.com\/fr\/lits-d-examen-professionnels-pour-la-kinesitherapie\/divans-gynecologiques-serie-gynecology\/#breadcrumb\"},\"inLanguage\":\"fr-FR\",\"potentialAction\":[{\"@type\":\"ReadAction\",\"target\":[\"https:\/\/dev.fisiotech.com\/fr\/lits-d-examen-professionnels-pour-la-kinesitherapie\/divans-gynecologiques-serie-gynecology\/\"]}]},{\"@type\":\"ImageObject\",\"inLanguage\":\"fr-FR\",\"@id\":\"https:\/\/dev.fisiotech.com\/fr\/lits-d-examen-professionnels-pour-la-kinesitherapie\/divans-gynecologiques-serie-gynecology\/#primaryimage\",\"url\":\"https:\/\/fisiotech.com\/wp-content\/uploads\/2024\/06\/Era-ANTEPRIMA-new.png\",\"contentUrl\":\"https:\/\/fisiotech.com\/wp-content\/uploads\/2024\/06\/Era-ANTEPRIMA-new.png\"},{\"@type\":\"BreadcrumbList\",\"@id\":\"https:\/\/dev.fisiotech.com\/fr\/lits-d-examen-professionnels-pour-la-kinesitherapie\/divans-gynecologiques-serie-gynecology\/#breadcrumb\",\"itemListElement\":[{\"@type\":\"ListItem\",\"position\":1,\"name\":\"Home\",\"item\":\"https:\/\/dev.fisiotech.com\/fr\/\"},{\"@type\":\"ListItem\",\"position\":2,\"name\":\"Tables\",\"item\":\"https:\/\/dev.fisiotech.com\/fr\/lettini-professionali-per-fisioterapia-e-visite-mediche\/\"},{\"@type\":\"ListItem\",\"position\":3,\"name\":\"S\u00e9rie Gynecology\"}]},{\"@type\":\"WebSite\",\"@id\":\"https:\/\/dev.fisiotech.com\/fr\/#website\",\"url\":\"https:\/\/dev.fisiotech.com\/fr\/\",\"name\":\"FisioTech\",\"description\":\"Tecnologie al servizio della salute\",\"publisher\":{\"@id\":\"https:\/\/dev.fisiotech.com\/fr\/#organization\"},\"potentialAction\":[{\"@type\":\"SearchAction\",\"target\":{\"@type\":\"EntryPoint\",\"urlTemplate\":\"https:\/\/dev.fisiotech.com\/fr\/?s={search_term_string}\"},\"query-input\":{\"@type\":\"PropertyValueSpecification\",\"valueRequired\":true,\"valueName\":\"search_term_string\"}}],\"inLanguage\":\"fr-FR\"},{\"@type\":\"Organization\",\"@id\":\"https:\/\/dev.fisiotech.com\/fr\/#organization\",\"name\":\"FisioTech - Tecnologie al servizio della salute\",\"url\":\"https:\/\/dev.fisiotech.com\/fr\/\",\"logo\":{\"@type\":\"ImageObject\",\"inLanguage\":\"fr-FR\",\"@id\":\"https:\/\/dev.fisiotech.com\/fr\/#\/schema\/logo\/image\/\",\"url\":\"https:\/\/dev.fisiotech.com\/wp-content\/uploads\/2023\/09\/cropped-Fisiotech-logo.png\",\"contentUrl\":\"https:\/\/dev.fisiotech.com\/wp-content\/uploads\/2023\/09\/cropped-Fisiotech-logo.png\",\"width\":861,\"height\":329,\"caption\":\"FisioTech - Tecnologie al servizio della salute\"},\"image\":{\"@id\":\"https:\/\/dev.fisiotech.com\/fr\/#\/schema\/logo\/image\/\"}}]}<\/script>\n<!-- \/ Yoast SEO plugin. -->","yoast_head_json":{"title":"Divans Gyn\u00e9cologiques S\u00e9rie Gynecology pour Cabinets M\u00e9dicaux","description":"D\u00e9couvrez les divans gyn\u00e9cologiques de la S\u00e9rie Gynecology de FisioTech : structures robustes, r\u00e9glables, avec supports lat\u00e9raux et accessoires sp\u00e9cifiques pour examens gyn\u00e9cologiques, id\u00e9als pour cabinets m\u00e9dicaux","robots":{"index":"noindex","follow":"follow","max-snippet":"max-snippet:-1","max-image-preview":"max-image-preview:large","max-video-preview":"max-video-preview:-1"},"og_locale":"fr_FR","og_type":"article","og_title":"Divans Gyn\u00e9cologiques S\u00e9rie Gynecology pour Cabinets M\u00e9dicaux","og_description":"D\u00e9couvrez les divans gyn\u00e9cologiques de la S\u00e9rie Gynecology de FisioTech : structures robustes, r\u00e9glables, avec supports lat\u00e9raux et accessoires sp\u00e9cifiques pour examens gyn\u00e9cologiques, id\u00e9als pour cabinets m\u00e9dicaux","og_url":"https:\/\/dev.fisiotech.com\/fr\/lits-d-examen-professionnels-pour-la-kinesitherapie\/divans-gynecologiques-serie-gynecology\/","og_site_name":"FisioTech","article_modified_time":"2025-07-21T19:10:15+00:00","og_image":[{"url":"https:\/\/fisiotech.com\/wp-content\/uploads\/2024\/06\/Era-ANTEPRIMA-new.png","type":"","width":"","height":""}],"twitter_card":"summary_large_image","twitter_misc":{"Dur\u00e9e de lecture estim\u00e9e":"1 minute"},"schema":{"@context":"https:\/\/schema.org","@graph":[{"@type":"WebPage","@id":"https:\/\/dev.fisiotech.com\/fr\/lits-d-examen-professionnels-pour-la-kinesitherapie\/divans-gynecologiques-serie-gynecology\/","url":"https:\/\/dev.fisiotech.com\/fr\/lits-d-examen-professionnels-pour-la-kinesitherapie\/divans-gynecologiques-serie-gynecology\/","name":"Divans Gyn\u00e9cologiques S\u00e9rie Gynecology pour Cabinets M\u00e9dicaux","isPartOf":{"@id":"https:\/\/dev.fisiotech.com\/fr\/#website"},"primaryImageOfPage":{"@id":"https:\/\/dev.fisiotech.com\/fr\/lits-d-examen-professionnels-pour-la-kinesitherapie\/divans-gynecologiques-serie-gynecology\/#primaryimage"},"image":{"@id":"https:\/\/dev.fisiotech.com\/fr\/lits-d-examen-professionnels-pour-la-kinesitherapie\/divans-gynecologiques-serie-gynecology\/#primaryimage"},"thumbnailUrl":"https:\/\/fisiotech.com\/wp-content\/uploads\/2024\/06\/Era-ANTEPRIMA-new.png","datePublished":"2023-10-26T07:43:02+00:00","dateModified":"2025-07-21T19:10:15+00:00","description":"D\u00e9couvrez les divans gyn\u00e9cologiques de la S\u00e9rie Gynecology de FisioTech : structures robustes, r\u00e9glables, avec supports lat\u00e9raux et accessoires sp\u00e9cifiques pour examens gyn\u00e9cologiques, id\u00e9als pour cabinets m\u00e9dicaux","breadcrumb":{"@id":"https:\/\/dev.fisiotech.com\/fr\/lits-d-examen-professionnels-pour-la-kinesitherapie\/divans-gynecologiques-serie-gynecology\/#breadcrumb"},"inLanguage":"fr-FR","potentialAction":[{"@type":"ReadAction","target":["https:\/\/dev.fisiotech.com\/fr\/lits-d-examen-professionnels-pour-la-kinesitherapie\/divans-gynecologiques-serie-gynecology\/"]}]},{"@type":"ImageObject","inLanguage":"fr-FR","@id":"https:\/\/dev.fisiotech.com\/fr\/lits-d-examen-professionnels-pour-la-kinesitherapie\/divans-gynecologiques-serie-gynecology\/#primaryimage","url":"https:\/\/fisiotech.com\/wp-content\/uploads\/2024\/06\/Era-ANTEPRIMA-new.png","contentUrl":"https:\/\/fisiotech.com\/wp-content\/uploads\/2024\/06\/Era-ANTEPRIMA-new.png"},{"@type":"BreadcrumbList","@id":"https:\/\/dev.fisiotech.com\/fr\/lits-d-examen-professionnels-pour-la-kinesitherapie\/divans-gynecologiques-serie-gynecology\/#breadcrumb","itemListElement":[{"@type":"ListItem","position":1,"name":"Home","item":"https:\/\/dev.fisiotech.com\/fr\/"},{"@type":"ListItem","position":2,"name":"Tables","item":"https:\/\/dev.fisiotech.com\/fr\/lettini-professionali-per-fisioterapia-e-visite-mediche\/"},{"@type":"ListItem","position":3,"name":"S\u00e9rie Gynecology"}]},{"@type":"WebSite","@id":"https:\/\/dev.fisiotech.com\/fr\/#website","url":"https:\/\/dev.fisiotech.com\/fr\/","name":"FisioTech","description":"Tecnologie al servizio della salute","publisher":{"@id":"https:\/\/dev.fisiotech.com\/fr\/#organization"},"potentialAction":[{"@type":"SearchAction","target":{"@type":"EntryPoint","urlTemplate":"https:\/\/dev.fisiotech.com\/fr\/?s={search_term_string}"},"query-input":{"@type":"PropertyValueSpecification","valueRequired":true,"valueName":"search_term_string"}}],"inLanguage":"fr-FR"},{"@type":"Organization","@id":"https:\/\/dev.fisiotech.com\/fr\/#organization","name":"FisioTech - Tecnologie al servizio della salute","url":"https:\/\/dev.fisiotech.com\/fr\/","logo":{"@type":"ImageObject","inLanguage":"fr-FR","@id":"https:\/\/dev.fisiotech.com\/fr\/#\/schema\/logo\/image\/","url":"https:\/\/dev.fisiotech.com\/wp-content\/uploads\/2023\/09\/cropped-Fisiotech-logo.png","contentUrl":"https:\/\/dev.fisiotech.com\/wp-content\/uploads\/2023\/09\/cropped-Fisiotech-logo.png","width":861,"height":329,"caption":"FisioTech - Tecnologie al servizio della salute"},"image":{"@id":"https:\/\/dev.fisiotech.com\/fr\/#\/schema\/logo\/image\/"}}]}},"_links":{"self":[{"href":"https:\/\/dev.fisiotech.com\/fr\/wp-json\/wp\/v2\/pages\/12417","targetHints":{"allow":["GET"]}}],"collection":[{"href":"https:\/\/dev.fisiotech.com\/fr\/wp-json\/wp\/v2\/pages"}],"about":[{"href":"https:\/\/dev.fisiotech.com\/fr\/wp-json\/wp\/v2\/types\/page"}],"author":[{"embeddable":true,"href":"https:\/\/dev.fisiotech.com\/fr\/wp-json\/wp\/v2\/users\/10"}],"replies":[{"embeddable":true,"href":"https:\/\/dev.fisiotech.com\/fr\/wp-json\/wp\/v2\/comments?post=12417"}],"version-history":[{"count":4,"href":"https:\/\/dev.fisiotech.com\/fr\/wp-json\/wp\/v2\/pages\/12417\/revisions"}],"predecessor-version":[{"id":16528,"href":"https:\/\/dev.fisiotech.com\/fr\/wp-json\/wp\/v2\/pages\/12417\/revisions\/16528"}],"up":[{"embeddable":true,"href":"https:\/\/dev.fisiotech.com\/fr\/wp-json\/wp\/v2\/pages\/12327"}],"wp:attachment":[{"href":"https:\/\/dev.fisiotech.com\/fr\/wp-json\/wp\/v2\/media?parent=12417"}],"curies":[{"name":"wp","href":"https:\/\/api.w.org\/{rel}","templated":true}]}}