{"id":12432,"date":"2023-11-16T09:49:37","date_gmt":"2023-11-16T09:49:37","guid":{"rendered":"https:\/\/fisiotech.com\/tables\/accessoires-tables\/"},"modified":"2025-05-06T14:45:30","modified_gmt":"2025-05-06T14:45:30","slug":"accessoires-tables","status":"publish","type":"page","link":"https:\/\/dev.fisiotech.com\/fr\/lits-d-examen-professionnels-pour-la-kinesitherapie\/accessoires-tables\/","title":{"rendered":"Accessoires Tables"},"content":{"rendered":"\t\t<div data-elementor-type=\"wp-page\" data-elementor-id=\"12432\" class=\"elementor elementor-12432 elementor-1449\">\n\t\t\t\t<div class=\"elementor-element elementor-element-57eeb934 e-flex e-con-boxed e-con e-parent\" data-id=\"57eeb934\" data-element_type=\"container\" data-e-type=\"container\">\n\t\t\t\t\t<div class=\"e-con-inner\">\n\t\t\t\t<div class=\"elementor-element elementor-element-6a4b4bbd elementor-widget elementor-widget-heading\" data-id=\"6a4b4bbd\" data-element_type=\"widget\" data-e-type=\"widget\" data-widget_type=\"heading.default\">\n\t\t\t\t<div class=\"elementor-widget-container\">\n\t\t\t\t\t<h2 class=\"elementor-heading-title elementor-size-default\">Accessoires Tables<\/h2>\t\t\t\t<\/div>\n\t\t\t\t<\/div>\n\t\t\t\t\t<\/div>\n\t\t\t\t<\/div>\n\t\t<div class=\"elementor-element elementor-element-1f19aaa0 e-flex e-con-boxed e-con e-parent\" data-id=\"1f19aaa0\" data-element_type=\"container\" data-e-type=\"container\">\n\t\t\t\t\t<div class=\"e-con-inner\">\n\t\t\t\t<div class=\"elementor-element elementor-element-4bd201c9 elementor-widget elementor-widget-spacer\" data-id=\"4bd201c9\" data-element_type=\"widget\" data-e-type=\"widget\" data-widget_type=\"spacer.default\">\n\t\t\t\t<div class=\"elementor-widget-container\">\n\t\t\t\t\t\t\t<div class=\"elementor-spacer\">\n\t\t\t<div class=\"elementor-spacer-inner\"><\/div>\n\t\t<\/div>\n\t\t\t\t\t\t<\/div>\n\t\t\t\t<\/div>\n\t\t\t\t\t<\/div>\n\t\t\t\t<\/div>\n\t\t<div class=\"elementor-element elementor-element-69fdf5e6 e-flex e-con-boxed elementor-invisible e-con e-parent\" data-id=\"69fdf5e6\" data-element_type=\"container\" data-e-type=\"container\" data-settings=\"{&quot;background_background&quot;:&quot;slideshow&quot;,&quot;shape_divider_top&quot;:&quot;curve&quot;,&quot;shape_divider_top_negative&quot;:&quot;yes&quot;,&quot;background_slideshow_gallery&quot;:[{&quot;id&quot;:902,&quot;url&quot;:&quot;https:\\\/\\\/dev.fisiotech.com\\\/\\\/wp-content\\\/uploads\\\/2023\\\/11\\\/1533794.jpg&quot;}],&quot;animation&quot;:&quot;fadeIn&quot;,&quot;background_slideshow_loop&quot;:&quot;yes&quot;,&quot;background_slideshow_slide_duration&quot;:5000,&quot;background_slideshow_slide_transition&quot;:&quot;fade&quot;,&quot;background_slideshow_transition_duration&quot;:500}\">\n\t\t\t\t\t<div class=\"e-con-inner\">\n\t\t\t\t<div class=\"elementor-shape elementor-shape-top\" aria-hidden=\"true\" data-negative=\"true\">\n\t\t\t<svg xmlns=\"http:\/\/www.w3.org\/2000\/svg\" viewBox=\"0 0 1000 100\" preserveAspectRatio=\"none\">\n\t<path class=\"elementor-shape-fill\" d=\"M500,97C126.7,96.3,0.8,19.8,0,0v100l1000,0V1C1000,19.4,873.3,97.8,500,97z\"\/>\n<\/svg>\t\t<\/div>\n\t\t<div class=\"elementor-element elementor-element-4f459543 e-con-full e-flex e-con e-child\" data-id=\"4f459543\" data-element_type=\"container\" data-e-type=\"container\">\n\t\t\t\t<div class=\"elementor-element elementor-element-6f53fb17 elementor-widget elementor-widget-spacer\" data-id=\"6f53fb17\" data-element_type=\"widget\" data-e-type=\"widget\" data-widget_type=\"spacer.default\">\n\t\t\t\t<div class=\"elementor-widget-container\">\n\t\t\t\t\t\t\t<div class=\"elementor-spacer\">\n\t\t\t<div class=\"elementor-spacer-inner\"><\/div>\n\t\t<\/div>\n\t\t\t\t\t\t<\/div>\n\t\t\t\t<\/div>\n\t\t\t\t<div class=\"elementor-element elementor-element-2fe149de animated-slow elementor-invisible elementor-widget elementor-widget-heading\" data-id=\"2fe149de\" data-element_type=\"widget\" data-e-type=\"widget\" data-settings=\"{&quot;_animation&quot;:&quot;fadeInUp&quot;,&quot;_animation_delay&quot;:100}\" data-widget_type=\"heading.default\">\n\t\t\t\t<div class=\"elementor-widget-container\">\n\t\t\t\t\t<h2 class=\"elementor-heading-title elementor-size-default\">Contactez-nous pour un devis gratuit<\/h2>\t\t\t\t<\/div>\n\t\t\t\t<\/div>\n\t\t\t\t<div class=\"elementor-element elementor-element-2768bede animated-slow elementor-invisible elementor-widget elementor-widget-text-editor\" data-id=\"2768bede\" data-element_type=\"widget\" data-e-type=\"widget\" data-settings=\"{&quot;_animation&quot;:&quot;fadeInUp&quot;,&quot;_animation_delay&quot;:200}\" data-widget_type=\"text-editor.default\">\n\t\t\t\t<div class=\"elementor-widget-container\">\n\t\t\t\t\t\t\t\t\t<p>Contactez-nous d\u00e8s maintenant pour obtenir plus d\u2019informations sur nos produits. Nous garantissons confort, s\u00e9curit\u00e9 et qualit\u00e9 pour r\u00e9pondre aux besoins, m\u00eame personnalis\u00e9s, de nos clients. Contactez-nous aujourd&rsquo;hui pour une consultation personnalis\u00e9e!  <\/p>\n\t\t\t\t\t\t\t\t<\/div>\n\t\t\t\t<\/div>\n\t\t\t\t<div class=\"elementor-element elementor-element-45370c9f elementor-widget-elementskit-dual-button-start elementor-invisible elementor-widget elementor-widget-elementskit-dual-button\" data-id=\"45370c9f\" data-element_type=\"widget\" data-e-type=\"widget\" data-settings=\"{&quot;_animation&quot;:&quot;fadeInUp&quot;,&quot;_animation_delay&quot;:300}\" data-widget_type=\"elementskit-dual-button.default\">\n\t\t\t\t<div class=\"elementor-widget-container\">\n\t\t\t\t\t<div class=\"ekit-wid-con\" >\n                <div class=\"ekit-element-align-wrapper\">\n                    <div class=\"ekit_double_button\">                <a class=\"ekit-double-btn ekit-double-btn-one\" href=\"https:\/\/dev.fisiotech.com\/\/fr\/contact\/\">\n                    Contactez nous                <\/a>\n            \n            <a class=\"ekit-double-btn ekit-double-btn-two\" href=\"https:\/\/dev.fisiotech.com\/\/wp-content\/uploads\/2023\/11\/Fisiotech_2022_fr_low_single_rev01.pdf\" download=\"Fisiotech_2022_it_low_single_rev01.pdf\">\n                    T\u00e9l\u00e9charger le catalogue<i aria-hidden=\"true\" class=\"icon icon-download\"><\/i>                <\/a>\n                  <\/div>\n                <\/div>\n            <\/div>\t\t\t\t<\/div>\n\t\t\t\t<\/div>\n\t\t\t\t<div class=\"elementor-element elementor-element-73c2e6d9 elementor-widget elementor-widget-spacer\" data-id=\"73c2e6d9\" data-element_type=\"widget\" data-e-type=\"widget\" data-widget_type=\"spacer.default\">\n\t\t\t\t<div class=\"elementor-widget-container\">\n\t\t\t\t\t\t\t<div class=\"elementor-spacer\">\n\t\t\t<div class=\"elementor-spacer-inner\"><\/div>\n\t\t<\/div>\n\t\t\t\t\t\t<\/div>\n\t\t\t\t<\/div>\n\t\t\t\t<\/div>\n\t\t<div class=\"elementor-element elementor-element-14f9244 e-con-full elementor-hidden-tablet elementor-hidden-mobile e-flex e-con e-child\" data-id=\"14f9244\" data-element_type=\"container\" data-e-type=\"container\">\n\t\t\t\t<div class=\"elementor-element elementor-element-4306bb3b elementor-widget elementor-widget-spacer\" data-id=\"4306bb3b\" data-element_type=\"widget\" data-e-type=\"widget\" data-widget_type=\"spacer.default\">\n\t\t\t\t<div class=\"elementor-widget-container\">\n\t\t\t\t\t\t\t<div class=\"elementor-spacer\">\n\t\t\t<div class=\"elementor-spacer-inner\"><\/div>\n\t\t<\/div>\n\t\t\t\t\t\t<\/div>\n\t\t\t\t<\/div>\n\t\t\t\t<\/div>\n\t\t\t\t\t<\/div>\n\t\t\t\t<\/div>\n\t\t\t\t<\/div>\n\t\t","protected":false},"excerpt":{"rendered":"<p>Accessoires Tables Accessori SUPPORTO ROTOLO CARTA SERIE TOP E POSTURAL SERIE DI QUATTRO RUOTE SERIE TOP LENZUOLINO DI CARTA MAGNETE DI SICUREZZA SERIE TOP DOPPIO CLIC + MAGNETE DI SICUREZZA SERIE TOP PRESA SVIZZERA SERIE TOP PRESA UK SERIE TOP SUPPORTO ROTOLO CARTA SERIE PROFESSIONAL &#8211; SIMPLE SERIE DI QUATTRO RUOTE SERIE PROFESSIONAL SPONDE LATERALI [&hellip;]<\/p>\n","protected":false},"author":10,"featured_media":0,"parent":12327,"menu_order":20,"comment_status":"closed","ping_status":"closed","template":"elementor_header_footer","meta":{"_acf_changed":false,"footnotes":""},"class_list":["post-12432","page","type-page","status-publish","hentry","entry","owp-thumbs-layout-horizontal","owp-btn-normal","owp-tabs-layout-horizontal","has-no-thumbnails","has-product-nav"],"acf":[],"yoast_head":"<!-- This site is optimized with the Yoast SEO plugin v27.1.1 - https:\/\/yoast.com\/product\/yoast-seo-wordpress\/ -->\n<title>Accessoires pour Divans Professionnels | FisioTech<\/title>\n<meta name=\"description\" content=\"D\u00e9couvrez les accessoires pour divans professionnels de FisioTech : supports pour rouleaux de papier, roues r\u00e9tractables, aimants de s\u00e9curit\u00e9 et plus encore pour am\u00e9liorer la fonctionnalit\u00e9 et le confort\" \/>\n<meta name=\"robots\" content=\"noindex, follow, max-snippet:-1, max-image-preview:large, max-video-preview:-1\" \/>\n<meta property=\"og:locale\" content=\"fr_FR\" \/>\n<meta property=\"og:type\" content=\"article\" \/>\n<meta property=\"og:title\" content=\"Accessoires pour Divans Professionnels | FisioTech\" \/>\n<meta property=\"og:description\" content=\"D\u00e9couvrez les accessoires pour divans professionnels de FisioTech : supports pour rouleaux de papier, roues r\u00e9tractables, aimants de s\u00e9curit\u00e9 et plus encore pour am\u00e9liorer la fonctionnalit\u00e9 et le confort\" \/>\n<meta property=\"og:url\" content=\"https:\/\/dev.fisiotech.com\/fr\/lits-d-examen-professionnels-pour-la-kinesitherapie\/accessoires-tables\/\" \/>\n<meta property=\"og:site_name\" content=\"FisioTech\" \/>\n<meta property=\"article:modified_time\" content=\"2025-05-06T14:45:30+00:00\" \/>\n<meta property=\"og:image\" content=\"https:\/\/fisiotech.com\/wp-content\/uploads\/elementor\/thumbs\/Supporto-Rotolo-Carta-Serie-Top-1-qne17hjhp4r0rxuu88f4j87ffeb52do2a7fduqu4dc.jpg\" \/>\n<meta name=\"twitter:card\" content=\"summary_large_image\" \/>\n<meta name=\"twitter:label1\" content=\"Dur\u00e9e de lecture estim\u00e9e\" \/>\n\t<meta name=\"twitter:data1\" content=\"14 minutes\" \/>\n<script type=\"application\/ld+json\" class=\"yoast-schema-graph\">{\"@context\":\"https:\/\/schema.org\",\"@graph\":[{\"@type\":\"WebPage\",\"@id\":\"https:\/\/dev.fisiotech.com\/fr\/lits-d-examen-professionnels-pour-la-kinesitherapie\/accessoires-tables\/\",\"url\":\"https:\/\/dev.fisiotech.com\/fr\/lits-d-examen-professionnels-pour-la-kinesitherapie\/accessoires-tables\/\",\"name\":\"Accessoires pour Divans Professionnels | FisioTech\",\"isPartOf\":{\"@id\":\"https:\/\/dev.fisiotech.com\/fr\/#website\"},\"primaryImageOfPage\":{\"@id\":\"https:\/\/dev.fisiotech.com\/fr\/lits-d-examen-professionnels-pour-la-kinesitherapie\/accessoires-tables\/#primaryimage\"},\"image\":{\"@id\":\"https:\/\/dev.fisiotech.com\/fr\/lits-d-examen-professionnels-pour-la-kinesitherapie\/accessoires-tables\/#primaryimage\"},\"thumbnailUrl\":\"https:\/\/fisiotech.com\/wp-content\/uploads\/elementor\/thumbs\/Supporto-Rotolo-Carta-Serie-Top-1-qne17hjhp4r0rxuu88f4j87ffeb52do2a7fduqu4dc.jpg\",\"datePublished\":\"2023-11-16T09:49:37+00:00\",\"dateModified\":\"2025-05-06T14:45:30+00:00\",\"description\":\"D\u00e9couvrez les accessoires pour divans professionnels de FisioTech : supports pour rouleaux de papier, roues r\u00e9tractables, aimants de s\u00e9curit\u00e9 et plus encore pour am\u00e9liorer la fonctionnalit\u00e9 et le confort\",\"breadcrumb\":{\"@id\":\"https:\/\/dev.fisiotech.com\/fr\/lits-d-examen-professionnels-pour-la-kinesitherapie\/accessoires-tables\/#breadcrumb\"},\"inLanguage\":\"fr-FR\",\"potentialAction\":[{\"@type\":\"ReadAction\",\"target\":[\"https:\/\/dev.fisiotech.com\/fr\/lits-d-examen-professionnels-pour-la-kinesitherapie\/accessoires-tables\/\"]}]},{\"@type\":\"ImageObject\",\"inLanguage\":\"fr-FR\",\"@id\":\"https:\/\/dev.fisiotech.com\/fr\/lits-d-examen-professionnels-pour-la-kinesitherapie\/accessoires-tables\/#primaryimage\",\"url\":\"https:\/\/fisiotech.com\/wp-content\/uploads\/elementor\/thumbs\/Supporto-Rotolo-Carta-Serie-Top-1-qne17hjhp4r0rxuu88f4j87ffeb52do2a7fduqu4dc.jpg\",\"contentUrl\":\"https:\/\/fisiotech.com\/wp-content\/uploads\/elementor\/thumbs\/Supporto-Rotolo-Carta-Serie-Top-1-qne17hjhp4r0rxuu88f4j87ffeb52do2a7fduqu4dc.jpg\"},{\"@type\":\"BreadcrumbList\",\"@id\":\"https:\/\/dev.fisiotech.com\/fr\/lits-d-examen-professionnels-pour-la-kinesitherapie\/accessoires-tables\/#breadcrumb\",\"itemListElement\":[{\"@type\":\"ListItem\",\"position\":1,\"name\":\"Home\",\"item\":\"https:\/\/dev.fisiotech.com\/fr\/\"},{\"@type\":\"ListItem\",\"position\":2,\"name\":\"Tables\",\"item\":\"https:\/\/dev.fisiotech.com\/fr\/lettini-professionali-per-fisioterapia-e-visite-mediche\/\"},{\"@type\":\"ListItem\",\"position\":3,\"name\":\"Accessoires Tables\"}]},{\"@type\":\"WebSite\",\"@id\":\"https:\/\/dev.fisiotech.com\/fr\/#website\",\"url\":\"https:\/\/dev.fisiotech.com\/fr\/\",\"name\":\"FisioTech\",\"description\":\"Tecnologie al servizio della salute\",\"publisher\":{\"@id\":\"https:\/\/dev.fisiotech.com\/fr\/#organization\"},\"potentialAction\":[{\"@type\":\"SearchAction\",\"target\":{\"@type\":\"EntryPoint\",\"urlTemplate\":\"https:\/\/dev.fisiotech.com\/fr\/?s={search_term_string}\"},\"query-input\":{\"@type\":\"PropertyValueSpecification\",\"valueRequired\":true,\"valueName\":\"search_term_string\"}}],\"inLanguage\":\"fr-FR\"},{\"@type\":\"Organization\",\"@id\":\"https:\/\/dev.fisiotech.com\/fr\/#organization\",\"name\":\"FisioTech - Tecnologie al servizio della salute\",\"url\":\"https:\/\/dev.fisiotech.com\/fr\/\",\"logo\":{\"@type\":\"ImageObject\",\"inLanguage\":\"fr-FR\",\"@id\":\"https:\/\/dev.fisiotech.com\/fr\/#\/schema\/logo\/image\/\",\"url\":\"https:\/\/dev.fisiotech.com\/wp-content\/uploads\/2023\/09\/cropped-Fisiotech-logo.png\",\"contentUrl\":\"https:\/\/dev.fisiotech.com\/wp-content\/uploads\/2023\/09\/cropped-Fisiotech-logo.png\",\"width\":861,\"height\":329,\"caption\":\"FisioTech - Tecnologie al servizio della salute\"},\"image\":{\"@id\":\"https:\/\/dev.fisiotech.com\/fr\/#\/schema\/logo\/image\/\"}}]}<\/script>\n<!-- \/ Yoast SEO plugin. -->","yoast_head_json":{"title":"Accessoires pour Divans Professionnels | FisioTech","description":"D\u00e9couvrez les accessoires pour divans professionnels de FisioTech : supports pour rouleaux de papier, roues r\u00e9tractables, aimants de s\u00e9curit\u00e9 et plus encore pour am\u00e9liorer la fonctionnalit\u00e9 et le confort","robots":{"index":"noindex","follow":"follow","max-snippet":"max-snippet:-1","max-image-preview":"max-image-preview:large","max-video-preview":"max-video-preview:-1"},"og_locale":"fr_FR","og_type":"article","og_title":"Accessoires pour Divans Professionnels | FisioTech","og_description":"D\u00e9couvrez les accessoires pour divans professionnels de FisioTech : supports pour rouleaux de papier, roues r\u00e9tractables, aimants de s\u00e9curit\u00e9 et plus encore pour am\u00e9liorer la fonctionnalit\u00e9 et le confort","og_url":"https:\/\/dev.fisiotech.com\/fr\/lits-d-examen-professionnels-pour-la-kinesitherapie\/accessoires-tables\/","og_site_name":"FisioTech","article_modified_time":"2025-05-06T14:45:30+00:00","og_image":[{"url":"https:\/\/fisiotech.com\/wp-content\/uploads\/elementor\/thumbs\/Supporto-Rotolo-Carta-Serie-Top-1-qne17hjhp4r0rxuu88f4j87ffeb52do2a7fduqu4dc.jpg","type":"","width":"","height":""}],"twitter_card":"summary_large_image","twitter_misc":{"Dur\u00e9e de lecture estim\u00e9e":"14 minutes"},"schema":{"@context":"https:\/\/schema.org","@graph":[{"@type":"WebPage","@id":"https:\/\/dev.fisiotech.com\/fr\/lits-d-examen-professionnels-pour-la-kinesitherapie\/accessoires-tables\/","url":"https:\/\/dev.fisiotech.com\/fr\/lits-d-examen-professionnels-pour-la-kinesitherapie\/accessoires-tables\/","name":"Accessoires pour Divans Professionnels | FisioTech","isPartOf":{"@id":"https:\/\/dev.fisiotech.com\/fr\/#website"},"primaryImageOfPage":{"@id":"https:\/\/dev.fisiotech.com\/fr\/lits-d-examen-professionnels-pour-la-kinesitherapie\/accessoires-tables\/#primaryimage"},"image":{"@id":"https:\/\/dev.fisiotech.com\/fr\/lits-d-examen-professionnels-pour-la-kinesitherapie\/accessoires-tables\/#primaryimage"},"thumbnailUrl":"https:\/\/fisiotech.com\/wp-content\/uploads\/elementor\/thumbs\/Supporto-Rotolo-Carta-Serie-Top-1-qne17hjhp4r0rxuu88f4j87ffeb52do2a7fduqu4dc.jpg","datePublished":"2023-11-16T09:49:37+00:00","dateModified":"2025-05-06T14:45:30+00:00","description":"D\u00e9couvrez les accessoires pour divans professionnels de FisioTech : supports pour rouleaux de papier, roues r\u00e9tractables, aimants de s\u00e9curit\u00e9 et plus encore pour am\u00e9liorer la fonctionnalit\u00e9 et le confort","breadcrumb":{"@id":"https:\/\/dev.fisiotech.com\/fr\/lits-d-examen-professionnels-pour-la-kinesitherapie\/accessoires-tables\/#breadcrumb"},"inLanguage":"fr-FR","potentialAction":[{"@type":"ReadAction","target":["https:\/\/dev.fisiotech.com\/fr\/lits-d-examen-professionnels-pour-la-kinesitherapie\/accessoires-tables\/"]}]},{"@type":"ImageObject","inLanguage":"fr-FR","@id":"https:\/\/dev.fisiotech.com\/fr\/lits-d-examen-professionnels-pour-la-kinesitherapie\/accessoires-tables\/#primaryimage","url":"https:\/\/fisiotech.com\/wp-content\/uploads\/elementor\/thumbs\/Supporto-Rotolo-Carta-Serie-Top-1-qne17hjhp4r0rxuu88f4j87ffeb52do2a7fduqu4dc.jpg","contentUrl":"https:\/\/fisiotech.com\/wp-content\/uploads\/elementor\/thumbs\/Supporto-Rotolo-Carta-Serie-Top-1-qne17hjhp4r0rxuu88f4j87ffeb52do2a7fduqu4dc.jpg"},{"@type":"BreadcrumbList","@id":"https:\/\/dev.fisiotech.com\/fr\/lits-d-examen-professionnels-pour-la-kinesitherapie\/accessoires-tables\/#breadcrumb","itemListElement":[{"@type":"ListItem","position":1,"name":"Home","item":"https:\/\/dev.fisiotech.com\/fr\/"},{"@type":"ListItem","position":2,"name":"Tables","item":"https:\/\/dev.fisiotech.com\/fr\/lettini-professionali-per-fisioterapia-e-visite-mediche\/"},{"@type":"ListItem","position":3,"name":"Accessoires Tables"}]},{"@type":"WebSite","@id":"https:\/\/dev.fisiotech.com\/fr\/#website","url":"https:\/\/dev.fisiotech.com\/fr\/","name":"FisioTech","description":"Tecnologie al servizio della salute","publisher":{"@id":"https:\/\/dev.fisiotech.com\/fr\/#organization"},"potentialAction":[{"@type":"SearchAction","target":{"@type":"EntryPoint","urlTemplate":"https:\/\/dev.fisiotech.com\/fr\/?s={search_term_string}"},"query-input":{"@type":"PropertyValueSpecification","valueRequired":true,"valueName":"search_term_string"}}],"inLanguage":"fr-FR"},{"@type":"Organization","@id":"https:\/\/dev.fisiotech.com\/fr\/#organization","name":"FisioTech - Tecnologie al servizio della salute","url":"https:\/\/dev.fisiotech.com\/fr\/","logo":{"@type":"ImageObject","inLanguage":"fr-FR","@id":"https:\/\/dev.fisiotech.com\/fr\/#\/schema\/logo\/image\/","url":"https:\/\/dev.fisiotech.com\/wp-content\/uploads\/2023\/09\/cropped-Fisiotech-logo.png","contentUrl":"https:\/\/dev.fisiotech.com\/wp-content\/uploads\/2023\/09\/cropped-Fisiotech-logo.png","width":861,"height":329,"caption":"FisioTech - Tecnologie al servizio della salute"},"image":{"@id":"https:\/\/dev.fisiotech.com\/fr\/#\/schema\/logo\/image\/"}}]}},"_links":{"self":[{"href":"https:\/\/dev.fisiotech.com\/fr\/wp-json\/wp\/v2\/pages\/12432","targetHints":{"allow":["GET"]}}],"collection":[{"href":"https:\/\/dev.fisiotech.com\/fr\/wp-json\/wp\/v2\/pages"}],"about":[{"href":"https:\/\/dev.fisiotech.com\/fr\/wp-json\/wp\/v2\/types\/page"}],"author":[{"embeddable":true,"href":"https:\/\/dev.fisiotech.com\/fr\/wp-json\/wp\/v2\/users\/10"}],"replies":[{"embeddable":true,"href":"https:\/\/dev.fisiotech.com\/fr\/wp-json\/wp\/v2\/comments?post=12432"}],"version-history":[{"count":1,"href":"https:\/\/dev.fisiotech.com\/fr\/wp-json\/wp\/v2\/pages\/12432\/revisions"}],"predecessor-version":[{"id":12433,"href":"https:\/\/dev.fisiotech.com\/fr\/wp-json\/wp\/v2\/pages\/12432\/revisions\/12433"}],"up":[{"embeddable":true,"href":"https:\/\/dev.fisiotech.com\/fr\/wp-json\/wp\/v2\/pages\/12327"}],"wp:attachment":[{"href":"https:\/\/dev.fisiotech.com\/fr\/wp-json\/wp\/v2\/media?parent=12432"}],"curies":[{"name":"wp","href":"https:\/\/api.w.org\/{rel}","templated":true}]}}