{"id":12440,"date":"2023-10-26T07:46:57","date_gmt":"2023-10-26T07:46:57","guid":{"rendered":"https:\/\/fisiotech.com\/reeducation\/escaliers-de-reeducation\/"},"modified":"2025-07-21T18:58:42","modified_gmt":"2025-07-21T18:58:42","slug":"escaliers-de-reeducation","status":"publish","type":"page","link":"https:\/\/dev.fisiotech.com\/fr\/dispositifs-de-reeducation-neuro-motrice\/escaliers-de-reeducation\/","title":{"rendered":"Escaliers de r\u00e9\u00e9ducation"},"content":{"rendered":"\t\t<div data-elementor-type=\"wp-page\" data-elementor-id=\"12440\" class=\"elementor elementor-12440 elementor-395\">\n\t\t\t\t<div class=\"elementor-element elementor-element-4696384d e-flex e-con-boxed e-con e-parent\" data-id=\"4696384d\" data-element_type=\"container\" data-e-type=\"container\">\n\t\t\t\t\t<div class=\"e-con-inner\">\n\t\t\t\t<div class=\"elementor-element elementor-element-54afdc36 elementor-icon-list--layout-inline elementor-align-start elementor-mobile-align-center elementor-list-item-link-full_width elementor-widget elementor-widget-icon-list\" data-id=\"54afdc36\" data-element_type=\"widget\" data-e-type=\"widget\" data-widget_type=\"icon-list.default\">\n\t\t\t\t<div class=\"elementor-widget-container\">\n\t\t\t\t\t\t\t<ul class=\"elementor-icon-list-items elementor-inline-items\">\n\t\t\t\t\t\t\t<li class=\"elementor-icon-list-item elementor-inline-item\">\n\t\t\t\t\t\t\t\t\t\t\t<a href=\"https:\/\/dev.fisiotech.com\/\/fr\/reeducation\/\">\n\n\t\t\t\t\t\t\t\t\t\t\t<span class=\"elementor-icon-list-text\">R\u00e9\u00e9ducation<\/span>\n\t\t\t\t\t\t\t\t\t\t\t<\/a>\n\t\t\t\t\t\t\t\t\t<\/li>\n\t\t\t\t\t\t\t\t<li class=\"elementor-icon-list-item elementor-inline-item\">\n\t\t\t\t\t\t\t\t\t\t<span class=\"elementor-icon-list-text\">Escaliers pour R\u00e9\u00e9ducation<\/span>\n\t\t\t\t\t\t\t\t\t<\/li>\n\t\t\t\t\t\t<\/ul>\n\t\t\t\t\t\t<\/div>\n\t\t\t\t<\/div>\n\t\t\t\t\t<\/div>\n\t\t\t\t<\/div>\n\t\t<div class=\"elementor-element elementor-element-9edae39 e-flex e-con-boxed e-con e-parent\" data-id=\"9edae39\" data-element_type=\"container\" data-e-type=\"container\">\n\t\t\t\t\t<div class=\"e-con-inner\">\n\t\t\t\t<div class=\"elementor-element elementor-element-3208e33 elementor-widget elementor-widget-heading\" data-id=\"3208e33\" data-element_type=\"widget\" data-e-type=\"widget\" data-widget_type=\"heading.default\">\n\t\t\t\t<div class=\"elementor-widget-container\">\n\t\t\t\t\t<h1 class=\"elementor-heading-title elementor-size-default\">Escaliers pour R\u00e9\u00e9ducation<\/h1>\t\t\t\t<\/div>\n\t\t\t\t<\/div>\n\t\t\t\t\t<\/div>\n\t\t\t\t<\/div>\n\t\t<div class=\"elementor-element elementor-element-211b8881 e-flex e-con-boxed e-con e-parent\" data-id=\"211b8881\" data-element_type=\"container\" data-e-type=\"container\">\n\t\t\t\t\t<div class=\"e-con-inner\">\n\t\t\t\t\t<\/div>\n\t\t\t\t<\/div>\n\t\t\t\t<\/div>\n\t\t","protected":false},"excerpt":{"rendered":"<p>R\u00e9\u00e9ducation Escaliers pour R\u00e9\u00e9ducation Escaliers pour R\u00e9\u00e9ducation &nbsp;&nbsp;Back Appareils de th\u00e9rapie de traction Entra\u00eenement de l&#039;\u00e9quilibre Barres parall\u00e8les Poulieth\u00e9rapie R\u00e9\u00e9ducation des membres Escaliers de r\u00e9\u00e9ducation ESCALIER \u00c0 UNE VOL\u00c9E ESCALIER \u00c0 DEUX VOL\u00c9ES PLAN DE MARCHE INCLIN\u00c9 POUR ESCALIER<\/p>\n","protected":false},"author":10,"featured_media":0,"parent":12331,"menu_order":2,"comment_status":"closed","ping_status":"closed","template":"elementor_header_footer","meta":{"_acf_changed":false,"footnotes":""},"class_list":["post-12440","page","type-page","status-publish","hentry","entry","owp-thumbs-layout-horizontal","owp-btn-normal","owp-tabs-layout-horizontal","has-no-thumbnails","has-product-nav"],"acf":[],"yoast_head":"<!-- This site is optimized with the Yoast SEO plugin v27.1.1 - https:\/\/yoast.com\/product\/yoast-seo-wordpress\/ -->\n<title>Escaliers pour R\u00e9\u00e9ducation Neuro-Motrice Active et Passive<\/title>\n<meta name=\"description\" content=\"D\u00e9couvrez les escaliers FisioTech pour la r\u00e9\u00e9ducation neuro-motrice : r\u00e9glables en hauteur et en largeur, id\u00e9aux pour la r\u00e9cup\u00e9ration fonctionnelle des patients pr\u00e9sentant des handicaps moteurs.\" \/>\n<meta name=\"robots\" content=\"noindex, follow, max-snippet:-1, max-image-preview:large, max-video-preview:-1\" \/>\n<meta property=\"og:locale\" content=\"fr_FR\" \/>\n<meta property=\"og:type\" content=\"article\" \/>\n<meta property=\"og:title\" content=\"Escaliers pour R\u00e9\u00e9ducation Neuro-Motrice Active et Passive\" \/>\n<meta property=\"og:description\" content=\"D\u00e9couvrez les escaliers FisioTech pour la r\u00e9\u00e9ducation neuro-motrice : r\u00e9glables en hauteur et en largeur, id\u00e9aux pour la r\u00e9cup\u00e9ration fonctionnelle des patients pr\u00e9sentant des handicaps moteurs.\" \/>\n<meta property=\"og:url\" content=\"https:\/\/dev.fisiotech.com\/fr\/dispositifs-de-reeducation-neuro-motrice\/escaliers-de-reeducation\/\" \/>\n<meta property=\"og:site_name\" content=\"FisioTech\" \/>\n<meta property=\"article:modified_time\" content=\"2025-07-21T18:58:42+00:00\" \/>\n<meta property=\"og:image\" content=\"https:\/\/fisiotech.com\/wp-content\/uploads\/2023\/11\/Scala-per-deambulazione-1-rampa.jpg\" \/>\n<meta name=\"twitter:card\" content=\"summary_large_image\" \/>\n<meta name=\"twitter:label1\" content=\"Dur\u00e9e de lecture estim\u00e9e\" \/>\n\t<meta name=\"twitter:data1\" content=\"1 minute\" \/>\n<script type=\"application\/ld+json\" class=\"yoast-schema-graph\">{\"@context\":\"https:\/\/schema.org\",\"@graph\":[{\"@type\":\"WebPage\",\"@id\":\"https:\/\/dev.fisiotech.com\/fr\/dispositifs-de-reeducation-neuro-motrice\/escaliers-de-reeducation\/\",\"url\":\"https:\/\/dev.fisiotech.com\/fr\/dispositifs-de-reeducation-neuro-motrice\/escaliers-de-reeducation\/\",\"name\":\"Escaliers pour R\u00e9\u00e9ducation Neuro-Motrice Active et Passive\",\"isPartOf\":{\"@id\":\"https:\/\/dev.fisiotech.com\/fr\/#website\"},\"primaryImageOfPage\":{\"@id\":\"https:\/\/dev.fisiotech.com\/fr\/dispositifs-de-reeducation-neuro-motrice\/escaliers-de-reeducation\/#primaryimage\"},\"image\":{\"@id\":\"https:\/\/dev.fisiotech.com\/fr\/dispositifs-de-reeducation-neuro-motrice\/escaliers-de-reeducation\/#primaryimage\"},\"thumbnailUrl\":\"https:\/\/fisiotech.com\/wp-content\/uploads\/2023\/11\/Scala-per-deambulazione-1-rampa.jpg\",\"datePublished\":\"2023-10-26T07:46:57+00:00\",\"dateModified\":\"2025-07-21T18:58:42+00:00\",\"description\":\"D\u00e9couvrez les escaliers FisioTech pour la r\u00e9\u00e9ducation neuro-motrice : r\u00e9glables en hauteur et en largeur, id\u00e9aux pour la r\u00e9cup\u00e9ration fonctionnelle des patients pr\u00e9sentant des handicaps moteurs.\",\"breadcrumb\":{\"@id\":\"https:\/\/dev.fisiotech.com\/fr\/dispositifs-de-reeducation-neuro-motrice\/escaliers-de-reeducation\/#breadcrumb\"},\"inLanguage\":\"fr-FR\",\"potentialAction\":[{\"@type\":\"ReadAction\",\"target\":[\"https:\/\/dev.fisiotech.com\/fr\/dispositifs-de-reeducation-neuro-motrice\/escaliers-de-reeducation\/\"]}]},{\"@type\":\"ImageObject\",\"inLanguage\":\"fr-FR\",\"@id\":\"https:\/\/dev.fisiotech.com\/fr\/dispositifs-de-reeducation-neuro-motrice\/escaliers-de-reeducation\/#primaryimage\",\"url\":\"https:\/\/fisiotech.com\/wp-content\/uploads\/2023\/11\/Scala-per-deambulazione-1-rampa.jpg\",\"contentUrl\":\"https:\/\/fisiotech.com\/wp-content\/uploads\/2023\/11\/Scala-per-deambulazione-1-rampa.jpg\"},{\"@type\":\"BreadcrumbList\",\"@id\":\"https:\/\/dev.fisiotech.com\/fr\/dispositifs-de-reeducation-neuro-motrice\/escaliers-de-reeducation\/#breadcrumb\",\"itemListElement\":[{\"@type\":\"ListItem\",\"position\":1,\"name\":\"Home\",\"item\":\"https:\/\/dev.fisiotech.com\/fr\/\"},{\"@type\":\"ListItem\",\"position\":2,\"name\":\"R\u00e9\u00e9ducation\",\"item\":\"https:\/\/dev.fisiotech.com\/fr\/dispositivi-per-riabilitazione-neuro-motoria\/\"},{\"@type\":\"ListItem\",\"position\":3,\"name\":\"Escaliers de r\u00e9\u00e9ducation\"}]},{\"@type\":\"WebSite\",\"@id\":\"https:\/\/dev.fisiotech.com\/fr\/#website\",\"url\":\"https:\/\/dev.fisiotech.com\/fr\/\",\"name\":\"FisioTech\",\"description\":\"Tecnologie al servizio della salute\",\"publisher\":{\"@id\":\"https:\/\/dev.fisiotech.com\/fr\/#organization\"},\"potentialAction\":[{\"@type\":\"SearchAction\",\"target\":{\"@type\":\"EntryPoint\",\"urlTemplate\":\"https:\/\/dev.fisiotech.com\/fr\/?s={search_term_string}\"},\"query-input\":{\"@type\":\"PropertyValueSpecification\",\"valueRequired\":true,\"valueName\":\"search_term_string\"}}],\"inLanguage\":\"fr-FR\"},{\"@type\":\"Organization\",\"@id\":\"https:\/\/dev.fisiotech.com\/fr\/#organization\",\"name\":\"FisioTech - Tecnologie al servizio della salute\",\"url\":\"https:\/\/dev.fisiotech.com\/fr\/\",\"logo\":{\"@type\":\"ImageObject\",\"inLanguage\":\"fr-FR\",\"@id\":\"https:\/\/dev.fisiotech.com\/fr\/#\/schema\/logo\/image\/\",\"url\":\"https:\/\/dev.fisiotech.com\/wp-content\/uploads\/2023\/09\/cropped-Fisiotech-logo.png\",\"contentUrl\":\"https:\/\/dev.fisiotech.com\/wp-content\/uploads\/2023\/09\/cropped-Fisiotech-logo.png\",\"width\":861,\"height\":329,\"caption\":\"FisioTech - Tecnologie al servizio della salute\"},\"image\":{\"@id\":\"https:\/\/dev.fisiotech.com\/fr\/#\/schema\/logo\/image\/\"}}]}<\/script>\n<!-- \/ Yoast SEO plugin. -->","yoast_head_json":{"title":"Escaliers pour R\u00e9\u00e9ducation Neuro-Motrice Active et Passive","description":"D\u00e9couvrez les escaliers FisioTech pour la r\u00e9\u00e9ducation neuro-motrice : r\u00e9glables en hauteur et en largeur, id\u00e9aux pour la r\u00e9cup\u00e9ration fonctionnelle des patients pr\u00e9sentant des handicaps moteurs.","robots":{"index":"noindex","follow":"follow","max-snippet":"max-snippet:-1","max-image-preview":"max-image-preview:large","max-video-preview":"max-video-preview:-1"},"og_locale":"fr_FR","og_type":"article","og_title":"Escaliers pour R\u00e9\u00e9ducation Neuro-Motrice Active et Passive","og_description":"D\u00e9couvrez les escaliers FisioTech pour la r\u00e9\u00e9ducation neuro-motrice : r\u00e9glables en hauteur et en largeur, id\u00e9aux pour la r\u00e9cup\u00e9ration fonctionnelle des patients pr\u00e9sentant des handicaps moteurs.","og_url":"https:\/\/dev.fisiotech.com\/fr\/dispositifs-de-reeducation-neuro-motrice\/escaliers-de-reeducation\/","og_site_name":"FisioTech","article_modified_time":"2025-07-21T18:58:42+00:00","og_image":[{"url":"https:\/\/fisiotech.com\/wp-content\/uploads\/2023\/11\/Scala-per-deambulazione-1-rampa.jpg","type":"","width":"","height":""}],"twitter_card":"summary_large_image","twitter_misc":{"Dur\u00e9e de lecture estim\u00e9e":"1 minute"},"schema":{"@context":"https:\/\/schema.org","@graph":[{"@type":"WebPage","@id":"https:\/\/dev.fisiotech.com\/fr\/dispositifs-de-reeducation-neuro-motrice\/escaliers-de-reeducation\/","url":"https:\/\/dev.fisiotech.com\/fr\/dispositifs-de-reeducation-neuro-motrice\/escaliers-de-reeducation\/","name":"Escaliers pour R\u00e9\u00e9ducation Neuro-Motrice Active et Passive","isPartOf":{"@id":"https:\/\/dev.fisiotech.com\/fr\/#website"},"primaryImageOfPage":{"@id":"https:\/\/dev.fisiotech.com\/fr\/dispositifs-de-reeducation-neuro-motrice\/escaliers-de-reeducation\/#primaryimage"},"image":{"@id":"https:\/\/dev.fisiotech.com\/fr\/dispositifs-de-reeducation-neuro-motrice\/escaliers-de-reeducation\/#primaryimage"},"thumbnailUrl":"https:\/\/fisiotech.com\/wp-content\/uploads\/2023\/11\/Scala-per-deambulazione-1-rampa.jpg","datePublished":"2023-10-26T07:46:57+00:00","dateModified":"2025-07-21T18:58:42+00:00","description":"D\u00e9couvrez les escaliers FisioTech pour la r\u00e9\u00e9ducation neuro-motrice : r\u00e9glables en hauteur et en largeur, id\u00e9aux pour la r\u00e9cup\u00e9ration fonctionnelle des patients pr\u00e9sentant des handicaps moteurs.","breadcrumb":{"@id":"https:\/\/dev.fisiotech.com\/fr\/dispositifs-de-reeducation-neuro-motrice\/escaliers-de-reeducation\/#breadcrumb"},"inLanguage":"fr-FR","potentialAction":[{"@type":"ReadAction","target":["https:\/\/dev.fisiotech.com\/fr\/dispositifs-de-reeducation-neuro-motrice\/escaliers-de-reeducation\/"]}]},{"@type":"ImageObject","inLanguage":"fr-FR","@id":"https:\/\/dev.fisiotech.com\/fr\/dispositifs-de-reeducation-neuro-motrice\/escaliers-de-reeducation\/#primaryimage","url":"https:\/\/fisiotech.com\/wp-content\/uploads\/2023\/11\/Scala-per-deambulazione-1-rampa.jpg","contentUrl":"https:\/\/fisiotech.com\/wp-content\/uploads\/2023\/11\/Scala-per-deambulazione-1-rampa.jpg"},{"@type":"BreadcrumbList","@id":"https:\/\/dev.fisiotech.com\/fr\/dispositifs-de-reeducation-neuro-motrice\/escaliers-de-reeducation\/#breadcrumb","itemListElement":[{"@type":"ListItem","position":1,"name":"Home","item":"https:\/\/dev.fisiotech.com\/fr\/"},{"@type":"ListItem","position":2,"name":"R\u00e9\u00e9ducation","item":"https:\/\/dev.fisiotech.com\/fr\/dispositivi-per-riabilitazione-neuro-motoria\/"},{"@type":"ListItem","position":3,"name":"Escaliers de r\u00e9\u00e9ducation"}]},{"@type":"WebSite","@id":"https:\/\/dev.fisiotech.com\/fr\/#website","url":"https:\/\/dev.fisiotech.com\/fr\/","name":"FisioTech","description":"Tecnologie al servizio della salute","publisher":{"@id":"https:\/\/dev.fisiotech.com\/fr\/#organization"},"potentialAction":[{"@type":"SearchAction","target":{"@type":"EntryPoint","urlTemplate":"https:\/\/dev.fisiotech.com\/fr\/?s={search_term_string}"},"query-input":{"@type":"PropertyValueSpecification","valueRequired":true,"valueName":"search_term_string"}}],"inLanguage":"fr-FR"},{"@type":"Organization","@id":"https:\/\/dev.fisiotech.com\/fr\/#organization","name":"FisioTech - Tecnologie al servizio della salute","url":"https:\/\/dev.fisiotech.com\/fr\/","logo":{"@type":"ImageObject","inLanguage":"fr-FR","@id":"https:\/\/dev.fisiotech.com\/fr\/#\/schema\/logo\/image\/","url":"https:\/\/dev.fisiotech.com\/wp-content\/uploads\/2023\/09\/cropped-Fisiotech-logo.png","contentUrl":"https:\/\/dev.fisiotech.com\/wp-content\/uploads\/2023\/09\/cropped-Fisiotech-logo.png","width":861,"height":329,"caption":"FisioTech - Tecnologie al servizio della salute"},"image":{"@id":"https:\/\/dev.fisiotech.com\/fr\/#\/schema\/logo\/image\/"}}]}},"_links":{"self":[{"href":"https:\/\/dev.fisiotech.com\/fr\/wp-json\/wp\/v2\/pages\/12440","targetHints":{"allow":["GET"]}}],"collection":[{"href":"https:\/\/dev.fisiotech.com\/fr\/wp-json\/wp\/v2\/pages"}],"about":[{"href":"https:\/\/dev.fisiotech.com\/fr\/wp-json\/wp\/v2\/types\/page"}],"author":[{"embeddable":true,"href":"https:\/\/dev.fisiotech.com\/fr\/wp-json\/wp\/v2\/users\/10"}],"replies":[{"embeddable":true,"href":"https:\/\/dev.fisiotech.com\/fr\/wp-json\/wp\/v2\/comments?post=12440"}],"version-history":[{"count":4,"href":"https:\/\/dev.fisiotech.com\/fr\/wp-json\/wp\/v2\/pages\/12440\/revisions"}],"predecessor-version":[{"id":16489,"href":"https:\/\/dev.fisiotech.com\/fr\/wp-json\/wp\/v2\/pages\/12440\/revisions\/16489"}],"up":[{"embeddable":true,"href":"https:\/\/dev.fisiotech.com\/fr\/wp-json\/wp\/v2\/pages\/12331"}],"wp:attachment":[{"href":"https:\/\/dev.fisiotech.com\/fr\/wp-json\/wp\/v2\/media?parent=12440"}],"curies":[{"name":"wp","href":"https:\/\/api.w.org\/{rel}","templated":true}]}}