{"id":12446,"date":"2023-10-26T07:48:10","date_gmt":"2023-10-26T07:48:10","guid":{"rendered":"https:\/\/fisiotech.com\/reeducation\/reeducation-des-membres\/"},"modified":"2025-07-21T18:59:53","modified_gmt":"2025-07-21T18:59:53","slug":"reeducation-des-membres","status":"publish","type":"page","link":"https:\/\/dev.fisiotech.com\/fr\/dispositifs-de-reeducation-neuro-motrice\/reeducation-des-membres\/","title":{"rendered":"R\u00e9\u00e9ducation des membres"},"content":{"rendered":"\t\t<div data-elementor-type=\"wp-page\" data-elementor-id=\"12446\" class=\"elementor elementor-12446 elementor-399\">\n\t\t\t\t<div class=\"elementor-element elementor-element-ee0c8f1 e-flex e-con-boxed e-con e-parent\" data-id=\"ee0c8f1\" data-element_type=\"container\" data-e-type=\"container\">\n\t\t\t\t\t<div class=\"e-con-inner\">\n\t\t\t\t<div class=\"elementor-element elementor-element-14fafffa elementor-icon-list--layout-inline elementor-align-start elementor-mobile-align-center elementor-list-item-link-full_width elementor-widget elementor-widget-icon-list\" data-id=\"14fafffa\" data-element_type=\"widget\" data-e-type=\"widget\" data-widget_type=\"icon-list.default\">\n\t\t\t\t<div class=\"elementor-widget-container\">\n\t\t\t\t\t\t\t<ul class=\"elementor-icon-list-items elementor-inline-items\">\n\t\t\t\t\t\t\t<li class=\"elementor-icon-list-item elementor-inline-item\">\n\t\t\t\t\t\t\t\t\t\t\t<a href=\"https:\/\/dev.fisiotech.com\/\/fr\/reeducation\/\">\n\n\t\t\t\t\t\t\t\t\t\t\t<span class=\"elementor-icon-list-text\">R\u00e9\u00e9ducation<\/span>\n\t\t\t\t\t\t\t\t\t\t\t<\/a>\n\t\t\t\t\t\t\t\t\t<\/li>\n\t\t\t\t\t\t\t\t<li class=\"elementor-icon-list-item elementor-inline-item\">\n\t\t\t\t\t\t\t\t\t\t<span class=\"elementor-icon-list-text\">Dispositifs pour R\u00e9\u00e9ducation des Membres<\/span>\n\t\t\t\t\t\t\t\t\t<\/li>\n\t\t\t\t\t\t<\/ul>\n\t\t\t\t\t\t<\/div>\n\t\t\t\t<\/div>\n\t\t\t\t\t<\/div>\n\t\t\t\t<\/div>\n\t\t<div class=\"elementor-element elementor-element-4a845ac e-flex e-con-boxed e-con e-parent\" data-id=\"4a845ac\" data-element_type=\"container\" data-e-type=\"container\">\n\t\t\t\t\t<div class=\"e-con-inner\">\n\t\t\t\t<div class=\"elementor-element elementor-element-fb91ddc elementor-widget elementor-widget-heading\" data-id=\"fb91ddc\" data-element_type=\"widget\" data-e-type=\"widget\" data-widget_type=\"heading.default\">\n\t\t\t\t<div class=\"elementor-widget-container\">\n\t\t\t\t\t<h1 class=\"elementor-heading-title elementor-size-default\">Dispositifs pour R\u00e9\u00e9ducation des Membres<\/h1>\t\t\t\t<\/div>\n\t\t\t\t<\/div>\n\t\t\t\t\t<\/div>\n\t\t\t\t<\/div>\n\t\t<div class=\"elementor-element elementor-element-546449ab e-flex e-con-boxed e-con e-parent\" data-id=\"546449ab\" data-element_type=\"container\" data-e-type=\"container\">\n\t\t\t\t\t<div class=\"e-con-inner\">\n\t\t\t\t\t<\/div>\n\t\t\t\t<\/div>\n\t\t\t\t<\/div>\n\t\t","protected":false},"excerpt":{"rendered":"<p>R\u00e9\u00e9ducation Dispositifs pour R\u00e9\u00e9ducation des Membres Dispositifs pour R\u00e9\u00e9ducation des Membres &nbsp;&nbsp;Back Appareils de th\u00e9rapie de traction Entra\u00eenement de l&#039;\u00e9quilibre Barres parall\u00e8les Poulieth\u00e9rapie R\u00e9\u00e9ducation des membres Escaliers de r\u00e9\u00e9ducation ARTEMIDE DEUXI\u00c8ME BRAS OSCILLANT P\u00c9DALIER DE R\u00c9\u00c9DUCATION ROUE D&#8217;\u00c9PAULE MURALE ROUE D&#8217;\u00c9PAULE AVEC BASE \u00c9CHELLE R\u00c9\u00c9DUCATION MAINS SPIRALE VERTICALE SPIRALE HORIZZONTALE VIS SANS FIN PANNEAU DE [&hellip;]<\/p>\n","protected":false},"author":10,"featured_media":0,"parent":12331,"menu_order":4,"comment_status":"closed","ping_status":"closed","template":"elementor_header_footer","meta":{"_acf_changed":false,"footnotes":""},"class_list":["post-12446","page","type-page","status-publish","hentry","entry","owp-thumbs-layout-horizontal","owp-btn-normal","owp-tabs-layout-horizontal","has-no-thumbnails","has-product-nav"],"acf":[],"yoast_head":"<!-- This site is optimized with the Yoast SEO plugin v27.1.1 - https:\/\/yoast.com\/product\/yoast-seo-wordpress\/ -->\n<title>Dispositifs pour R\u00e9\u00e9ducation des Membres | FisioTech<\/title>\n<meta name=\"description\" content=\"D\u00e9couvrez les \u00e9quipements FisioTech pour la r\u00e9\u00e9ducation des membres : mini-cycles, th\u00e9rapie par poulie, roues des lapidaires murales et autres dispositifs pour la r\u00e9cup\u00e9ration fonctionnelle des membres sup\u00e9rieurs et inf\u00e9rieurs.\" \/>\n<meta name=\"robots\" content=\"noindex, follow, max-snippet:-1, max-image-preview:large, max-video-preview:-1\" \/>\n<meta property=\"og:locale\" content=\"fr_FR\" \/>\n<meta property=\"og:type\" content=\"article\" \/>\n<meta property=\"og:title\" content=\"Dispositifs pour R\u00e9\u00e9ducation des Membres | FisioTech\" \/>\n<meta property=\"og:description\" content=\"D\u00e9couvrez les \u00e9quipements FisioTech pour la r\u00e9\u00e9ducation des membres : mini-cycles, th\u00e9rapie par poulie, roues des lapidaires murales et autres dispositifs pour la r\u00e9cup\u00e9ration fonctionnelle des membres sup\u00e9rieurs et inf\u00e9rieurs.\" \/>\n<meta property=\"og:url\" content=\"https:\/\/dev.fisiotech.com\/fr\/dispositifs-de-reeducation-neuro-motrice\/reeducation-des-membres\/\" \/>\n<meta property=\"og:site_name\" content=\"FisioTech\" \/>\n<meta property=\"article:modified_time\" content=\"2025-07-21T18:59:53+00:00\" \/>\n<meta property=\"og:image\" content=\"https:\/\/fisiotech.com\/wp-content\/uploads\/2023\/12\/artemide.jpg\" \/>\n<meta name=\"twitter:card\" content=\"summary_large_image\" \/>\n<meta name=\"twitter:label1\" content=\"Dur\u00e9e de lecture estim\u00e9e\" \/>\n\t<meta name=\"twitter:data1\" content=\"5 minutes\" \/>\n<script type=\"application\/ld+json\" class=\"yoast-schema-graph\">{\"@context\":\"https:\/\/schema.org\",\"@graph\":[{\"@type\":\"WebPage\",\"@id\":\"https:\/\/dev.fisiotech.com\/fr\/dispositifs-de-reeducation-neuro-motrice\/reeducation-des-membres\/\",\"url\":\"https:\/\/dev.fisiotech.com\/fr\/dispositifs-de-reeducation-neuro-motrice\/reeducation-des-membres\/\",\"name\":\"Dispositifs pour R\u00e9\u00e9ducation des Membres | FisioTech\",\"isPartOf\":{\"@id\":\"https:\/\/dev.fisiotech.com\/fr\/#website\"},\"primaryImageOfPage\":{\"@id\":\"https:\/\/dev.fisiotech.com\/fr\/dispositifs-de-reeducation-neuro-motrice\/reeducation-des-membres\/#primaryimage\"},\"image\":{\"@id\":\"https:\/\/dev.fisiotech.com\/fr\/dispositifs-de-reeducation-neuro-motrice\/reeducation-des-membres\/#primaryimage\"},\"thumbnailUrl\":\"https:\/\/fisiotech.com\/wp-content\/uploads\/2023\/12\/artemide.jpg\",\"datePublished\":\"2023-10-26T07:48:10+00:00\",\"dateModified\":\"2025-07-21T18:59:53+00:00\",\"description\":\"D\u00e9couvrez les \u00e9quipements FisioTech pour la r\u00e9\u00e9ducation des membres : mini-cycles, th\u00e9rapie par poulie, roues des lapidaires murales et autres dispositifs pour la r\u00e9cup\u00e9ration fonctionnelle des membres sup\u00e9rieurs et inf\u00e9rieurs.\",\"breadcrumb\":{\"@id\":\"https:\/\/dev.fisiotech.com\/fr\/dispositifs-de-reeducation-neuro-motrice\/reeducation-des-membres\/#breadcrumb\"},\"inLanguage\":\"fr-FR\",\"potentialAction\":[{\"@type\":\"ReadAction\",\"target\":[\"https:\/\/dev.fisiotech.com\/fr\/dispositifs-de-reeducation-neuro-motrice\/reeducation-des-membres\/\"]}]},{\"@type\":\"ImageObject\",\"inLanguage\":\"fr-FR\",\"@id\":\"https:\/\/dev.fisiotech.com\/fr\/dispositifs-de-reeducation-neuro-motrice\/reeducation-des-membres\/#primaryimage\",\"url\":\"https:\/\/fisiotech.com\/wp-content\/uploads\/2023\/12\/artemide.jpg\",\"contentUrl\":\"https:\/\/fisiotech.com\/wp-content\/uploads\/2023\/12\/artemide.jpg\"},{\"@type\":\"BreadcrumbList\",\"@id\":\"https:\/\/dev.fisiotech.com\/fr\/dispositifs-de-reeducation-neuro-motrice\/reeducation-des-membres\/#breadcrumb\",\"itemListElement\":[{\"@type\":\"ListItem\",\"position\":1,\"name\":\"Home\",\"item\":\"https:\/\/dev.fisiotech.com\/fr\/\"},{\"@type\":\"ListItem\",\"position\":2,\"name\":\"R\u00e9\u00e9ducation\",\"item\":\"https:\/\/dev.fisiotech.com\/fr\/dispositivi-per-riabilitazione-neuro-motoria\/\"},{\"@type\":\"ListItem\",\"position\":3,\"name\":\"R\u00e9\u00e9ducation des membres\"}]},{\"@type\":\"WebSite\",\"@id\":\"https:\/\/dev.fisiotech.com\/fr\/#website\",\"url\":\"https:\/\/dev.fisiotech.com\/fr\/\",\"name\":\"FisioTech\",\"description\":\"Tecnologie al servizio della salute\",\"publisher\":{\"@id\":\"https:\/\/dev.fisiotech.com\/fr\/#organization\"},\"potentialAction\":[{\"@type\":\"SearchAction\",\"target\":{\"@type\":\"EntryPoint\",\"urlTemplate\":\"https:\/\/dev.fisiotech.com\/fr\/?s={search_term_string}\"},\"query-input\":{\"@type\":\"PropertyValueSpecification\",\"valueRequired\":true,\"valueName\":\"search_term_string\"}}],\"inLanguage\":\"fr-FR\"},{\"@type\":\"Organization\",\"@id\":\"https:\/\/dev.fisiotech.com\/fr\/#organization\",\"name\":\"FisioTech - Tecnologie al servizio della salute\",\"url\":\"https:\/\/dev.fisiotech.com\/fr\/\",\"logo\":{\"@type\":\"ImageObject\",\"inLanguage\":\"fr-FR\",\"@id\":\"https:\/\/dev.fisiotech.com\/fr\/#\/schema\/logo\/image\/\",\"url\":\"https:\/\/dev.fisiotech.com\/wp-content\/uploads\/2023\/09\/cropped-Fisiotech-logo.png\",\"contentUrl\":\"https:\/\/dev.fisiotech.com\/wp-content\/uploads\/2023\/09\/cropped-Fisiotech-logo.png\",\"width\":861,\"height\":329,\"caption\":\"FisioTech - Tecnologie al servizio della salute\"},\"image\":{\"@id\":\"https:\/\/dev.fisiotech.com\/fr\/#\/schema\/logo\/image\/\"}}]}<\/script>\n<!-- \/ Yoast SEO plugin. -->","yoast_head_json":{"title":"Dispositifs pour R\u00e9\u00e9ducation des Membres | FisioTech","description":"D\u00e9couvrez les \u00e9quipements FisioTech pour la r\u00e9\u00e9ducation des membres : mini-cycles, th\u00e9rapie par poulie, roues des lapidaires murales et autres dispositifs pour la r\u00e9cup\u00e9ration fonctionnelle des membres sup\u00e9rieurs et inf\u00e9rieurs.","robots":{"index":"noindex","follow":"follow","max-snippet":"max-snippet:-1","max-image-preview":"max-image-preview:large","max-video-preview":"max-video-preview:-1"},"og_locale":"fr_FR","og_type":"article","og_title":"Dispositifs pour R\u00e9\u00e9ducation des Membres | FisioTech","og_description":"D\u00e9couvrez les \u00e9quipements FisioTech pour la r\u00e9\u00e9ducation des membres : mini-cycles, th\u00e9rapie par poulie, roues des lapidaires murales et autres dispositifs pour la r\u00e9cup\u00e9ration fonctionnelle des membres sup\u00e9rieurs et inf\u00e9rieurs.","og_url":"https:\/\/dev.fisiotech.com\/fr\/dispositifs-de-reeducation-neuro-motrice\/reeducation-des-membres\/","og_site_name":"FisioTech","article_modified_time":"2025-07-21T18:59:53+00:00","og_image":[{"url":"https:\/\/fisiotech.com\/wp-content\/uploads\/2023\/12\/artemide.jpg","type":"","width":"","height":""}],"twitter_card":"summary_large_image","twitter_misc":{"Dur\u00e9e de lecture estim\u00e9e":"5 minutes"},"schema":{"@context":"https:\/\/schema.org","@graph":[{"@type":"WebPage","@id":"https:\/\/dev.fisiotech.com\/fr\/dispositifs-de-reeducation-neuro-motrice\/reeducation-des-membres\/","url":"https:\/\/dev.fisiotech.com\/fr\/dispositifs-de-reeducation-neuro-motrice\/reeducation-des-membres\/","name":"Dispositifs pour R\u00e9\u00e9ducation des Membres | FisioTech","isPartOf":{"@id":"https:\/\/dev.fisiotech.com\/fr\/#website"},"primaryImageOfPage":{"@id":"https:\/\/dev.fisiotech.com\/fr\/dispositifs-de-reeducation-neuro-motrice\/reeducation-des-membres\/#primaryimage"},"image":{"@id":"https:\/\/dev.fisiotech.com\/fr\/dispositifs-de-reeducation-neuro-motrice\/reeducation-des-membres\/#primaryimage"},"thumbnailUrl":"https:\/\/fisiotech.com\/wp-content\/uploads\/2023\/12\/artemide.jpg","datePublished":"2023-10-26T07:48:10+00:00","dateModified":"2025-07-21T18:59:53+00:00","description":"D\u00e9couvrez les \u00e9quipements FisioTech pour la r\u00e9\u00e9ducation des membres : mini-cycles, th\u00e9rapie par poulie, roues des lapidaires murales et autres dispositifs pour la r\u00e9cup\u00e9ration fonctionnelle des membres sup\u00e9rieurs et inf\u00e9rieurs.","breadcrumb":{"@id":"https:\/\/dev.fisiotech.com\/fr\/dispositifs-de-reeducation-neuro-motrice\/reeducation-des-membres\/#breadcrumb"},"inLanguage":"fr-FR","potentialAction":[{"@type":"ReadAction","target":["https:\/\/dev.fisiotech.com\/fr\/dispositifs-de-reeducation-neuro-motrice\/reeducation-des-membres\/"]}]},{"@type":"ImageObject","inLanguage":"fr-FR","@id":"https:\/\/dev.fisiotech.com\/fr\/dispositifs-de-reeducation-neuro-motrice\/reeducation-des-membres\/#primaryimage","url":"https:\/\/fisiotech.com\/wp-content\/uploads\/2023\/12\/artemide.jpg","contentUrl":"https:\/\/fisiotech.com\/wp-content\/uploads\/2023\/12\/artemide.jpg"},{"@type":"BreadcrumbList","@id":"https:\/\/dev.fisiotech.com\/fr\/dispositifs-de-reeducation-neuro-motrice\/reeducation-des-membres\/#breadcrumb","itemListElement":[{"@type":"ListItem","position":1,"name":"Home","item":"https:\/\/dev.fisiotech.com\/fr\/"},{"@type":"ListItem","position":2,"name":"R\u00e9\u00e9ducation","item":"https:\/\/dev.fisiotech.com\/fr\/dispositivi-per-riabilitazione-neuro-motoria\/"},{"@type":"ListItem","position":3,"name":"R\u00e9\u00e9ducation des membres"}]},{"@type":"WebSite","@id":"https:\/\/dev.fisiotech.com\/fr\/#website","url":"https:\/\/dev.fisiotech.com\/fr\/","name":"FisioTech","description":"Tecnologie al servizio della salute","publisher":{"@id":"https:\/\/dev.fisiotech.com\/fr\/#organization"},"potentialAction":[{"@type":"SearchAction","target":{"@type":"EntryPoint","urlTemplate":"https:\/\/dev.fisiotech.com\/fr\/?s={search_term_string}"},"query-input":{"@type":"PropertyValueSpecification","valueRequired":true,"valueName":"search_term_string"}}],"inLanguage":"fr-FR"},{"@type":"Organization","@id":"https:\/\/dev.fisiotech.com\/fr\/#organization","name":"FisioTech - Tecnologie al servizio della salute","url":"https:\/\/dev.fisiotech.com\/fr\/","logo":{"@type":"ImageObject","inLanguage":"fr-FR","@id":"https:\/\/dev.fisiotech.com\/fr\/#\/schema\/logo\/image\/","url":"https:\/\/dev.fisiotech.com\/wp-content\/uploads\/2023\/09\/cropped-Fisiotech-logo.png","contentUrl":"https:\/\/dev.fisiotech.com\/wp-content\/uploads\/2023\/09\/cropped-Fisiotech-logo.png","width":861,"height":329,"caption":"FisioTech - Tecnologie al servizio della salute"},"image":{"@id":"https:\/\/dev.fisiotech.com\/fr\/#\/schema\/logo\/image\/"}}]}},"_links":{"self":[{"href":"https:\/\/dev.fisiotech.com\/fr\/wp-json\/wp\/v2\/pages\/12446","targetHints":{"allow":["GET"]}}],"collection":[{"href":"https:\/\/dev.fisiotech.com\/fr\/wp-json\/wp\/v2\/pages"}],"about":[{"href":"https:\/\/dev.fisiotech.com\/fr\/wp-json\/wp\/v2\/types\/page"}],"author":[{"embeddable":true,"href":"https:\/\/dev.fisiotech.com\/fr\/wp-json\/wp\/v2\/users\/10"}],"replies":[{"embeddable":true,"href":"https:\/\/dev.fisiotech.com\/fr\/wp-json\/wp\/v2\/comments?post=12446"}],"version-history":[{"count":4,"href":"https:\/\/dev.fisiotech.com\/fr\/wp-json\/wp\/v2\/pages\/12446\/revisions"}],"predecessor-version":[{"id":16495,"href":"https:\/\/dev.fisiotech.com\/fr\/wp-json\/wp\/v2\/pages\/12446\/revisions\/16495"}],"up":[{"embeddable":true,"href":"https:\/\/dev.fisiotech.com\/fr\/wp-json\/wp\/v2\/pages\/12331"}],"wp:attachment":[{"href":"https:\/\/dev.fisiotech.com\/fr\/wp-json\/wp\/v2\/media?parent=12446"}],"curies":[{"name":"wp","href":"https:\/\/api.w.org\/{rel}","templated":true}]}}