{"id":12452,"date":"2023-10-26T07:48:47","date_gmt":"2023-10-26T07:48:47","guid":{"rendered":"https:\/\/fisiotech.com\/reeducation\/poulietherapie\/"},"modified":"2025-07-21T19:00:34","modified_gmt":"2025-07-21T19:00:34","slug":"therapie-par-poulie-pour-reeducation","status":"publish","type":"page","link":"https:\/\/dev.fisiotech.com\/fr\/dispositifs-de-reeducation-neuro-motrice\/therapie-par-poulie-pour-reeducation\/","title":{"rendered":"Poulieth\u00e9rapie"},"content":{"rendered":"\t\t<div data-elementor-type=\"wp-page\" data-elementor-id=\"12452\" class=\"elementor elementor-12452 elementor-401\">\n\t\t\t\t<div class=\"elementor-element elementor-element-15576fee e-flex e-con-boxed e-con e-parent\" data-id=\"15576fee\" data-element_type=\"container\" data-e-type=\"container\">\n\t\t\t\t\t<div class=\"e-con-inner\">\n\t\t\t\t<div class=\"elementor-element elementor-element-4a0b7e23 elementor-icon-list--layout-inline elementor-align-start elementor-mobile-align-center elementor-list-item-link-full_width elementor-widget elementor-widget-icon-list\" data-id=\"4a0b7e23\" data-element_type=\"widget\" data-e-type=\"widget\" data-widget_type=\"icon-list.default\">\n\t\t\t\t<div class=\"elementor-widget-container\">\n\t\t\t\t\t\t\t<ul class=\"elementor-icon-list-items elementor-inline-items\">\n\t\t\t\t\t\t\t<li class=\"elementor-icon-list-item elementor-inline-item\">\n\t\t\t\t\t\t\t\t\t\t\t<a href=\"https:\/\/dev.fisiotech.com\/\/fr\/reeducation\/\">\n\n\t\t\t\t\t\t\t\t\t\t\t<span class=\"elementor-icon-list-text\">R\u00e9\u00e9ducation<\/span>\n\t\t\t\t\t\t\t\t\t\t\t<\/a>\n\t\t\t\t\t\t\t\t\t<\/li>\n\t\t\t\t\t\t\t\t<li class=\"elementor-icon-list-item elementor-inline-item\">\n\t\t\t\t\t\t\t\t\t\t<span class=\"elementor-icon-list-text\">Th\u00e9rapie par Poulie pour R\u00e9\u00e9ducation<\/span>\n\t\t\t\t\t\t\t\t\t<\/li>\n\t\t\t\t\t\t<\/ul>\n\t\t\t\t\t\t<\/div>\n\t\t\t\t<\/div>\n\t\t\t\t\t<\/div>\n\t\t\t\t<\/div>\n\t\t<div class=\"elementor-element elementor-element-b051611 e-flex e-con-boxed e-con e-parent\" data-id=\"b051611\" data-element_type=\"container\" data-e-type=\"container\">\n\t\t\t\t\t<div class=\"e-con-inner\">\n\t\t\t\t<div class=\"elementor-element elementor-element-bdf4630 elementor-widget elementor-widget-heading\" data-id=\"bdf4630\" data-element_type=\"widget\" data-e-type=\"widget\" data-widget_type=\"heading.default\">\n\t\t\t\t<div class=\"elementor-widget-container\">\n\t\t\t\t\t<h1 class=\"elementor-heading-title elementor-size-default\">Th\u00e9rapie par Poulie pour R\u00e9\u00e9ducation<\/h1>\t\t\t\t<\/div>\n\t\t\t\t<\/div>\n\t\t\t\t\t<\/div>\n\t\t\t\t<\/div>\n\t\t<div class=\"elementor-element elementor-element-12519330 e-flex e-con-boxed e-con e-parent\" data-id=\"12519330\" data-element_type=\"container\" data-e-type=\"container\">\n\t\t\t\t\t<div class=\"e-con-inner\">\n\t\t\t\t\t<\/div>\n\t\t\t\t<\/div>\n\t\t\t\t<\/div>\n\t\t","protected":false},"excerpt":{"rendered":"<p>R\u00e9\u00e9ducation Th\u00e9rapie par Poulie pour R\u00e9\u00e9ducation Th\u00e9rapie par Poulie pour R\u00e9\u00e9ducation &nbsp;&nbsp;Back Appareils de th\u00e9rapie de traction Entra\u00eenement de l&#039;\u00e9quilibre Barres parall\u00e8les Poulieth\u00e9rapie R\u00e9\u00e9ducation des membres Escaliers de r\u00e9\u00e9ducation CAGE DE POULIETH\u00c9RAPIE POULIE D&#8217;EXERCICE SIMPLE POULIE D&#8217;EXERCICE DOUBLE POULIE D&#8217;EXERCICE DOUBLE AVEC ESPALIER N\u00c9CESSAIRE POUR POULIETH\u00c9RAPIE SANGLE POUR TALON POULIETH\u00c9RAPIE PAIRE SANGLES POUR CHEVILLES POULIETH\u00c9RAPIE [&hellip;]<\/p>\n","protected":false},"author":10,"featured_media":0,"parent":12331,"menu_order":5,"comment_status":"closed","ping_status":"closed","template":"elementor_header_footer","meta":{"_acf_changed":false,"footnotes":""},"class_list":["post-12452","page","type-page","status-publish","hentry","entry","owp-thumbs-layout-horizontal","owp-btn-normal","owp-tabs-layout-horizontal","has-no-thumbnails","has-product-nav"],"acf":[],"yoast_head":"<!-- This site is optimized with the Yoast SEO plugin v27.1.1 - https:\/\/yoast.com\/product\/yoast-seo-wordpress\/ -->\n<title>Th\u00e9rapie par Poulie pour R\u00e9\u00e9ducation Neuro-Motrice | FisioTech<\/title>\n<meta name=\"description\" content=\"D\u00e9couvrez les solutions FisioTech pour la th\u00e9rapie par poulie : poulie simple et cage pour des exercices de renforcement et de r\u00e9sistance musculaire, id\u00e9ales pour les membres sup\u00e9rieurs et inf\u00e9rieurs.\" \/>\n<meta name=\"robots\" content=\"noindex, follow, max-snippet:-1, max-image-preview:large, max-video-preview:-1\" \/>\n<meta property=\"og:locale\" content=\"fr_FR\" \/>\n<meta property=\"og:type\" content=\"article\" \/>\n<meta property=\"og:title\" content=\"Th\u00e9rapie par Poulie pour R\u00e9\u00e9ducation Neuro-Motrice | FisioTech\" \/>\n<meta property=\"og:description\" content=\"D\u00e9couvrez les solutions FisioTech pour la th\u00e9rapie par poulie : poulie simple et cage pour des exercices de renforcement et de r\u00e9sistance musculaire, id\u00e9ales pour les membres sup\u00e9rieurs et inf\u00e9rieurs.\" \/>\n<meta property=\"og:url\" content=\"https:\/\/dev.fisiotech.com\/fr\/dispositifs-de-reeducation-neuro-motrice\/therapie-par-poulie-pour-reeducation\/\" \/>\n<meta property=\"og:site_name\" content=\"FisioTech\" \/>\n<meta property=\"article:modified_time\" content=\"2025-07-21T19:00:34+00:00\" \/>\n<meta property=\"og:image\" content=\"https:\/\/fisiotech.com\/wp-content\/uploads\/2024\/01\/gabbia-puleggio-terapia.jpg\" \/>\n<meta name=\"twitter:card\" content=\"summary_large_image\" \/>\n<meta name=\"twitter:label1\" content=\"Dur\u00e9e de lecture estim\u00e9e\" \/>\n\t<meta name=\"twitter:data1\" content=\"6 minutes\" \/>\n<script type=\"application\/ld+json\" class=\"yoast-schema-graph\">{\"@context\":\"https:\/\/schema.org\",\"@graph\":[{\"@type\":\"WebPage\",\"@id\":\"https:\/\/dev.fisiotech.com\/fr\/dispositifs-de-reeducation-neuro-motrice\/therapie-par-poulie-pour-reeducation\/\",\"url\":\"https:\/\/dev.fisiotech.com\/fr\/dispositifs-de-reeducation-neuro-motrice\/therapie-par-poulie-pour-reeducation\/\",\"name\":\"Th\u00e9rapie par Poulie pour R\u00e9\u00e9ducation Neuro-Motrice | FisioTech\",\"isPartOf\":{\"@id\":\"https:\/\/dev.fisiotech.com\/fr\/#website\"},\"primaryImageOfPage\":{\"@id\":\"https:\/\/dev.fisiotech.com\/fr\/dispositifs-de-reeducation-neuro-motrice\/therapie-par-poulie-pour-reeducation\/#primaryimage\"},\"image\":{\"@id\":\"https:\/\/dev.fisiotech.com\/fr\/dispositifs-de-reeducation-neuro-motrice\/therapie-par-poulie-pour-reeducation\/#primaryimage\"},\"thumbnailUrl\":\"https:\/\/fisiotech.com\/wp-content\/uploads\/2024\/01\/gabbia-puleggio-terapia.jpg\",\"datePublished\":\"2023-10-26T07:48:47+00:00\",\"dateModified\":\"2025-07-21T19:00:34+00:00\",\"description\":\"D\u00e9couvrez les solutions FisioTech pour la th\u00e9rapie par poulie : poulie simple et cage pour des exercices de renforcement et de r\u00e9sistance musculaire, id\u00e9ales pour les membres sup\u00e9rieurs et inf\u00e9rieurs.\",\"breadcrumb\":{\"@id\":\"https:\/\/dev.fisiotech.com\/fr\/dispositifs-de-reeducation-neuro-motrice\/therapie-par-poulie-pour-reeducation\/#breadcrumb\"},\"inLanguage\":\"fr-FR\",\"potentialAction\":[{\"@type\":\"ReadAction\",\"target\":[\"https:\/\/dev.fisiotech.com\/fr\/dispositifs-de-reeducation-neuro-motrice\/therapie-par-poulie-pour-reeducation\/\"]}]},{\"@type\":\"ImageObject\",\"inLanguage\":\"fr-FR\",\"@id\":\"https:\/\/dev.fisiotech.com\/fr\/dispositifs-de-reeducation-neuro-motrice\/therapie-par-poulie-pour-reeducation\/#primaryimage\",\"url\":\"https:\/\/fisiotech.com\/wp-content\/uploads\/2024\/01\/gabbia-puleggio-terapia.jpg\",\"contentUrl\":\"https:\/\/fisiotech.com\/wp-content\/uploads\/2024\/01\/gabbia-puleggio-terapia.jpg\"},{\"@type\":\"BreadcrumbList\",\"@id\":\"https:\/\/dev.fisiotech.com\/fr\/dispositifs-de-reeducation-neuro-motrice\/therapie-par-poulie-pour-reeducation\/#breadcrumb\",\"itemListElement\":[{\"@type\":\"ListItem\",\"position\":1,\"name\":\"Home\",\"item\":\"https:\/\/dev.fisiotech.com\/fr\/\"},{\"@type\":\"ListItem\",\"position\":2,\"name\":\"R\u00e9\u00e9ducation\",\"item\":\"https:\/\/dev.fisiotech.com\/fr\/dispositivi-per-riabilitazione-neuro-motoria\/\"},{\"@type\":\"ListItem\",\"position\":3,\"name\":\"Poulieth\u00e9rapie\"}]},{\"@type\":\"WebSite\",\"@id\":\"https:\/\/dev.fisiotech.com\/fr\/#website\",\"url\":\"https:\/\/dev.fisiotech.com\/fr\/\",\"name\":\"FisioTech\",\"description\":\"Tecnologie al servizio della salute\",\"publisher\":{\"@id\":\"https:\/\/dev.fisiotech.com\/fr\/#organization\"},\"potentialAction\":[{\"@type\":\"SearchAction\",\"target\":{\"@type\":\"EntryPoint\",\"urlTemplate\":\"https:\/\/dev.fisiotech.com\/fr\/?s={search_term_string}\"},\"query-input\":{\"@type\":\"PropertyValueSpecification\",\"valueRequired\":true,\"valueName\":\"search_term_string\"}}],\"inLanguage\":\"fr-FR\"},{\"@type\":\"Organization\",\"@id\":\"https:\/\/dev.fisiotech.com\/fr\/#organization\",\"name\":\"FisioTech - Tecnologie al servizio della salute\",\"url\":\"https:\/\/dev.fisiotech.com\/fr\/\",\"logo\":{\"@type\":\"ImageObject\",\"inLanguage\":\"fr-FR\",\"@id\":\"https:\/\/dev.fisiotech.com\/fr\/#\/schema\/logo\/image\/\",\"url\":\"https:\/\/dev.fisiotech.com\/wp-content\/uploads\/2023\/09\/cropped-Fisiotech-logo.png\",\"contentUrl\":\"https:\/\/dev.fisiotech.com\/wp-content\/uploads\/2023\/09\/cropped-Fisiotech-logo.png\",\"width\":861,\"height\":329,\"caption\":\"FisioTech - Tecnologie al servizio della salute\"},\"image\":{\"@id\":\"https:\/\/dev.fisiotech.com\/fr\/#\/schema\/logo\/image\/\"}}]}<\/script>\n<!-- \/ Yoast SEO plugin. -->","yoast_head_json":{"title":"Th\u00e9rapie par Poulie pour R\u00e9\u00e9ducation Neuro-Motrice | FisioTech","description":"D\u00e9couvrez les solutions FisioTech pour la th\u00e9rapie par poulie : poulie simple et cage pour des exercices de renforcement et de r\u00e9sistance musculaire, id\u00e9ales pour les membres sup\u00e9rieurs et inf\u00e9rieurs.","robots":{"index":"noindex","follow":"follow","max-snippet":"max-snippet:-1","max-image-preview":"max-image-preview:large","max-video-preview":"max-video-preview:-1"},"og_locale":"fr_FR","og_type":"article","og_title":"Th\u00e9rapie par Poulie pour R\u00e9\u00e9ducation Neuro-Motrice | FisioTech","og_description":"D\u00e9couvrez les solutions FisioTech pour la th\u00e9rapie par poulie : poulie simple et cage pour des exercices de renforcement et de r\u00e9sistance musculaire, id\u00e9ales pour les membres sup\u00e9rieurs et inf\u00e9rieurs.","og_url":"https:\/\/dev.fisiotech.com\/fr\/dispositifs-de-reeducation-neuro-motrice\/therapie-par-poulie-pour-reeducation\/","og_site_name":"FisioTech","article_modified_time":"2025-07-21T19:00:34+00:00","og_image":[{"url":"https:\/\/fisiotech.com\/wp-content\/uploads\/2024\/01\/gabbia-puleggio-terapia.jpg","type":"","width":"","height":""}],"twitter_card":"summary_large_image","twitter_misc":{"Dur\u00e9e de lecture estim\u00e9e":"6 minutes"},"schema":{"@context":"https:\/\/schema.org","@graph":[{"@type":"WebPage","@id":"https:\/\/dev.fisiotech.com\/fr\/dispositifs-de-reeducation-neuro-motrice\/therapie-par-poulie-pour-reeducation\/","url":"https:\/\/dev.fisiotech.com\/fr\/dispositifs-de-reeducation-neuro-motrice\/therapie-par-poulie-pour-reeducation\/","name":"Th\u00e9rapie par Poulie pour R\u00e9\u00e9ducation Neuro-Motrice | FisioTech","isPartOf":{"@id":"https:\/\/dev.fisiotech.com\/fr\/#website"},"primaryImageOfPage":{"@id":"https:\/\/dev.fisiotech.com\/fr\/dispositifs-de-reeducation-neuro-motrice\/therapie-par-poulie-pour-reeducation\/#primaryimage"},"image":{"@id":"https:\/\/dev.fisiotech.com\/fr\/dispositifs-de-reeducation-neuro-motrice\/therapie-par-poulie-pour-reeducation\/#primaryimage"},"thumbnailUrl":"https:\/\/fisiotech.com\/wp-content\/uploads\/2024\/01\/gabbia-puleggio-terapia.jpg","datePublished":"2023-10-26T07:48:47+00:00","dateModified":"2025-07-21T19:00:34+00:00","description":"D\u00e9couvrez les solutions FisioTech pour la th\u00e9rapie par poulie : poulie simple et cage pour des exercices de renforcement et de r\u00e9sistance musculaire, id\u00e9ales pour les membres sup\u00e9rieurs et inf\u00e9rieurs.","breadcrumb":{"@id":"https:\/\/dev.fisiotech.com\/fr\/dispositifs-de-reeducation-neuro-motrice\/therapie-par-poulie-pour-reeducation\/#breadcrumb"},"inLanguage":"fr-FR","potentialAction":[{"@type":"ReadAction","target":["https:\/\/dev.fisiotech.com\/fr\/dispositifs-de-reeducation-neuro-motrice\/therapie-par-poulie-pour-reeducation\/"]}]},{"@type":"ImageObject","inLanguage":"fr-FR","@id":"https:\/\/dev.fisiotech.com\/fr\/dispositifs-de-reeducation-neuro-motrice\/therapie-par-poulie-pour-reeducation\/#primaryimage","url":"https:\/\/fisiotech.com\/wp-content\/uploads\/2024\/01\/gabbia-puleggio-terapia.jpg","contentUrl":"https:\/\/fisiotech.com\/wp-content\/uploads\/2024\/01\/gabbia-puleggio-terapia.jpg"},{"@type":"BreadcrumbList","@id":"https:\/\/dev.fisiotech.com\/fr\/dispositifs-de-reeducation-neuro-motrice\/therapie-par-poulie-pour-reeducation\/#breadcrumb","itemListElement":[{"@type":"ListItem","position":1,"name":"Home","item":"https:\/\/dev.fisiotech.com\/fr\/"},{"@type":"ListItem","position":2,"name":"R\u00e9\u00e9ducation","item":"https:\/\/dev.fisiotech.com\/fr\/dispositivi-per-riabilitazione-neuro-motoria\/"},{"@type":"ListItem","position":3,"name":"Poulieth\u00e9rapie"}]},{"@type":"WebSite","@id":"https:\/\/dev.fisiotech.com\/fr\/#website","url":"https:\/\/dev.fisiotech.com\/fr\/","name":"FisioTech","description":"Tecnologie al servizio della salute","publisher":{"@id":"https:\/\/dev.fisiotech.com\/fr\/#organization"},"potentialAction":[{"@type":"SearchAction","target":{"@type":"EntryPoint","urlTemplate":"https:\/\/dev.fisiotech.com\/fr\/?s={search_term_string}"},"query-input":{"@type":"PropertyValueSpecification","valueRequired":true,"valueName":"search_term_string"}}],"inLanguage":"fr-FR"},{"@type":"Organization","@id":"https:\/\/dev.fisiotech.com\/fr\/#organization","name":"FisioTech - Tecnologie al servizio della salute","url":"https:\/\/dev.fisiotech.com\/fr\/","logo":{"@type":"ImageObject","inLanguage":"fr-FR","@id":"https:\/\/dev.fisiotech.com\/fr\/#\/schema\/logo\/image\/","url":"https:\/\/dev.fisiotech.com\/wp-content\/uploads\/2023\/09\/cropped-Fisiotech-logo.png","contentUrl":"https:\/\/dev.fisiotech.com\/wp-content\/uploads\/2023\/09\/cropped-Fisiotech-logo.png","width":861,"height":329,"caption":"FisioTech - Tecnologie al servizio della salute"},"image":{"@id":"https:\/\/dev.fisiotech.com\/fr\/#\/schema\/logo\/image\/"}}]}},"_links":{"self":[{"href":"https:\/\/dev.fisiotech.com\/fr\/wp-json\/wp\/v2\/pages\/12452","targetHints":{"allow":["GET"]}}],"collection":[{"href":"https:\/\/dev.fisiotech.com\/fr\/wp-json\/wp\/v2\/pages"}],"about":[{"href":"https:\/\/dev.fisiotech.com\/fr\/wp-json\/wp\/v2\/types\/page"}],"author":[{"embeddable":true,"href":"https:\/\/dev.fisiotech.com\/fr\/wp-json\/wp\/v2\/users\/10"}],"replies":[{"embeddable":true,"href":"https:\/\/dev.fisiotech.com\/fr\/wp-json\/wp\/v2\/comments?post=12452"}],"version-history":[{"count":4,"href":"https:\/\/dev.fisiotech.com\/fr\/wp-json\/wp\/v2\/pages\/12452\/revisions"}],"predecessor-version":[{"id":16498,"href":"https:\/\/dev.fisiotech.com\/fr\/wp-json\/wp\/v2\/pages\/12452\/revisions\/16498"}],"up":[{"embeddable":true,"href":"https:\/\/dev.fisiotech.com\/fr\/wp-json\/wp\/v2\/pages\/12331"}],"wp:attachment":[{"href":"https:\/\/dev.fisiotech.com\/fr\/wp-json\/wp\/v2\/media?parent=12452"}],"curies":[{"name":"wp","href":"https:\/\/api.w.org\/{rel}","templated":true}]}}