{"id":12460,"date":"2023-10-26T07:52:59","date_gmt":"2023-10-26T07:52:59","guid":{"rendered":"https:\/\/fisiotech.com\/gymnastique\/ballles-et-ballons\/"},"modified":"2025-07-21T18:47:08","modified_gmt":"2025-07-21T18:47:08","slug":"ballons-pour-gymnastique-reeducative","status":"publish","type":"page","link":"https:\/\/dev.fisiotech.com\/fr\/equipement-de-reeducation-posturale-gymnastique\/ballons-pour-gymnastique-reeducative\/","title":{"rendered":"Balles et ballons"},"content":{"rendered":"\t\t<div data-elementor-type=\"wp-page\" data-elementor-id=\"12460\" class=\"elementor elementor-12460 elementor-406\">\n\t\t\t\t<div class=\"elementor-element elementor-element-2bb46cbe e-flex e-con-boxed e-con e-parent\" data-id=\"2bb46cbe\" data-element_type=\"container\" data-e-type=\"container\">\n\t\t\t\t\t<div class=\"e-con-inner\">\n\t\t\t\t<div class=\"elementor-element elementor-element-309d875a elementor-icon-list--layout-inline elementor-align-start elementor-mobile-align-center elementor-list-item-link-full_width elementor-widget elementor-widget-icon-list\" data-id=\"309d875a\" data-element_type=\"widget\" data-e-type=\"widget\" data-widget_type=\"icon-list.default\">\n\t\t\t\t<div class=\"elementor-widget-container\">\n\t\t\t\t\t\t\t<ul class=\"elementor-icon-list-items elementor-inline-items\">\n\t\t\t\t\t\t\t<li class=\"elementor-icon-list-item elementor-inline-item\">\n\t\t\t\t\t\t\t\t\t\t\t<a href=\"https:\/\/dev.fisiotech.com\/\/fr\/gymnastique\/\">\n\n\t\t\t\t\t\t\t\t\t\t\t<span class=\"elementor-icon-list-text\">Gymnastique<\/span>\n\t\t\t\t\t\t\t\t\t\t\t<\/a>\n\t\t\t\t\t\t\t\t\t<\/li>\n\t\t\t\t\t\t\t\t<li class=\"elementor-icon-list-item elementor-inline-item\">\n\t\t\t\t\t\t\t\t\t\t<span class=\"elementor-icon-list-text\">Ballons pour Gymnastique R\u00e9\u00e9ducative<\/span>\n\t\t\t\t\t\t\t\t\t<\/li>\n\t\t\t\t\t\t<\/ul>\n\t\t\t\t\t\t<\/div>\n\t\t\t\t<\/div>\n\t\t\t\t\t<\/div>\n\t\t\t\t<\/div>\n\t\t<div class=\"elementor-element elementor-element-0e6008f e-flex e-con-boxed e-con e-parent\" data-id=\"0e6008f\" data-element_type=\"container\" data-e-type=\"container\">\n\t\t\t\t\t<div class=\"e-con-inner\">\n\t\t\t\t<div class=\"elementor-element elementor-element-1ddede1 elementor-widget elementor-widget-heading\" data-id=\"1ddede1\" data-element_type=\"widget\" data-e-type=\"widget\" data-widget_type=\"heading.default\">\n\t\t\t\t<div class=\"elementor-widget-container\">\n\t\t\t\t\t<h1 class=\"elementor-heading-title elementor-size-default\">Ballons pour Gymnastique R\u00e9\u00e9ducative<\/h1>\t\t\t\t<\/div>\n\t\t\t\t<\/div>\n\t\t\t\t\t<\/div>\n\t\t\t\t<\/div>\n\t\t<div class=\"elementor-element elementor-element-132073ba e-flex e-con-boxed e-con e-parent\" data-id=\"132073ba\" data-element_type=\"container\" data-e-type=\"container\">\n\t\t\t\t\t<div class=\"e-con-inner\">\n\t\t\t\t\t<\/div>\n\t\t\t\t<\/div>\n\t\t\t\t<\/div>\n\t\t","protected":false},"excerpt":{"rendered":"<p>Gymnastique Ballons pour Gymnastique R\u00e9\u00e9ducative Ballons pour Gymnastique R\u00e9\u00e9ducative &nbsp;&nbsp;Back Airex Coussins Bandes \u00e9lastiques Gymnastique Entra\u00eenement psychomoteur Tapis Balles et ballons Charges chevilles et poignets et halt\u00e8res Espaliers Miroirs GYMNIC CLASSIC GYMNIC CLASSIC PLUS THERASENSORY PHYSIO ROLL BALLON EN CAOUTCHOUC MOUSSE SOFTGYM BALLON LEST\u00c9 BALLON RYTHMIQUE BALLES SENSORIELLES BALLES H\u00c9RISSON THERA FREEBALLS HAND ACTIV ROLL [&hellip;]<\/p>\n","protected":false},"author":10,"featured_media":0,"parent":12335,"menu_order":1,"comment_status":"closed","ping_status":"closed","template":"elementor_header_footer","meta":{"_acf_changed":false,"footnotes":""},"class_list":["post-12460","page","type-page","status-publish","hentry","entry","owp-thumbs-layout-horizontal","owp-btn-normal","owp-tabs-layout-horizontal","has-no-thumbnails","has-product-nav"],"acf":[],"yoast_head":"<!-- This site is optimized with the Yoast SEO plugin v27.1.1 - https:\/\/yoast.com\/product\/yoast-seo-wordpress\/ -->\n<title>Ballons pour Gymnastique R\u00e9\u00e9ducative et Posturale | Fisiotech<\/title>\n<meta name=\"description\" content=\"D\u00e9couvrez notre s\u00e9lection de ballons pour exercices r\u00e9\u00e9ducatifs et posturaux. Id\u00e9aux pour am\u00e9liorer l&#039;\u00e9quilibre, la coordination et la force.\" \/>\n<meta name=\"robots\" content=\"noindex, follow, max-snippet:-1, max-image-preview:large, max-video-preview:-1\" \/>\n<meta property=\"og:locale\" content=\"fr_FR\" \/>\n<meta property=\"og:type\" content=\"article\" \/>\n<meta property=\"og:title\" content=\"Ballons pour Gymnastique R\u00e9\u00e9ducative et Posturale | Fisiotech\" \/>\n<meta property=\"og:description\" content=\"D\u00e9couvrez notre s\u00e9lection de ballons pour exercices r\u00e9\u00e9ducatifs et posturaux. Id\u00e9aux pour am\u00e9liorer l&#039;\u00e9quilibre, la coordination et la force.\" \/>\n<meta property=\"og:url\" content=\"https:\/\/dev.fisiotech.com\/fr\/equipement-de-reeducation-posturale-gymnastique\/ballons-pour-gymnastique-reeducative\/\" \/>\n<meta property=\"og:site_name\" content=\"FisioTech\" \/>\n<meta property=\"article:modified_time\" content=\"2025-07-21T18:47:08+00:00\" \/>\n<meta property=\"og:image\" content=\"https:\/\/fisiotech.com\/wp-content\/uploads\/2024\/01\/gymnic-classic.jpg\" \/>\n<meta name=\"twitter:card\" content=\"summary_large_image\" \/>\n<meta name=\"twitter:label1\" content=\"Dur\u00e9e de lecture estim\u00e9e\" \/>\n\t<meta name=\"twitter:data1\" content=\"4 minutes\" \/>\n<script type=\"application\/ld+json\" class=\"yoast-schema-graph\">{\"@context\":\"https:\/\/schema.org\",\"@graph\":[{\"@type\":\"WebPage\",\"@id\":\"https:\/\/dev.fisiotech.com\/fr\/equipement-de-reeducation-posturale-gymnastique\/ballons-pour-gymnastique-reeducative\/\",\"url\":\"https:\/\/dev.fisiotech.com\/fr\/equipement-de-reeducation-posturale-gymnastique\/ballons-pour-gymnastique-reeducative\/\",\"name\":\"Ballons pour Gymnastique R\u00e9\u00e9ducative et Posturale | Fisiotech\",\"isPartOf\":{\"@id\":\"https:\/\/dev.fisiotech.com\/fr\/#website\"},\"primaryImageOfPage\":{\"@id\":\"https:\/\/dev.fisiotech.com\/fr\/equipement-de-reeducation-posturale-gymnastique\/ballons-pour-gymnastique-reeducative\/#primaryimage\"},\"image\":{\"@id\":\"https:\/\/dev.fisiotech.com\/fr\/equipement-de-reeducation-posturale-gymnastique\/ballons-pour-gymnastique-reeducative\/#primaryimage\"},\"thumbnailUrl\":\"https:\/\/fisiotech.com\/wp-content\/uploads\/2024\/01\/gymnic-classic.jpg\",\"datePublished\":\"2023-10-26T07:52:59+00:00\",\"dateModified\":\"2025-07-21T18:47:08+00:00\",\"description\":\"D\u00e9couvrez notre s\u00e9lection de ballons pour exercices r\u00e9\u00e9ducatifs et posturaux. Id\u00e9aux pour am\u00e9liorer l'\u00e9quilibre, la coordination et la force.\",\"breadcrumb\":{\"@id\":\"https:\/\/dev.fisiotech.com\/fr\/equipement-de-reeducation-posturale-gymnastique\/ballons-pour-gymnastique-reeducative\/#breadcrumb\"},\"inLanguage\":\"fr-FR\",\"potentialAction\":[{\"@type\":\"ReadAction\",\"target\":[\"https:\/\/dev.fisiotech.com\/fr\/equipement-de-reeducation-posturale-gymnastique\/ballons-pour-gymnastique-reeducative\/\"]}]},{\"@type\":\"ImageObject\",\"inLanguage\":\"fr-FR\",\"@id\":\"https:\/\/dev.fisiotech.com\/fr\/equipement-de-reeducation-posturale-gymnastique\/ballons-pour-gymnastique-reeducative\/#primaryimage\",\"url\":\"https:\/\/fisiotech.com\/wp-content\/uploads\/2024\/01\/gymnic-classic.jpg\",\"contentUrl\":\"https:\/\/fisiotech.com\/wp-content\/uploads\/2024\/01\/gymnic-classic.jpg\"},{\"@type\":\"BreadcrumbList\",\"@id\":\"https:\/\/dev.fisiotech.com\/fr\/equipement-de-reeducation-posturale-gymnastique\/ballons-pour-gymnastique-reeducative\/#breadcrumb\",\"itemListElement\":[{\"@type\":\"ListItem\",\"position\":1,\"name\":\"Home\",\"item\":\"https:\/\/dev.fisiotech.com\/fr\/\"},{\"@type\":\"ListItem\",\"position\":2,\"name\":\"Gymnastique\",\"item\":\"https:\/\/dev.fisiotech.com\/fr\/attrezzature-per-ginnastica-riabilitativa-posturale\/\"},{\"@type\":\"ListItem\",\"position\":3,\"name\":\"Balles et ballons\"}]},{\"@type\":\"WebSite\",\"@id\":\"https:\/\/dev.fisiotech.com\/fr\/#website\",\"url\":\"https:\/\/dev.fisiotech.com\/fr\/\",\"name\":\"FisioTech\",\"description\":\"Tecnologie al servizio della salute\",\"publisher\":{\"@id\":\"https:\/\/dev.fisiotech.com\/fr\/#organization\"},\"potentialAction\":[{\"@type\":\"SearchAction\",\"target\":{\"@type\":\"EntryPoint\",\"urlTemplate\":\"https:\/\/dev.fisiotech.com\/fr\/?s={search_term_string}\"},\"query-input\":{\"@type\":\"PropertyValueSpecification\",\"valueRequired\":true,\"valueName\":\"search_term_string\"}}],\"inLanguage\":\"fr-FR\"},{\"@type\":\"Organization\",\"@id\":\"https:\/\/dev.fisiotech.com\/fr\/#organization\",\"name\":\"FisioTech - Tecnologie al servizio della salute\",\"url\":\"https:\/\/dev.fisiotech.com\/fr\/\",\"logo\":{\"@type\":\"ImageObject\",\"inLanguage\":\"fr-FR\",\"@id\":\"https:\/\/dev.fisiotech.com\/fr\/#\/schema\/logo\/image\/\",\"url\":\"https:\/\/dev.fisiotech.com\/wp-content\/uploads\/2023\/09\/cropped-Fisiotech-logo.png\",\"contentUrl\":\"https:\/\/dev.fisiotech.com\/wp-content\/uploads\/2023\/09\/cropped-Fisiotech-logo.png\",\"width\":861,\"height\":329,\"caption\":\"FisioTech - Tecnologie al servizio della salute\"},\"image\":{\"@id\":\"https:\/\/dev.fisiotech.com\/fr\/#\/schema\/logo\/image\/\"}}]}<\/script>\n<!-- \/ Yoast SEO plugin. -->","yoast_head_json":{"title":"Ballons pour Gymnastique R\u00e9\u00e9ducative et Posturale | Fisiotech","description":"D\u00e9couvrez notre s\u00e9lection de ballons pour exercices r\u00e9\u00e9ducatifs et posturaux. Id\u00e9aux pour am\u00e9liorer l'\u00e9quilibre, la coordination et la force.","robots":{"index":"noindex","follow":"follow","max-snippet":"max-snippet:-1","max-image-preview":"max-image-preview:large","max-video-preview":"max-video-preview:-1"},"og_locale":"fr_FR","og_type":"article","og_title":"Ballons pour Gymnastique R\u00e9\u00e9ducative et Posturale | Fisiotech","og_description":"D\u00e9couvrez notre s\u00e9lection de ballons pour exercices r\u00e9\u00e9ducatifs et posturaux. Id\u00e9aux pour am\u00e9liorer l'\u00e9quilibre, la coordination et la force.","og_url":"https:\/\/dev.fisiotech.com\/fr\/equipement-de-reeducation-posturale-gymnastique\/ballons-pour-gymnastique-reeducative\/","og_site_name":"FisioTech","article_modified_time":"2025-07-21T18:47:08+00:00","og_image":[{"url":"https:\/\/fisiotech.com\/wp-content\/uploads\/2024\/01\/gymnic-classic.jpg","type":"","width":"","height":""}],"twitter_card":"summary_large_image","twitter_misc":{"Dur\u00e9e de lecture estim\u00e9e":"4 minutes"},"schema":{"@context":"https:\/\/schema.org","@graph":[{"@type":"WebPage","@id":"https:\/\/dev.fisiotech.com\/fr\/equipement-de-reeducation-posturale-gymnastique\/ballons-pour-gymnastique-reeducative\/","url":"https:\/\/dev.fisiotech.com\/fr\/equipement-de-reeducation-posturale-gymnastique\/ballons-pour-gymnastique-reeducative\/","name":"Ballons pour Gymnastique R\u00e9\u00e9ducative et Posturale | Fisiotech","isPartOf":{"@id":"https:\/\/dev.fisiotech.com\/fr\/#website"},"primaryImageOfPage":{"@id":"https:\/\/dev.fisiotech.com\/fr\/equipement-de-reeducation-posturale-gymnastique\/ballons-pour-gymnastique-reeducative\/#primaryimage"},"image":{"@id":"https:\/\/dev.fisiotech.com\/fr\/equipement-de-reeducation-posturale-gymnastique\/ballons-pour-gymnastique-reeducative\/#primaryimage"},"thumbnailUrl":"https:\/\/fisiotech.com\/wp-content\/uploads\/2024\/01\/gymnic-classic.jpg","datePublished":"2023-10-26T07:52:59+00:00","dateModified":"2025-07-21T18:47:08+00:00","description":"D\u00e9couvrez notre s\u00e9lection de ballons pour exercices r\u00e9\u00e9ducatifs et posturaux. Id\u00e9aux pour am\u00e9liorer l'\u00e9quilibre, la coordination et la force.","breadcrumb":{"@id":"https:\/\/dev.fisiotech.com\/fr\/equipement-de-reeducation-posturale-gymnastique\/ballons-pour-gymnastique-reeducative\/#breadcrumb"},"inLanguage":"fr-FR","potentialAction":[{"@type":"ReadAction","target":["https:\/\/dev.fisiotech.com\/fr\/equipement-de-reeducation-posturale-gymnastique\/ballons-pour-gymnastique-reeducative\/"]}]},{"@type":"ImageObject","inLanguage":"fr-FR","@id":"https:\/\/dev.fisiotech.com\/fr\/equipement-de-reeducation-posturale-gymnastique\/ballons-pour-gymnastique-reeducative\/#primaryimage","url":"https:\/\/fisiotech.com\/wp-content\/uploads\/2024\/01\/gymnic-classic.jpg","contentUrl":"https:\/\/fisiotech.com\/wp-content\/uploads\/2024\/01\/gymnic-classic.jpg"},{"@type":"BreadcrumbList","@id":"https:\/\/dev.fisiotech.com\/fr\/equipement-de-reeducation-posturale-gymnastique\/ballons-pour-gymnastique-reeducative\/#breadcrumb","itemListElement":[{"@type":"ListItem","position":1,"name":"Home","item":"https:\/\/dev.fisiotech.com\/fr\/"},{"@type":"ListItem","position":2,"name":"Gymnastique","item":"https:\/\/dev.fisiotech.com\/fr\/attrezzature-per-ginnastica-riabilitativa-posturale\/"},{"@type":"ListItem","position":3,"name":"Balles et ballons"}]},{"@type":"WebSite","@id":"https:\/\/dev.fisiotech.com\/fr\/#website","url":"https:\/\/dev.fisiotech.com\/fr\/","name":"FisioTech","description":"Tecnologie al servizio della salute","publisher":{"@id":"https:\/\/dev.fisiotech.com\/fr\/#organization"},"potentialAction":[{"@type":"SearchAction","target":{"@type":"EntryPoint","urlTemplate":"https:\/\/dev.fisiotech.com\/fr\/?s={search_term_string}"},"query-input":{"@type":"PropertyValueSpecification","valueRequired":true,"valueName":"search_term_string"}}],"inLanguage":"fr-FR"},{"@type":"Organization","@id":"https:\/\/dev.fisiotech.com\/fr\/#organization","name":"FisioTech - Tecnologie al servizio della salute","url":"https:\/\/dev.fisiotech.com\/fr\/","logo":{"@type":"ImageObject","inLanguage":"fr-FR","@id":"https:\/\/dev.fisiotech.com\/fr\/#\/schema\/logo\/image\/","url":"https:\/\/dev.fisiotech.com\/wp-content\/uploads\/2023\/09\/cropped-Fisiotech-logo.png","contentUrl":"https:\/\/dev.fisiotech.com\/wp-content\/uploads\/2023\/09\/cropped-Fisiotech-logo.png","width":861,"height":329,"caption":"FisioTech - Tecnologie al servizio della salute"},"image":{"@id":"https:\/\/dev.fisiotech.com\/fr\/#\/schema\/logo\/image\/"}}]}},"_links":{"self":[{"href":"https:\/\/dev.fisiotech.com\/fr\/wp-json\/wp\/v2\/pages\/12460","targetHints":{"allow":["GET"]}}],"collection":[{"href":"https:\/\/dev.fisiotech.com\/fr\/wp-json\/wp\/v2\/pages"}],"about":[{"href":"https:\/\/dev.fisiotech.com\/fr\/wp-json\/wp\/v2\/types\/page"}],"author":[{"embeddable":true,"href":"https:\/\/dev.fisiotech.com\/fr\/wp-json\/wp\/v2\/users\/10"}],"replies":[{"embeddable":true,"href":"https:\/\/dev.fisiotech.com\/fr\/wp-json\/wp\/v2\/comments?post=12460"}],"version-history":[{"count":5,"href":"https:\/\/dev.fisiotech.com\/fr\/wp-json\/wp\/v2\/pages\/12460\/revisions"}],"predecessor-version":[{"id":16447,"href":"https:\/\/dev.fisiotech.com\/fr\/wp-json\/wp\/v2\/pages\/12460\/revisions\/16447"}],"up":[{"embeddable":true,"href":"https:\/\/dev.fisiotech.com\/fr\/wp-json\/wp\/v2\/pages\/12335"}],"wp:attachment":[{"href":"https:\/\/dev.fisiotech.com\/fr\/wp-json\/wp\/v2\/media?parent=12460"}],"curies":[{"name":"wp","href":"https:\/\/api.w.org\/{rel}","templated":true}]}}