{"id":12466,"date":"2023-10-26T07:53:33","date_gmt":"2023-10-26T07:53:33","guid":{"rendered":"https:\/\/fisiotech.com\/gymnastique\/espaliers\/"},"modified":"2025-07-21T18:47:50","modified_gmt":"2025-07-21T18:47:50","slug":"barres-suedoises-et-echelles-orthopediques","status":"publish","type":"page","link":"https:\/\/dev.fisiotech.com\/fr\/equipement-de-reeducation-posturale-gymnastique\/barres-suedoises-et-echelles-orthopediques\/","title":{"rendered":"Espaliers"},"content":{"rendered":"\t\t<div data-elementor-type=\"wp-page\" data-elementor-id=\"12466\" class=\"elementor elementor-12466 elementor-408\">\n\t\t\t\t<div class=\"elementor-element elementor-element-2ecf57d1 e-flex e-con-boxed e-con e-parent\" data-id=\"2ecf57d1\" data-element_type=\"container\" data-e-type=\"container\">\n\t\t\t\t\t<div class=\"e-con-inner\">\n\t\t\t\t<div class=\"elementor-element elementor-element-44afccd7 elementor-icon-list--layout-inline elementor-align-start elementor-mobile-align-center elementor-list-item-link-full_width elementor-widget elementor-widget-icon-list\" data-id=\"44afccd7\" data-element_type=\"widget\" data-e-type=\"widget\" data-widget_type=\"icon-list.default\">\n\t\t\t\t<div class=\"elementor-widget-container\">\n\t\t\t\t\t\t\t<ul class=\"elementor-icon-list-items elementor-inline-items\">\n\t\t\t\t\t\t\t<li class=\"elementor-icon-list-item elementor-inline-item\">\n\t\t\t\t\t\t\t\t\t\t\t<a href=\"https:\/\/dev.fisiotech.com\/\/fr\/gymnastique\/\">\n\n\t\t\t\t\t\t\t\t\t\t\t<span class=\"elementor-icon-list-text\">Gymnastique<\/span>\n\t\t\t\t\t\t\t\t\t\t\t<\/a>\n\t\t\t\t\t\t\t\t\t<\/li>\n\t\t\t\t\t\t\t\t<li class=\"elementor-icon-list-item elementor-inline-item\">\n\t\t\t\t\t\t\t\t\t\t<span class=\"elementor-icon-list-text\">Barres Su\u00e9doises et \u00c9chelles Orthop\u00e9diques<\/span>\n\t\t\t\t\t\t\t\t\t<\/li>\n\t\t\t\t\t\t<\/ul>\n\t\t\t\t\t\t<\/div>\n\t\t\t\t<\/div>\n\t\t\t\t\t<\/div>\n\t\t\t\t<\/div>\n\t\t<div class=\"elementor-element elementor-element-e4e707d e-flex e-con-boxed e-con e-parent\" data-id=\"e4e707d\" data-element_type=\"container\" data-e-type=\"container\">\n\t\t\t\t\t<div class=\"e-con-inner\">\n\t\t\t\t<div class=\"elementor-element elementor-element-9eb3610 elementor-widget elementor-widget-heading\" data-id=\"9eb3610\" data-element_type=\"widget\" data-e-type=\"widget\" data-widget_type=\"heading.default\">\n\t\t\t\t<div class=\"elementor-widget-container\">\n\t\t\t\t\t<h1 class=\"elementor-heading-title elementor-size-default\">Barres Su\u00e9doises et \u00c9chelles Orthop\u00e9diques<\/h1>\t\t\t\t<\/div>\n\t\t\t\t<\/div>\n\t\t\t\t\t<\/div>\n\t\t\t\t<\/div>\n\t\t<div class=\"elementor-element elementor-element-37a7d76c e-flex e-con-boxed e-con e-parent\" data-id=\"37a7d76c\" data-element_type=\"container\" data-e-type=\"container\">\n\t\t\t\t\t<div class=\"e-con-inner\">\n\t\t\t\t\t<\/div>\n\t\t\t\t<\/div>\n\t\t\t\t<\/div>\n\t\t","protected":false},"excerpt":{"rendered":"<p>Gymnastique Barres Su\u00e9doises et \u00c9chelles Orthop\u00e9diques Barres Su\u00e9doises et \u00c9chelles Orthop\u00e9diques &nbsp;&nbsp;Back Airex Coussins Bandes \u00e9lastiques Gymnastique Entra\u00eenement psychomoteur Tapis Balles et ballons Charges chevilles et poignets et halt\u00e8res Espaliers Miroirs ESPALIER SIMPLE \u00c0 13 BARREAUX ESPALIER SIMPLE \u00c0 14 BARREAUX ESPALIER SIMPLE EN BOIS ESPALIER DOUBLE EN BOIS APPUIE DOS COURBE BANC POUR ESPALIER [&hellip;]<\/p>\n","protected":false},"author":10,"featured_media":0,"parent":12335,"menu_order":2,"comment_status":"closed","ping_status":"closed","template":"elementor_header_footer","meta":{"_acf_changed":false,"footnotes":""},"class_list":["post-12466","page","type-page","status-publish","hentry","entry","owp-thumbs-layout-horizontal","owp-btn-normal","owp-tabs-layout-horizontal","has-no-thumbnails","has-product-nav"],"acf":[],"yoast_head":"<!-- This site is optimized with the Yoast SEO plugin v27.1.1 - https:\/\/yoast.com\/product\/yoast-seo-wordpress\/ -->\n<title>Barres Su\u00e9doises et \u00c9chelles Orthop\u00e9diques pour R\u00e9\u00e9ducation<\/title>\n<meta name=\"description\" content=\"D\u00e9couvrez des barres su\u00e9doises et des \u00e9chelles orthop\u00e9diques pour des exercices de r\u00e9\u00e9ducation et de posture. Solutions robustes et fonctionnelles pour les physioth\u00e9rapeutes et les professionnels de la sant\u00e9.\" \/>\n<meta name=\"robots\" content=\"noindex, follow, max-snippet:-1, max-image-preview:large, max-video-preview:-1\" \/>\n<meta property=\"og:locale\" content=\"fr_FR\" \/>\n<meta property=\"og:type\" content=\"article\" \/>\n<meta property=\"og:title\" content=\"Barres Su\u00e9doises et \u00c9chelles Orthop\u00e9diques pour R\u00e9\u00e9ducation\" \/>\n<meta property=\"og:description\" content=\"D\u00e9couvrez des barres su\u00e9doises et des \u00e9chelles orthop\u00e9diques pour des exercices de r\u00e9\u00e9ducation et de posture. Solutions robustes et fonctionnelles pour les physioth\u00e9rapeutes et les professionnels de la sant\u00e9.\" \/>\n<meta property=\"og:url\" content=\"https:\/\/dev.fisiotech.com\/fr\/equipement-de-reeducation-posturale-gymnastique\/barres-suedoises-et-echelles-orthopediques\/\" \/>\n<meta property=\"og:site_name\" content=\"FisioTech\" \/>\n<meta property=\"article:modified_time\" content=\"2025-07-21T18:47:50+00:00\" \/>\n<meta property=\"og:image\" content=\"https:\/\/fisiotech.com\/wp-content\/uploads\/2024\/01\/spalliera-singola-13-pioli.jpg\" \/>\n<meta name=\"twitter:card\" content=\"summary_large_image\" \/>\n<meta name=\"twitter:label1\" content=\"Dur\u00e9e de lecture estim\u00e9e\" \/>\n\t<meta name=\"twitter:data1\" content=\"2 minutes\" \/>\n<script type=\"application\/ld+json\" class=\"yoast-schema-graph\">{\"@context\":\"https:\/\/schema.org\",\"@graph\":[{\"@type\":\"WebPage\",\"@id\":\"https:\/\/dev.fisiotech.com\/fr\/equipement-de-reeducation-posturale-gymnastique\/barres-suedoises-et-echelles-orthopediques\/\",\"url\":\"https:\/\/dev.fisiotech.com\/fr\/equipement-de-reeducation-posturale-gymnastique\/barres-suedoises-et-echelles-orthopediques\/\",\"name\":\"Barres Su\u00e9doises et \u00c9chelles Orthop\u00e9diques pour R\u00e9\u00e9ducation\",\"isPartOf\":{\"@id\":\"https:\/\/dev.fisiotech.com\/fr\/#website\"},\"primaryImageOfPage\":{\"@id\":\"https:\/\/dev.fisiotech.com\/fr\/equipement-de-reeducation-posturale-gymnastique\/barres-suedoises-et-echelles-orthopediques\/#primaryimage\"},\"image\":{\"@id\":\"https:\/\/dev.fisiotech.com\/fr\/equipement-de-reeducation-posturale-gymnastique\/barres-suedoises-et-echelles-orthopediques\/#primaryimage\"},\"thumbnailUrl\":\"https:\/\/fisiotech.com\/wp-content\/uploads\/2024\/01\/spalliera-singola-13-pioli.jpg\",\"datePublished\":\"2023-10-26T07:53:33+00:00\",\"dateModified\":\"2025-07-21T18:47:50+00:00\",\"description\":\"D\u00e9couvrez des barres su\u00e9doises et des \u00e9chelles orthop\u00e9diques pour des exercices de r\u00e9\u00e9ducation et de posture. Solutions robustes et fonctionnelles pour les physioth\u00e9rapeutes et les professionnels de la sant\u00e9.\",\"breadcrumb\":{\"@id\":\"https:\/\/dev.fisiotech.com\/fr\/equipement-de-reeducation-posturale-gymnastique\/barres-suedoises-et-echelles-orthopediques\/#breadcrumb\"},\"inLanguage\":\"fr-FR\",\"potentialAction\":[{\"@type\":\"ReadAction\",\"target\":[\"https:\/\/dev.fisiotech.com\/fr\/equipement-de-reeducation-posturale-gymnastique\/barres-suedoises-et-echelles-orthopediques\/\"]}]},{\"@type\":\"ImageObject\",\"inLanguage\":\"fr-FR\",\"@id\":\"https:\/\/dev.fisiotech.com\/fr\/equipement-de-reeducation-posturale-gymnastique\/barres-suedoises-et-echelles-orthopediques\/#primaryimage\",\"url\":\"https:\/\/fisiotech.com\/wp-content\/uploads\/2024\/01\/spalliera-singola-13-pioli.jpg\",\"contentUrl\":\"https:\/\/fisiotech.com\/wp-content\/uploads\/2024\/01\/spalliera-singola-13-pioli.jpg\"},{\"@type\":\"BreadcrumbList\",\"@id\":\"https:\/\/dev.fisiotech.com\/fr\/equipement-de-reeducation-posturale-gymnastique\/barres-suedoises-et-echelles-orthopediques\/#breadcrumb\",\"itemListElement\":[{\"@type\":\"ListItem\",\"position\":1,\"name\":\"Home\",\"item\":\"https:\/\/dev.fisiotech.com\/fr\/\"},{\"@type\":\"ListItem\",\"position\":2,\"name\":\"Gymnastique\",\"item\":\"https:\/\/dev.fisiotech.com\/fr\/attrezzature-per-ginnastica-riabilitativa-posturale\/\"},{\"@type\":\"ListItem\",\"position\":3,\"name\":\"Espaliers\"}]},{\"@type\":\"WebSite\",\"@id\":\"https:\/\/dev.fisiotech.com\/fr\/#website\",\"url\":\"https:\/\/dev.fisiotech.com\/fr\/\",\"name\":\"FisioTech\",\"description\":\"Tecnologie al servizio della salute\",\"publisher\":{\"@id\":\"https:\/\/dev.fisiotech.com\/fr\/#organization\"},\"potentialAction\":[{\"@type\":\"SearchAction\",\"target\":{\"@type\":\"EntryPoint\",\"urlTemplate\":\"https:\/\/dev.fisiotech.com\/fr\/?s={search_term_string}\"},\"query-input\":{\"@type\":\"PropertyValueSpecification\",\"valueRequired\":true,\"valueName\":\"search_term_string\"}}],\"inLanguage\":\"fr-FR\"},{\"@type\":\"Organization\",\"@id\":\"https:\/\/dev.fisiotech.com\/fr\/#organization\",\"name\":\"FisioTech - Tecnologie al servizio della salute\",\"url\":\"https:\/\/dev.fisiotech.com\/fr\/\",\"logo\":{\"@type\":\"ImageObject\",\"inLanguage\":\"fr-FR\",\"@id\":\"https:\/\/dev.fisiotech.com\/fr\/#\/schema\/logo\/image\/\",\"url\":\"https:\/\/dev.fisiotech.com\/wp-content\/uploads\/2023\/09\/cropped-Fisiotech-logo.png\",\"contentUrl\":\"https:\/\/dev.fisiotech.com\/wp-content\/uploads\/2023\/09\/cropped-Fisiotech-logo.png\",\"width\":861,\"height\":329,\"caption\":\"FisioTech - Tecnologie al servizio della salute\"},\"image\":{\"@id\":\"https:\/\/dev.fisiotech.com\/fr\/#\/schema\/logo\/image\/\"}}]}<\/script>\n<!-- \/ Yoast SEO plugin. -->","yoast_head_json":{"title":"Barres Su\u00e9doises et \u00c9chelles Orthop\u00e9diques pour R\u00e9\u00e9ducation","description":"D\u00e9couvrez des barres su\u00e9doises et des \u00e9chelles orthop\u00e9diques pour des exercices de r\u00e9\u00e9ducation et de posture. Solutions robustes et fonctionnelles pour les physioth\u00e9rapeutes et les professionnels de la sant\u00e9.","robots":{"index":"noindex","follow":"follow","max-snippet":"max-snippet:-1","max-image-preview":"max-image-preview:large","max-video-preview":"max-video-preview:-1"},"og_locale":"fr_FR","og_type":"article","og_title":"Barres Su\u00e9doises et \u00c9chelles Orthop\u00e9diques pour R\u00e9\u00e9ducation","og_description":"D\u00e9couvrez des barres su\u00e9doises et des \u00e9chelles orthop\u00e9diques pour des exercices de r\u00e9\u00e9ducation et de posture. Solutions robustes et fonctionnelles pour les physioth\u00e9rapeutes et les professionnels de la sant\u00e9.","og_url":"https:\/\/dev.fisiotech.com\/fr\/equipement-de-reeducation-posturale-gymnastique\/barres-suedoises-et-echelles-orthopediques\/","og_site_name":"FisioTech","article_modified_time":"2025-07-21T18:47:50+00:00","og_image":[{"url":"https:\/\/fisiotech.com\/wp-content\/uploads\/2024\/01\/spalliera-singola-13-pioli.jpg","type":"","width":"","height":""}],"twitter_card":"summary_large_image","twitter_misc":{"Dur\u00e9e de lecture estim\u00e9e":"2 minutes"},"schema":{"@context":"https:\/\/schema.org","@graph":[{"@type":"WebPage","@id":"https:\/\/dev.fisiotech.com\/fr\/equipement-de-reeducation-posturale-gymnastique\/barres-suedoises-et-echelles-orthopediques\/","url":"https:\/\/dev.fisiotech.com\/fr\/equipement-de-reeducation-posturale-gymnastique\/barres-suedoises-et-echelles-orthopediques\/","name":"Barres Su\u00e9doises et \u00c9chelles Orthop\u00e9diques pour R\u00e9\u00e9ducation","isPartOf":{"@id":"https:\/\/dev.fisiotech.com\/fr\/#website"},"primaryImageOfPage":{"@id":"https:\/\/dev.fisiotech.com\/fr\/equipement-de-reeducation-posturale-gymnastique\/barres-suedoises-et-echelles-orthopediques\/#primaryimage"},"image":{"@id":"https:\/\/dev.fisiotech.com\/fr\/equipement-de-reeducation-posturale-gymnastique\/barres-suedoises-et-echelles-orthopediques\/#primaryimage"},"thumbnailUrl":"https:\/\/fisiotech.com\/wp-content\/uploads\/2024\/01\/spalliera-singola-13-pioli.jpg","datePublished":"2023-10-26T07:53:33+00:00","dateModified":"2025-07-21T18:47:50+00:00","description":"D\u00e9couvrez des barres su\u00e9doises et des \u00e9chelles orthop\u00e9diques pour des exercices de r\u00e9\u00e9ducation et de posture. Solutions robustes et fonctionnelles pour les physioth\u00e9rapeutes et les professionnels de la sant\u00e9.","breadcrumb":{"@id":"https:\/\/dev.fisiotech.com\/fr\/equipement-de-reeducation-posturale-gymnastique\/barres-suedoises-et-echelles-orthopediques\/#breadcrumb"},"inLanguage":"fr-FR","potentialAction":[{"@type":"ReadAction","target":["https:\/\/dev.fisiotech.com\/fr\/equipement-de-reeducation-posturale-gymnastique\/barres-suedoises-et-echelles-orthopediques\/"]}]},{"@type":"ImageObject","inLanguage":"fr-FR","@id":"https:\/\/dev.fisiotech.com\/fr\/equipement-de-reeducation-posturale-gymnastique\/barres-suedoises-et-echelles-orthopediques\/#primaryimage","url":"https:\/\/fisiotech.com\/wp-content\/uploads\/2024\/01\/spalliera-singola-13-pioli.jpg","contentUrl":"https:\/\/fisiotech.com\/wp-content\/uploads\/2024\/01\/spalliera-singola-13-pioli.jpg"},{"@type":"BreadcrumbList","@id":"https:\/\/dev.fisiotech.com\/fr\/equipement-de-reeducation-posturale-gymnastique\/barres-suedoises-et-echelles-orthopediques\/#breadcrumb","itemListElement":[{"@type":"ListItem","position":1,"name":"Home","item":"https:\/\/dev.fisiotech.com\/fr\/"},{"@type":"ListItem","position":2,"name":"Gymnastique","item":"https:\/\/dev.fisiotech.com\/fr\/attrezzature-per-ginnastica-riabilitativa-posturale\/"},{"@type":"ListItem","position":3,"name":"Espaliers"}]},{"@type":"WebSite","@id":"https:\/\/dev.fisiotech.com\/fr\/#website","url":"https:\/\/dev.fisiotech.com\/fr\/","name":"FisioTech","description":"Tecnologie al servizio della salute","publisher":{"@id":"https:\/\/dev.fisiotech.com\/fr\/#organization"},"potentialAction":[{"@type":"SearchAction","target":{"@type":"EntryPoint","urlTemplate":"https:\/\/dev.fisiotech.com\/fr\/?s={search_term_string}"},"query-input":{"@type":"PropertyValueSpecification","valueRequired":true,"valueName":"search_term_string"}}],"inLanguage":"fr-FR"},{"@type":"Organization","@id":"https:\/\/dev.fisiotech.com\/fr\/#organization","name":"FisioTech - Tecnologie al servizio della salute","url":"https:\/\/dev.fisiotech.com\/fr\/","logo":{"@type":"ImageObject","inLanguage":"fr-FR","@id":"https:\/\/dev.fisiotech.com\/fr\/#\/schema\/logo\/image\/","url":"https:\/\/dev.fisiotech.com\/wp-content\/uploads\/2023\/09\/cropped-Fisiotech-logo.png","contentUrl":"https:\/\/dev.fisiotech.com\/wp-content\/uploads\/2023\/09\/cropped-Fisiotech-logo.png","width":861,"height":329,"caption":"FisioTech - Tecnologie al servizio della salute"},"image":{"@id":"https:\/\/dev.fisiotech.com\/fr\/#\/schema\/logo\/image\/"}}]}},"_links":{"self":[{"href":"https:\/\/dev.fisiotech.com\/fr\/wp-json\/wp\/v2\/pages\/12466","targetHints":{"allow":["GET"]}}],"collection":[{"href":"https:\/\/dev.fisiotech.com\/fr\/wp-json\/wp\/v2\/pages"}],"about":[{"href":"https:\/\/dev.fisiotech.com\/fr\/wp-json\/wp\/v2\/types\/page"}],"author":[{"embeddable":true,"href":"https:\/\/dev.fisiotech.com\/fr\/wp-json\/wp\/v2\/users\/10"}],"replies":[{"embeddable":true,"href":"https:\/\/dev.fisiotech.com\/fr\/wp-json\/wp\/v2\/comments?post=12466"}],"version-history":[{"count":4,"href":"https:\/\/dev.fisiotech.com\/fr\/wp-json\/wp\/v2\/pages\/12466\/revisions"}],"predecessor-version":[{"id":16450,"href":"https:\/\/dev.fisiotech.com\/fr\/wp-json\/wp\/v2\/pages\/12466\/revisions\/16450"}],"up":[{"embeddable":true,"href":"https:\/\/dev.fisiotech.com\/fr\/wp-json\/wp\/v2\/pages\/12335"}],"wp:attachment":[{"href":"https:\/\/dev.fisiotech.com\/fr\/wp-json\/wp\/v2\/media?parent=12466"}],"curies":[{"name":"wp","href":"https:\/\/api.w.org\/{rel}","templated":true}]}}