{"id":12486,"date":"2023-10-26T07:57:30","date_gmt":"2023-10-26T07:57:30","guid":{"rendered":"https:\/\/fisiotech.com\/gymnastique\/entrainement-psychomoteur\/"},"modified":"2025-07-21T18:51:18","modified_gmt":"2025-07-21T18:51:18","slug":"equipements-pour-gymnastique-psychomotrice","status":"publish","type":"page","link":"https:\/\/dev.fisiotech.com\/fr\/equipement-de-reeducation-posturale-gymnastique\/equipements-pour-gymnastique-psychomotrice\/","title":{"rendered":"Entra\u00eenement psychomoteur"},"content":{"rendered":"\t\t<div data-elementor-type=\"wp-page\" data-elementor-id=\"12486\" class=\"elementor elementor-12486 elementor-419\">\n\t\t\t\t<div class=\"elementor-element elementor-element-7ab9c31 e-flex e-con-boxed e-con e-parent\" data-id=\"7ab9c31\" data-element_type=\"container\" data-e-type=\"container\">\n\t\t\t\t\t<div class=\"e-con-inner\">\n\t\t\t\t<div class=\"elementor-element elementor-element-1b6a3909 elementor-icon-list--layout-inline elementor-align-start elementor-mobile-align-center elementor-list-item-link-full_width elementor-widget elementor-widget-icon-list\" data-id=\"1b6a3909\" data-element_type=\"widget\" data-e-type=\"widget\" data-widget_type=\"icon-list.default\">\n\t\t\t\t<div class=\"elementor-widget-container\">\n\t\t\t\t\t\t\t<ul class=\"elementor-icon-list-items elementor-inline-items\">\n\t\t\t\t\t\t\t<li class=\"elementor-icon-list-item elementor-inline-item\">\n\t\t\t\t\t\t\t\t\t\t\t<a href=\"https:\/\/dev.fisiotech.com\/\/fr\/gymnastique\/\">\n\n\t\t\t\t\t\t\t\t\t\t\t<span class=\"elementor-icon-list-text\">Gymnastique<\/span>\n\t\t\t\t\t\t\t\t\t\t\t<\/a>\n\t\t\t\t\t\t\t\t\t<\/li>\n\t\t\t\t\t\t\t\t<li class=\"elementor-icon-list-item elementor-inline-item\">\n\t\t\t\t\t\t\t\t\t\t<span class=\"elementor-icon-list-text\">\u00c9quipements pour Gymnastique Psychomotrice<\/span>\n\t\t\t\t\t\t\t\t\t<\/li>\n\t\t\t\t\t\t<\/ul>\n\t\t\t\t\t\t<\/div>\n\t\t\t\t<\/div>\n\t\t\t\t\t<\/div>\n\t\t\t\t<\/div>\n\t\t<div class=\"elementor-element elementor-element-eceb69e e-flex e-con-boxed e-con e-parent\" data-id=\"eceb69e\" data-element_type=\"container\" data-e-type=\"container\">\n\t\t\t\t\t<div class=\"e-con-inner\">\n\t\t\t\t<div class=\"elementor-element elementor-element-f667dd6 elementor-widget elementor-widget-heading\" data-id=\"f667dd6\" data-element_type=\"widget\" data-e-type=\"widget\" data-widget_type=\"heading.default\">\n\t\t\t\t<div class=\"elementor-widget-container\">\n\t\t\t\t\t<h1 class=\"elementor-heading-title elementor-size-default\">\u00c9quipements pour Gymnastique Psychomotrice<\/h1>\t\t\t\t<\/div>\n\t\t\t\t<\/div>\n\t\t\t\t\t<\/div>\n\t\t\t\t<\/div>\n\t\t<div class=\"elementor-element elementor-element-47a483e5 e-flex e-con-boxed e-con e-parent\" data-id=\"47a483e5\" data-element_type=\"container\" data-e-type=\"container\">\n\t\t\t\t\t<div class=\"e-con-inner\">\n\t\t\t\t\t<\/div>\n\t\t\t\t<\/div>\n\t\t\t\t<\/div>\n\t\t","protected":false},"excerpt":{"rendered":"<p>Gymnastique \u00c9quipements pour Gymnastique Psychomotrice \u00c9quipements pour Gymnastique Psychomotrice &nbsp;&nbsp;Back Airex Coussins Bandes \u00e9lastiques Gymnastique Entra\u00eenement psychomoteur Tapis Balles et ballons Charges chevilles et poignets et halt\u00e8res Espaliers Miroirs CERCEAUX JALONS DE SPORT EN PVC C\u00d4NE FENDU MASSUES EN BOIS MASSUES EN NYLON JALONS DE SPORT EN BOIS SUPPORT MURAL JALONS DE SPORT<\/p>\n","protected":false},"author":10,"featured_media":0,"parent":12335,"menu_order":7,"comment_status":"closed","ping_status":"closed","template":"elementor_header_footer","meta":{"_acf_changed":false,"footnotes":""},"class_list":["post-12486","page","type-page","status-publish","hentry","entry","owp-thumbs-layout-horizontal","owp-btn-normal","owp-tabs-layout-horizontal","has-no-thumbnails","has-product-nav"],"acf":[],"yoast_head":"<!-- This site is optimized with the Yoast SEO plugin v27.1.1 - https:\/\/yoast.com\/product\/yoast-seo-wordpress\/ -->\n<title>\u00c9quipements pour Gymnastique Psychomotrice | Fisiotech<\/title>\n<meta name=\"description\" content=\"D\u00e9couvrez la gamme d&#039;\u00e9quipements Fisiotech pour la gymnastique psychomotrice : b\u00e2tons, cerceaux, c\u00f4nes et kits complets pour parcours moteurs. Id\u00e9al pour les kin\u00e9sith\u00e9rapeutes et centres de r\u00e9\u00e9ducation.\" \/>\n<meta name=\"robots\" content=\"noindex, follow, max-snippet:-1, max-image-preview:large, max-video-preview:-1\" \/>\n<meta property=\"og:locale\" content=\"fr_FR\" \/>\n<meta property=\"og:type\" content=\"article\" \/>\n<meta property=\"og:title\" content=\"\u00c9quipements pour Gymnastique Psychomotrice | Fisiotech\" \/>\n<meta property=\"og:description\" content=\"D\u00e9couvrez la gamme d&#039;\u00e9quipements Fisiotech pour la gymnastique psychomotrice : b\u00e2tons, cerceaux, c\u00f4nes et kits complets pour parcours moteurs. Id\u00e9al pour les kin\u00e9sith\u00e9rapeutes et centres de r\u00e9\u00e9ducation.\" \/>\n<meta property=\"og:url\" content=\"https:\/\/dev.fisiotech.com\/fr\/equipement-de-reeducation-posturale-gymnastique\/equipements-pour-gymnastique-psychomotrice\/\" \/>\n<meta property=\"og:site_name\" content=\"FisioTech\" \/>\n<meta property=\"article:modified_time\" content=\"2025-07-21T18:51:18+00:00\" \/>\n<meta property=\"og:image\" content=\"https:\/\/fisiotech.com\/wp-content\/uploads\/2024\/01\/cerchi.jpg\" \/>\n<meta name=\"twitter:card\" content=\"summary_large_image\" \/>\n<meta name=\"twitter:label1\" content=\"Dur\u00e9e de lecture estim\u00e9e\" \/>\n\t<meta name=\"twitter:data1\" content=\"2 minutes\" \/>\n<script type=\"application\/ld+json\" class=\"yoast-schema-graph\">{\"@context\":\"https:\/\/schema.org\",\"@graph\":[{\"@type\":\"WebPage\",\"@id\":\"https:\/\/dev.fisiotech.com\/fr\/equipement-de-reeducation-posturale-gymnastique\/equipements-pour-gymnastique-psychomotrice\/\",\"url\":\"https:\/\/dev.fisiotech.com\/fr\/equipement-de-reeducation-posturale-gymnastique\/equipements-pour-gymnastique-psychomotrice\/\",\"name\":\"\u00c9quipements pour Gymnastique Psychomotrice | Fisiotech\",\"isPartOf\":{\"@id\":\"https:\/\/dev.fisiotech.com\/fr\/#website\"},\"primaryImageOfPage\":{\"@id\":\"https:\/\/dev.fisiotech.com\/fr\/equipement-de-reeducation-posturale-gymnastique\/equipements-pour-gymnastique-psychomotrice\/#primaryimage\"},\"image\":{\"@id\":\"https:\/\/dev.fisiotech.com\/fr\/equipement-de-reeducation-posturale-gymnastique\/equipements-pour-gymnastique-psychomotrice\/#primaryimage\"},\"thumbnailUrl\":\"https:\/\/fisiotech.com\/wp-content\/uploads\/2024\/01\/cerchi.jpg\",\"datePublished\":\"2023-10-26T07:57:30+00:00\",\"dateModified\":\"2025-07-21T18:51:18+00:00\",\"description\":\"D\u00e9couvrez la gamme d'\u00e9quipements Fisiotech pour la gymnastique psychomotrice : b\u00e2tons, cerceaux, c\u00f4nes et kits complets pour parcours moteurs. Id\u00e9al pour les kin\u00e9sith\u00e9rapeutes et centres de r\u00e9\u00e9ducation.\",\"breadcrumb\":{\"@id\":\"https:\/\/dev.fisiotech.com\/fr\/equipement-de-reeducation-posturale-gymnastique\/equipements-pour-gymnastique-psychomotrice\/#breadcrumb\"},\"inLanguage\":\"fr-FR\",\"potentialAction\":[{\"@type\":\"ReadAction\",\"target\":[\"https:\/\/dev.fisiotech.com\/fr\/equipement-de-reeducation-posturale-gymnastique\/equipements-pour-gymnastique-psychomotrice\/\"]}]},{\"@type\":\"ImageObject\",\"inLanguage\":\"fr-FR\",\"@id\":\"https:\/\/dev.fisiotech.com\/fr\/equipement-de-reeducation-posturale-gymnastique\/equipements-pour-gymnastique-psychomotrice\/#primaryimage\",\"url\":\"https:\/\/fisiotech.com\/wp-content\/uploads\/2024\/01\/cerchi.jpg\",\"contentUrl\":\"https:\/\/fisiotech.com\/wp-content\/uploads\/2024\/01\/cerchi.jpg\"},{\"@type\":\"BreadcrumbList\",\"@id\":\"https:\/\/dev.fisiotech.com\/fr\/equipement-de-reeducation-posturale-gymnastique\/equipements-pour-gymnastique-psychomotrice\/#breadcrumb\",\"itemListElement\":[{\"@type\":\"ListItem\",\"position\":1,\"name\":\"Home\",\"item\":\"https:\/\/dev.fisiotech.com\/fr\/\"},{\"@type\":\"ListItem\",\"position\":2,\"name\":\"Gymnastique\",\"item\":\"https:\/\/dev.fisiotech.com\/fr\/attrezzature-per-ginnastica-riabilitativa-posturale\/\"},{\"@type\":\"ListItem\",\"position\":3,\"name\":\"Entra\u00eenement psychomoteur\"}]},{\"@type\":\"WebSite\",\"@id\":\"https:\/\/dev.fisiotech.com\/fr\/#website\",\"url\":\"https:\/\/dev.fisiotech.com\/fr\/\",\"name\":\"FisioTech\",\"description\":\"Tecnologie al servizio della salute\",\"publisher\":{\"@id\":\"https:\/\/dev.fisiotech.com\/fr\/#organization\"},\"potentialAction\":[{\"@type\":\"SearchAction\",\"target\":{\"@type\":\"EntryPoint\",\"urlTemplate\":\"https:\/\/dev.fisiotech.com\/fr\/?s={search_term_string}\"},\"query-input\":{\"@type\":\"PropertyValueSpecification\",\"valueRequired\":true,\"valueName\":\"search_term_string\"}}],\"inLanguage\":\"fr-FR\"},{\"@type\":\"Organization\",\"@id\":\"https:\/\/dev.fisiotech.com\/fr\/#organization\",\"name\":\"FisioTech - Tecnologie al servizio della salute\",\"url\":\"https:\/\/dev.fisiotech.com\/fr\/\",\"logo\":{\"@type\":\"ImageObject\",\"inLanguage\":\"fr-FR\",\"@id\":\"https:\/\/dev.fisiotech.com\/fr\/#\/schema\/logo\/image\/\",\"url\":\"https:\/\/dev.fisiotech.com\/wp-content\/uploads\/2023\/09\/cropped-Fisiotech-logo.png\",\"contentUrl\":\"https:\/\/dev.fisiotech.com\/wp-content\/uploads\/2023\/09\/cropped-Fisiotech-logo.png\",\"width\":861,\"height\":329,\"caption\":\"FisioTech - Tecnologie al servizio della salute\"},\"image\":{\"@id\":\"https:\/\/dev.fisiotech.com\/fr\/#\/schema\/logo\/image\/\"}}]}<\/script>\n<!-- \/ Yoast SEO plugin. -->","yoast_head_json":{"title":"\u00c9quipements pour Gymnastique Psychomotrice | Fisiotech","description":"D\u00e9couvrez la gamme d'\u00e9quipements Fisiotech pour la gymnastique psychomotrice : b\u00e2tons, cerceaux, c\u00f4nes et kits complets pour parcours moteurs. Id\u00e9al pour les kin\u00e9sith\u00e9rapeutes et centres de r\u00e9\u00e9ducation.","robots":{"index":"noindex","follow":"follow","max-snippet":"max-snippet:-1","max-image-preview":"max-image-preview:large","max-video-preview":"max-video-preview:-1"},"og_locale":"fr_FR","og_type":"article","og_title":"\u00c9quipements pour Gymnastique Psychomotrice | Fisiotech","og_description":"D\u00e9couvrez la gamme d'\u00e9quipements Fisiotech pour la gymnastique psychomotrice : b\u00e2tons, cerceaux, c\u00f4nes et kits complets pour parcours moteurs. Id\u00e9al pour les kin\u00e9sith\u00e9rapeutes et centres de r\u00e9\u00e9ducation.","og_url":"https:\/\/dev.fisiotech.com\/fr\/equipement-de-reeducation-posturale-gymnastique\/equipements-pour-gymnastique-psychomotrice\/","og_site_name":"FisioTech","article_modified_time":"2025-07-21T18:51:18+00:00","og_image":[{"url":"https:\/\/fisiotech.com\/wp-content\/uploads\/2024\/01\/cerchi.jpg","type":"","width":"","height":""}],"twitter_card":"summary_large_image","twitter_misc":{"Dur\u00e9e de lecture estim\u00e9e":"2 minutes"},"schema":{"@context":"https:\/\/schema.org","@graph":[{"@type":"WebPage","@id":"https:\/\/dev.fisiotech.com\/fr\/equipement-de-reeducation-posturale-gymnastique\/equipements-pour-gymnastique-psychomotrice\/","url":"https:\/\/dev.fisiotech.com\/fr\/equipement-de-reeducation-posturale-gymnastique\/equipements-pour-gymnastique-psychomotrice\/","name":"\u00c9quipements pour Gymnastique Psychomotrice | Fisiotech","isPartOf":{"@id":"https:\/\/dev.fisiotech.com\/fr\/#website"},"primaryImageOfPage":{"@id":"https:\/\/dev.fisiotech.com\/fr\/equipement-de-reeducation-posturale-gymnastique\/equipements-pour-gymnastique-psychomotrice\/#primaryimage"},"image":{"@id":"https:\/\/dev.fisiotech.com\/fr\/equipement-de-reeducation-posturale-gymnastique\/equipements-pour-gymnastique-psychomotrice\/#primaryimage"},"thumbnailUrl":"https:\/\/fisiotech.com\/wp-content\/uploads\/2024\/01\/cerchi.jpg","datePublished":"2023-10-26T07:57:30+00:00","dateModified":"2025-07-21T18:51:18+00:00","description":"D\u00e9couvrez la gamme d'\u00e9quipements Fisiotech pour la gymnastique psychomotrice : b\u00e2tons, cerceaux, c\u00f4nes et kits complets pour parcours moteurs. Id\u00e9al pour les kin\u00e9sith\u00e9rapeutes et centres de r\u00e9\u00e9ducation.","breadcrumb":{"@id":"https:\/\/dev.fisiotech.com\/fr\/equipement-de-reeducation-posturale-gymnastique\/equipements-pour-gymnastique-psychomotrice\/#breadcrumb"},"inLanguage":"fr-FR","potentialAction":[{"@type":"ReadAction","target":["https:\/\/dev.fisiotech.com\/fr\/equipement-de-reeducation-posturale-gymnastique\/equipements-pour-gymnastique-psychomotrice\/"]}]},{"@type":"ImageObject","inLanguage":"fr-FR","@id":"https:\/\/dev.fisiotech.com\/fr\/equipement-de-reeducation-posturale-gymnastique\/equipements-pour-gymnastique-psychomotrice\/#primaryimage","url":"https:\/\/fisiotech.com\/wp-content\/uploads\/2024\/01\/cerchi.jpg","contentUrl":"https:\/\/fisiotech.com\/wp-content\/uploads\/2024\/01\/cerchi.jpg"},{"@type":"BreadcrumbList","@id":"https:\/\/dev.fisiotech.com\/fr\/equipement-de-reeducation-posturale-gymnastique\/equipements-pour-gymnastique-psychomotrice\/#breadcrumb","itemListElement":[{"@type":"ListItem","position":1,"name":"Home","item":"https:\/\/dev.fisiotech.com\/fr\/"},{"@type":"ListItem","position":2,"name":"Gymnastique","item":"https:\/\/dev.fisiotech.com\/fr\/attrezzature-per-ginnastica-riabilitativa-posturale\/"},{"@type":"ListItem","position":3,"name":"Entra\u00eenement psychomoteur"}]},{"@type":"WebSite","@id":"https:\/\/dev.fisiotech.com\/fr\/#website","url":"https:\/\/dev.fisiotech.com\/fr\/","name":"FisioTech","description":"Tecnologie al servizio della salute","publisher":{"@id":"https:\/\/dev.fisiotech.com\/fr\/#organization"},"potentialAction":[{"@type":"SearchAction","target":{"@type":"EntryPoint","urlTemplate":"https:\/\/dev.fisiotech.com\/fr\/?s={search_term_string}"},"query-input":{"@type":"PropertyValueSpecification","valueRequired":true,"valueName":"search_term_string"}}],"inLanguage":"fr-FR"},{"@type":"Organization","@id":"https:\/\/dev.fisiotech.com\/fr\/#organization","name":"FisioTech - Tecnologie al servizio della salute","url":"https:\/\/dev.fisiotech.com\/fr\/","logo":{"@type":"ImageObject","inLanguage":"fr-FR","@id":"https:\/\/dev.fisiotech.com\/fr\/#\/schema\/logo\/image\/","url":"https:\/\/dev.fisiotech.com\/wp-content\/uploads\/2023\/09\/cropped-Fisiotech-logo.png","contentUrl":"https:\/\/dev.fisiotech.com\/wp-content\/uploads\/2023\/09\/cropped-Fisiotech-logo.png","width":861,"height":329,"caption":"FisioTech - Tecnologie al servizio della salute"},"image":{"@id":"https:\/\/dev.fisiotech.com\/fr\/#\/schema\/logo\/image\/"}}]}},"_links":{"self":[{"href":"https:\/\/dev.fisiotech.com\/fr\/wp-json\/wp\/v2\/pages\/12486","targetHints":{"allow":["GET"]}}],"collection":[{"href":"https:\/\/dev.fisiotech.com\/fr\/wp-json\/wp\/v2\/pages"}],"about":[{"href":"https:\/\/dev.fisiotech.com\/fr\/wp-json\/wp\/v2\/types\/page"}],"author":[{"embeddable":true,"href":"https:\/\/dev.fisiotech.com\/fr\/wp-json\/wp\/v2\/users\/10"}],"replies":[{"embeddable":true,"href":"https:\/\/dev.fisiotech.com\/fr\/wp-json\/wp\/v2\/comments?post=12486"}],"version-history":[{"count":4,"href":"https:\/\/dev.fisiotech.com\/fr\/wp-json\/wp\/v2\/pages\/12486\/revisions"}],"predecessor-version":[{"id":16465,"href":"https:\/\/dev.fisiotech.com\/fr\/wp-json\/wp\/v2\/pages\/12486\/revisions\/16465"}],"up":[{"embeddable":true,"href":"https:\/\/dev.fisiotech.com\/fr\/wp-json\/wp\/v2\/pages\/12335"}],"wp:attachment":[{"href":"https:\/\/dev.fisiotech.com\/fr\/wp-json\/wp\/v2\/media?parent=12486"}],"curies":[{"name":"wp","href":"https:\/\/api.w.org\/{rel}","templated":true}]}}