{"id":12494,"date":"2023-10-26T07:58:51","date_gmt":"2023-10-26T07:58:51","guid":{"rendered":"https:\/\/fisiotech.com\/gymnastique\/charges-chevilles-et-poignets-et-halteres\/"},"modified":"2025-07-21T18:52:44","modified_gmt":"2025-07-21T18:52:44","slug":"charges-chevilles-et-poignets-et-halteres","status":"publish","type":"page","link":"https:\/\/dev.fisiotech.com\/fr\/equipement-de-reeducation-posturale-gymnastique\/charges-chevilles-et-poignets-et-halteres\/","title":{"rendered":"Charges chevilles et poignets et halt\u00e8res"},"content":{"rendered":"\t\t<div data-elementor-type=\"wp-page\" data-elementor-id=\"12494\" class=\"elementor elementor-12494 elementor-423\">\n\t\t\t\t<div class=\"elementor-element elementor-element-5d12517 e-flex e-con-boxed e-con e-parent\" data-id=\"5d12517\" data-element_type=\"container\" data-e-type=\"container\">\n\t\t\t\t\t<div class=\"e-con-inner\">\n\t\t\t\t<div class=\"elementor-element elementor-element-3b8ae223 elementor-icon-list--layout-inline elementor-align-start elementor-mobile-align-center elementor-list-item-link-full_width elementor-widget elementor-widget-icon-list\" data-id=\"3b8ae223\" data-element_type=\"widget\" data-e-type=\"widget\" data-widget_type=\"icon-list.default\">\n\t\t\t\t<div class=\"elementor-widget-container\">\n\t\t\t\t\t\t\t<ul class=\"elementor-icon-list-items elementor-inline-items\">\n\t\t\t\t\t\t\t<li class=\"elementor-icon-list-item elementor-inline-item\">\n\t\t\t\t\t\t\t\t\t\t\t<a href=\"https:\/\/dev.fisiotech.com\/\/fr\/gymnastique\/\">\n\n\t\t\t\t\t\t\t\t\t\t\t<span class=\"elementor-icon-list-text\">Gymnastique<\/span>\n\t\t\t\t\t\t\t\t\t\t\t<\/a>\n\t\t\t\t\t\t\t\t\t<\/li>\n\t\t\t\t\t\t\t\t<li class=\"elementor-icon-list-item elementor-inline-item\">\n\t\t\t\t\t\t\t\t\t\t<span class=\"elementor-icon-list-text\">Poids pour poignets chevilles et halt\u00e8res pour exercices<\/span>\n\t\t\t\t\t\t\t\t\t<\/li>\n\t\t\t\t\t\t<\/ul>\n\t\t\t\t\t\t<\/div>\n\t\t\t\t<\/div>\n\t\t\t\t\t<\/div>\n\t\t\t\t<\/div>\n\t\t<div class=\"elementor-element elementor-element-96f8127 e-flex e-con-boxed e-con e-parent\" data-id=\"96f8127\" data-element_type=\"container\" data-e-type=\"container\">\n\t\t\t\t\t<div class=\"e-con-inner\">\n\t\t\t\t<div class=\"elementor-element elementor-element-567359e elementor-widget elementor-widget-heading\" data-id=\"567359e\" data-element_type=\"widget\" data-e-type=\"widget\" data-widget_type=\"heading.default\">\n\t\t\t\t<div class=\"elementor-widget-container\">\n\t\t\t\t\t<h1 class=\"elementor-heading-title elementor-size-default\">Poids pour poignets chevilles et halt\u00e8res pour exercices<\/h1>\t\t\t\t<\/div>\n\t\t\t\t<\/div>\n\t\t\t\t\t<\/div>\n\t\t\t\t<\/div>\n\t\t<div class=\"elementor-element elementor-element-2190c281 e-flex e-con-boxed e-con e-parent\" data-id=\"2190c281\" data-element_type=\"container\" data-e-type=\"container\">\n\t\t\t\t\t<div class=\"e-con-inner\">\n\t\t\t\t\t<\/div>\n\t\t\t\t<\/div>\n\t\t\t\t<\/div>\n\t\t","protected":false},"excerpt":{"rendered":"<p>Gymnastique Poids pour poignets chevilles et halt\u00e8res pour exercices Poids pour poignets chevilles et halt\u00e8res pour exercices &nbsp;&nbsp;Back Airex Coussins Bandes \u00e9lastiques Gymnastique Entra\u00eenement psychomoteur Tapis Balles et ballons Charges chevilles et poignets et halt\u00e8res Espaliers Miroirs CHARGE POIGNETS ET CHEVILLES HALT\u00c8RES EN FONTE RACK DE RANGEMENT HALT\u00c8RES<\/p>\n","protected":false},"author":10,"featured_media":0,"parent":12335,"menu_order":9,"comment_status":"closed","ping_status":"closed","template":"elementor_header_footer","meta":{"_acf_changed":false,"footnotes":""},"class_list":["post-12494","page","type-page","status-publish","hentry","entry","owp-thumbs-layout-horizontal","owp-btn-normal","owp-tabs-layout-horizontal","has-no-thumbnails","has-product-nav"],"acf":[],"yoast_head":"<!-- This site is optimized with the Yoast SEO plugin v27.1.1 - https:\/\/yoast.com\/product\/yoast-seo-wordpress\/ -->\n<title>Poids pour poignets chevilles et halt\u00e8res pour exercices de r\u00e9\u00e9ducation<\/title>\n<meta name=\"description\" content=\"D\u00e9couvrez la gamme de poids pour poignets, chevilles et halt\u00e8res Fisiotech : outils id\u00e9aux pour la r\u00e9\u00e9ducation, le renforcement musculaire et la gymnastique posturale.\" \/>\n<meta name=\"robots\" content=\"noindex, follow, max-snippet:-1, max-image-preview:large, max-video-preview:-1\" \/>\n<meta property=\"og:locale\" content=\"fr_FR\" \/>\n<meta property=\"og:type\" content=\"article\" \/>\n<meta property=\"og:title\" content=\"Poids pour poignets chevilles et halt\u00e8res pour exercices de r\u00e9\u00e9ducation\" \/>\n<meta property=\"og:description\" content=\"D\u00e9couvrez la gamme de poids pour poignets, chevilles et halt\u00e8res Fisiotech : outils id\u00e9aux pour la r\u00e9\u00e9ducation, le renforcement musculaire et la gymnastique posturale.\" \/>\n<meta property=\"og:url\" content=\"https:\/\/dev.fisiotech.com\/fr\/equipement-de-reeducation-posturale-gymnastique\/charges-chevilles-et-poignets-et-halteres\/\" \/>\n<meta property=\"og:site_name\" content=\"FisioTech\" \/>\n<meta property=\"article:modified_time\" content=\"2025-07-21T18:52:44+00:00\" \/>\n<meta property=\"og:image\" content=\"https:\/\/fisiotech.com\/wp-content\/uploads\/2024\/01\/polsiere-spalmate.jpg\" \/>\n<meta name=\"twitter:card\" content=\"summary_large_image\" \/>\n<meta name=\"twitter:label1\" content=\"Dur\u00e9e de lecture estim\u00e9e\" \/>\n\t<meta name=\"twitter:data1\" content=\"1 minute\" \/>\n<script type=\"application\/ld+json\" class=\"yoast-schema-graph\">{\"@context\":\"https:\/\/schema.org\",\"@graph\":[{\"@type\":\"WebPage\",\"@id\":\"https:\/\/dev.fisiotech.com\/fr\/equipement-de-reeducation-posturale-gymnastique\/charges-chevilles-et-poignets-et-halteres\/\",\"url\":\"https:\/\/dev.fisiotech.com\/fr\/equipement-de-reeducation-posturale-gymnastique\/charges-chevilles-et-poignets-et-halteres\/\",\"name\":\"Poids pour poignets chevilles et halt\u00e8res pour exercices de r\u00e9\u00e9ducation\",\"isPartOf\":{\"@id\":\"https:\/\/dev.fisiotech.com\/fr\/#website\"},\"primaryImageOfPage\":{\"@id\":\"https:\/\/dev.fisiotech.com\/fr\/equipement-de-reeducation-posturale-gymnastique\/charges-chevilles-et-poignets-et-halteres\/#primaryimage\"},\"image\":{\"@id\":\"https:\/\/dev.fisiotech.com\/fr\/equipement-de-reeducation-posturale-gymnastique\/charges-chevilles-et-poignets-et-halteres\/#primaryimage\"},\"thumbnailUrl\":\"https:\/\/fisiotech.com\/wp-content\/uploads\/2024\/01\/polsiere-spalmate.jpg\",\"datePublished\":\"2023-10-26T07:58:51+00:00\",\"dateModified\":\"2025-07-21T18:52:44+00:00\",\"description\":\"D\u00e9couvrez la gamme de poids pour poignets, chevilles et halt\u00e8res Fisiotech : outils id\u00e9aux pour la r\u00e9\u00e9ducation, le renforcement musculaire et la gymnastique posturale.\",\"breadcrumb\":{\"@id\":\"https:\/\/dev.fisiotech.com\/fr\/equipement-de-reeducation-posturale-gymnastique\/charges-chevilles-et-poignets-et-halteres\/#breadcrumb\"},\"inLanguage\":\"fr-FR\",\"potentialAction\":[{\"@type\":\"ReadAction\",\"target\":[\"https:\/\/dev.fisiotech.com\/fr\/equipement-de-reeducation-posturale-gymnastique\/charges-chevilles-et-poignets-et-halteres\/\"]}]},{\"@type\":\"ImageObject\",\"inLanguage\":\"fr-FR\",\"@id\":\"https:\/\/dev.fisiotech.com\/fr\/equipement-de-reeducation-posturale-gymnastique\/charges-chevilles-et-poignets-et-halteres\/#primaryimage\",\"url\":\"https:\/\/fisiotech.com\/wp-content\/uploads\/2024\/01\/polsiere-spalmate.jpg\",\"contentUrl\":\"https:\/\/fisiotech.com\/wp-content\/uploads\/2024\/01\/polsiere-spalmate.jpg\"},{\"@type\":\"BreadcrumbList\",\"@id\":\"https:\/\/dev.fisiotech.com\/fr\/equipement-de-reeducation-posturale-gymnastique\/charges-chevilles-et-poignets-et-halteres\/#breadcrumb\",\"itemListElement\":[{\"@type\":\"ListItem\",\"position\":1,\"name\":\"Home\",\"item\":\"https:\/\/dev.fisiotech.com\/fr\/\"},{\"@type\":\"ListItem\",\"position\":2,\"name\":\"Gymnastique\",\"item\":\"https:\/\/dev.fisiotech.com\/fr\/attrezzature-per-ginnastica-riabilitativa-posturale\/\"},{\"@type\":\"ListItem\",\"position\":3,\"name\":\"Charges chevilles et poignets et halt\u00e8res\"}]},{\"@type\":\"WebSite\",\"@id\":\"https:\/\/dev.fisiotech.com\/fr\/#website\",\"url\":\"https:\/\/dev.fisiotech.com\/fr\/\",\"name\":\"FisioTech\",\"description\":\"Tecnologie al servizio della salute\",\"publisher\":{\"@id\":\"https:\/\/dev.fisiotech.com\/fr\/#organization\"},\"potentialAction\":[{\"@type\":\"SearchAction\",\"target\":{\"@type\":\"EntryPoint\",\"urlTemplate\":\"https:\/\/dev.fisiotech.com\/fr\/?s={search_term_string}\"},\"query-input\":{\"@type\":\"PropertyValueSpecification\",\"valueRequired\":true,\"valueName\":\"search_term_string\"}}],\"inLanguage\":\"fr-FR\"},{\"@type\":\"Organization\",\"@id\":\"https:\/\/dev.fisiotech.com\/fr\/#organization\",\"name\":\"FisioTech - Tecnologie al servizio della salute\",\"url\":\"https:\/\/dev.fisiotech.com\/fr\/\",\"logo\":{\"@type\":\"ImageObject\",\"inLanguage\":\"fr-FR\",\"@id\":\"https:\/\/dev.fisiotech.com\/fr\/#\/schema\/logo\/image\/\",\"url\":\"https:\/\/dev.fisiotech.com\/wp-content\/uploads\/2023\/09\/cropped-Fisiotech-logo.png\",\"contentUrl\":\"https:\/\/dev.fisiotech.com\/wp-content\/uploads\/2023\/09\/cropped-Fisiotech-logo.png\",\"width\":861,\"height\":329,\"caption\":\"FisioTech - Tecnologie al servizio della salute\"},\"image\":{\"@id\":\"https:\/\/dev.fisiotech.com\/fr\/#\/schema\/logo\/image\/\"}}]}<\/script>\n<!-- \/ Yoast SEO plugin. -->","yoast_head_json":{"title":"Poids pour poignets chevilles et halt\u00e8res pour exercices de r\u00e9\u00e9ducation","description":"D\u00e9couvrez la gamme de poids pour poignets, chevilles et halt\u00e8res Fisiotech : outils id\u00e9aux pour la r\u00e9\u00e9ducation, le renforcement musculaire et la gymnastique posturale.","robots":{"index":"noindex","follow":"follow","max-snippet":"max-snippet:-1","max-image-preview":"max-image-preview:large","max-video-preview":"max-video-preview:-1"},"og_locale":"fr_FR","og_type":"article","og_title":"Poids pour poignets chevilles et halt\u00e8res pour exercices de r\u00e9\u00e9ducation","og_description":"D\u00e9couvrez la gamme de poids pour poignets, chevilles et halt\u00e8res Fisiotech : outils id\u00e9aux pour la r\u00e9\u00e9ducation, le renforcement musculaire et la gymnastique posturale.","og_url":"https:\/\/dev.fisiotech.com\/fr\/equipement-de-reeducation-posturale-gymnastique\/charges-chevilles-et-poignets-et-halteres\/","og_site_name":"FisioTech","article_modified_time":"2025-07-21T18:52:44+00:00","og_image":[{"url":"https:\/\/fisiotech.com\/wp-content\/uploads\/2024\/01\/polsiere-spalmate.jpg","type":"","width":"","height":""}],"twitter_card":"summary_large_image","twitter_misc":{"Dur\u00e9e de lecture estim\u00e9e":"1 minute"},"schema":{"@context":"https:\/\/schema.org","@graph":[{"@type":"WebPage","@id":"https:\/\/dev.fisiotech.com\/fr\/equipement-de-reeducation-posturale-gymnastique\/charges-chevilles-et-poignets-et-halteres\/","url":"https:\/\/dev.fisiotech.com\/fr\/equipement-de-reeducation-posturale-gymnastique\/charges-chevilles-et-poignets-et-halteres\/","name":"Poids pour poignets chevilles et halt\u00e8res pour exercices de r\u00e9\u00e9ducation","isPartOf":{"@id":"https:\/\/dev.fisiotech.com\/fr\/#website"},"primaryImageOfPage":{"@id":"https:\/\/dev.fisiotech.com\/fr\/equipement-de-reeducation-posturale-gymnastique\/charges-chevilles-et-poignets-et-halteres\/#primaryimage"},"image":{"@id":"https:\/\/dev.fisiotech.com\/fr\/equipement-de-reeducation-posturale-gymnastique\/charges-chevilles-et-poignets-et-halteres\/#primaryimage"},"thumbnailUrl":"https:\/\/fisiotech.com\/wp-content\/uploads\/2024\/01\/polsiere-spalmate.jpg","datePublished":"2023-10-26T07:58:51+00:00","dateModified":"2025-07-21T18:52:44+00:00","description":"D\u00e9couvrez la gamme de poids pour poignets, chevilles et halt\u00e8res Fisiotech : outils id\u00e9aux pour la r\u00e9\u00e9ducation, le renforcement musculaire et la gymnastique posturale.","breadcrumb":{"@id":"https:\/\/dev.fisiotech.com\/fr\/equipement-de-reeducation-posturale-gymnastique\/charges-chevilles-et-poignets-et-halteres\/#breadcrumb"},"inLanguage":"fr-FR","potentialAction":[{"@type":"ReadAction","target":["https:\/\/dev.fisiotech.com\/fr\/equipement-de-reeducation-posturale-gymnastique\/charges-chevilles-et-poignets-et-halteres\/"]}]},{"@type":"ImageObject","inLanguage":"fr-FR","@id":"https:\/\/dev.fisiotech.com\/fr\/equipement-de-reeducation-posturale-gymnastique\/charges-chevilles-et-poignets-et-halteres\/#primaryimage","url":"https:\/\/fisiotech.com\/wp-content\/uploads\/2024\/01\/polsiere-spalmate.jpg","contentUrl":"https:\/\/fisiotech.com\/wp-content\/uploads\/2024\/01\/polsiere-spalmate.jpg"},{"@type":"BreadcrumbList","@id":"https:\/\/dev.fisiotech.com\/fr\/equipement-de-reeducation-posturale-gymnastique\/charges-chevilles-et-poignets-et-halteres\/#breadcrumb","itemListElement":[{"@type":"ListItem","position":1,"name":"Home","item":"https:\/\/dev.fisiotech.com\/fr\/"},{"@type":"ListItem","position":2,"name":"Gymnastique","item":"https:\/\/dev.fisiotech.com\/fr\/attrezzature-per-ginnastica-riabilitativa-posturale\/"},{"@type":"ListItem","position":3,"name":"Charges chevilles et poignets et halt\u00e8res"}]},{"@type":"WebSite","@id":"https:\/\/dev.fisiotech.com\/fr\/#website","url":"https:\/\/dev.fisiotech.com\/fr\/","name":"FisioTech","description":"Tecnologie al servizio della salute","publisher":{"@id":"https:\/\/dev.fisiotech.com\/fr\/#organization"},"potentialAction":[{"@type":"SearchAction","target":{"@type":"EntryPoint","urlTemplate":"https:\/\/dev.fisiotech.com\/fr\/?s={search_term_string}"},"query-input":{"@type":"PropertyValueSpecification","valueRequired":true,"valueName":"search_term_string"}}],"inLanguage":"fr-FR"},{"@type":"Organization","@id":"https:\/\/dev.fisiotech.com\/fr\/#organization","name":"FisioTech - Tecnologie al servizio della salute","url":"https:\/\/dev.fisiotech.com\/fr\/","logo":{"@type":"ImageObject","inLanguage":"fr-FR","@id":"https:\/\/dev.fisiotech.com\/fr\/#\/schema\/logo\/image\/","url":"https:\/\/dev.fisiotech.com\/wp-content\/uploads\/2023\/09\/cropped-Fisiotech-logo.png","contentUrl":"https:\/\/dev.fisiotech.com\/wp-content\/uploads\/2023\/09\/cropped-Fisiotech-logo.png","width":861,"height":329,"caption":"FisioTech - Tecnologie al servizio della salute"},"image":{"@id":"https:\/\/dev.fisiotech.com\/fr\/#\/schema\/logo\/image\/"}}]}},"_links":{"self":[{"href":"https:\/\/dev.fisiotech.com\/fr\/wp-json\/wp\/v2\/pages\/12494","targetHints":{"allow":["GET"]}}],"collection":[{"href":"https:\/\/dev.fisiotech.com\/fr\/wp-json\/wp\/v2\/pages"}],"about":[{"href":"https:\/\/dev.fisiotech.com\/fr\/wp-json\/wp\/v2\/types\/page"}],"author":[{"embeddable":true,"href":"https:\/\/dev.fisiotech.com\/fr\/wp-json\/wp\/v2\/users\/10"}],"replies":[{"embeddable":true,"href":"https:\/\/dev.fisiotech.com\/fr\/wp-json\/wp\/v2\/comments?post=12494"}],"version-history":[{"count":4,"href":"https:\/\/dev.fisiotech.com\/fr\/wp-json\/wp\/v2\/pages\/12494\/revisions"}],"predecessor-version":[{"id":16471,"href":"https:\/\/dev.fisiotech.com\/fr\/wp-json\/wp\/v2\/pages\/12494\/revisions\/16471"}],"up":[{"embeddable":true,"href":"https:\/\/dev.fisiotech.com\/fr\/wp-json\/wp\/v2\/pages\/12335"}],"wp:attachment":[{"href":"https:\/\/dev.fisiotech.com\/fr\/wp-json\/wp\/v2\/media?parent=12494"}],"curies":[{"name":"wp","href":"https:\/\/api.w.org\/{rel}","templated":true}]}}