{"id":12506,"date":"2023-10-26T08:01:08","date_gmt":"2023-10-26T08:01:08","guid":{"rendered":"https:\/\/fisiotech.com\/mobilier\/marchepieds-sieges-tabourets\/"},"modified":"2025-07-21T18:54:56","modified_gmt":"2025-07-21T18:54:56","slug":"marchepieds-et-sieges-pour-cabinets-medicaux","status":"publish","type":"page","link":"https:\/\/dev.fisiotech.com\/fr\/mobilier-pour-cabinets-medicaux-et-salles-de-sport\/marchepieds-et-sieges-pour-cabinets-medicaux\/","title":{"rendered":"Marchepieds, si\u00e8ges, tabourets"},"content":{"rendered":"\t\t<div data-elementor-type=\"wp-page\" data-elementor-id=\"12506\" class=\"elementor elementor-12506 elementor-429\">\n\t\t\t\t<div class=\"elementor-element elementor-element-22fe5fb7 e-flex e-con-boxed e-con e-parent\" data-id=\"22fe5fb7\" data-element_type=\"container\" data-e-type=\"container\">\n\t\t\t\t\t<div class=\"e-con-inner\">\n\t\t\t\t<div class=\"elementor-element elementor-element-28c7f018 elementor-icon-list--layout-inline elementor-align-start elementor-mobile-align-center elementor-list-item-link-full_width elementor-widget elementor-widget-icon-list\" data-id=\"28c7f018\" data-element_type=\"widget\" data-e-type=\"widget\" data-widget_type=\"icon-list.default\">\n\t\t\t\t<div class=\"elementor-widget-container\">\n\t\t\t\t\t\t\t<ul class=\"elementor-icon-list-items elementor-inline-items\">\n\t\t\t\t\t\t\t<li class=\"elementor-icon-list-item elementor-inline-item\">\n\t\t\t\t\t\t\t\t\t\t\t<a href=\"https:\/\/dev.fisiotech.com\/\/fr\/mobilier\/\">\n\n\t\t\t\t\t\t\t\t\t\t\t<span class=\"elementor-icon-list-text\">Mobilier<\/span>\n\t\t\t\t\t\t\t\t\t\t\t<\/a>\n\t\t\t\t\t\t\t\t\t<\/li>\n\t\t\t\t\t\t\t\t<li class=\"elementor-icon-list-item elementor-inline-item\">\n\t\t\t\t\t\t\t\t\t\t<span class=\"elementor-icon-list-text\">Marchepieds, si\u00e8ges, tabourets<\/span>\n\t\t\t\t\t\t\t\t\t<\/li>\n\t\t\t\t\t\t<\/ul>\n\t\t\t\t\t\t<\/div>\n\t\t\t\t<\/div>\n\t\t\t\t\t<\/div>\n\t\t\t\t<\/div>\n\t\t<div class=\"elementor-element elementor-element-e177b48 e-flex e-con-boxed e-con e-parent\" data-id=\"e177b48\" data-element_type=\"container\" data-e-type=\"container\">\n\t\t\t\t\t<div class=\"e-con-inner\">\n\t\t\t\t<div class=\"elementor-element elementor-element-cafd379 elementor-widget elementor-widget-heading\" data-id=\"cafd379\" data-element_type=\"widget\" data-e-type=\"widget\" data-widget_type=\"heading.default\">\n\t\t\t\t<div class=\"elementor-widget-container\">\n\t\t\t\t\t<h1 class=\"elementor-heading-title elementor-size-default\">Marchepieds et Si\u00e8ges pour Cabinets M\u00e9dicaux<\/h1>\t\t\t\t<\/div>\n\t\t\t\t<\/div>\n\t\t\t\t\t<\/div>\n\t\t\t\t<\/div>\n\t\t<div class=\"elementor-element elementor-element-2b9e7868 e-flex e-con-boxed e-con e-parent\" data-id=\"2b9e7868\" data-element_type=\"container\" data-e-type=\"container\">\n\t\t\t\t\t<div class=\"e-con-inner\">\n\t\t\t\t\t<\/div>\n\t\t\t\t<\/div>\n\t\t\t\t<\/div>\n\t\t","protected":false},"excerpt":{"rendered":"<p>Mobilier Marchepieds, si\u00e8ges, tabourets Marchepieds et Si\u00e8ges pour Cabinets M\u00e9dicaux &nbsp;&nbsp;Back Mobilier de vestiaire Mobilier cabinet m\u00e9dical Marchepieds, si\u00e8ges, tabourets MARCHEPIED TABOURET PIVOTANT BANC REMBOURR\u00c9 TABOURET EN BOIS CHAISE EN BOIS<\/p>\n","protected":false},"author":10,"featured_media":0,"parent":12369,"menu_order":2,"comment_status":"closed","ping_status":"closed","template":"elementor_header_footer","meta":{"_acf_changed":false,"footnotes":""},"class_list":["post-12506","page","type-page","status-publish","hentry","entry","owp-thumbs-layout-horizontal","owp-btn-normal","owp-tabs-layout-horizontal","has-no-thumbnails","has-product-nav"],"acf":[],"yoast_head":"<!-- This site is optimized with the Yoast SEO plugin v27.1.1 - https:\/\/yoast.com\/product\/yoast-seo-wordpress\/ -->\n<title>Marchepieds et Si\u00e8ges pour Cabinets M\u00e9dicaux et Salles de Sport<\/title>\n<meta name=\"description\" content=\"D\u00e9couvrez des tabourets, repose-pieds et si\u00e8ges ergonomiques pour th\u00e9rapeutes et patients. Solutions robustes et fonctionnelles pour les environnements m\u00e9dicaux.\" \/>\n<meta name=\"robots\" content=\"noindex, follow, max-snippet:-1, max-image-preview:large, max-video-preview:-1\" \/>\n<meta property=\"og:locale\" content=\"fr_FR\" \/>\n<meta property=\"og:type\" content=\"article\" \/>\n<meta property=\"og:title\" content=\"Marchepieds et Si\u00e8ges pour Cabinets M\u00e9dicaux et Salles de Sport\" \/>\n<meta property=\"og:description\" content=\"D\u00e9couvrez des tabourets, repose-pieds et si\u00e8ges ergonomiques pour th\u00e9rapeutes et patients. Solutions robustes et fonctionnelles pour les environnements m\u00e9dicaux.\" \/>\n<meta property=\"og:url\" content=\"https:\/\/dev.fisiotech.com\/fr\/mobilier-pour-cabinets-medicaux-et-salles-de-sport\/marchepieds-et-sieges-pour-cabinets-medicaux\/\" \/>\n<meta property=\"og:site_name\" content=\"FisioTech\" \/>\n<meta property=\"article:modified_time\" content=\"2025-07-21T18:54:56+00:00\" \/>\n<meta property=\"og:image\" content=\"https:\/\/fisiotech.com\/wp-content\/uploads\/2024\/02\/scendiletto-1-gradino.jpg\" \/>\n<meta name=\"twitter:card\" content=\"summary_large_image\" \/>\n<meta name=\"twitter:label1\" content=\"Dur\u00e9e de lecture estim\u00e9e\" \/>\n\t<meta name=\"twitter:data1\" content=\"2 minutes\" \/>\n<script type=\"application\/ld+json\" class=\"yoast-schema-graph\">{\"@context\":\"https:\/\/schema.org\",\"@graph\":[{\"@type\":\"WebPage\",\"@id\":\"https:\/\/dev.fisiotech.com\/fr\/mobilier-pour-cabinets-medicaux-et-salles-de-sport\/marchepieds-et-sieges-pour-cabinets-medicaux\/\",\"url\":\"https:\/\/dev.fisiotech.com\/fr\/mobilier-pour-cabinets-medicaux-et-salles-de-sport\/marchepieds-et-sieges-pour-cabinets-medicaux\/\",\"name\":\"Marchepieds et Si\u00e8ges pour Cabinets M\u00e9dicaux et Salles de Sport\",\"isPartOf\":{\"@id\":\"https:\/\/dev.fisiotech.com\/fr\/#website\"},\"primaryImageOfPage\":{\"@id\":\"https:\/\/dev.fisiotech.com\/fr\/mobilier-pour-cabinets-medicaux-et-salles-de-sport\/marchepieds-et-sieges-pour-cabinets-medicaux\/#primaryimage\"},\"image\":{\"@id\":\"https:\/\/dev.fisiotech.com\/fr\/mobilier-pour-cabinets-medicaux-et-salles-de-sport\/marchepieds-et-sieges-pour-cabinets-medicaux\/#primaryimage\"},\"thumbnailUrl\":\"https:\/\/fisiotech.com\/wp-content\/uploads\/2024\/02\/scendiletto-1-gradino.jpg\",\"datePublished\":\"2023-10-26T08:01:08+00:00\",\"dateModified\":\"2025-07-21T18:54:56+00:00\",\"description\":\"D\u00e9couvrez des tabourets, repose-pieds et si\u00e8ges ergonomiques pour th\u00e9rapeutes et patients. Solutions robustes et fonctionnelles pour les environnements m\u00e9dicaux.\",\"breadcrumb\":{\"@id\":\"https:\/\/dev.fisiotech.com\/fr\/mobilier-pour-cabinets-medicaux-et-salles-de-sport\/marchepieds-et-sieges-pour-cabinets-medicaux\/#breadcrumb\"},\"inLanguage\":\"fr-FR\",\"potentialAction\":[{\"@type\":\"ReadAction\",\"target\":[\"https:\/\/dev.fisiotech.com\/fr\/mobilier-pour-cabinets-medicaux-et-salles-de-sport\/marchepieds-et-sieges-pour-cabinets-medicaux\/\"]}]},{\"@type\":\"ImageObject\",\"inLanguage\":\"fr-FR\",\"@id\":\"https:\/\/dev.fisiotech.com\/fr\/mobilier-pour-cabinets-medicaux-et-salles-de-sport\/marchepieds-et-sieges-pour-cabinets-medicaux\/#primaryimage\",\"url\":\"https:\/\/fisiotech.com\/wp-content\/uploads\/2024\/02\/scendiletto-1-gradino.jpg\",\"contentUrl\":\"https:\/\/fisiotech.com\/wp-content\/uploads\/2024\/02\/scendiletto-1-gradino.jpg\"},{\"@type\":\"BreadcrumbList\",\"@id\":\"https:\/\/dev.fisiotech.com\/fr\/mobilier-pour-cabinets-medicaux-et-salles-de-sport\/marchepieds-et-sieges-pour-cabinets-medicaux\/#breadcrumb\",\"itemListElement\":[{\"@type\":\"ListItem\",\"position\":1,\"name\":\"Home\",\"item\":\"https:\/\/dev.fisiotech.com\/fr\/\"},{\"@type\":\"ListItem\",\"position\":2,\"name\":\"Mobilier\",\"item\":\"https:\/\/dev.fisiotech.com\/fr\/arredamento-studi-medici-e-palestre\/\"},{\"@type\":\"ListItem\",\"position\":3,\"name\":\"Marchepieds, si\u00e8ges, tabourets\"}]},{\"@type\":\"WebSite\",\"@id\":\"https:\/\/dev.fisiotech.com\/fr\/#website\",\"url\":\"https:\/\/dev.fisiotech.com\/fr\/\",\"name\":\"FisioTech\",\"description\":\"Tecnologie al servizio della salute\",\"publisher\":{\"@id\":\"https:\/\/dev.fisiotech.com\/fr\/#organization\"},\"potentialAction\":[{\"@type\":\"SearchAction\",\"target\":{\"@type\":\"EntryPoint\",\"urlTemplate\":\"https:\/\/dev.fisiotech.com\/fr\/?s={search_term_string}\"},\"query-input\":{\"@type\":\"PropertyValueSpecification\",\"valueRequired\":true,\"valueName\":\"search_term_string\"}}],\"inLanguage\":\"fr-FR\"},{\"@type\":\"Organization\",\"@id\":\"https:\/\/dev.fisiotech.com\/fr\/#organization\",\"name\":\"FisioTech - Tecnologie al servizio della salute\",\"url\":\"https:\/\/dev.fisiotech.com\/fr\/\",\"logo\":{\"@type\":\"ImageObject\",\"inLanguage\":\"fr-FR\",\"@id\":\"https:\/\/dev.fisiotech.com\/fr\/#\/schema\/logo\/image\/\",\"url\":\"https:\/\/dev.fisiotech.com\/wp-content\/uploads\/2023\/09\/cropped-Fisiotech-logo.png\",\"contentUrl\":\"https:\/\/dev.fisiotech.com\/wp-content\/uploads\/2023\/09\/cropped-Fisiotech-logo.png\",\"width\":861,\"height\":329,\"caption\":\"FisioTech - Tecnologie al servizio della salute\"},\"image\":{\"@id\":\"https:\/\/dev.fisiotech.com\/fr\/#\/schema\/logo\/image\/\"}}]}<\/script>\n<!-- \/ Yoast SEO plugin. -->","yoast_head_json":{"title":"Marchepieds et Si\u00e8ges pour Cabinets M\u00e9dicaux et Salles de Sport","description":"D\u00e9couvrez des tabourets, repose-pieds et si\u00e8ges ergonomiques pour th\u00e9rapeutes et patients. Solutions robustes et fonctionnelles pour les environnements m\u00e9dicaux.","robots":{"index":"noindex","follow":"follow","max-snippet":"max-snippet:-1","max-image-preview":"max-image-preview:large","max-video-preview":"max-video-preview:-1"},"og_locale":"fr_FR","og_type":"article","og_title":"Marchepieds et Si\u00e8ges pour Cabinets M\u00e9dicaux et Salles de Sport","og_description":"D\u00e9couvrez des tabourets, repose-pieds et si\u00e8ges ergonomiques pour th\u00e9rapeutes et patients. Solutions robustes et fonctionnelles pour les environnements m\u00e9dicaux.","og_url":"https:\/\/dev.fisiotech.com\/fr\/mobilier-pour-cabinets-medicaux-et-salles-de-sport\/marchepieds-et-sieges-pour-cabinets-medicaux\/","og_site_name":"FisioTech","article_modified_time":"2025-07-21T18:54:56+00:00","og_image":[{"url":"https:\/\/fisiotech.com\/wp-content\/uploads\/2024\/02\/scendiletto-1-gradino.jpg","type":"","width":"","height":""}],"twitter_card":"summary_large_image","twitter_misc":{"Dur\u00e9e de lecture estim\u00e9e":"2 minutes"},"schema":{"@context":"https:\/\/schema.org","@graph":[{"@type":"WebPage","@id":"https:\/\/dev.fisiotech.com\/fr\/mobilier-pour-cabinets-medicaux-et-salles-de-sport\/marchepieds-et-sieges-pour-cabinets-medicaux\/","url":"https:\/\/dev.fisiotech.com\/fr\/mobilier-pour-cabinets-medicaux-et-salles-de-sport\/marchepieds-et-sieges-pour-cabinets-medicaux\/","name":"Marchepieds et Si\u00e8ges pour Cabinets M\u00e9dicaux et Salles de Sport","isPartOf":{"@id":"https:\/\/dev.fisiotech.com\/fr\/#website"},"primaryImageOfPage":{"@id":"https:\/\/dev.fisiotech.com\/fr\/mobilier-pour-cabinets-medicaux-et-salles-de-sport\/marchepieds-et-sieges-pour-cabinets-medicaux\/#primaryimage"},"image":{"@id":"https:\/\/dev.fisiotech.com\/fr\/mobilier-pour-cabinets-medicaux-et-salles-de-sport\/marchepieds-et-sieges-pour-cabinets-medicaux\/#primaryimage"},"thumbnailUrl":"https:\/\/fisiotech.com\/wp-content\/uploads\/2024\/02\/scendiletto-1-gradino.jpg","datePublished":"2023-10-26T08:01:08+00:00","dateModified":"2025-07-21T18:54:56+00:00","description":"D\u00e9couvrez des tabourets, repose-pieds et si\u00e8ges ergonomiques pour th\u00e9rapeutes et patients. Solutions robustes et fonctionnelles pour les environnements m\u00e9dicaux.","breadcrumb":{"@id":"https:\/\/dev.fisiotech.com\/fr\/mobilier-pour-cabinets-medicaux-et-salles-de-sport\/marchepieds-et-sieges-pour-cabinets-medicaux\/#breadcrumb"},"inLanguage":"fr-FR","potentialAction":[{"@type":"ReadAction","target":["https:\/\/dev.fisiotech.com\/fr\/mobilier-pour-cabinets-medicaux-et-salles-de-sport\/marchepieds-et-sieges-pour-cabinets-medicaux\/"]}]},{"@type":"ImageObject","inLanguage":"fr-FR","@id":"https:\/\/dev.fisiotech.com\/fr\/mobilier-pour-cabinets-medicaux-et-salles-de-sport\/marchepieds-et-sieges-pour-cabinets-medicaux\/#primaryimage","url":"https:\/\/fisiotech.com\/wp-content\/uploads\/2024\/02\/scendiletto-1-gradino.jpg","contentUrl":"https:\/\/fisiotech.com\/wp-content\/uploads\/2024\/02\/scendiletto-1-gradino.jpg"},{"@type":"BreadcrumbList","@id":"https:\/\/dev.fisiotech.com\/fr\/mobilier-pour-cabinets-medicaux-et-salles-de-sport\/marchepieds-et-sieges-pour-cabinets-medicaux\/#breadcrumb","itemListElement":[{"@type":"ListItem","position":1,"name":"Home","item":"https:\/\/dev.fisiotech.com\/fr\/"},{"@type":"ListItem","position":2,"name":"Mobilier","item":"https:\/\/dev.fisiotech.com\/fr\/arredamento-studi-medici-e-palestre\/"},{"@type":"ListItem","position":3,"name":"Marchepieds, si\u00e8ges, tabourets"}]},{"@type":"WebSite","@id":"https:\/\/dev.fisiotech.com\/fr\/#website","url":"https:\/\/dev.fisiotech.com\/fr\/","name":"FisioTech","description":"Tecnologie al servizio della salute","publisher":{"@id":"https:\/\/dev.fisiotech.com\/fr\/#organization"},"potentialAction":[{"@type":"SearchAction","target":{"@type":"EntryPoint","urlTemplate":"https:\/\/dev.fisiotech.com\/fr\/?s={search_term_string}"},"query-input":{"@type":"PropertyValueSpecification","valueRequired":true,"valueName":"search_term_string"}}],"inLanguage":"fr-FR"},{"@type":"Organization","@id":"https:\/\/dev.fisiotech.com\/fr\/#organization","name":"FisioTech - Tecnologie al servizio della salute","url":"https:\/\/dev.fisiotech.com\/fr\/","logo":{"@type":"ImageObject","inLanguage":"fr-FR","@id":"https:\/\/dev.fisiotech.com\/fr\/#\/schema\/logo\/image\/","url":"https:\/\/dev.fisiotech.com\/wp-content\/uploads\/2023\/09\/cropped-Fisiotech-logo.png","contentUrl":"https:\/\/dev.fisiotech.com\/wp-content\/uploads\/2023\/09\/cropped-Fisiotech-logo.png","width":861,"height":329,"caption":"FisioTech - Tecnologie al servizio della salute"},"image":{"@id":"https:\/\/dev.fisiotech.com\/fr\/#\/schema\/logo\/image\/"}}]}},"_links":{"self":[{"href":"https:\/\/dev.fisiotech.com\/fr\/wp-json\/wp\/v2\/pages\/12506","targetHints":{"allow":["GET"]}}],"collection":[{"href":"https:\/\/dev.fisiotech.com\/fr\/wp-json\/wp\/v2\/pages"}],"about":[{"href":"https:\/\/dev.fisiotech.com\/fr\/wp-json\/wp\/v2\/types\/page"}],"author":[{"embeddable":true,"href":"https:\/\/dev.fisiotech.com\/fr\/wp-json\/wp\/v2\/users\/10"}],"replies":[{"embeddable":true,"href":"https:\/\/dev.fisiotech.com\/fr\/wp-json\/wp\/v2\/comments?post=12506"}],"version-history":[{"count":4,"href":"https:\/\/dev.fisiotech.com\/fr\/wp-json\/wp\/v2\/pages\/12506\/revisions"}],"predecessor-version":[{"id":16480,"href":"https:\/\/dev.fisiotech.com\/fr\/wp-json\/wp\/v2\/pages\/12506\/revisions\/16480"}],"up":[{"embeddable":true,"href":"https:\/\/dev.fisiotech.com\/fr\/wp-json\/wp\/v2\/pages\/12369"}],"wp:attachment":[{"href":"https:\/\/dev.fisiotech.com\/fr\/wp-json\/wp\/v2\/media?parent=12506"}],"curies":[{"name":"wp","href":"https:\/\/api.w.org\/{rel}","templated":true}]}}