{"id":12510,"date":"2023-10-26T08:01:48","date_gmt":"2023-10-26T08:01:48","guid":{"rendered":"https:\/\/fisiotech.com\/mobilier\/mobilier-de-vestiaire\/"},"modified":"2025-07-21T18:55:48","modified_gmt":"2025-07-21T18:55:48","slug":"mobilier-de-vestiaire","status":"publish","type":"page","link":"https:\/\/dev.fisiotech.com\/fr\/mobilier-pour-cabinets-medicaux-et-salles-de-sport\/mobilier-de-vestiaire\/","title":{"rendered":"Mobilier de vestiaire"},"content":{"rendered":"\t\t<div data-elementor-type=\"wp-page\" data-elementor-id=\"12510\" class=\"elementor elementor-12510 elementor-431\">\n\t\t\t\t<div class=\"elementor-element elementor-element-6f0c701a e-flex e-con-boxed e-con e-parent\" data-id=\"6f0c701a\" data-element_type=\"container\" data-e-type=\"container\">\n\t\t\t\t\t<div class=\"e-con-inner\">\n\t\t\t\t<div class=\"elementor-element elementor-element-5726b599 elementor-icon-list--layout-inline elementor-align-start elementor-mobile-align-center elementor-list-item-link-full_width elementor-widget elementor-widget-icon-list\" data-id=\"5726b599\" data-element_type=\"widget\" data-e-type=\"widget\" data-widget_type=\"icon-list.default\">\n\t\t\t\t<div class=\"elementor-widget-container\">\n\t\t\t\t\t\t\t<ul class=\"elementor-icon-list-items elementor-inline-items\">\n\t\t\t\t\t\t\t<li class=\"elementor-icon-list-item elementor-inline-item\">\n\t\t\t\t\t\t\t\t\t\t\t<a href=\"https:\/\/dev.fisiotech.com\/\/fr\/mobilier\/\">\n\n\t\t\t\t\t\t\t\t\t\t\t<span class=\"elementor-icon-list-text\">Mobilier<\/span>\n\t\t\t\t\t\t\t\t\t\t\t<\/a>\n\t\t\t\t\t\t\t\t\t<\/li>\n\t\t\t\t\t\t\t\t<li class=\"elementor-icon-list-item elementor-inline-item\">\n\t\t\t\t\t\t\t\t\t\t<span class=\"elementor-icon-list-text\">Mobilier de vestiaire Porte-manteaux et Repose-pieds<\/span>\n\t\t\t\t\t\t\t\t\t<\/li>\n\t\t\t\t\t\t<\/ul>\n\t\t\t\t\t\t<\/div>\n\t\t\t\t<\/div>\n\t\t\t\t\t<\/div>\n\t\t\t\t<\/div>\n\t\t<div class=\"elementor-element elementor-element-54ff7fe e-flex e-con-boxed e-con e-parent\" data-id=\"54ff7fe\" data-element_type=\"container\" data-e-type=\"container\">\n\t\t\t\t\t<div class=\"e-con-inner\">\n\t\t\t\t<div class=\"elementor-element elementor-element-63bec14 elementor-widget elementor-widget-heading\" data-id=\"63bec14\" data-element_type=\"widget\" data-e-type=\"widget\" data-widget_type=\"heading.default\">\n\t\t\t\t<div class=\"elementor-widget-container\">\n\t\t\t\t\t<h1 class=\"elementor-heading-title elementor-size-default\">Mobilier de vestiaire Porte-manteaux et Repose-pieds\u200b<\/h1>\t\t\t\t<\/div>\n\t\t\t\t<\/div>\n\t\t\t\t\t<\/div>\n\t\t\t\t<\/div>\n\t\t<div class=\"elementor-element elementor-element-6ef7f45e e-flex e-con-boxed e-con e-parent\" data-id=\"6ef7f45e\" data-element_type=\"container\" data-e-type=\"container\">\n\t\t\t\t\t<div class=\"e-con-inner\">\n\t\t\t\t\t<\/div>\n\t\t\t\t<\/div>\n\t\t\t\t<\/div>\n\t\t","protected":false},"excerpt":{"rendered":"<p>Mobilier Mobilier de vestiaire Porte-manteaux et Repose-pieds Mobilier de vestiaire Porte-manteaux et Repose-pieds\u200b &nbsp;&nbsp;Back Mobilier de vestiaire Mobilier cabinet m\u00e9dical Marchepieds, si\u00e8ges, tabourets BANC VESTIAIRE SIMPLE BANC VESTIAIRE AVEC DOSSIER BANC VESTIAIRE COMPLET PAT\u00c8RE MURALE PAT\u00c8RE MURALE APPUIE-PIEDS<\/p>\n","protected":false},"author":10,"featured_media":0,"parent":12369,"menu_order":3,"comment_status":"closed","ping_status":"closed","template":"elementor_header_footer","meta":{"_acf_changed":false,"footnotes":""},"class_list":["post-12510","page","type-page","status-publish","hentry","entry","owp-thumbs-layout-horizontal","owp-btn-normal","owp-tabs-layout-horizontal","has-no-thumbnails","has-product-nav"],"acf":[],"yoast_head":"<!-- This site is optimized with the Yoast SEO plugin v27.1.1 - https:\/\/yoast.com\/product\/yoast-seo-wordpress\/ -->\n<title>Mobilier de Vestiaire : Bancs, Porte-manteaux et Repose-pieds<\/title>\n<meta name=\"description\" content=\"D\u00e9couvrez des solutions robustes et fonctionnelles pour les vestiaires : bancs simples ou complets, porte-manteaux muraux ou sur planche, plateformes repose-pieds. Id\u00e9al pour les salles de sport, centres m\u00e9dicaux et de r\u00e9\u00e9ducation\" \/>\n<meta name=\"robots\" content=\"noindex, follow, max-snippet:-1, max-image-preview:large, max-video-preview:-1\" \/>\n<meta property=\"og:locale\" content=\"fr_FR\" \/>\n<meta property=\"og:type\" content=\"article\" \/>\n<meta property=\"og:title\" content=\"Mobilier de Vestiaire : Bancs, Porte-manteaux et Repose-pieds\" \/>\n<meta property=\"og:description\" content=\"D\u00e9couvrez des solutions robustes et fonctionnelles pour les vestiaires : bancs simples ou complets, porte-manteaux muraux ou sur planche, plateformes repose-pieds. Id\u00e9al pour les salles de sport, centres m\u00e9dicaux et de r\u00e9\u00e9ducation\" \/>\n<meta property=\"og:url\" content=\"https:\/\/dev.fisiotech.com\/fr\/mobilier-pour-cabinets-medicaux-et-salles-de-sport\/mobilier-de-vestiaire\/\" \/>\n<meta property=\"og:site_name\" content=\"FisioTech\" \/>\n<meta property=\"article:modified_time\" content=\"2025-07-21T18:55:48+00:00\" \/>\n<meta property=\"og:image\" content=\"https:\/\/fisiotech.com\/wp-content\/uploads\/elementor\/thumbs\/panca-semplice-1-mt-qjfinznjob2a966ikcyuf03f5cmbokgvgkoa3omduo.jpg\" \/>\n<meta name=\"twitter:card\" content=\"summary_large_image\" \/>\n<meta name=\"twitter:label1\" content=\"Dur\u00e9e de lecture estim\u00e9e\" \/>\n\t<meta name=\"twitter:data1\" content=\"2 minutes\" \/>\n<script type=\"application\/ld+json\" class=\"yoast-schema-graph\">{\"@context\":\"https:\/\/schema.org\",\"@graph\":[{\"@type\":\"WebPage\",\"@id\":\"https:\/\/dev.fisiotech.com\/fr\/mobilier-pour-cabinets-medicaux-et-salles-de-sport\/mobilier-de-vestiaire\/\",\"url\":\"https:\/\/dev.fisiotech.com\/fr\/mobilier-pour-cabinets-medicaux-et-salles-de-sport\/mobilier-de-vestiaire\/\",\"name\":\"Mobilier de Vestiaire : Bancs, Porte-manteaux et Repose-pieds\",\"isPartOf\":{\"@id\":\"https:\/\/dev.fisiotech.com\/fr\/#website\"},\"primaryImageOfPage\":{\"@id\":\"https:\/\/dev.fisiotech.com\/fr\/mobilier-pour-cabinets-medicaux-et-salles-de-sport\/mobilier-de-vestiaire\/#primaryimage\"},\"image\":{\"@id\":\"https:\/\/dev.fisiotech.com\/fr\/mobilier-pour-cabinets-medicaux-et-salles-de-sport\/mobilier-de-vestiaire\/#primaryimage\"},\"thumbnailUrl\":\"https:\/\/fisiotech.com\/wp-content\/uploads\/elementor\/thumbs\/panca-semplice-1-mt-qjfinznjob2a966ikcyuf03f5cmbokgvgkoa3omduo.jpg\",\"datePublished\":\"2023-10-26T08:01:48+00:00\",\"dateModified\":\"2025-07-21T18:55:48+00:00\",\"description\":\"D\u00e9couvrez des solutions robustes et fonctionnelles pour les vestiaires : bancs simples ou complets, porte-manteaux muraux ou sur planche, plateformes repose-pieds. Id\u00e9al pour les salles de sport, centres m\u00e9dicaux et de r\u00e9\u00e9ducation\",\"breadcrumb\":{\"@id\":\"https:\/\/dev.fisiotech.com\/fr\/mobilier-pour-cabinets-medicaux-et-salles-de-sport\/mobilier-de-vestiaire\/#breadcrumb\"},\"inLanguage\":\"fr-FR\",\"potentialAction\":[{\"@type\":\"ReadAction\",\"target\":[\"https:\/\/dev.fisiotech.com\/fr\/mobilier-pour-cabinets-medicaux-et-salles-de-sport\/mobilier-de-vestiaire\/\"]}]},{\"@type\":\"ImageObject\",\"inLanguage\":\"fr-FR\",\"@id\":\"https:\/\/dev.fisiotech.com\/fr\/mobilier-pour-cabinets-medicaux-et-salles-de-sport\/mobilier-de-vestiaire\/#primaryimage\",\"url\":\"https:\/\/fisiotech.com\/wp-content\/uploads\/elementor\/thumbs\/panca-semplice-1-mt-qjfinznjob2a966ikcyuf03f5cmbokgvgkoa3omduo.jpg\",\"contentUrl\":\"https:\/\/fisiotech.com\/wp-content\/uploads\/elementor\/thumbs\/panca-semplice-1-mt-qjfinznjob2a966ikcyuf03f5cmbokgvgkoa3omduo.jpg\"},{\"@type\":\"BreadcrumbList\",\"@id\":\"https:\/\/dev.fisiotech.com\/fr\/mobilier-pour-cabinets-medicaux-et-salles-de-sport\/mobilier-de-vestiaire\/#breadcrumb\",\"itemListElement\":[{\"@type\":\"ListItem\",\"position\":1,\"name\":\"Home\",\"item\":\"https:\/\/dev.fisiotech.com\/fr\/\"},{\"@type\":\"ListItem\",\"position\":2,\"name\":\"Mobilier\",\"item\":\"https:\/\/dev.fisiotech.com\/fr\/arredamento-studi-medici-e-palestre\/\"},{\"@type\":\"ListItem\",\"position\":3,\"name\":\"Mobilier de vestiaire\"}]},{\"@type\":\"WebSite\",\"@id\":\"https:\/\/dev.fisiotech.com\/fr\/#website\",\"url\":\"https:\/\/dev.fisiotech.com\/fr\/\",\"name\":\"FisioTech\",\"description\":\"Tecnologie al servizio della salute\",\"publisher\":{\"@id\":\"https:\/\/dev.fisiotech.com\/fr\/#organization\"},\"potentialAction\":[{\"@type\":\"SearchAction\",\"target\":{\"@type\":\"EntryPoint\",\"urlTemplate\":\"https:\/\/dev.fisiotech.com\/fr\/?s={search_term_string}\"},\"query-input\":{\"@type\":\"PropertyValueSpecification\",\"valueRequired\":true,\"valueName\":\"search_term_string\"}}],\"inLanguage\":\"fr-FR\"},{\"@type\":\"Organization\",\"@id\":\"https:\/\/dev.fisiotech.com\/fr\/#organization\",\"name\":\"FisioTech - Tecnologie al servizio della salute\",\"url\":\"https:\/\/dev.fisiotech.com\/fr\/\",\"logo\":{\"@type\":\"ImageObject\",\"inLanguage\":\"fr-FR\",\"@id\":\"https:\/\/dev.fisiotech.com\/fr\/#\/schema\/logo\/image\/\",\"url\":\"https:\/\/dev.fisiotech.com\/wp-content\/uploads\/2023\/09\/cropped-Fisiotech-logo.png\",\"contentUrl\":\"https:\/\/dev.fisiotech.com\/wp-content\/uploads\/2023\/09\/cropped-Fisiotech-logo.png\",\"width\":861,\"height\":329,\"caption\":\"FisioTech - Tecnologie al servizio della salute\"},\"image\":{\"@id\":\"https:\/\/dev.fisiotech.com\/fr\/#\/schema\/logo\/image\/\"}}]}<\/script>\n<!-- \/ Yoast SEO plugin. -->","yoast_head_json":{"title":"Mobilier de Vestiaire : Bancs, Porte-manteaux et Repose-pieds","description":"D\u00e9couvrez des solutions robustes et fonctionnelles pour les vestiaires : bancs simples ou complets, porte-manteaux muraux ou sur planche, plateformes repose-pieds. Id\u00e9al pour les salles de sport, centres m\u00e9dicaux et de r\u00e9\u00e9ducation","robots":{"index":"noindex","follow":"follow","max-snippet":"max-snippet:-1","max-image-preview":"max-image-preview:large","max-video-preview":"max-video-preview:-1"},"og_locale":"fr_FR","og_type":"article","og_title":"Mobilier de Vestiaire : Bancs, Porte-manteaux et Repose-pieds","og_description":"D\u00e9couvrez des solutions robustes et fonctionnelles pour les vestiaires : bancs simples ou complets, porte-manteaux muraux ou sur planche, plateformes repose-pieds. Id\u00e9al pour les salles de sport, centres m\u00e9dicaux et de r\u00e9\u00e9ducation","og_url":"https:\/\/dev.fisiotech.com\/fr\/mobilier-pour-cabinets-medicaux-et-salles-de-sport\/mobilier-de-vestiaire\/","og_site_name":"FisioTech","article_modified_time":"2025-07-21T18:55:48+00:00","og_image":[{"url":"https:\/\/fisiotech.com\/wp-content\/uploads\/elementor\/thumbs\/panca-semplice-1-mt-qjfinznjob2a966ikcyuf03f5cmbokgvgkoa3omduo.jpg","type":"","width":"","height":""}],"twitter_card":"summary_large_image","twitter_misc":{"Dur\u00e9e de lecture estim\u00e9e":"2 minutes"},"schema":{"@context":"https:\/\/schema.org","@graph":[{"@type":"WebPage","@id":"https:\/\/dev.fisiotech.com\/fr\/mobilier-pour-cabinets-medicaux-et-salles-de-sport\/mobilier-de-vestiaire\/","url":"https:\/\/dev.fisiotech.com\/fr\/mobilier-pour-cabinets-medicaux-et-salles-de-sport\/mobilier-de-vestiaire\/","name":"Mobilier de Vestiaire : Bancs, Porte-manteaux et Repose-pieds","isPartOf":{"@id":"https:\/\/dev.fisiotech.com\/fr\/#website"},"primaryImageOfPage":{"@id":"https:\/\/dev.fisiotech.com\/fr\/mobilier-pour-cabinets-medicaux-et-salles-de-sport\/mobilier-de-vestiaire\/#primaryimage"},"image":{"@id":"https:\/\/dev.fisiotech.com\/fr\/mobilier-pour-cabinets-medicaux-et-salles-de-sport\/mobilier-de-vestiaire\/#primaryimage"},"thumbnailUrl":"https:\/\/fisiotech.com\/wp-content\/uploads\/elementor\/thumbs\/panca-semplice-1-mt-qjfinznjob2a966ikcyuf03f5cmbokgvgkoa3omduo.jpg","datePublished":"2023-10-26T08:01:48+00:00","dateModified":"2025-07-21T18:55:48+00:00","description":"D\u00e9couvrez des solutions robustes et fonctionnelles pour les vestiaires : bancs simples ou complets, porte-manteaux muraux ou sur planche, plateformes repose-pieds. Id\u00e9al pour les salles de sport, centres m\u00e9dicaux et de r\u00e9\u00e9ducation","breadcrumb":{"@id":"https:\/\/dev.fisiotech.com\/fr\/mobilier-pour-cabinets-medicaux-et-salles-de-sport\/mobilier-de-vestiaire\/#breadcrumb"},"inLanguage":"fr-FR","potentialAction":[{"@type":"ReadAction","target":["https:\/\/dev.fisiotech.com\/fr\/mobilier-pour-cabinets-medicaux-et-salles-de-sport\/mobilier-de-vestiaire\/"]}]},{"@type":"ImageObject","inLanguage":"fr-FR","@id":"https:\/\/dev.fisiotech.com\/fr\/mobilier-pour-cabinets-medicaux-et-salles-de-sport\/mobilier-de-vestiaire\/#primaryimage","url":"https:\/\/fisiotech.com\/wp-content\/uploads\/elementor\/thumbs\/panca-semplice-1-mt-qjfinznjob2a966ikcyuf03f5cmbokgvgkoa3omduo.jpg","contentUrl":"https:\/\/fisiotech.com\/wp-content\/uploads\/elementor\/thumbs\/panca-semplice-1-mt-qjfinznjob2a966ikcyuf03f5cmbokgvgkoa3omduo.jpg"},{"@type":"BreadcrumbList","@id":"https:\/\/dev.fisiotech.com\/fr\/mobilier-pour-cabinets-medicaux-et-salles-de-sport\/mobilier-de-vestiaire\/#breadcrumb","itemListElement":[{"@type":"ListItem","position":1,"name":"Home","item":"https:\/\/dev.fisiotech.com\/fr\/"},{"@type":"ListItem","position":2,"name":"Mobilier","item":"https:\/\/dev.fisiotech.com\/fr\/arredamento-studi-medici-e-palestre\/"},{"@type":"ListItem","position":3,"name":"Mobilier de vestiaire"}]},{"@type":"WebSite","@id":"https:\/\/dev.fisiotech.com\/fr\/#website","url":"https:\/\/dev.fisiotech.com\/fr\/","name":"FisioTech","description":"Tecnologie al servizio della salute","publisher":{"@id":"https:\/\/dev.fisiotech.com\/fr\/#organization"},"potentialAction":[{"@type":"SearchAction","target":{"@type":"EntryPoint","urlTemplate":"https:\/\/dev.fisiotech.com\/fr\/?s={search_term_string}"},"query-input":{"@type":"PropertyValueSpecification","valueRequired":true,"valueName":"search_term_string"}}],"inLanguage":"fr-FR"},{"@type":"Organization","@id":"https:\/\/dev.fisiotech.com\/fr\/#organization","name":"FisioTech - Tecnologie al servizio della salute","url":"https:\/\/dev.fisiotech.com\/fr\/","logo":{"@type":"ImageObject","inLanguage":"fr-FR","@id":"https:\/\/dev.fisiotech.com\/fr\/#\/schema\/logo\/image\/","url":"https:\/\/dev.fisiotech.com\/wp-content\/uploads\/2023\/09\/cropped-Fisiotech-logo.png","contentUrl":"https:\/\/dev.fisiotech.com\/wp-content\/uploads\/2023\/09\/cropped-Fisiotech-logo.png","width":861,"height":329,"caption":"FisioTech - Tecnologie al servizio della salute"},"image":{"@id":"https:\/\/dev.fisiotech.com\/fr\/#\/schema\/logo\/image\/"}}]}},"_links":{"self":[{"href":"https:\/\/dev.fisiotech.com\/fr\/wp-json\/wp\/v2\/pages\/12510","targetHints":{"allow":["GET"]}}],"collection":[{"href":"https:\/\/dev.fisiotech.com\/fr\/wp-json\/wp\/v2\/pages"}],"about":[{"href":"https:\/\/dev.fisiotech.com\/fr\/wp-json\/wp\/v2\/types\/page"}],"author":[{"embeddable":true,"href":"https:\/\/dev.fisiotech.com\/fr\/wp-json\/wp\/v2\/users\/10"}],"replies":[{"embeddable":true,"href":"https:\/\/dev.fisiotech.com\/fr\/wp-json\/wp\/v2\/comments?post=12510"}],"version-history":[{"count":4,"href":"https:\/\/dev.fisiotech.com\/fr\/wp-json\/wp\/v2\/pages\/12510\/revisions"}],"predecessor-version":[{"id":16483,"href":"https:\/\/dev.fisiotech.com\/fr\/wp-json\/wp\/v2\/pages\/12510\/revisions\/16483"}],"up":[{"embeddable":true,"href":"https:\/\/dev.fisiotech.com\/fr\/wp-json\/wp\/v2\/pages\/12369"}],"wp:attachment":[{"href":"https:\/\/dev.fisiotech.com\/fr\/wp-json\/wp\/v2\/media?parent=12510"}],"curies":[{"name":"wp","href":"https:\/\/api.w.org\/{rel}","templated":true}]}}