{"id":15728,"date":"2025-04-01T07:01:59","date_gmt":"2025-04-01T07:01:59","guid":{"rendered":"https:\/\/fisiotech.com\/tables\/serie-new-professional\/"},"modified":"2025-07-21T19:02:40","modified_gmt":"2025-07-21T19:02:40","slug":"divans-serie-new-professional-pour-physiotherapie","status":"publish","type":"page","link":"https:\/\/dev.fisiotech.com\/fr\/lits-d-examen-professionnels-pour-la-kinesitherapie\/divans-serie-new-professional-pour-physiotherapie\/","title":{"rendered":"S\u00e9rie New Professional"},"content":{"rendered":"\t\t<div data-elementor-type=\"wp-page\" data-elementor-id=\"15728\" class=\"elementor elementor-15728 elementor-15715\">\n\t\t\t\t<div class=\"elementor-element elementor-element-4000bdc5 e-flex e-con-boxed e-con e-parent\" data-id=\"4000bdc5\" data-element_type=\"container\" data-e-type=\"container\">\n\t\t\t\t\t<div class=\"e-con-inner\">\n\t\t\t\t<div class=\"elementor-element elementor-element-6547711e elementor-icon-list--layout-inline elementor-align-start elementor-mobile-align-center elementor-list-item-link-full_width elementor-invisible elementor-widget elementor-widget-icon-list\" data-id=\"6547711e\" data-element_type=\"widget\" data-e-type=\"widget\" data-settings=\"{&quot;_animation&quot;:&quot;fadeInLeft&quot;,&quot;_animation_delay&quot;:100}\" data-widget_type=\"icon-list.default\">\n\t\t\t\t<div class=\"elementor-widget-container\">\n\t\t\t\t\t\t\t<ul class=\"elementor-icon-list-items elementor-inline-items\">\n\t\t\t\t\t\t\t<li class=\"elementor-icon-list-item elementor-inline-item\">\n\t\t\t\t\t\t\t\t\t\t\t<a href=\"https:\/\/dev.fisiotech.com\/\/fr\/tables\/\">\n\n\t\t\t\t\t\t\t\t\t\t\t<span class=\"elementor-icon-list-text\">Tables<\/span>\n\t\t\t\t\t\t\t\t\t\t\t<\/a>\n\t\t\t\t\t\t\t\t\t<\/li>\n\t\t\t\t\t\t\t\t<li class=\"elementor-icon-list-item elementor-inline-item\">\n\t\t\t\t\t\t\t\t\t\t<span class=\"elementor-icon-list-text\">Divans S\u00e9rie New Professional pour Physioth\u00e9rapie<\/span>\n\t\t\t\t\t\t\t\t\t<\/li>\n\t\t\t\t\t\t<\/ul>\n\t\t\t\t\t\t<\/div>\n\t\t\t\t<\/div>\n\t\t\t\t\t<\/div>\n\t\t\t\t<\/div>\n\t\t<div class=\"elementor-element elementor-element-6097e12 e-flex e-con-boxed e-con e-parent\" data-id=\"6097e12\" data-element_type=\"container\" data-e-type=\"container\">\n\t\t\t\t\t<div class=\"e-con-inner\">\n\t\t\t\t<div class=\"elementor-element elementor-element-c61ea16 elementor-widget elementor-widget-heading\" data-id=\"c61ea16\" data-element_type=\"widget\" data-e-type=\"widget\" data-widget_type=\"heading.default\">\n\t\t\t\t<div class=\"elementor-widget-container\">\n\t\t\t\t\t<h1 class=\"elementor-heading-title elementor-size-default\">Divans S\u00e9rie New Professional pour Physioth\u00e9rapie<\/h1>\t\t\t\t<\/div>\n\t\t\t\t<\/div>\n\t\t\t\t\t<\/div>\n\t\t\t\t<\/div>\n\t\t<div class=\"elementor-element elementor-element-4186dc59 e-flex e-con-boxed e-con e-parent\" data-id=\"4186dc59\" data-element_type=\"container\" data-e-type=\"container\">\n\t\t\t\t\t<div class=\"e-con-inner\">\n\t\t\t\t\t<\/div>\n\t\t\t\t<\/div>\n\t\t\t\t<\/div>\n\t\t","protected":false},"excerpt":{"rendered":"<p>Tables Divans S\u00e9rie New Professional pour Physioth\u00e9rapie Divans S\u00e9rie New Professional pour Physioth\u00e9rapie &nbsp;&nbsp;Back S\u00e9rie Bobath S\u00e9rie Easy S\u00e9rie Gynecology S\u00e9rie Postural S\u00e9rie Professional S\u00e9rie Set-Close S\u00e9rie Simple S\u00e9rie Tilt S\u00e9rie Top S\u00e9rie Traction S\u00e9rie New Professional TABLE MARTE 2 TABLE MARTE 3 TABLE MARTE 4 TABLE MARTE 5 TABLE MONTELEONE TABLE SELENE 2 TABLE [&hellip;]<\/p>\n","protected":false},"author":10,"featured_media":0,"parent":12327,"menu_order":0,"comment_status":"closed","ping_status":"closed","template":"elementor_header_footer","meta":{"_acf_changed":false,"footnotes":""},"class_list":["post-15728","page","type-page","status-publish","hentry","entry","owp-thumbs-layout-horizontal","owp-btn-normal","owp-tabs-layout-horizontal","has-no-thumbnails","has-product-nav"],"acf":[],"yoast_head":"<!-- This site is optimized with the Yoast SEO plugin v27.1.1 - https:\/\/yoast.com\/product\/yoast-seo-wordpress\/ -->\n<title>Divans S\u00e9rie New Professional pour Physioth\u00e9rapie | Fisiotech<\/title>\n<meta name=\"description\" content=\"D\u00e9couvrez les divans de la S\u00e9rie New Professional de Fisiotech : con\u00e7us pour la physioth\u00e9rapie, les massages et les examens m\u00e9dicaux, avec r\u00e9glage \u00e9lectrique ou hydraulique et design ergonomique.\" \/>\n<meta name=\"robots\" content=\"noindex, follow, max-snippet:-1, max-image-preview:large, max-video-preview:-1\" \/>\n<meta property=\"og:locale\" content=\"fr_FR\" \/>\n<meta property=\"og:type\" content=\"article\" \/>\n<meta property=\"og:title\" content=\"Divans S\u00e9rie New Professional pour Physioth\u00e9rapie | Fisiotech\" \/>\n<meta property=\"og:description\" content=\"D\u00e9couvrez les divans de la S\u00e9rie New Professional de Fisiotech : con\u00e7us pour la physioth\u00e9rapie, les massages et les examens m\u00e9dicaux, avec r\u00e9glage \u00e9lectrique ou hydraulique et design ergonomique.\" \/>\n<meta property=\"og:url\" content=\"https:\/\/dev.fisiotech.com\/fr\/lits-d-examen-professionnels-pour-la-kinesitherapie\/divans-serie-new-professional-pour-physiotherapie\/\" \/>\n<meta property=\"og:site_name\" content=\"FisioTech\" \/>\n<meta property=\"article:modified_time\" content=\"2025-07-21T19:02:40+00:00\" \/>\n<meta property=\"og:image\" content=\"https:\/\/fisiotech.com\/wp-content\/uploads\/2025\/03\/Marte2_principale-edit.png\" \/>\n<meta name=\"twitter:card\" content=\"summary_large_image\" \/>\n<meta name=\"twitter:label1\" content=\"Dur\u00e9e de lecture estim\u00e9e\" \/>\n\t<meta name=\"twitter:data1\" content=\"3 minutes\" \/>\n<script type=\"application\/ld+json\" class=\"yoast-schema-graph\">{\"@context\":\"https:\/\/schema.org\",\"@graph\":[{\"@type\":\"WebPage\",\"@id\":\"https:\/\/dev.fisiotech.com\/fr\/lits-d-examen-professionnels-pour-la-kinesitherapie\/divans-serie-new-professional-pour-physiotherapie\/\",\"url\":\"https:\/\/dev.fisiotech.com\/fr\/lits-d-examen-professionnels-pour-la-kinesitherapie\/divans-serie-new-professional-pour-physiotherapie\/\",\"name\":\"Divans S\u00e9rie New Professional pour Physioth\u00e9rapie | Fisiotech\",\"isPartOf\":{\"@id\":\"https:\/\/dev.fisiotech.com\/fr\/#website\"},\"primaryImageOfPage\":{\"@id\":\"https:\/\/dev.fisiotech.com\/fr\/lits-d-examen-professionnels-pour-la-kinesitherapie\/divans-serie-new-professional-pour-physiotherapie\/#primaryimage\"},\"image\":{\"@id\":\"https:\/\/dev.fisiotech.com\/fr\/lits-d-examen-professionnels-pour-la-kinesitherapie\/divans-serie-new-professional-pour-physiotherapie\/#primaryimage\"},\"thumbnailUrl\":\"https:\/\/fisiotech.com\/wp-content\/uploads\/2025\/03\/Marte2_principale-edit.png\",\"datePublished\":\"2025-04-01T07:01:59+00:00\",\"dateModified\":\"2025-07-21T19:02:40+00:00\",\"description\":\"D\u00e9couvrez les divans de la S\u00e9rie New Professional de Fisiotech : con\u00e7us pour la physioth\u00e9rapie, les massages et les examens m\u00e9dicaux, avec r\u00e9glage \u00e9lectrique ou hydraulique et design ergonomique.\",\"breadcrumb\":{\"@id\":\"https:\/\/dev.fisiotech.com\/fr\/lits-d-examen-professionnels-pour-la-kinesitherapie\/divans-serie-new-professional-pour-physiotherapie\/#breadcrumb\"},\"inLanguage\":\"fr-FR\",\"potentialAction\":[{\"@type\":\"ReadAction\",\"target\":[\"https:\/\/dev.fisiotech.com\/fr\/lits-d-examen-professionnels-pour-la-kinesitherapie\/divans-serie-new-professional-pour-physiotherapie\/\"]}]},{\"@type\":\"ImageObject\",\"inLanguage\":\"fr-FR\",\"@id\":\"https:\/\/dev.fisiotech.com\/fr\/lits-d-examen-professionnels-pour-la-kinesitherapie\/divans-serie-new-professional-pour-physiotherapie\/#primaryimage\",\"url\":\"https:\/\/fisiotech.com\/wp-content\/uploads\/2025\/03\/Marte2_principale-edit.png\",\"contentUrl\":\"https:\/\/fisiotech.com\/wp-content\/uploads\/2025\/03\/Marte2_principale-edit.png\"},{\"@type\":\"BreadcrumbList\",\"@id\":\"https:\/\/dev.fisiotech.com\/fr\/lits-d-examen-professionnels-pour-la-kinesitherapie\/divans-serie-new-professional-pour-physiotherapie\/#breadcrumb\",\"itemListElement\":[{\"@type\":\"ListItem\",\"position\":1,\"name\":\"Home\",\"item\":\"https:\/\/dev.fisiotech.com\/fr\/\"},{\"@type\":\"ListItem\",\"position\":2,\"name\":\"Tables\",\"item\":\"https:\/\/dev.fisiotech.com\/fr\/lettini-professionali-per-fisioterapia-e-visite-mediche\/\"},{\"@type\":\"ListItem\",\"position\":3,\"name\":\"S\u00e9rie New Professional\"}]},{\"@type\":\"WebSite\",\"@id\":\"https:\/\/dev.fisiotech.com\/fr\/#website\",\"url\":\"https:\/\/dev.fisiotech.com\/fr\/\",\"name\":\"FisioTech\",\"description\":\"Tecnologie al servizio della salute\",\"publisher\":{\"@id\":\"https:\/\/dev.fisiotech.com\/fr\/#organization\"},\"potentialAction\":[{\"@type\":\"SearchAction\",\"target\":{\"@type\":\"EntryPoint\",\"urlTemplate\":\"https:\/\/dev.fisiotech.com\/fr\/?s={search_term_string}\"},\"query-input\":{\"@type\":\"PropertyValueSpecification\",\"valueRequired\":true,\"valueName\":\"search_term_string\"}}],\"inLanguage\":\"fr-FR\"},{\"@type\":\"Organization\",\"@id\":\"https:\/\/dev.fisiotech.com\/fr\/#organization\",\"name\":\"FisioTech - Tecnologie al servizio della salute\",\"url\":\"https:\/\/dev.fisiotech.com\/fr\/\",\"logo\":{\"@type\":\"ImageObject\",\"inLanguage\":\"fr-FR\",\"@id\":\"https:\/\/dev.fisiotech.com\/fr\/#\/schema\/logo\/image\/\",\"url\":\"https:\/\/dev.fisiotech.com\/wp-content\/uploads\/2023\/09\/cropped-Fisiotech-logo.png\",\"contentUrl\":\"https:\/\/dev.fisiotech.com\/wp-content\/uploads\/2023\/09\/cropped-Fisiotech-logo.png\",\"width\":861,\"height\":329,\"caption\":\"FisioTech - Tecnologie al servizio della salute\"},\"image\":{\"@id\":\"https:\/\/dev.fisiotech.com\/fr\/#\/schema\/logo\/image\/\"}}]}<\/script>\n<!-- \/ Yoast SEO plugin. -->","yoast_head_json":{"title":"Divans S\u00e9rie New Professional pour Physioth\u00e9rapie | Fisiotech","description":"D\u00e9couvrez les divans de la S\u00e9rie New Professional de Fisiotech : con\u00e7us pour la physioth\u00e9rapie, les massages et les examens m\u00e9dicaux, avec r\u00e9glage \u00e9lectrique ou hydraulique et design ergonomique.","robots":{"index":"noindex","follow":"follow","max-snippet":"max-snippet:-1","max-image-preview":"max-image-preview:large","max-video-preview":"max-video-preview:-1"},"og_locale":"fr_FR","og_type":"article","og_title":"Divans S\u00e9rie New Professional pour Physioth\u00e9rapie | Fisiotech","og_description":"D\u00e9couvrez les divans de la S\u00e9rie New Professional de Fisiotech : con\u00e7us pour la physioth\u00e9rapie, les massages et les examens m\u00e9dicaux, avec r\u00e9glage \u00e9lectrique ou hydraulique et design ergonomique.","og_url":"https:\/\/dev.fisiotech.com\/fr\/lits-d-examen-professionnels-pour-la-kinesitherapie\/divans-serie-new-professional-pour-physiotherapie\/","og_site_name":"FisioTech","article_modified_time":"2025-07-21T19:02:40+00:00","og_image":[{"url":"https:\/\/fisiotech.com\/wp-content\/uploads\/2025\/03\/Marte2_principale-edit.png","type":"","width":"","height":""}],"twitter_card":"summary_large_image","twitter_misc":{"Dur\u00e9e de lecture estim\u00e9e":"3 minutes"},"schema":{"@context":"https:\/\/schema.org","@graph":[{"@type":"WebPage","@id":"https:\/\/dev.fisiotech.com\/fr\/lits-d-examen-professionnels-pour-la-kinesitherapie\/divans-serie-new-professional-pour-physiotherapie\/","url":"https:\/\/dev.fisiotech.com\/fr\/lits-d-examen-professionnels-pour-la-kinesitherapie\/divans-serie-new-professional-pour-physiotherapie\/","name":"Divans S\u00e9rie New Professional pour Physioth\u00e9rapie | Fisiotech","isPartOf":{"@id":"https:\/\/dev.fisiotech.com\/fr\/#website"},"primaryImageOfPage":{"@id":"https:\/\/dev.fisiotech.com\/fr\/lits-d-examen-professionnels-pour-la-kinesitherapie\/divans-serie-new-professional-pour-physiotherapie\/#primaryimage"},"image":{"@id":"https:\/\/dev.fisiotech.com\/fr\/lits-d-examen-professionnels-pour-la-kinesitherapie\/divans-serie-new-professional-pour-physiotherapie\/#primaryimage"},"thumbnailUrl":"https:\/\/fisiotech.com\/wp-content\/uploads\/2025\/03\/Marte2_principale-edit.png","datePublished":"2025-04-01T07:01:59+00:00","dateModified":"2025-07-21T19:02:40+00:00","description":"D\u00e9couvrez les divans de la S\u00e9rie New Professional de Fisiotech : con\u00e7us pour la physioth\u00e9rapie, les massages et les examens m\u00e9dicaux, avec r\u00e9glage \u00e9lectrique ou hydraulique et design ergonomique.","breadcrumb":{"@id":"https:\/\/dev.fisiotech.com\/fr\/lits-d-examen-professionnels-pour-la-kinesitherapie\/divans-serie-new-professional-pour-physiotherapie\/#breadcrumb"},"inLanguage":"fr-FR","potentialAction":[{"@type":"ReadAction","target":["https:\/\/dev.fisiotech.com\/fr\/lits-d-examen-professionnels-pour-la-kinesitherapie\/divans-serie-new-professional-pour-physiotherapie\/"]}]},{"@type":"ImageObject","inLanguage":"fr-FR","@id":"https:\/\/dev.fisiotech.com\/fr\/lits-d-examen-professionnels-pour-la-kinesitherapie\/divans-serie-new-professional-pour-physiotherapie\/#primaryimage","url":"https:\/\/fisiotech.com\/wp-content\/uploads\/2025\/03\/Marte2_principale-edit.png","contentUrl":"https:\/\/fisiotech.com\/wp-content\/uploads\/2025\/03\/Marte2_principale-edit.png"},{"@type":"BreadcrumbList","@id":"https:\/\/dev.fisiotech.com\/fr\/lits-d-examen-professionnels-pour-la-kinesitherapie\/divans-serie-new-professional-pour-physiotherapie\/#breadcrumb","itemListElement":[{"@type":"ListItem","position":1,"name":"Home","item":"https:\/\/dev.fisiotech.com\/fr\/"},{"@type":"ListItem","position":2,"name":"Tables","item":"https:\/\/dev.fisiotech.com\/fr\/lettini-professionali-per-fisioterapia-e-visite-mediche\/"},{"@type":"ListItem","position":3,"name":"S\u00e9rie New Professional"}]},{"@type":"WebSite","@id":"https:\/\/dev.fisiotech.com\/fr\/#website","url":"https:\/\/dev.fisiotech.com\/fr\/","name":"FisioTech","description":"Tecnologie al servizio della salute","publisher":{"@id":"https:\/\/dev.fisiotech.com\/fr\/#organization"},"potentialAction":[{"@type":"SearchAction","target":{"@type":"EntryPoint","urlTemplate":"https:\/\/dev.fisiotech.com\/fr\/?s={search_term_string}"},"query-input":{"@type":"PropertyValueSpecification","valueRequired":true,"valueName":"search_term_string"}}],"inLanguage":"fr-FR"},{"@type":"Organization","@id":"https:\/\/dev.fisiotech.com\/fr\/#organization","name":"FisioTech - Tecnologie al servizio della salute","url":"https:\/\/dev.fisiotech.com\/fr\/","logo":{"@type":"ImageObject","inLanguage":"fr-FR","@id":"https:\/\/dev.fisiotech.com\/fr\/#\/schema\/logo\/image\/","url":"https:\/\/dev.fisiotech.com\/wp-content\/uploads\/2023\/09\/cropped-Fisiotech-logo.png","contentUrl":"https:\/\/dev.fisiotech.com\/wp-content\/uploads\/2023\/09\/cropped-Fisiotech-logo.png","width":861,"height":329,"caption":"FisioTech - Tecnologie al servizio della salute"},"image":{"@id":"https:\/\/dev.fisiotech.com\/fr\/#\/schema\/logo\/image\/"}}]}},"_links":{"self":[{"href":"https:\/\/dev.fisiotech.com\/fr\/wp-json\/wp\/v2\/pages\/15728","targetHints":{"allow":["GET"]}}],"collection":[{"href":"https:\/\/dev.fisiotech.com\/fr\/wp-json\/wp\/v2\/pages"}],"about":[{"href":"https:\/\/dev.fisiotech.com\/fr\/wp-json\/wp\/v2\/types\/page"}],"author":[{"embeddable":true,"href":"https:\/\/dev.fisiotech.com\/fr\/wp-json\/wp\/v2\/users\/10"}],"replies":[{"embeddable":true,"href":"https:\/\/dev.fisiotech.com\/fr\/wp-json\/wp\/v2\/comments?post=15728"}],"version-history":[{"count":4,"href":"https:\/\/dev.fisiotech.com\/fr\/wp-json\/wp\/v2\/pages\/15728\/revisions"}],"predecessor-version":[{"id":16501,"href":"https:\/\/dev.fisiotech.com\/fr\/wp-json\/wp\/v2\/pages\/15728\/revisions\/16501"}],"up":[{"embeddable":true,"href":"https:\/\/dev.fisiotech.com\/fr\/wp-json\/wp\/v2\/pages\/12327"}],"wp:attachment":[{"href":"https:\/\/dev.fisiotech.com\/fr\/wp-json\/wp\/v2\/media?parent=15728"}],"curies":[{"name":"wp","href":"https:\/\/api.w.org\/{rel}","templated":true}]}}