{"id":12844,"date":"2024-05-30T20:06:00","date_gmt":"2024-05-30T20:06:00","guid":{"rendered":"https:\/\/fisiotech.com\/prodotto\/table-elia\/"},"modified":"2025-06-19T12:58:57","modified_gmt":"2025-06-19T12:58:57","slug":"table-elia","status":"publish","type":"product","link":"https:\/\/dev.fisiotech.com\/fr\/prodotto\/table-elia\/","title":{"rendered":"TABLE ELIA"},"content":{"rendered":"","protected":false},"excerpt":{"rendered":"<h4>TABLE \u00c9LECTRIQUE \/ HYDRAULIQUE \u00c0 2 PLANS<\/h4>\n<p> Table professionnelle \u00e0 2 plans r\u00e9glable \u00e9lectriquement ou hydrauliquement en hauteur pour traitement, massage et examen m\u00e9dical. Gr\u00e2ce \u00e0 sa structure, la table Elia a une hauteur maximale de 90 cm et peut \u00eatre utilis\u00e9e en position Trendelenburg. <\/p>\n<h6>CI-PR\u00c9SENT\u00c9 MOD\u00c8LE CODE 1111B10C1SB1 + ACCESSOIRES CODE 1211010<\/h6>\n","protected":false},"featured_media":11315,"template":"","meta":{"_acf_changed":false},"product_brand":[],"product_cat":[354,344],"product_tag":[],"class_list":{"0":"post-12844","1":"product","2":"type-product","3":"status-publish","4":"has-post-thumbnail","6":"product_cat-serie-professional-fr","7":"product_cat-tables","9":"entry","10":"has-media","12":"first","13":"instock","14":"shipping-taxable","15":"purchasable","16":"product-type-simple","17":"has-product-nav","18":"col","19":"span_1_of_3","20":"owp-content-center","21":"owp-thumbs-layout-horizontal","22":"owp-btn-normal","23":"owp-tabs-layout-horizontal"},"acf":[],"yoast_head":"<!-- This site is optimized with the Yoast SEO plugin v27.1.1 - https:\/\/yoast.com\/product\/yoast-seo-wordpress\/ -->\n<title>TABLE ELIA - FisioTech<\/title>\n<meta name=\"description\" content=\"TABLE \u00c9LECTRIQUE \/ HYDRAULIQUE \u00c0 2 PLANS Table professionnelle \u00e0 2 plans r\u00e9glable \u00e9lectriquement ou hydrauliquement en hauteur pour traitement, massage et examen m\u00e9dical. Gr\u00e2ce \u00e0 sa structure, la table Elia a une hauteur maximale de 90 cm et peut \u00eatre utilis\u00e9e en position Trendelenburg. CI-PR\u00c9SENT\u00c9 MOD\u00c8LE CODE 1111B10C1SB1 + ACCESSOIRES CODE 1211010\" \/>\n<meta name=\"robots\" content=\"noindex, follow, max-snippet:-1, max-image-preview:large, max-video-preview:-1\" \/>\n<meta property=\"og:locale\" content=\"fr_FR\" \/>\n<meta property=\"og:type\" content=\"article\" \/>\n<meta property=\"og:title\" content=\"TABLE ELIA - FisioTech\" \/>\n<meta property=\"og:description\" content=\"TABLE \u00c9LECTRIQUE \/ HYDRAULIQUE \u00c0 2 PLANS Table professionnelle \u00e0 2 plans r\u00e9glable \u00e9lectriquement ou hydrauliquement en hauteur pour traitement, massage et examen m\u00e9dical. Gr\u00e2ce \u00e0 sa structure, la table Elia a une hauteur maximale de 90 cm et peut \u00eatre utilis\u00e9e en position Trendelenburg. CI-PR\u00c9SENT\u00c9 MOD\u00c8LE CODE 1111B10C1SB1 + ACCESSOIRES CODE 1211010\" \/>\n<meta property=\"og:url\" content=\"https:\/\/dev.fisiotech.com\/fr\/prodotto\/table-elia\/\" \/>\n<meta property=\"og:site_name\" content=\"FisioTech\" \/>\n<meta property=\"article:modified_time\" content=\"2025-06-19T12:58:57+00:00\" \/>\n<meta property=\"og:image\" content=\"https:\/\/dev.fisiotech.com\/wp-content\/uploads\/2024\/05\/Elia-ANTEPRIMA-new.png\" \/>\n\t<meta property=\"og:image:width\" content=\"1250\" \/>\n\t<meta property=\"og:image:height\" content=\"1250\" \/>\n\t<meta property=\"og:image:type\" content=\"image\/png\" \/>\n<meta name=\"twitter:card\" content=\"summary_large_image\" \/>\n<meta name=\"twitter:label1\" content=\"Dur\u00e9e de lecture estim\u00e9e\" \/>\n\t<meta name=\"twitter:data1\" content=\"1 minute\" \/>\n<script type=\"application\/ld+json\" class=\"yoast-schema-graph\">{\"@context\":\"https:\/\/schema.org\",\"@graph\":[{\"@type\":\"WebPage\",\"@id\":\"https:\/\/dev.fisiotech.com\/fr\/prodotto\/table-elia\/\",\"url\":\"https:\/\/dev.fisiotech.com\/fr\/prodotto\/table-elia\/\",\"name\":\"TABLE ELIA - FisioTech\",\"isPartOf\":{\"@id\":\"https:\/\/dev.fisiotech.com\/fr\/#website\"},\"primaryImageOfPage\":{\"@id\":\"https:\/\/dev.fisiotech.com\/fr\/prodotto\/table-elia\/#primaryimage\"},\"image\":{\"@id\":\"https:\/\/dev.fisiotech.com\/fr\/prodotto\/table-elia\/#primaryimage\"},\"thumbnailUrl\":\"https:\/\/dev.fisiotech.com\/wp-content\/uploads\/2024\/05\/Elia-ANTEPRIMA-new.png\",\"datePublished\":\"2024-05-30T20:06:00+00:00\",\"dateModified\":\"2025-06-19T12:58:57+00:00\",\"description\":\"TABLE \u00c9LECTRIQUE \/ HYDRAULIQUE \u00c0 2 PLANS Table professionnelle \u00e0 2 plans r\u00e9glable \u00e9lectriquement ou hydrauliquement en hauteur pour traitement, massage et examen m\u00e9dical. Gr\u00e2ce \u00e0 sa structure, la table Elia a une hauteur maximale de 90 cm et peut \u00eatre utilis\u00e9e en position Trendelenburg. CI-PR\u00c9SENT\u00c9 MOD\u00c8LE CODE 1111B10C1SB1 + ACCESSOIRES CODE 1211010\",\"breadcrumb\":{\"@id\":\"https:\/\/dev.fisiotech.com\/fr\/prodotto\/table-elia\/#breadcrumb\"},\"inLanguage\":\"fr-FR\",\"potentialAction\":[{\"@type\":\"ReadAction\",\"target\":[\"https:\/\/dev.fisiotech.com\/fr\/prodotto\/table-elia\/\"]}]},{\"@type\":\"ImageObject\",\"inLanguage\":\"fr-FR\",\"@id\":\"https:\/\/dev.fisiotech.com\/fr\/prodotto\/table-elia\/#primaryimage\",\"url\":\"https:\/\/dev.fisiotech.com\/wp-content\/uploads\/2024\/05\/Elia-ANTEPRIMA-new.png\",\"contentUrl\":\"https:\/\/dev.fisiotech.com\/wp-content\/uploads\/2024\/05\/Elia-ANTEPRIMA-new.png\",\"width\":1250,\"height\":1250},{\"@type\":\"BreadcrumbList\",\"@id\":\"https:\/\/dev.fisiotech.com\/fr\/prodotto\/table-elia\/#breadcrumb\",\"itemListElement\":[{\"@type\":\"ListItem\",\"position\":1,\"name\":\"Home\",\"item\":\"https:\/\/dev.fisiotech.com\/fr\/\"},{\"@type\":\"ListItem\",\"position\":2,\"name\":\"Boutique\",\"item\":\"https:\/\/dev.fisiotech.com\/negozio\/\"},{\"@type\":\"ListItem\",\"position\":3,\"name\":\"Tables\",\"item\":\"https:\/\/dev.fisiotech.com\/fr\/categoria-prodotto\/tables\/\"},{\"@type\":\"ListItem\",\"position\":4,\"name\":\"S\u00e9rie Professional\",\"item\":\"https:\/\/dev.fisiotech.com\/fr\/categoria-prodotto\/tables\/serie-professional-fr\/\"},{\"@type\":\"ListItem\",\"position\":5,\"name\":\"TABLE ELIA\"}]},{\"@type\":\"WebSite\",\"@id\":\"https:\/\/dev.fisiotech.com\/fr\/#website\",\"url\":\"https:\/\/dev.fisiotech.com\/fr\/\",\"name\":\"FisioTech\",\"description\":\"Tecnologie al servizio della salute\",\"publisher\":{\"@id\":\"https:\/\/dev.fisiotech.com\/fr\/#organization\"},\"potentialAction\":[{\"@type\":\"SearchAction\",\"target\":{\"@type\":\"EntryPoint\",\"urlTemplate\":\"https:\/\/dev.fisiotech.com\/fr\/?s={search_term_string}\"},\"query-input\":{\"@type\":\"PropertyValueSpecification\",\"valueRequired\":true,\"valueName\":\"search_term_string\"}}],\"inLanguage\":\"fr-FR\"},{\"@type\":\"Organization\",\"@id\":\"https:\/\/dev.fisiotech.com\/fr\/#organization\",\"name\":\"FisioTech - Tecnologie al servizio della salute\",\"url\":\"https:\/\/dev.fisiotech.com\/fr\/\",\"logo\":{\"@type\":\"ImageObject\",\"inLanguage\":\"fr-FR\",\"@id\":\"https:\/\/dev.fisiotech.com\/fr\/#\/schema\/logo\/image\/\",\"url\":\"https:\/\/dev.fisiotech.com\/wp-content\/uploads\/2023\/09\/cropped-Fisiotech-logo.png\",\"contentUrl\":\"https:\/\/dev.fisiotech.com\/wp-content\/uploads\/2023\/09\/cropped-Fisiotech-logo.png\",\"width\":861,\"height\":329,\"caption\":\"FisioTech - Tecnologie al servizio della salute\"},\"image\":{\"@id\":\"https:\/\/dev.fisiotech.com\/fr\/#\/schema\/logo\/image\/\"}}]}<\/script>\n<!-- \/ Yoast SEO plugin. -->","yoast_head_json":{"title":"TABLE ELIA - FisioTech","description":"TABLE \u00c9LECTRIQUE \/ HYDRAULIQUE \u00c0 2 PLANS Table professionnelle \u00e0 2 plans r\u00e9glable \u00e9lectriquement ou hydrauliquement en hauteur pour traitement, massage et examen m\u00e9dical. Gr\u00e2ce \u00e0 sa structure, la table Elia a une hauteur maximale de 90 cm et peut \u00eatre utilis\u00e9e en position Trendelenburg. CI-PR\u00c9SENT\u00c9 MOD\u00c8LE CODE 1111B10C1SB1 + ACCESSOIRES CODE 1211010","robots":{"index":"noindex","follow":"follow","max-snippet":"max-snippet:-1","max-image-preview":"max-image-preview:large","max-video-preview":"max-video-preview:-1"},"og_locale":"fr_FR","og_type":"article","og_title":"TABLE ELIA - FisioTech","og_description":"TABLE \u00c9LECTRIQUE \/ HYDRAULIQUE \u00c0 2 PLANS Table professionnelle \u00e0 2 plans r\u00e9glable \u00e9lectriquement ou hydrauliquement en hauteur pour traitement, massage et examen m\u00e9dical. Gr\u00e2ce \u00e0 sa structure, la table Elia a une hauteur maximale de 90 cm et peut \u00eatre utilis\u00e9e en position Trendelenburg. CI-PR\u00c9SENT\u00c9 MOD\u00c8LE CODE 1111B10C1SB1 + ACCESSOIRES CODE 1211010","og_url":"https:\/\/dev.fisiotech.com\/fr\/prodotto\/table-elia\/","og_site_name":"FisioTech","article_modified_time":"2025-06-19T12:58:57+00:00","og_image":[{"width":1250,"height":1250,"url":"https:\/\/dev.fisiotech.com\/wp-content\/uploads\/2024\/05\/Elia-ANTEPRIMA-new.png","type":"image\/png"}],"twitter_card":"summary_large_image","twitter_misc":{"Dur\u00e9e de lecture estim\u00e9e":"1 minute"},"schema":{"@context":"https:\/\/schema.org","@graph":[{"@type":"WebPage","@id":"https:\/\/dev.fisiotech.com\/fr\/prodotto\/table-elia\/","url":"https:\/\/dev.fisiotech.com\/fr\/prodotto\/table-elia\/","name":"TABLE ELIA - FisioTech","isPartOf":{"@id":"https:\/\/dev.fisiotech.com\/fr\/#website"},"primaryImageOfPage":{"@id":"https:\/\/dev.fisiotech.com\/fr\/prodotto\/table-elia\/#primaryimage"},"image":{"@id":"https:\/\/dev.fisiotech.com\/fr\/prodotto\/table-elia\/#primaryimage"},"thumbnailUrl":"https:\/\/dev.fisiotech.com\/wp-content\/uploads\/2024\/05\/Elia-ANTEPRIMA-new.png","datePublished":"2024-05-30T20:06:00+00:00","dateModified":"2025-06-19T12:58:57+00:00","description":"TABLE \u00c9LECTRIQUE \/ HYDRAULIQUE \u00c0 2 PLANS Table professionnelle \u00e0 2 plans r\u00e9glable \u00e9lectriquement ou hydrauliquement en hauteur pour traitement, massage et examen m\u00e9dical. Gr\u00e2ce \u00e0 sa structure, la table Elia a une hauteur maximale de 90 cm et peut \u00eatre utilis\u00e9e en position Trendelenburg. CI-PR\u00c9SENT\u00c9 MOD\u00c8LE CODE 1111B10C1SB1 + ACCESSOIRES CODE 1211010","breadcrumb":{"@id":"https:\/\/dev.fisiotech.com\/fr\/prodotto\/table-elia\/#breadcrumb"},"inLanguage":"fr-FR","potentialAction":[{"@type":"ReadAction","target":["https:\/\/dev.fisiotech.com\/fr\/prodotto\/table-elia\/"]}]},{"@type":"ImageObject","inLanguage":"fr-FR","@id":"https:\/\/dev.fisiotech.com\/fr\/prodotto\/table-elia\/#primaryimage","url":"https:\/\/dev.fisiotech.com\/wp-content\/uploads\/2024\/05\/Elia-ANTEPRIMA-new.png","contentUrl":"https:\/\/dev.fisiotech.com\/wp-content\/uploads\/2024\/05\/Elia-ANTEPRIMA-new.png","width":1250,"height":1250},{"@type":"BreadcrumbList","@id":"https:\/\/dev.fisiotech.com\/fr\/prodotto\/table-elia\/#breadcrumb","itemListElement":[{"@type":"ListItem","position":1,"name":"Home","item":"https:\/\/dev.fisiotech.com\/fr\/"},{"@type":"ListItem","position":2,"name":"Boutique","item":"https:\/\/dev.fisiotech.com\/negozio\/"},{"@type":"ListItem","position":3,"name":"Tables","item":"https:\/\/dev.fisiotech.com\/fr\/categoria-prodotto\/tables\/"},{"@type":"ListItem","position":4,"name":"S\u00e9rie Professional","item":"https:\/\/dev.fisiotech.com\/fr\/categoria-prodotto\/tables\/serie-professional-fr\/"},{"@type":"ListItem","position":5,"name":"TABLE ELIA"}]},{"@type":"WebSite","@id":"https:\/\/dev.fisiotech.com\/fr\/#website","url":"https:\/\/dev.fisiotech.com\/fr\/","name":"FisioTech","description":"Tecnologie al servizio della salute","publisher":{"@id":"https:\/\/dev.fisiotech.com\/fr\/#organization"},"potentialAction":[{"@type":"SearchAction","target":{"@type":"EntryPoint","urlTemplate":"https:\/\/dev.fisiotech.com\/fr\/?s={search_term_string}"},"query-input":{"@type":"PropertyValueSpecification","valueRequired":true,"valueName":"search_term_string"}}],"inLanguage":"fr-FR"},{"@type":"Organization","@id":"https:\/\/dev.fisiotech.com\/fr\/#organization","name":"FisioTech - Tecnologie al servizio della salute","url":"https:\/\/dev.fisiotech.com\/fr\/","logo":{"@type":"ImageObject","inLanguage":"fr-FR","@id":"https:\/\/dev.fisiotech.com\/fr\/#\/schema\/logo\/image\/","url":"https:\/\/dev.fisiotech.com\/wp-content\/uploads\/2023\/09\/cropped-Fisiotech-logo.png","contentUrl":"https:\/\/dev.fisiotech.com\/wp-content\/uploads\/2023\/09\/cropped-Fisiotech-logo.png","width":861,"height":329,"caption":"FisioTech - Tecnologie al servizio della salute"},"image":{"@id":"https:\/\/dev.fisiotech.com\/fr\/#\/schema\/logo\/image\/"}}]}},"_links":{"self":[{"href":"https:\/\/dev.fisiotech.com\/fr\/wp-json\/wp\/v2\/product\/12844","targetHints":{"allow":["GET"]}}],"collection":[{"href":"https:\/\/dev.fisiotech.com\/fr\/wp-json\/wp\/v2\/product"}],"about":[{"href":"https:\/\/dev.fisiotech.com\/fr\/wp-json\/wp\/v2\/types\/product"}],"version-history":[{"count":1,"href":"https:\/\/dev.fisiotech.com\/fr\/wp-json\/wp\/v2\/product\/12844\/revisions"}],"predecessor-version":[{"id":12854,"href":"https:\/\/dev.fisiotech.com\/fr\/wp-json\/wp\/v2\/product\/12844\/revisions\/12854"}],"wp:featuredmedia":[{"embeddable":true,"href":"https:\/\/dev.fisiotech.com\/fr\/wp-json\/wp\/v2\/media\/11315"}],"wp:attachment":[{"href":"https:\/\/dev.fisiotech.com\/fr\/wp-json\/wp\/v2\/media?parent=12844"}],"wp:term":[{"taxonomy":"product_brand","embeddable":true,"href":"https:\/\/dev.fisiotech.com\/fr\/wp-json\/wp\/v2\/product_brand?post=12844"},{"taxonomy":"product_cat","embeddable":true,"href":"https:\/\/dev.fisiotech.com\/fr\/wp-json\/wp\/v2\/product_cat?post=12844"},{"taxonomy":"product_tag","embeddable":true,"href":"https:\/\/dev.fisiotech.com\/fr\/wp-json\/wp\/v2\/product_tag?post=12844"}],"curies":[{"name":"wp","href":"https:\/\/api.w.org\/{rel}","templated":true}]}}