{"id":12919,"date":"2024-05-31T10:37:43","date_gmt":"2024-05-31T10:37:43","guid":{"rendered":"https:\/\/fisiotech.com\/prodotto\/table-adone\/"},"modified":"2025-06-19T13:45:52","modified_gmt":"2025-06-19T13:45:52","slug":"table-adone","status":"publish","type":"product","link":"https:\/\/dev.fisiotech.com\/fr\/prodotto\/table-adone\/","title":{"rendered":"TABLE ADONE"},"content":{"rendered":"","protected":false},"excerpt":{"rendered":"<h4>TABLE \u00c9LECTRIQUE \u00c0 3 PLANS<\/h4>\n<p> Table \u00e0 3 plans r\u00e9glable \u00e9lectriquement en hauteur pour traction cervicale et lombaire, massage et examen m\u00e9dical. La table est livr\u00e9e avec accessoires pour la traction : trois coussins de dimensions diff\u00e9rentes pour le support du patient pendant la traction, deux sangles d&rsquo;immobilisation du bassin et deux du thorax, une mentonni\u00e8re et les supports. En plus, la table a un support amovible pour l\u00b4unit\u00e9 de traction (la derni\u00e8re n\u00b4est pas incluse). La structure de la table Adone permet l&rsquo;approche du l\u00e8ve-personne et a une charge maximale de 200 kg.    <\/p>\n<h6>CI-PR\u00c9SENT\u00c9 MOD\u00c8LE CODE 1114A12P1SV1 &#8211; UNIT\u00c9 DE TRACTION NON INCLUSE<\/h6>\n","protected":false},"featured_media":11461,"template":"","meta":{"_acf_changed":false},"product_brand":[],"product_cat":[364,344],"product_tag":[],"class_list":{"0":"post-12919","1":"product","2":"type-product","3":"status-publish","4":"has-post-thumbnail","6":"product_cat-serie-traction-fr","7":"product_cat-tables","9":"entry","10":"has-media","12":"first","13":"instock","14":"shipping-taxable","15":"purchasable","16":"product-type-simple","17":"has-product-nav","18":"col","19":"span_1_of_3","20":"owp-content-center","21":"owp-thumbs-layout-horizontal","22":"owp-btn-normal","23":"owp-tabs-layout-horizontal"},"acf":[],"yoast_head":"<!-- This site is optimized with the Yoast SEO plugin v27.1.1 - https:\/\/yoast.com\/product\/yoast-seo-wordpress\/ -->\n<title>TABLE ADONE - FisioTech<\/title>\n<meta name=\"description\" content=\"TABLE \u00c9LECTRIQUE \u00c0 3 PLANS Table \u00e0 3 plans r\u00e9glable \u00e9lectriquement en hauteur pour traction cervicale et lombaire, massage et examen m\u00e9dical. La table est livr\u00e9e avec accessoires pour la traction : trois coussins de dimensions diff\u00e9rentes pour le support du patient pendant la traction, deux sangles d&#039;immobilisation du bassin et deux du thorax, une mentonni\u00e8re et les supports. En plus, la table a un support amovible pour l\u00b4unit\u00e9 de traction (la derni\u00e8re n\u00b4est pas incluse). La structure de la table Adone permet l&#039;approche du l\u00e8ve-personne et a une charge maximale de 200 kg.  CI-PR\u00c9SENT\u00c9 MOD\u00c8LE CODE 1114A12P1SV1 - UNIT\u00c9 DE TRACTION NON INCLUSE\" \/>\n<meta name=\"robots\" content=\"noindex, follow, max-snippet:-1, max-image-preview:large, max-video-preview:-1\" \/>\n<meta property=\"og:locale\" content=\"fr_FR\" \/>\n<meta property=\"og:type\" content=\"article\" \/>\n<meta property=\"og:title\" content=\"TABLE ADONE - FisioTech\" \/>\n<meta property=\"og:description\" content=\"TABLE \u00c9LECTRIQUE \u00c0 3 PLANS Table \u00e0 3 plans r\u00e9glable \u00e9lectriquement en hauteur pour traction cervicale et lombaire, massage et examen m\u00e9dical. La table est livr\u00e9e avec accessoires pour la traction : trois coussins de dimensions diff\u00e9rentes pour le support du patient pendant la traction, deux sangles d&#039;immobilisation du bassin et deux du thorax, une mentonni\u00e8re et les supports. En plus, la table a un support amovible pour l\u00b4unit\u00e9 de traction (la derni\u00e8re n\u00b4est pas incluse). La structure de la table Adone permet l&#039;approche du l\u00e8ve-personne et a une charge maximale de 200 kg.  CI-PR\u00c9SENT\u00c9 MOD\u00c8LE CODE 1114A12P1SV1 - UNIT\u00c9 DE TRACTION NON INCLUSE\" \/>\n<meta property=\"og:url\" content=\"https:\/\/dev.fisiotech.com\/fr\/prodotto\/table-adone\/\" \/>\n<meta property=\"og:site_name\" content=\"FisioTech\" \/>\n<meta property=\"article:modified_time\" content=\"2025-06-19T13:45:52+00:00\" \/>\n<meta property=\"og:image\" content=\"https:\/\/dev.fisiotech.com\/wp-content\/uploads\/2024\/05\/Adone-ANTEPRIMA-new.png\" \/>\n\t<meta property=\"og:image:width\" content=\"1250\" \/>\n\t<meta property=\"og:image:height\" content=\"1250\" \/>\n\t<meta property=\"og:image:type\" content=\"image\/png\" \/>\n<meta name=\"twitter:card\" content=\"summary_large_image\" \/>\n<meta name=\"twitter:label1\" content=\"Dur\u00e9e de lecture estim\u00e9e\" \/>\n\t<meta name=\"twitter:data1\" content=\"1 minute\" \/>\n<script type=\"application\/ld+json\" class=\"yoast-schema-graph\">{\"@context\":\"https:\/\/schema.org\",\"@graph\":[{\"@type\":\"WebPage\",\"@id\":\"https:\/\/dev.fisiotech.com\/fr\/prodotto\/table-adone\/\",\"url\":\"https:\/\/dev.fisiotech.com\/fr\/prodotto\/table-adone\/\",\"name\":\"TABLE ADONE - FisioTech\",\"isPartOf\":{\"@id\":\"https:\/\/dev.fisiotech.com\/fr\/#website\"},\"primaryImageOfPage\":{\"@id\":\"https:\/\/dev.fisiotech.com\/fr\/prodotto\/table-adone\/#primaryimage\"},\"image\":{\"@id\":\"https:\/\/dev.fisiotech.com\/fr\/prodotto\/table-adone\/#primaryimage\"},\"thumbnailUrl\":\"https:\/\/dev.fisiotech.com\/wp-content\/uploads\/2024\/05\/Adone-ANTEPRIMA-new.png\",\"datePublished\":\"2024-05-31T10:37:43+00:00\",\"dateModified\":\"2025-06-19T13:45:52+00:00\",\"description\":\"TABLE \u00c9LECTRIQUE \u00c0 3 PLANS Table \u00e0 3 plans r\u00e9glable \u00e9lectriquement en hauteur pour traction cervicale et lombaire, massage et examen m\u00e9dical. La table est livr\u00e9e avec accessoires pour la traction : trois coussins de dimensions diff\u00e9rentes pour le support du patient pendant la traction, deux sangles d'immobilisation du bassin et deux du thorax, une mentonni\u00e8re et les supports. En plus, la table a un support amovible pour l\u00b4unit\u00e9 de traction (la derni\u00e8re n\u00b4est pas incluse). La structure de la table Adone permet l'approche du l\u00e8ve-personne et a une charge maximale de 200 kg. CI-PR\u00c9SENT\u00c9 MOD\u00c8LE CODE 1114A12P1SV1 - UNIT\u00c9 DE TRACTION NON INCLUSE\",\"breadcrumb\":{\"@id\":\"https:\/\/dev.fisiotech.com\/fr\/prodotto\/table-adone\/#breadcrumb\"},\"inLanguage\":\"fr-FR\",\"potentialAction\":[{\"@type\":\"ReadAction\",\"target\":[\"https:\/\/dev.fisiotech.com\/fr\/prodotto\/table-adone\/\"]}]},{\"@type\":\"ImageObject\",\"inLanguage\":\"fr-FR\",\"@id\":\"https:\/\/dev.fisiotech.com\/fr\/prodotto\/table-adone\/#primaryimage\",\"url\":\"https:\/\/dev.fisiotech.com\/wp-content\/uploads\/2024\/05\/Adone-ANTEPRIMA-new.png\",\"contentUrl\":\"https:\/\/dev.fisiotech.com\/wp-content\/uploads\/2024\/05\/Adone-ANTEPRIMA-new.png\",\"width\":1250,\"height\":1250},{\"@type\":\"BreadcrumbList\",\"@id\":\"https:\/\/dev.fisiotech.com\/fr\/prodotto\/table-adone\/#breadcrumb\",\"itemListElement\":[{\"@type\":\"ListItem\",\"position\":1,\"name\":\"Home\",\"item\":\"https:\/\/dev.fisiotech.com\/fr\/\"},{\"@type\":\"ListItem\",\"position\":2,\"name\":\"Boutique\",\"item\":\"https:\/\/dev.fisiotech.com\/negozio\/\"},{\"@type\":\"ListItem\",\"position\":3,\"name\":\"Tables\",\"item\":\"https:\/\/dev.fisiotech.com\/fr\/categoria-prodotto\/tables\/\"},{\"@type\":\"ListItem\",\"position\":4,\"name\":\"S\u00e9rie Traction\",\"item\":\"https:\/\/dev.fisiotech.com\/fr\/categoria-prodotto\/tables\/serie-traction-fr\/\"},{\"@type\":\"ListItem\",\"position\":5,\"name\":\"TABLE ADONE\"}]},{\"@type\":\"WebSite\",\"@id\":\"https:\/\/dev.fisiotech.com\/fr\/#website\",\"url\":\"https:\/\/dev.fisiotech.com\/fr\/\",\"name\":\"FisioTech\",\"description\":\"Tecnologie al servizio della salute\",\"publisher\":{\"@id\":\"https:\/\/dev.fisiotech.com\/fr\/#organization\"},\"potentialAction\":[{\"@type\":\"SearchAction\",\"target\":{\"@type\":\"EntryPoint\",\"urlTemplate\":\"https:\/\/dev.fisiotech.com\/fr\/?s={search_term_string}\"},\"query-input\":{\"@type\":\"PropertyValueSpecification\",\"valueRequired\":true,\"valueName\":\"search_term_string\"}}],\"inLanguage\":\"fr-FR\"},{\"@type\":\"Organization\",\"@id\":\"https:\/\/dev.fisiotech.com\/fr\/#organization\",\"name\":\"FisioTech - Tecnologie al servizio della salute\",\"url\":\"https:\/\/dev.fisiotech.com\/fr\/\",\"logo\":{\"@type\":\"ImageObject\",\"inLanguage\":\"fr-FR\",\"@id\":\"https:\/\/dev.fisiotech.com\/fr\/#\/schema\/logo\/image\/\",\"url\":\"https:\/\/dev.fisiotech.com\/wp-content\/uploads\/2023\/09\/cropped-Fisiotech-logo.png\",\"contentUrl\":\"https:\/\/dev.fisiotech.com\/wp-content\/uploads\/2023\/09\/cropped-Fisiotech-logo.png\",\"width\":861,\"height\":329,\"caption\":\"FisioTech - Tecnologie al servizio della salute\"},\"image\":{\"@id\":\"https:\/\/dev.fisiotech.com\/fr\/#\/schema\/logo\/image\/\"}}]}<\/script>\n<!-- \/ Yoast SEO plugin. -->","yoast_head_json":{"title":"TABLE ADONE - FisioTech","description":"TABLE \u00c9LECTRIQUE \u00c0 3 PLANS Table \u00e0 3 plans r\u00e9glable \u00e9lectriquement en hauteur pour traction cervicale et lombaire, massage et examen m\u00e9dical. La table est livr\u00e9e avec accessoires pour la traction : trois coussins de dimensions diff\u00e9rentes pour le support du patient pendant la traction, deux sangles d'immobilisation du bassin et deux du thorax, une mentonni\u00e8re et les supports. En plus, la table a un support amovible pour l\u00b4unit\u00e9 de traction (la derni\u00e8re n\u00b4est pas incluse). La structure de la table Adone permet l'approche du l\u00e8ve-personne et a une charge maximale de 200 kg.  CI-PR\u00c9SENT\u00c9 MOD\u00c8LE CODE 1114A12P1SV1 - UNIT\u00c9 DE TRACTION NON INCLUSE","robots":{"index":"noindex","follow":"follow","max-snippet":"max-snippet:-1","max-image-preview":"max-image-preview:large","max-video-preview":"max-video-preview:-1"},"og_locale":"fr_FR","og_type":"article","og_title":"TABLE ADONE - FisioTech","og_description":"TABLE \u00c9LECTRIQUE \u00c0 3 PLANS Table \u00e0 3 plans r\u00e9glable \u00e9lectriquement en hauteur pour traction cervicale et lombaire, massage et examen m\u00e9dical. La table est livr\u00e9e avec accessoires pour la traction : trois coussins de dimensions diff\u00e9rentes pour le support du patient pendant la traction, deux sangles d'immobilisation du bassin et deux du thorax, une mentonni\u00e8re et les supports. En plus, la table a un support amovible pour l\u00b4unit\u00e9 de traction (la derni\u00e8re n\u00b4est pas incluse). La structure de la table Adone permet l'approche du l\u00e8ve-personne et a une charge maximale de 200 kg.  CI-PR\u00c9SENT\u00c9 MOD\u00c8LE CODE 1114A12P1SV1 - UNIT\u00c9 DE TRACTION NON INCLUSE","og_url":"https:\/\/dev.fisiotech.com\/fr\/prodotto\/table-adone\/","og_site_name":"FisioTech","article_modified_time":"2025-06-19T13:45:52+00:00","og_image":[{"width":1250,"height":1250,"url":"https:\/\/dev.fisiotech.com\/wp-content\/uploads\/2024\/05\/Adone-ANTEPRIMA-new.png","type":"image\/png"}],"twitter_card":"summary_large_image","twitter_misc":{"Dur\u00e9e de lecture estim\u00e9e":"1 minute"},"schema":{"@context":"https:\/\/schema.org","@graph":[{"@type":"WebPage","@id":"https:\/\/dev.fisiotech.com\/fr\/prodotto\/table-adone\/","url":"https:\/\/dev.fisiotech.com\/fr\/prodotto\/table-adone\/","name":"TABLE ADONE - FisioTech","isPartOf":{"@id":"https:\/\/dev.fisiotech.com\/fr\/#website"},"primaryImageOfPage":{"@id":"https:\/\/dev.fisiotech.com\/fr\/prodotto\/table-adone\/#primaryimage"},"image":{"@id":"https:\/\/dev.fisiotech.com\/fr\/prodotto\/table-adone\/#primaryimage"},"thumbnailUrl":"https:\/\/dev.fisiotech.com\/wp-content\/uploads\/2024\/05\/Adone-ANTEPRIMA-new.png","datePublished":"2024-05-31T10:37:43+00:00","dateModified":"2025-06-19T13:45:52+00:00","description":"TABLE \u00c9LECTRIQUE \u00c0 3 PLANS Table \u00e0 3 plans r\u00e9glable \u00e9lectriquement en hauteur pour traction cervicale et lombaire, massage et examen m\u00e9dical. La table est livr\u00e9e avec accessoires pour la traction : trois coussins de dimensions diff\u00e9rentes pour le support du patient pendant la traction, deux sangles d'immobilisation du bassin et deux du thorax, une mentonni\u00e8re et les supports. En plus, la table a un support amovible pour l\u00b4unit\u00e9 de traction (la derni\u00e8re n\u00b4est pas incluse). La structure de la table Adone permet l'approche du l\u00e8ve-personne et a une charge maximale de 200 kg. CI-PR\u00c9SENT\u00c9 MOD\u00c8LE CODE 1114A12P1SV1 - UNIT\u00c9 DE TRACTION NON INCLUSE","breadcrumb":{"@id":"https:\/\/dev.fisiotech.com\/fr\/prodotto\/table-adone\/#breadcrumb"},"inLanguage":"fr-FR","potentialAction":[{"@type":"ReadAction","target":["https:\/\/dev.fisiotech.com\/fr\/prodotto\/table-adone\/"]}]},{"@type":"ImageObject","inLanguage":"fr-FR","@id":"https:\/\/dev.fisiotech.com\/fr\/prodotto\/table-adone\/#primaryimage","url":"https:\/\/dev.fisiotech.com\/wp-content\/uploads\/2024\/05\/Adone-ANTEPRIMA-new.png","contentUrl":"https:\/\/dev.fisiotech.com\/wp-content\/uploads\/2024\/05\/Adone-ANTEPRIMA-new.png","width":1250,"height":1250},{"@type":"BreadcrumbList","@id":"https:\/\/dev.fisiotech.com\/fr\/prodotto\/table-adone\/#breadcrumb","itemListElement":[{"@type":"ListItem","position":1,"name":"Home","item":"https:\/\/dev.fisiotech.com\/fr\/"},{"@type":"ListItem","position":2,"name":"Boutique","item":"https:\/\/dev.fisiotech.com\/negozio\/"},{"@type":"ListItem","position":3,"name":"Tables","item":"https:\/\/dev.fisiotech.com\/fr\/categoria-prodotto\/tables\/"},{"@type":"ListItem","position":4,"name":"S\u00e9rie Traction","item":"https:\/\/dev.fisiotech.com\/fr\/categoria-prodotto\/tables\/serie-traction-fr\/"},{"@type":"ListItem","position":5,"name":"TABLE ADONE"}]},{"@type":"WebSite","@id":"https:\/\/dev.fisiotech.com\/fr\/#website","url":"https:\/\/dev.fisiotech.com\/fr\/","name":"FisioTech","description":"Tecnologie al servizio della salute","publisher":{"@id":"https:\/\/dev.fisiotech.com\/fr\/#organization"},"potentialAction":[{"@type":"SearchAction","target":{"@type":"EntryPoint","urlTemplate":"https:\/\/dev.fisiotech.com\/fr\/?s={search_term_string}"},"query-input":{"@type":"PropertyValueSpecification","valueRequired":true,"valueName":"search_term_string"}}],"inLanguage":"fr-FR"},{"@type":"Organization","@id":"https:\/\/dev.fisiotech.com\/fr\/#organization","name":"FisioTech - Tecnologie al servizio della salute","url":"https:\/\/dev.fisiotech.com\/fr\/","logo":{"@type":"ImageObject","inLanguage":"fr-FR","@id":"https:\/\/dev.fisiotech.com\/fr\/#\/schema\/logo\/image\/","url":"https:\/\/dev.fisiotech.com\/wp-content\/uploads\/2023\/09\/cropped-Fisiotech-logo.png","contentUrl":"https:\/\/dev.fisiotech.com\/wp-content\/uploads\/2023\/09\/cropped-Fisiotech-logo.png","width":861,"height":329,"caption":"FisioTech - Tecnologie al servizio della salute"},"image":{"@id":"https:\/\/dev.fisiotech.com\/fr\/#\/schema\/logo\/image\/"}}]}},"_links":{"self":[{"href":"https:\/\/dev.fisiotech.com\/fr\/wp-json\/wp\/v2\/product\/12919","targetHints":{"allow":["GET"]}}],"collection":[{"href":"https:\/\/dev.fisiotech.com\/fr\/wp-json\/wp\/v2\/product"}],"about":[{"href":"https:\/\/dev.fisiotech.com\/fr\/wp-json\/wp\/v2\/types\/product"}],"version-history":[{"count":1,"href":"https:\/\/dev.fisiotech.com\/fr\/wp-json\/wp\/v2\/product\/12919\/revisions"}],"predecessor-version":[{"id":12922,"href":"https:\/\/dev.fisiotech.com\/fr\/wp-json\/wp\/v2\/product\/12919\/revisions\/12922"}],"wp:featuredmedia":[{"embeddable":true,"href":"https:\/\/dev.fisiotech.com\/fr\/wp-json\/wp\/v2\/media\/11461"}],"wp:attachment":[{"href":"https:\/\/dev.fisiotech.com\/fr\/wp-json\/wp\/v2\/media?parent=12919"}],"wp:term":[{"taxonomy":"product_brand","embeddable":true,"href":"https:\/\/dev.fisiotech.com\/fr\/wp-json\/wp\/v2\/product_brand?post=12919"},{"taxonomy":"product_cat","embeddable":true,"href":"https:\/\/dev.fisiotech.com\/fr\/wp-json\/wp\/v2\/product_cat?post=12919"},{"taxonomy":"product_tag","embeddable":true,"href":"https:\/\/dev.fisiotech.com\/fr\/wp-json\/wp\/v2\/product_tag?post=12919"}],"curies":[{"name":"wp","href":"https:\/\/api.w.org\/{rel}","templated":true}]}}