{"id":13001,"date":"2023-09-27T06:56:02","date_gmt":"2023-09-27T06:56:02","guid":{"rendered":"https:\/\/fisiotech.com\/prodotto\/stabilisateur-patient-barres-paralleles\/"},"modified":"2024-10-23T17:23:18","modified_gmt":"2024-10-23T17:23:18","slug":"stabilisateur-patient-barres-paralleles","status":"publish","type":"product","link":"https:\/\/dev.fisiotech.com\/fr\/prodotto\/stabilisateur-patient-barres-paralleles\/","title":{"rendered":"STABILISATEUR PATIENT BARRES PARALL\u00c8LES"},"content":{"rendered":"","protected":false},"excerpt":{"rendered":"<p>Le stabilisateur peut \u00eatre utilis\u00e9 sur toutes les barres parall\u00e8les avec plateau de marche pour un majeur soutien au patient pendant la marche. Le stabilisateur est livr\u00e9 avec quatre fins de course \u00e0 placer sur les extr\u00e9mit\u00e9s des mains courantes et platine de jonction n\u00e9cessaire en cas d\u00b4achat d\u00b4un second stabilisateur pour faciliter l\u00b4inversion du sens de la marche. <\/p>\n","protected":false},"featured_media":4461,"template":"","meta":{"_acf_changed":false},"product_brand":[],"product_cat":[374,368],"product_tag":[],"class_list":{"0":"post-13001","1":"product","2":"type-product","3":"status-publish","4":"has-post-thumbnail","6":"product_cat-barres-paralleles","7":"product_cat-reeducation","9":"entry","10":"has-media","12":"first","13":"instock","14":"shipping-taxable","15":"product-type-simple","16":"has-product-nav","17":"col","18":"span_1_of_3","19":"owp-content-center","20":"owp-thumbs-layout-horizontal","21":"owp-btn-normal","22":"owp-tabs-layout-horizontal"},"acf":[],"yoast_head":"<!-- This site is optimized with the Yoast SEO plugin v27.1.1 - https:\/\/yoast.com\/product\/yoast-seo-wordpress\/ -->\n<title>STABILISATEUR PATIENT BARRES PARALL\u00c8LES - FisioTech<\/title>\n<meta name=\"description\" content=\"Le stabilisateur peut \u00eatre utilis\u00e9 sur toutes les barres parall\u00e8les avec plateau de marche pour un majeur soutien au patient pendant la marche. Le stabilisateur est livr\u00e9 avec quatre fins de course \u00e0 placer sur les extr\u00e9mit\u00e9s des mains courantes et platine de jonction n\u00e9cessaire en cas d\u00b4achat d\u00b4un second stabilisateur pour faciliter l\u00b4inversion du sens de la marche.\" \/>\n<meta name=\"robots\" content=\"noindex, follow, max-snippet:-1, max-image-preview:large, max-video-preview:-1\" \/>\n<meta property=\"og:locale\" content=\"fr_FR\" \/>\n<meta property=\"og:type\" content=\"article\" \/>\n<meta property=\"og:title\" content=\"STABILISATEUR PATIENT BARRES PARALL\u00c8LES - FisioTech\" \/>\n<meta property=\"og:description\" content=\"Le stabilisateur peut \u00eatre utilis\u00e9 sur toutes les barres parall\u00e8les avec plateau de marche pour un majeur soutien au patient pendant la marche. Le stabilisateur est livr\u00e9 avec quatre fins de course \u00e0 placer sur les extr\u00e9mit\u00e9s des mains courantes et platine de jonction n\u00e9cessaire en cas d\u00b4achat d\u00b4un second stabilisateur pour faciliter l\u00b4inversion du sens de la marche.\" \/>\n<meta property=\"og:url\" content=\"https:\/\/dev.fisiotech.com\/fr\/prodotto\/stabilisateur-patient-barres-paralleles\/\" \/>\n<meta property=\"og:site_name\" content=\"FisioTech\" \/>\n<meta property=\"article:modified_time\" content=\"2024-10-23T17:23:18+00:00\" \/>\n<meta property=\"og:image\" content=\"https:\/\/dev.fisiotech.com\/wp-content\/uploads\/2023\/09\/Stabilizzatore-per-parallele-1.jpg\" \/>\n\t<meta property=\"og:image:width\" content=\"750\" \/>\n\t<meta property=\"og:image:height\" content=\"750\" \/>\n\t<meta property=\"og:image:type\" content=\"image\/jpeg\" \/>\n<meta name=\"twitter:card\" content=\"summary_large_image\" \/>\n<script type=\"application\/ld+json\" class=\"yoast-schema-graph\">{\"@context\":\"https:\/\/schema.org\",\"@graph\":[{\"@type\":\"WebPage\",\"@id\":\"https:\/\/dev.fisiotech.com\/fr\/prodotto\/stabilisateur-patient-barres-paralleles\/\",\"url\":\"https:\/\/dev.fisiotech.com\/fr\/prodotto\/stabilisateur-patient-barres-paralleles\/\",\"name\":\"STABILISATEUR PATIENT BARRES PARALL\u00c8LES - FisioTech\",\"isPartOf\":{\"@id\":\"https:\/\/dev.fisiotech.com\/fr\/#website\"},\"primaryImageOfPage\":{\"@id\":\"https:\/\/dev.fisiotech.com\/fr\/prodotto\/stabilisateur-patient-barres-paralleles\/#primaryimage\"},\"image\":{\"@id\":\"https:\/\/dev.fisiotech.com\/fr\/prodotto\/stabilisateur-patient-barres-paralleles\/#primaryimage\"},\"thumbnailUrl\":\"https:\/\/dev.fisiotech.com\/wp-content\/uploads\/2023\/09\/Stabilizzatore-per-parallele-1.jpg\",\"datePublished\":\"2023-09-27T06:56:02+00:00\",\"dateModified\":\"2024-10-23T17:23:18+00:00\",\"description\":\"Le stabilisateur peut \u00eatre utilis\u00e9 sur toutes les barres parall\u00e8les avec plateau de marche pour un majeur soutien au patient pendant la marche. Le stabilisateur est livr\u00e9 avec quatre fins de course \u00e0 placer sur les extr\u00e9mit\u00e9s des mains courantes et platine de jonction n\u00e9cessaire en cas d\u00b4achat d\u00b4un second stabilisateur pour faciliter l\u00b4inversion du sens de la marche.\",\"breadcrumb\":{\"@id\":\"https:\/\/dev.fisiotech.com\/fr\/prodotto\/stabilisateur-patient-barres-paralleles\/#breadcrumb\"},\"inLanguage\":\"fr-FR\",\"potentialAction\":[{\"@type\":\"ReadAction\",\"target\":[\"https:\/\/dev.fisiotech.com\/fr\/prodotto\/stabilisateur-patient-barres-paralleles\/\"]}]},{\"@type\":\"ImageObject\",\"inLanguage\":\"fr-FR\",\"@id\":\"https:\/\/dev.fisiotech.com\/fr\/prodotto\/stabilisateur-patient-barres-paralleles\/#primaryimage\",\"url\":\"https:\/\/dev.fisiotech.com\/wp-content\/uploads\/2023\/09\/Stabilizzatore-per-parallele-1.jpg\",\"contentUrl\":\"https:\/\/dev.fisiotech.com\/wp-content\/uploads\/2023\/09\/Stabilizzatore-per-parallele-1.jpg\",\"width\":750,\"height\":750},{\"@type\":\"BreadcrumbList\",\"@id\":\"https:\/\/dev.fisiotech.com\/fr\/prodotto\/stabilisateur-patient-barres-paralleles\/#breadcrumb\",\"itemListElement\":[{\"@type\":\"ListItem\",\"position\":1,\"name\":\"Home\",\"item\":\"https:\/\/dev.fisiotech.com\/fr\/\"},{\"@type\":\"ListItem\",\"position\":2,\"name\":\"Boutique\",\"item\":\"https:\/\/dev.fisiotech.com\/negozio\/\"},{\"@type\":\"ListItem\",\"position\":3,\"name\":\"R\u00e9\u00e9ducation\",\"item\":\"https:\/\/dev.fisiotech.com\/fr\/categoria-prodotto\/reeducation\/\"},{\"@type\":\"ListItem\",\"position\":4,\"name\":\"Barres parall\u00e8les\",\"item\":\"https:\/\/dev.fisiotech.com\/fr\/categoria-prodotto\/reeducation\/barres-paralleles\/\"},{\"@type\":\"ListItem\",\"position\":5,\"name\":\"STABILISATEUR PATIENT BARRES PARALL\u00c8LES\"}]},{\"@type\":\"WebSite\",\"@id\":\"https:\/\/dev.fisiotech.com\/fr\/#website\",\"url\":\"https:\/\/dev.fisiotech.com\/fr\/\",\"name\":\"FisioTech\",\"description\":\"Tecnologie al servizio della salute\",\"publisher\":{\"@id\":\"https:\/\/dev.fisiotech.com\/fr\/#organization\"},\"potentialAction\":[{\"@type\":\"SearchAction\",\"target\":{\"@type\":\"EntryPoint\",\"urlTemplate\":\"https:\/\/dev.fisiotech.com\/fr\/?s={search_term_string}\"},\"query-input\":{\"@type\":\"PropertyValueSpecification\",\"valueRequired\":true,\"valueName\":\"search_term_string\"}}],\"inLanguage\":\"fr-FR\"},{\"@type\":\"Organization\",\"@id\":\"https:\/\/dev.fisiotech.com\/fr\/#organization\",\"name\":\"FisioTech - Tecnologie al servizio della salute\",\"url\":\"https:\/\/dev.fisiotech.com\/fr\/\",\"logo\":{\"@type\":\"ImageObject\",\"inLanguage\":\"fr-FR\",\"@id\":\"https:\/\/dev.fisiotech.com\/fr\/#\/schema\/logo\/image\/\",\"url\":\"https:\/\/dev.fisiotech.com\/wp-content\/uploads\/2023\/09\/cropped-Fisiotech-logo.png\",\"contentUrl\":\"https:\/\/dev.fisiotech.com\/wp-content\/uploads\/2023\/09\/cropped-Fisiotech-logo.png\",\"width\":861,\"height\":329,\"caption\":\"FisioTech - Tecnologie al servizio della salute\"},\"image\":{\"@id\":\"https:\/\/dev.fisiotech.com\/fr\/#\/schema\/logo\/image\/\"}}]}<\/script>\n<!-- \/ Yoast SEO plugin. -->","yoast_head_json":{"title":"STABILISATEUR PATIENT BARRES PARALL\u00c8LES - FisioTech","description":"Le stabilisateur peut \u00eatre utilis\u00e9 sur toutes les barres parall\u00e8les avec plateau de marche pour un majeur soutien au patient pendant la marche. Le stabilisateur est livr\u00e9 avec quatre fins de course \u00e0 placer sur les extr\u00e9mit\u00e9s des mains courantes et platine de jonction n\u00e9cessaire en cas d\u00b4achat d\u00b4un second stabilisateur pour faciliter l\u00b4inversion du sens de la marche.","robots":{"index":"noindex","follow":"follow","max-snippet":"max-snippet:-1","max-image-preview":"max-image-preview:large","max-video-preview":"max-video-preview:-1"},"og_locale":"fr_FR","og_type":"article","og_title":"STABILISATEUR PATIENT BARRES PARALL\u00c8LES - FisioTech","og_description":"Le stabilisateur peut \u00eatre utilis\u00e9 sur toutes les barres parall\u00e8les avec plateau de marche pour un majeur soutien au patient pendant la marche. Le stabilisateur est livr\u00e9 avec quatre fins de course \u00e0 placer sur les extr\u00e9mit\u00e9s des mains courantes et platine de jonction n\u00e9cessaire en cas d\u00b4achat d\u00b4un second stabilisateur pour faciliter l\u00b4inversion du sens de la marche.","og_url":"https:\/\/dev.fisiotech.com\/fr\/prodotto\/stabilisateur-patient-barres-paralleles\/","og_site_name":"FisioTech","article_modified_time":"2024-10-23T17:23:18+00:00","og_image":[{"width":750,"height":750,"url":"https:\/\/dev.fisiotech.com\/wp-content\/uploads\/2023\/09\/Stabilizzatore-per-parallele-1.jpg","type":"image\/jpeg"}],"twitter_card":"summary_large_image","schema":{"@context":"https:\/\/schema.org","@graph":[{"@type":"WebPage","@id":"https:\/\/dev.fisiotech.com\/fr\/prodotto\/stabilisateur-patient-barres-paralleles\/","url":"https:\/\/dev.fisiotech.com\/fr\/prodotto\/stabilisateur-patient-barres-paralleles\/","name":"STABILISATEUR PATIENT BARRES PARALL\u00c8LES - FisioTech","isPartOf":{"@id":"https:\/\/dev.fisiotech.com\/fr\/#website"},"primaryImageOfPage":{"@id":"https:\/\/dev.fisiotech.com\/fr\/prodotto\/stabilisateur-patient-barres-paralleles\/#primaryimage"},"image":{"@id":"https:\/\/dev.fisiotech.com\/fr\/prodotto\/stabilisateur-patient-barres-paralleles\/#primaryimage"},"thumbnailUrl":"https:\/\/dev.fisiotech.com\/wp-content\/uploads\/2023\/09\/Stabilizzatore-per-parallele-1.jpg","datePublished":"2023-09-27T06:56:02+00:00","dateModified":"2024-10-23T17:23:18+00:00","description":"Le stabilisateur peut \u00eatre utilis\u00e9 sur toutes les barres parall\u00e8les avec plateau de marche pour un majeur soutien au patient pendant la marche. Le stabilisateur est livr\u00e9 avec quatre fins de course \u00e0 placer sur les extr\u00e9mit\u00e9s des mains courantes et platine de jonction n\u00e9cessaire en cas d\u00b4achat d\u00b4un second stabilisateur pour faciliter l\u00b4inversion du sens de la marche.","breadcrumb":{"@id":"https:\/\/dev.fisiotech.com\/fr\/prodotto\/stabilisateur-patient-barres-paralleles\/#breadcrumb"},"inLanguage":"fr-FR","potentialAction":[{"@type":"ReadAction","target":["https:\/\/dev.fisiotech.com\/fr\/prodotto\/stabilisateur-patient-barres-paralleles\/"]}]},{"@type":"ImageObject","inLanguage":"fr-FR","@id":"https:\/\/dev.fisiotech.com\/fr\/prodotto\/stabilisateur-patient-barres-paralleles\/#primaryimage","url":"https:\/\/dev.fisiotech.com\/wp-content\/uploads\/2023\/09\/Stabilizzatore-per-parallele-1.jpg","contentUrl":"https:\/\/dev.fisiotech.com\/wp-content\/uploads\/2023\/09\/Stabilizzatore-per-parallele-1.jpg","width":750,"height":750},{"@type":"BreadcrumbList","@id":"https:\/\/dev.fisiotech.com\/fr\/prodotto\/stabilisateur-patient-barres-paralleles\/#breadcrumb","itemListElement":[{"@type":"ListItem","position":1,"name":"Home","item":"https:\/\/dev.fisiotech.com\/fr\/"},{"@type":"ListItem","position":2,"name":"Boutique","item":"https:\/\/dev.fisiotech.com\/negozio\/"},{"@type":"ListItem","position":3,"name":"R\u00e9\u00e9ducation","item":"https:\/\/dev.fisiotech.com\/fr\/categoria-prodotto\/reeducation\/"},{"@type":"ListItem","position":4,"name":"Barres parall\u00e8les","item":"https:\/\/dev.fisiotech.com\/fr\/categoria-prodotto\/reeducation\/barres-paralleles\/"},{"@type":"ListItem","position":5,"name":"STABILISATEUR PATIENT BARRES PARALL\u00c8LES"}]},{"@type":"WebSite","@id":"https:\/\/dev.fisiotech.com\/fr\/#website","url":"https:\/\/dev.fisiotech.com\/fr\/","name":"FisioTech","description":"Tecnologie al servizio della salute","publisher":{"@id":"https:\/\/dev.fisiotech.com\/fr\/#organization"},"potentialAction":[{"@type":"SearchAction","target":{"@type":"EntryPoint","urlTemplate":"https:\/\/dev.fisiotech.com\/fr\/?s={search_term_string}"},"query-input":{"@type":"PropertyValueSpecification","valueRequired":true,"valueName":"search_term_string"}}],"inLanguage":"fr-FR"},{"@type":"Organization","@id":"https:\/\/dev.fisiotech.com\/fr\/#organization","name":"FisioTech - Tecnologie al servizio della salute","url":"https:\/\/dev.fisiotech.com\/fr\/","logo":{"@type":"ImageObject","inLanguage":"fr-FR","@id":"https:\/\/dev.fisiotech.com\/fr\/#\/schema\/logo\/image\/","url":"https:\/\/dev.fisiotech.com\/wp-content\/uploads\/2023\/09\/cropped-Fisiotech-logo.png","contentUrl":"https:\/\/dev.fisiotech.com\/wp-content\/uploads\/2023\/09\/cropped-Fisiotech-logo.png","width":861,"height":329,"caption":"FisioTech - Tecnologie al servizio della salute"},"image":{"@id":"https:\/\/dev.fisiotech.com\/fr\/#\/schema\/logo\/image\/"}}]}},"_links":{"self":[{"href":"https:\/\/dev.fisiotech.com\/fr\/wp-json\/wp\/v2\/product\/13001","targetHints":{"allow":["GET"]}}],"collection":[{"href":"https:\/\/dev.fisiotech.com\/fr\/wp-json\/wp\/v2\/product"}],"about":[{"href":"https:\/\/dev.fisiotech.com\/fr\/wp-json\/wp\/v2\/types\/product"}],"version-history":[{"count":1,"href":"https:\/\/dev.fisiotech.com\/fr\/wp-json\/wp\/v2\/product\/13001\/revisions"}],"predecessor-version":[{"id":14224,"href":"https:\/\/dev.fisiotech.com\/fr\/wp-json\/wp\/v2\/product\/13001\/revisions\/14224"}],"wp:featuredmedia":[{"embeddable":true,"href":"https:\/\/dev.fisiotech.com\/fr\/wp-json\/wp\/v2\/media\/4461"}],"wp:attachment":[{"href":"https:\/\/dev.fisiotech.com\/fr\/wp-json\/wp\/v2\/media?parent=13001"}],"wp:term":[{"taxonomy":"product_brand","embeddable":true,"href":"https:\/\/dev.fisiotech.com\/fr\/wp-json\/wp\/v2\/product_brand?post=13001"},{"taxonomy":"product_cat","embeddable":true,"href":"https:\/\/dev.fisiotech.com\/fr\/wp-json\/wp\/v2\/product_cat?post=13001"},{"taxonomy":"product_tag","embeddable":true,"href":"https:\/\/dev.fisiotech.com\/fr\/wp-json\/wp\/v2\/product_tag?post=13001"}],"curies":[{"name":"wp","href":"https:\/\/api.w.org\/{rel}","templated":true}]}}