{"id":13017,"date":"2023-11-16T21:44:08","date_gmt":"2023-11-16T21:44:08","guid":{"rendered":"https:\/\/fisiotech.com\/prodotto\/barres-paralleles-pliables\/"},"modified":"2025-03-18T09:35:43","modified_gmt":"2025-03-18T09:35:43","slug":"barres-paralleles-pliables","status":"publish","type":"product","link":"https:\/\/dev.fisiotech.com\/fr\/prodotto\/barres-paralleles-pliables\/","title":{"rendered":"BARRES PARALL\u00c8LES PLIABLES"},"content":{"rendered":"","protected":false},"excerpt":{"rendered":"<h4>Barres parall\u00e8les pliables avec mains courantes en bois ou en m\u00e9tal<\/h4>\n<p> Structure en m\u00e9tal \u00e9poxy. Mains courantes en forme anatomique en bois ou en m\u00e9tal \u00e9poxy r\u00e9glables en hauteur avec un syst\u00e8me t\u00e9lescopique. Les boutons \u00e9toile emp\u00eachent tout d\u00e9vissement et mouvement des mains courantes pendant l\u00b4utilisation.    <\/p>\n","protected":false},"featured_media":15906,"template":"","meta":{"_acf_changed":false},"product_brand":[],"product_cat":[374,368],"product_tag":[],"class_list":{"0":"post-13017","1":"product","2":"type-product","3":"status-publish","4":"has-post-thumbnail","6":"product_cat-barres-paralleles","7":"product_cat-reeducation","9":"entry","10":"has-media","12":"first","13":"instock","14":"shipping-taxable","15":"purchasable","16":"product-type-variable","17":"has-default-attributes","18":"has-product-nav","19":"col","20":"span_1_of_3","21":"owp-content-center","22":"owp-thumbs-layout-horizontal","23":"owp-btn-normal","24":"owp-tabs-layout-horizontal"},"acf":[],"yoast_head":"<!-- This site is optimized with the Yoast SEO plugin v27.1.1 - https:\/\/yoast.com\/product\/yoast-seo-wordpress\/ -->\n<title>BARRES PARALL\u00c8LES PLIABLES - FisioTech<\/title>\n<meta name=\"description\" content=\"Barres parall\u00e8les pliables avec mains courantes en bois ou en m\u00e9tal Structure en m\u00e9tal \u00e9poxy. Mains courantes en forme anatomique en bois ou en m\u00e9tal \u00e9poxy r\u00e9glables en hauteur avec un syst\u00e8me t\u00e9lescopique. Les boutons \u00e9toile emp\u00eachent tout d\u00e9vissement et mouvement des mains courantes pendant l\u00b4utilisation.\" \/>\n<meta name=\"robots\" content=\"noindex, follow, max-snippet:-1, max-image-preview:large, max-video-preview:-1\" \/>\n<meta property=\"og:locale\" content=\"fr_FR\" \/>\n<meta property=\"og:type\" content=\"article\" \/>\n<meta property=\"og:title\" content=\"BARRES PARALL\u00c8LES PLIABLES - FisioTech\" \/>\n<meta property=\"og:description\" content=\"Barres parall\u00e8les pliables avec mains courantes en bois ou en m\u00e9tal Structure en m\u00e9tal \u00e9poxy. Mains courantes en forme anatomique en bois ou en m\u00e9tal \u00e9poxy r\u00e9glables en hauteur avec un syst\u00e8me t\u00e9lescopique. Les boutons \u00e9toile emp\u00eachent tout d\u00e9vissement et mouvement des mains courantes pendant l\u00b4utilisation.\" \/>\n<meta property=\"og:url\" content=\"https:\/\/dev.fisiotech.com\/fr\/prodotto\/barres-paralleles-pliables\/\" \/>\n<meta property=\"og:site_name\" content=\"FisioTech\" \/>\n<meta property=\"article:modified_time\" content=\"2025-03-18T09:35:43+00:00\" \/>\n<meta property=\"og:image\" content=\"https:\/\/dev.fisiotech.com\/wp-content\/uploads\/2025\/05\/Parallela-Chiudibile-Metallo.jpg\" \/>\n\t<meta property=\"og:image:width\" content=\"750\" \/>\n\t<meta property=\"og:image:height\" content=\"750\" \/>\n\t<meta property=\"og:image:type\" content=\"image\/jpeg\" \/>\n<meta name=\"twitter:card\" content=\"summary_large_image\" \/>\n<script type=\"application\/ld+json\" class=\"yoast-schema-graph\">{\"@context\":\"https:\/\/schema.org\",\"@graph\":[{\"@type\":\"WebPage\",\"@id\":\"https:\/\/dev.fisiotech.com\/fr\/prodotto\/barres-paralleles-pliables\/\",\"url\":\"https:\/\/dev.fisiotech.com\/fr\/prodotto\/barres-paralleles-pliables\/\",\"name\":\"BARRES PARALL\u00c8LES PLIABLES - FisioTech\",\"isPartOf\":{\"@id\":\"https:\/\/dev.fisiotech.com\/fr\/#website\"},\"primaryImageOfPage\":{\"@id\":\"https:\/\/dev.fisiotech.com\/fr\/prodotto\/barres-paralleles-pliables\/#primaryimage\"},\"image\":{\"@id\":\"https:\/\/dev.fisiotech.com\/fr\/prodotto\/barres-paralleles-pliables\/#primaryimage\"},\"thumbnailUrl\":\"https:\/\/dev.fisiotech.com\/wp-content\/uploads\/2025\/05\/Parallela-Chiudibile-Metallo.jpg\",\"datePublished\":\"2023-11-16T21:44:08+00:00\",\"dateModified\":\"2025-03-18T09:35:43+00:00\",\"description\":\"Barres parall\u00e8les pliables avec mains courantes en bois ou en m\u00e9tal Structure en m\u00e9tal \u00e9poxy. Mains courantes en forme anatomique en bois ou en m\u00e9tal \u00e9poxy r\u00e9glables en hauteur avec un syst\u00e8me t\u00e9lescopique. Les boutons \u00e9toile emp\u00eachent tout d\u00e9vissement et mouvement des mains courantes pendant l\u00b4utilisation.\",\"breadcrumb\":{\"@id\":\"https:\/\/dev.fisiotech.com\/fr\/prodotto\/barres-paralleles-pliables\/#breadcrumb\"},\"inLanguage\":\"fr-FR\",\"potentialAction\":[{\"@type\":\"ReadAction\",\"target\":[\"https:\/\/dev.fisiotech.com\/fr\/prodotto\/barres-paralleles-pliables\/\"]}]},{\"@type\":\"ImageObject\",\"inLanguage\":\"fr-FR\",\"@id\":\"https:\/\/dev.fisiotech.com\/fr\/prodotto\/barres-paralleles-pliables\/#primaryimage\",\"url\":\"https:\/\/dev.fisiotech.com\/wp-content\/uploads\/2025\/05\/Parallela-Chiudibile-Metallo.jpg\",\"contentUrl\":\"https:\/\/dev.fisiotech.com\/wp-content\/uploads\/2025\/05\/Parallela-Chiudibile-Metallo.jpg\",\"width\":750,\"height\":750},{\"@type\":\"BreadcrumbList\",\"@id\":\"https:\/\/dev.fisiotech.com\/fr\/prodotto\/barres-paralleles-pliables\/#breadcrumb\",\"itemListElement\":[{\"@type\":\"ListItem\",\"position\":1,\"name\":\"Home\",\"item\":\"https:\/\/dev.fisiotech.com\/fr\/\"},{\"@type\":\"ListItem\",\"position\":2,\"name\":\"Boutique\",\"item\":\"https:\/\/dev.fisiotech.com\/negozio\/\"},{\"@type\":\"ListItem\",\"position\":3,\"name\":\"R\u00e9\u00e9ducation\",\"item\":\"https:\/\/dev.fisiotech.com\/fr\/categoria-prodotto\/reeducation\/\"},{\"@type\":\"ListItem\",\"position\":4,\"name\":\"Barres parall\u00e8les\",\"item\":\"https:\/\/dev.fisiotech.com\/fr\/categoria-prodotto\/reeducation\/barres-paralleles\/\"},{\"@type\":\"ListItem\",\"position\":5,\"name\":\"BARRES PARALL\u00c8LES PLIABLES\"}]},{\"@type\":\"WebSite\",\"@id\":\"https:\/\/dev.fisiotech.com\/fr\/#website\",\"url\":\"https:\/\/dev.fisiotech.com\/fr\/\",\"name\":\"FisioTech\",\"description\":\"Tecnologie al servizio della salute\",\"publisher\":{\"@id\":\"https:\/\/dev.fisiotech.com\/fr\/#organization\"},\"potentialAction\":[{\"@type\":\"SearchAction\",\"target\":{\"@type\":\"EntryPoint\",\"urlTemplate\":\"https:\/\/dev.fisiotech.com\/fr\/?s={search_term_string}\"},\"query-input\":{\"@type\":\"PropertyValueSpecification\",\"valueRequired\":true,\"valueName\":\"search_term_string\"}}],\"inLanguage\":\"fr-FR\"},{\"@type\":\"Organization\",\"@id\":\"https:\/\/dev.fisiotech.com\/fr\/#organization\",\"name\":\"FisioTech - Tecnologie al servizio della salute\",\"url\":\"https:\/\/dev.fisiotech.com\/fr\/\",\"logo\":{\"@type\":\"ImageObject\",\"inLanguage\":\"fr-FR\",\"@id\":\"https:\/\/dev.fisiotech.com\/fr\/#\/schema\/logo\/image\/\",\"url\":\"https:\/\/dev.fisiotech.com\/wp-content\/uploads\/2023\/09\/cropped-Fisiotech-logo.png\",\"contentUrl\":\"https:\/\/dev.fisiotech.com\/wp-content\/uploads\/2023\/09\/cropped-Fisiotech-logo.png\",\"width\":861,\"height\":329,\"caption\":\"FisioTech - Tecnologie al servizio della salute\"},\"image\":{\"@id\":\"https:\/\/dev.fisiotech.com\/fr\/#\/schema\/logo\/image\/\"}}]}<\/script>\n<!-- \/ Yoast SEO plugin. -->","yoast_head_json":{"title":"BARRES PARALL\u00c8LES PLIABLES - FisioTech","description":"Barres parall\u00e8les pliables avec mains courantes en bois ou en m\u00e9tal Structure en m\u00e9tal \u00e9poxy. Mains courantes en forme anatomique en bois ou en m\u00e9tal \u00e9poxy r\u00e9glables en hauteur avec un syst\u00e8me t\u00e9lescopique. Les boutons \u00e9toile emp\u00eachent tout d\u00e9vissement et mouvement des mains courantes pendant l\u00b4utilisation.","robots":{"index":"noindex","follow":"follow","max-snippet":"max-snippet:-1","max-image-preview":"max-image-preview:large","max-video-preview":"max-video-preview:-1"},"og_locale":"fr_FR","og_type":"article","og_title":"BARRES PARALL\u00c8LES PLIABLES - FisioTech","og_description":"Barres parall\u00e8les pliables avec mains courantes en bois ou en m\u00e9tal Structure en m\u00e9tal \u00e9poxy. Mains courantes en forme anatomique en bois ou en m\u00e9tal \u00e9poxy r\u00e9glables en hauteur avec un syst\u00e8me t\u00e9lescopique. Les boutons \u00e9toile emp\u00eachent tout d\u00e9vissement et mouvement des mains courantes pendant l\u00b4utilisation.","og_url":"https:\/\/dev.fisiotech.com\/fr\/prodotto\/barres-paralleles-pliables\/","og_site_name":"FisioTech","article_modified_time":"2025-03-18T09:35:43+00:00","og_image":[{"width":750,"height":750,"url":"https:\/\/dev.fisiotech.com\/wp-content\/uploads\/2025\/05\/Parallela-Chiudibile-Metallo.jpg","type":"image\/jpeg"}],"twitter_card":"summary_large_image","schema":{"@context":"https:\/\/schema.org","@graph":[{"@type":"WebPage","@id":"https:\/\/dev.fisiotech.com\/fr\/prodotto\/barres-paralleles-pliables\/","url":"https:\/\/dev.fisiotech.com\/fr\/prodotto\/barres-paralleles-pliables\/","name":"BARRES PARALL\u00c8LES PLIABLES - FisioTech","isPartOf":{"@id":"https:\/\/dev.fisiotech.com\/fr\/#website"},"primaryImageOfPage":{"@id":"https:\/\/dev.fisiotech.com\/fr\/prodotto\/barres-paralleles-pliables\/#primaryimage"},"image":{"@id":"https:\/\/dev.fisiotech.com\/fr\/prodotto\/barres-paralleles-pliables\/#primaryimage"},"thumbnailUrl":"https:\/\/dev.fisiotech.com\/wp-content\/uploads\/2025\/05\/Parallela-Chiudibile-Metallo.jpg","datePublished":"2023-11-16T21:44:08+00:00","dateModified":"2025-03-18T09:35:43+00:00","description":"Barres parall\u00e8les pliables avec mains courantes en bois ou en m\u00e9tal Structure en m\u00e9tal \u00e9poxy. Mains courantes en forme anatomique en bois ou en m\u00e9tal \u00e9poxy r\u00e9glables en hauteur avec un syst\u00e8me t\u00e9lescopique. Les boutons \u00e9toile emp\u00eachent tout d\u00e9vissement et mouvement des mains courantes pendant l\u00b4utilisation.","breadcrumb":{"@id":"https:\/\/dev.fisiotech.com\/fr\/prodotto\/barres-paralleles-pliables\/#breadcrumb"},"inLanguage":"fr-FR","potentialAction":[{"@type":"ReadAction","target":["https:\/\/dev.fisiotech.com\/fr\/prodotto\/barres-paralleles-pliables\/"]}]},{"@type":"ImageObject","inLanguage":"fr-FR","@id":"https:\/\/dev.fisiotech.com\/fr\/prodotto\/barres-paralleles-pliables\/#primaryimage","url":"https:\/\/dev.fisiotech.com\/wp-content\/uploads\/2025\/05\/Parallela-Chiudibile-Metallo.jpg","contentUrl":"https:\/\/dev.fisiotech.com\/wp-content\/uploads\/2025\/05\/Parallela-Chiudibile-Metallo.jpg","width":750,"height":750},{"@type":"BreadcrumbList","@id":"https:\/\/dev.fisiotech.com\/fr\/prodotto\/barres-paralleles-pliables\/#breadcrumb","itemListElement":[{"@type":"ListItem","position":1,"name":"Home","item":"https:\/\/dev.fisiotech.com\/fr\/"},{"@type":"ListItem","position":2,"name":"Boutique","item":"https:\/\/dev.fisiotech.com\/negozio\/"},{"@type":"ListItem","position":3,"name":"R\u00e9\u00e9ducation","item":"https:\/\/dev.fisiotech.com\/fr\/categoria-prodotto\/reeducation\/"},{"@type":"ListItem","position":4,"name":"Barres parall\u00e8les","item":"https:\/\/dev.fisiotech.com\/fr\/categoria-prodotto\/reeducation\/barres-paralleles\/"},{"@type":"ListItem","position":5,"name":"BARRES PARALL\u00c8LES PLIABLES"}]},{"@type":"WebSite","@id":"https:\/\/dev.fisiotech.com\/fr\/#website","url":"https:\/\/dev.fisiotech.com\/fr\/","name":"FisioTech","description":"Tecnologie al servizio della salute","publisher":{"@id":"https:\/\/dev.fisiotech.com\/fr\/#organization"},"potentialAction":[{"@type":"SearchAction","target":{"@type":"EntryPoint","urlTemplate":"https:\/\/dev.fisiotech.com\/fr\/?s={search_term_string}"},"query-input":{"@type":"PropertyValueSpecification","valueRequired":true,"valueName":"search_term_string"}}],"inLanguage":"fr-FR"},{"@type":"Organization","@id":"https:\/\/dev.fisiotech.com\/fr\/#organization","name":"FisioTech - Tecnologie al servizio della salute","url":"https:\/\/dev.fisiotech.com\/fr\/","logo":{"@type":"ImageObject","inLanguage":"fr-FR","@id":"https:\/\/dev.fisiotech.com\/fr\/#\/schema\/logo\/image\/","url":"https:\/\/dev.fisiotech.com\/wp-content\/uploads\/2023\/09\/cropped-Fisiotech-logo.png","contentUrl":"https:\/\/dev.fisiotech.com\/wp-content\/uploads\/2023\/09\/cropped-Fisiotech-logo.png","width":861,"height":329,"caption":"FisioTech - Tecnologie al servizio della salute"},"image":{"@id":"https:\/\/dev.fisiotech.com\/fr\/#\/schema\/logo\/image\/"}}]}},"_links":{"self":[{"href":"https:\/\/dev.fisiotech.com\/fr\/wp-json\/wp\/v2\/product\/13017","targetHints":{"allow":["GET"]}}],"collection":[{"href":"https:\/\/dev.fisiotech.com\/fr\/wp-json\/wp\/v2\/product"}],"about":[{"href":"https:\/\/dev.fisiotech.com\/fr\/wp-json\/wp\/v2\/types\/product"}],"version-history":[{"count":1,"href":"https:\/\/dev.fisiotech.com\/fr\/wp-json\/wp\/v2\/product\/13017\/revisions"}],"predecessor-version":[{"id":13036,"href":"https:\/\/dev.fisiotech.com\/fr\/wp-json\/wp\/v2\/product\/13017\/revisions\/13036"}],"wp:featuredmedia":[{"embeddable":true,"href":"https:\/\/dev.fisiotech.com\/fr\/wp-json\/wp\/v2\/media\/15906"}],"wp:attachment":[{"href":"https:\/\/dev.fisiotech.com\/fr\/wp-json\/wp\/v2\/media?parent=13017"}],"wp:term":[{"taxonomy":"product_brand","embeddable":true,"href":"https:\/\/dev.fisiotech.com\/fr\/wp-json\/wp\/v2\/product_brand?post=13017"},{"taxonomy":"product_cat","embeddable":true,"href":"https:\/\/dev.fisiotech.com\/fr\/wp-json\/wp\/v2\/product_cat?post=13017"},{"taxonomy":"product_tag","embeddable":true,"href":"https:\/\/dev.fisiotech.com\/fr\/wp-json\/wp\/v2\/product_tag?post=13017"}],"curies":[{"name":"wp","href":"https:\/\/api.w.org\/{rel}","templated":true}]}}