{"id":13027,"date":"2023-11-16T22:12:21","date_gmt":"2023-11-16T22:12:21","guid":{"rendered":"https:\/\/fisiotech.com\/prodotto\/plateau-avec-separateurs\/"},"modified":"2024-09-11T19:58:29","modified_gmt":"2024-09-11T19:58:29","slug":"plateau-avec-separateurs","status":"publish","type":"product","link":"https:\/\/dev.fisiotech.com\/fr\/prodotto\/plateau-avec-separateurs\/","title":{"rendered":"PLATEAU AVEC S\u00c9PARATEURS"},"content":{"rendered":"","protected":false},"excerpt":{"rendered":"<p>Le plateau avec s\u00e9parateurs est divis\u00e9 en plusieurs compartiments o\u00f9 l\u00b4on peut placer diff\u00e9rents accessoires qui simulent les plusieurs typologies de surface sur lesquelles le patient pourrait devoir marcher pendant la vie quotidienne.<\/p>\n","protected":false},"featured_media":4479,"template":"","meta":{"_acf_changed":false},"product_brand":[],"product_cat":[374,368],"product_tag":[],"class_list":{"0":"post-13027","1":"product","2":"type-product","3":"status-publish","4":"has-post-thumbnail","6":"product_cat-barres-paralleles","7":"product_cat-reeducation","9":"entry","10":"has-media","12":"first","13":"instock","14":"shipping-taxable","15":"purchasable","16":"product-type-simple","17":"has-product-nav","18":"col","19":"span_1_of_3","20":"owp-content-center","21":"owp-thumbs-layout-horizontal","22":"owp-btn-normal","23":"owp-tabs-layout-horizontal","24":"has-no-thumbnails"},"acf":[],"yoast_head":"<!-- This site is optimized with the Yoast SEO plugin v27.1.1 - https:\/\/yoast.com\/product\/yoast-seo-wordpress\/ -->\n<title>PLATEAU AVEC S\u00c9PARATEURS - FisioTech<\/title>\n<meta name=\"description\" content=\"Le plateau avec s\u00e9parateurs est divis\u00e9 en plusieurs compartiments o\u00f9 l\u00b4on peut placer diff\u00e9rents accessoires qui simulent les plusieurs typologies de surface sur lesquelles le patient pourrait devoir marcher pendant la vie quotidienne.\" \/>\n<meta name=\"robots\" content=\"noindex, follow, max-snippet:-1, max-image-preview:large, max-video-preview:-1\" \/>\n<meta property=\"og:locale\" content=\"fr_FR\" \/>\n<meta property=\"og:type\" content=\"article\" \/>\n<meta property=\"og:title\" content=\"PLATEAU AVEC S\u00c9PARATEURS - FisioTech\" \/>\n<meta property=\"og:description\" content=\"Le plateau avec s\u00e9parateurs est divis\u00e9 en plusieurs compartiments o\u00f9 l\u00b4on peut placer diff\u00e9rents accessoires qui simulent les plusieurs typologies de surface sur lesquelles le patient pourrait devoir marcher pendant la vie quotidienne.\" \/>\n<meta property=\"og:url\" content=\"https:\/\/dev.fisiotech.com\/fr\/prodotto\/plateau-avec-separateurs\/\" \/>\n<meta property=\"og:site_name\" content=\"FisioTech\" \/>\n<meta property=\"article:modified_time\" content=\"2024-09-11T19:58:29+00:00\" \/>\n<meta property=\"og:image\" content=\"https:\/\/dev.fisiotech.com\/wp-content\/uploads\/2023\/11\/Telaio-Con-Divisori-per-parallele.jpg\" \/>\n\t<meta property=\"og:image:width\" content=\"750\" \/>\n\t<meta property=\"og:image:height\" content=\"750\" \/>\n\t<meta property=\"og:image:type\" content=\"image\/jpeg\" \/>\n<meta name=\"twitter:card\" content=\"summary_large_image\" \/>\n<script type=\"application\/ld+json\" class=\"yoast-schema-graph\">{\"@context\":\"https:\/\/schema.org\",\"@graph\":[{\"@type\":\"WebPage\",\"@id\":\"https:\/\/dev.fisiotech.com\/fr\/prodotto\/plateau-avec-separateurs\/\",\"url\":\"https:\/\/dev.fisiotech.com\/fr\/prodotto\/plateau-avec-separateurs\/\",\"name\":\"PLATEAU AVEC S\u00c9PARATEURS - FisioTech\",\"isPartOf\":{\"@id\":\"https:\/\/dev.fisiotech.com\/fr\/#website\"},\"primaryImageOfPage\":{\"@id\":\"https:\/\/dev.fisiotech.com\/fr\/prodotto\/plateau-avec-separateurs\/#primaryimage\"},\"image\":{\"@id\":\"https:\/\/dev.fisiotech.com\/fr\/prodotto\/plateau-avec-separateurs\/#primaryimage\"},\"thumbnailUrl\":\"https:\/\/dev.fisiotech.com\/wp-content\/uploads\/2023\/11\/Telaio-Con-Divisori-per-parallele.jpg\",\"datePublished\":\"2023-11-16T22:12:21+00:00\",\"dateModified\":\"2024-09-11T19:58:29+00:00\",\"description\":\"Le plateau avec s\u00e9parateurs est divis\u00e9 en plusieurs compartiments o\u00f9 l\u00b4on peut placer diff\u00e9rents accessoires qui simulent les plusieurs typologies de surface sur lesquelles le patient pourrait devoir marcher pendant la vie quotidienne.\",\"breadcrumb\":{\"@id\":\"https:\/\/dev.fisiotech.com\/fr\/prodotto\/plateau-avec-separateurs\/#breadcrumb\"},\"inLanguage\":\"fr-FR\",\"potentialAction\":[{\"@type\":\"ReadAction\",\"target\":[\"https:\/\/dev.fisiotech.com\/fr\/prodotto\/plateau-avec-separateurs\/\"]}]},{\"@type\":\"ImageObject\",\"inLanguage\":\"fr-FR\",\"@id\":\"https:\/\/dev.fisiotech.com\/fr\/prodotto\/plateau-avec-separateurs\/#primaryimage\",\"url\":\"https:\/\/dev.fisiotech.com\/wp-content\/uploads\/2023\/11\/Telaio-Con-Divisori-per-parallele.jpg\",\"contentUrl\":\"https:\/\/dev.fisiotech.com\/wp-content\/uploads\/2023\/11\/Telaio-Con-Divisori-per-parallele.jpg\",\"width\":750,\"height\":750},{\"@type\":\"BreadcrumbList\",\"@id\":\"https:\/\/dev.fisiotech.com\/fr\/prodotto\/plateau-avec-separateurs\/#breadcrumb\",\"itemListElement\":[{\"@type\":\"ListItem\",\"position\":1,\"name\":\"Home\",\"item\":\"https:\/\/dev.fisiotech.com\/fr\/\"},{\"@type\":\"ListItem\",\"position\":2,\"name\":\"Boutique\",\"item\":\"https:\/\/dev.fisiotech.com\/negozio\/\"},{\"@type\":\"ListItem\",\"position\":3,\"name\":\"R\u00e9\u00e9ducation\",\"item\":\"https:\/\/dev.fisiotech.com\/fr\/categoria-prodotto\/reeducation\/\"},{\"@type\":\"ListItem\",\"position\":4,\"name\":\"Barres parall\u00e8les\",\"item\":\"https:\/\/dev.fisiotech.com\/fr\/categoria-prodotto\/reeducation\/barres-paralleles\/\"},{\"@type\":\"ListItem\",\"position\":5,\"name\":\"PLATEAU AVEC S\u00c9PARATEURS\"}]},{\"@type\":\"WebSite\",\"@id\":\"https:\/\/dev.fisiotech.com\/fr\/#website\",\"url\":\"https:\/\/dev.fisiotech.com\/fr\/\",\"name\":\"FisioTech\",\"description\":\"Tecnologie al servizio della salute\",\"publisher\":{\"@id\":\"https:\/\/dev.fisiotech.com\/fr\/#organization\"},\"potentialAction\":[{\"@type\":\"SearchAction\",\"target\":{\"@type\":\"EntryPoint\",\"urlTemplate\":\"https:\/\/dev.fisiotech.com\/fr\/?s={search_term_string}\"},\"query-input\":{\"@type\":\"PropertyValueSpecification\",\"valueRequired\":true,\"valueName\":\"search_term_string\"}}],\"inLanguage\":\"fr-FR\"},{\"@type\":\"Organization\",\"@id\":\"https:\/\/dev.fisiotech.com\/fr\/#organization\",\"name\":\"FisioTech - Tecnologie al servizio della salute\",\"url\":\"https:\/\/dev.fisiotech.com\/fr\/\",\"logo\":{\"@type\":\"ImageObject\",\"inLanguage\":\"fr-FR\",\"@id\":\"https:\/\/dev.fisiotech.com\/fr\/#\/schema\/logo\/image\/\",\"url\":\"https:\/\/dev.fisiotech.com\/wp-content\/uploads\/2023\/09\/cropped-Fisiotech-logo.png\",\"contentUrl\":\"https:\/\/dev.fisiotech.com\/wp-content\/uploads\/2023\/09\/cropped-Fisiotech-logo.png\",\"width\":861,\"height\":329,\"caption\":\"FisioTech - Tecnologie al servizio della salute\"},\"image\":{\"@id\":\"https:\/\/dev.fisiotech.com\/fr\/#\/schema\/logo\/image\/\"}}]}<\/script>\n<!-- \/ Yoast SEO plugin. -->","yoast_head_json":{"title":"PLATEAU AVEC S\u00c9PARATEURS - FisioTech","description":"Le plateau avec s\u00e9parateurs est divis\u00e9 en plusieurs compartiments o\u00f9 l\u00b4on peut placer diff\u00e9rents accessoires qui simulent les plusieurs typologies de surface sur lesquelles le patient pourrait devoir marcher pendant la vie quotidienne.","robots":{"index":"noindex","follow":"follow","max-snippet":"max-snippet:-1","max-image-preview":"max-image-preview:large","max-video-preview":"max-video-preview:-1"},"og_locale":"fr_FR","og_type":"article","og_title":"PLATEAU AVEC S\u00c9PARATEURS - FisioTech","og_description":"Le plateau avec s\u00e9parateurs est divis\u00e9 en plusieurs compartiments o\u00f9 l\u00b4on peut placer diff\u00e9rents accessoires qui simulent les plusieurs typologies de surface sur lesquelles le patient pourrait devoir marcher pendant la vie quotidienne.","og_url":"https:\/\/dev.fisiotech.com\/fr\/prodotto\/plateau-avec-separateurs\/","og_site_name":"FisioTech","article_modified_time":"2024-09-11T19:58:29+00:00","og_image":[{"width":750,"height":750,"url":"https:\/\/dev.fisiotech.com\/wp-content\/uploads\/2023\/11\/Telaio-Con-Divisori-per-parallele.jpg","type":"image\/jpeg"}],"twitter_card":"summary_large_image","schema":{"@context":"https:\/\/schema.org","@graph":[{"@type":"WebPage","@id":"https:\/\/dev.fisiotech.com\/fr\/prodotto\/plateau-avec-separateurs\/","url":"https:\/\/dev.fisiotech.com\/fr\/prodotto\/plateau-avec-separateurs\/","name":"PLATEAU AVEC S\u00c9PARATEURS - FisioTech","isPartOf":{"@id":"https:\/\/dev.fisiotech.com\/fr\/#website"},"primaryImageOfPage":{"@id":"https:\/\/dev.fisiotech.com\/fr\/prodotto\/plateau-avec-separateurs\/#primaryimage"},"image":{"@id":"https:\/\/dev.fisiotech.com\/fr\/prodotto\/plateau-avec-separateurs\/#primaryimage"},"thumbnailUrl":"https:\/\/dev.fisiotech.com\/wp-content\/uploads\/2023\/11\/Telaio-Con-Divisori-per-parallele.jpg","datePublished":"2023-11-16T22:12:21+00:00","dateModified":"2024-09-11T19:58:29+00:00","description":"Le plateau avec s\u00e9parateurs est divis\u00e9 en plusieurs compartiments o\u00f9 l\u00b4on peut placer diff\u00e9rents accessoires qui simulent les plusieurs typologies de surface sur lesquelles le patient pourrait devoir marcher pendant la vie quotidienne.","breadcrumb":{"@id":"https:\/\/dev.fisiotech.com\/fr\/prodotto\/plateau-avec-separateurs\/#breadcrumb"},"inLanguage":"fr-FR","potentialAction":[{"@type":"ReadAction","target":["https:\/\/dev.fisiotech.com\/fr\/prodotto\/plateau-avec-separateurs\/"]}]},{"@type":"ImageObject","inLanguage":"fr-FR","@id":"https:\/\/dev.fisiotech.com\/fr\/prodotto\/plateau-avec-separateurs\/#primaryimage","url":"https:\/\/dev.fisiotech.com\/wp-content\/uploads\/2023\/11\/Telaio-Con-Divisori-per-parallele.jpg","contentUrl":"https:\/\/dev.fisiotech.com\/wp-content\/uploads\/2023\/11\/Telaio-Con-Divisori-per-parallele.jpg","width":750,"height":750},{"@type":"BreadcrumbList","@id":"https:\/\/dev.fisiotech.com\/fr\/prodotto\/plateau-avec-separateurs\/#breadcrumb","itemListElement":[{"@type":"ListItem","position":1,"name":"Home","item":"https:\/\/dev.fisiotech.com\/fr\/"},{"@type":"ListItem","position":2,"name":"Boutique","item":"https:\/\/dev.fisiotech.com\/negozio\/"},{"@type":"ListItem","position":3,"name":"R\u00e9\u00e9ducation","item":"https:\/\/dev.fisiotech.com\/fr\/categoria-prodotto\/reeducation\/"},{"@type":"ListItem","position":4,"name":"Barres parall\u00e8les","item":"https:\/\/dev.fisiotech.com\/fr\/categoria-prodotto\/reeducation\/barres-paralleles\/"},{"@type":"ListItem","position":5,"name":"PLATEAU AVEC S\u00c9PARATEURS"}]},{"@type":"WebSite","@id":"https:\/\/dev.fisiotech.com\/fr\/#website","url":"https:\/\/dev.fisiotech.com\/fr\/","name":"FisioTech","description":"Tecnologie al servizio della salute","publisher":{"@id":"https:\/\/dev.fisiotech.com\/fr\/#organization"},"potentialAction":[{"@type":"SearchAction","target":{"@type":"EntryPoint","urlTemplate":"https:\/\/dev.fisiotech.com\/fr\/?s={search_term_string}"},"query-input":{"@type":"PropertyValueSpecification","valueRequired":true,"valueName":"search_term_string"}}],"inLanguage":"fr-FR"},{"@type":"Organization","@id":"https:\/\/dev.fisiotech.com\/fr\/#organization","name":"FisioTech - Tecnologie al servizio della salute","url":"https:\/\/dev.fisiotech.com\/fr\/","logo":{"@type":"ImageObject","inLanguage":"fr-FR","@id":"https:\/\/dev.fisiotech.com\/fr\/#\/schema\/logo\/image\/","url":"https:\/\/dev.fisiotech.com\/wp-content\/uploads\/2023\/09\/cropped-Fisiotech-logo.png","contentUrl":"https:\/\/dev.fisiotech.com\/wp-content\/uploads\/2023\/09\/cropped-Fisiotech-logo.png","width":861,"height":329,"caption":"FisioTech - Tecnologie al servizio della salute"},"image":{"@id":"https:\/\/dev.fisiotech.com\/fr\/#\/schema\/logo\/image\/"}}]}},"_links":{"self":[{"href":"https:\/\/dev.fisiotech.com\/fr\/wp-json\/wp\/v2\/product\/13027","targetHints":{"allow":["GET"]}}],"collection":[{"href":"https:\/\/dev.fisiotech.com\/fr\/wp-json\/wp\/v2\/product"}],"about":[{"href":"https:\/\/dev.fisiotech.com\/fr\/wp-json\/wp\/v2\/types\/product"}],"version-history":[{"count":1,"href":"https:\/\/dev.fisiotech.com\/fr\/wp-json\/wp\/v2\/product\/13027\/revisions"}],"predecessor-version":[{"id":13045,"href":"https:\/\/dev.fisiotech.com\/fr\/wp-json\/wp\/v2\/product\/13027\/revisions\/13045"}],"wp:featuredmedia":[{"embeddable":true,"href":"https:\/\/dev.fisiotech.com\/fr\/wp-json\/wp\/v2\/media\/4479"}],"wp:attachment":[{"href":"https:\/\/dev.fisiotech.com\/fr\/wp-json\/wp\/v2\/media?parent=13027"}],"wp:term":[{"taxonomy":"product_brand","embeddable":true,"href":"https:\/\/dev.fisiotech.com\/fr\/wp-json\/wp\/v2\/product_brand?post=13027"},{"taxonomy":"product_cat","embeddable":true,"href":"https:\/\/dev.fisiotech.com\/fr\/wp-json\/wp\/v2\/product_cat?post=13027"},{"taxonomy":"product_tag","embeddable":true,"href":"https:\/\/dev.fisiotech.com\/fr\/wp-json\/wp\/v2\/product_tag?post=13027"}],"curies":[{"name":"wp","href":"https:\/\/api.w.org\/{rel}","templated":true}]}}