{"id":13059,"date":"2023-10-24T08:12:26","date_gmt":"2023-10-24T08:12:26","guid":{"rendered":"https:\/\/fisiotech.com\/prodotto\/escalier-a-deux-volees\/"},"modified":"2025-03-18T10:26:13","modified_gmt":"2025-03-18T10:26:13","slug":"escalier-a-deux-volees","status":"publish","type":"product","link":"https:\/\/dev.fisiotech.com\/fr\/prodotto\/escalier-a-deux-volees\/","title":{"rendered":"ESCALIER \u00c0 DEUX VOL\u00c9ES"},"content":{"rendered":"","protected":false},"excerpt":{"rendered":"<h4>Escalier de marche \u00e0 deux vol\u00e9es<\/h4>\n<p> Structure en acier \u00e9poxy, parties coulissantes zingu\u00e9es. Mains courantes en forme anatomique en m\u00e9tal \u00e9poxy r\u00e9glables en hauteur avec un syst\u00e8me t\u00e9lescopique. Les boutons \u00e9toile emp\u00eachent tout d\u00e9vissement et mouvement des mains courantes pendant l\u00b4utilisation. Marches de hauteurs diff\u00e9rentes avec contremarches rev\u00eatues en PVC antid\u00e9rapant. L&rsquo;escalier peut \u00eatre plac\u00e9 en pont ou en angle.    <\/p>\n","protected":false},"featured_media":4503,"template":"","meta":{"_acf_changed":false},"product_brand":[],"product_cat":[380,368],"product_tag":[],"class_list":{"0":"post-13059","1":"product","2":"type-product","3":"status-publish","4":"has-post-thumbnail","6":"product_cat-escaliers-de-reeducation","7":"product_cat-reeducation","9":"entry","10":"has-media","12":"first","13":"instock","14":"shipping-taxable","15":"purchasable","16":"product-type-simple","17":"has-product-nav","18":"col","19":"span_1_of_3","20":"owp-content-center","21":"owp-thumbs-layout-horizontal","22":"owp-btn-normal","23":"owp-tabs-layout-horizontal"},"acf":[],"yoast_head":"<!-- This site is optimized with the Yoast SEO plugin v27.1.1 - https:\/\/yoast.com\/product\/yoast-seo-wordpress\/ -->\n<title>ESCALIER \u00c0 DEUX VOL\u00c9ES - FisioTech<\/title>\n<meta name=\"description\" content=\"Escalier de marche \u00e0 deux vol\u00e9es Structure en acier \u00e9poxy, parties coulissantes zingu\u00e9es. Mains courantes en forme anatomique en m\u00e9tal \u00e9poxy r\u00e9glables en hauteur avec un syst\u00e8me t\u00e9lescopique. Les boutons \u00e9toile emp\u00eachent tout d\u00e9vissement et mouvement des mains courantes pendant l\u00b4utilisation. Marches de hauteurs diff\u00e9rentes avec contremarches rev\u00eatues en PVC antid\u00e9rapant. L&#039;escalier peut \u00eatre plac\u00e9 en pont ou en angle.\" \/>\n<meta name=\"robots\" content=\"noindex, follow, max-snippet:-1, max-image-preview:large, max-video-preview:-1\" \/>\n<meta property=\"og:locale\" content=\"fr_FR\" \/>\n<meta property=\"og:type\" content=\"article\" \/>\n<meta property=\"og:title\" content=\"ESCALIER \u00c0 DEUX VOL\u00c9ES - FisioTech\" \/>\n<meta property=\"og:description\" content=\"Escalier de marche \u00e0 deux vol\u00e9es Structure en acier \u00e9poxy, parties coulissantes zingu\u00e9es. Mains courantes en forme anatomique en m\u00e9tal \u00e9poxy r\u00e9glables en hauteur avec un syst\u00e8me t\u00e9lescopique. Les boutons \u00e9toile emp\u00eachent tout d\u00e9vissement et mouvement des mains courantes pendant l\u00b4utilisation. Marches de hauteurs diff\u00e9rentes avec contremarches rev\u00eatues en PVC antid\u00e9rapant. L&#039;escalier peut \u00eatre plac\u00e9 en pont ou en angle.\" \/>\n<meta property=\"og:url\" content=\"https:\/\/dev.fisiotech.com\/fr\/prodotto\/escalier-a-deux-volees\/\" \/>\n<meta property=\"og:site_name\" content=\"FisioTech\" \/>\n<meta property=\"article:modified_time\" content=\"2025-03-18T10:26:13+00:00\" \/>\n<meta property=\"og:image\" content=\"https:\/\/dev.fisiotech.com\/wp-content\/uploads\/2023\/11\/Scala-per-deambulazione-2-rampe.jpg\" \/>\n\t<meta property=\"og:image:width\" content=\"750\" \/>\n\t<meta property=\"og:image:height\" content=\"750\" \/>\n\t<meta property=\"og:image:type\" content=\"image\/jpeg\" \/>\n<meta name=\"twitter:card\" content=\"summary_large_image\" \/>\n<script type=\"application\/ld+json\" class=\"yoast-schema-graph\">{\"@context\":\"https:\/\/schema.org\",\"@graph\":[{\"@type\":\"WebPage\",\"@id\":\"https:\/\/dev.fisiotech.com\/fr\/prodotto\/escalier-a-deux-volees\/\",\"url\":\"https:\/\/dev.fisiotech.com\/fr\/prodotto\/escalier-a-deux-volees\/\",\"name\":\"ESCALIER \u00c0 DEUX VOL\u00c9ES - FisioTech\",\"isPartOf\":{\"@id\":\"https:\/\/dev.fisiotech.com\/fr\/#website\"},\"primaryImageOfPage\":{\"@id\":\"https:\/\/dev.fisiotech.com\/fr\/prodotto\/escalier-a-deux-volees\/#primaryimage\"},\"image\":{\"@id\":\"https:\/\/dev.fisiotech.com\/fr\/prodotto\/escalier-a-deux-volees\/#primaryimage\"},\"thumbnailUrl\":\"https:\/\/dev.fisiotech.com\/wp-content\/uploads\/2023\/11\/Scala-per-deambulazione-2-rampe.jpg\",\"datePublished\":\"2023-10-24T08:12:26+00:00\",\"dateModified\":\"2025-03-18T10:26:13+00:00\",\"description\":\"Escalier de marche \u00e0 deux vol\u00e9es Structure en acier \u00e9poxy, parties coulissantes zingu\u00e9es. Mains courantes en forme anatomique en m\u00e9tal \u00e9poxy r\u00e9glables en hauteur avec un syst\u00e8me t\u00e9lescopique. Les boutons \u00e9toile emp\u00eachent tout d\u00e9vissement et mouvement des mains courantes pendant l\u00b4utilisation. Marches de hauteurs diff\u00e9rentes avec contremarches rev\u00eatues en PVC antid\u00e9rapant. L'escalier peut \u00eatre plac\u00e9 en pont ou en angle.\",\"breadcrumb\":{\"@id\":\"https:\/\/dev.fisiotech.com\/fr\/prodotto\/escalier-a-deux-volees\/#breadcrumb\"},\"inLanguage\":\"fr-FR\",\"potentialAction\":[{\"@type\":\"ReadAction\",\"target\":[\"https:\/\/dev.fisiotech.com\/fr\/prodotto\/escalier-a-deux-volees\/\"]}]},{\"@type\":\"ImageObject\",\"inLanguage\":\"fr-FR\",\"@id\":\"https:\/\/dev.fisiotech.com\/fr\/prodotto\/escalier-a-deux-volees\/#primaryimage\",\"url\":\"https:\/\/dev.fisiotech.com\/wp-content\/uploads\/2023\/11\/Scala-per-deambulazione-2-rampe.jpg\",\"contentUrl\":\"https:\/\/dev.fisiotech.com\/wp-content\/uploads\/2023\/11\/Scala-per-deambulazione-2-rampe.jpg\",\"width\":750,\"height\":750},{\"@type\":\"BreadcrumbList\",\"@id\":\"https:\/\/dev.fisiotech.com\/fr\/prodotto\/escalier-a-deux-volees\/#breadcrumb\",\"itemListElement\":[{\"@type\":\"ListItem\",\"position\":1,\"name\":\"Home\",\"item\":\"https:\/\/dev.fisiotech.com\/fr\/\"},{\"@type\":\"ListItem\",\"position\":2,\"name\":\"Boutique\",\"item\":\"https:\/\/dev.fisiotech.com\/negozio\/\"},{\"@type\":\"ListItem\",\"position\":3,\"name\":\"R\u00e9\u00e9ducation\",\"item\":\"https:\/\/dev.fisiotech.com\/fr\/categoria-prodotto\/reeducation\/\"},{\"@type\":\"ListItem\",\"position\":4,\"name\":\"Escaliers de r\u00e9\u00e9ducation\",\"item\":\"https:\/\/dev.fisiotech.com\/fr\/categoria-prodotto\/reeducation\/escaliers-de-reeducation\/\"},{\"@type\":\"ListItem\",\"position\":5,\"name\":\"ESCALIER \u00c0 DEUX VOL\u00c9ES\"}]},{\"@type\":\"WebSite\",\"@id\":\"https:\/\/dev.fisiotech.com\/fr\/#website\",\"url\":\"https:\/\/dev.fisiotech.com\/fr\/\",\"name\":\"FisioTech\",\"description\":\"Tecnologie al servizio della salute\",\"publisher\":{\"@id\":\"https:\/\/dev.fisiotech.com\/fr\/#organization\"},\"potentialAction\":[{\"@type\":\"SearchAction\",\"target\":{\"@type\":\"EntryPoint\",\"urlTemplate\":\"https:\/\/dev.fisiotech.com\/fr\/?s={search_term_string}\"},\"query-input\":{\"@type\":\"PropertyValueSpecification\",\"valueRequired\":true,\"valueName\":\"search_term_string\"}}],\"inLanguage\":\"fr-FR\"},{\"@type\":\"Organization\",\"@id\":\"https:\/\/dev.fisiotech.com\/fr\/#organization\",\"name\":\"FisioTech - Tecnologie al servizio della salute\",\"url\":\"https:\/\/dev.fisiotech.com\/fr\/\",\"logo\":{\"@type\":\"ImageObject\",\"inLanguage\":\"fr-FR\",\"@id\":\"https:\/\/dev.fisiotech.com\/fr\/#\/schema\/logo\/image\/\",\"url\":\"https:\/\/dev.fisiotech.com\/wp-content\/uploads\/2023\/09\/cropped-Fisiotech-logo.png\",\"contentUrl\":\"https:\/\/dev.fisiotech.com\/wp-content\/uploads\/2023\/09\/cropped-Fisiotech-logo.png\",\"width\":861,\"height\":329,\"caption\":\"FisioTech - Tecnologie al servizio della salute\"},\"image\":{\"@id\":\"https:\/\/dev.fisiotech.com\/fr\/#\/schema\/logo\/image\/\"}}]}<\/script>\n<!-- \/ Yoast SEO plugin. -->","yoast_head_json":{"title":"ESCALIER \u00c0 DEUX VOL\u00c9ES - FisioTech","description":"Escalier de marche \u00e0 deux vol\u00e9es Structure en acier \u00e9poxy, parties coulissantes zingu\u00e9es. Mains courantes en forme anatomique en m\u00e9tal \u00e9poxy r\u00e9glables en hauteur avec un syst\u00e8me t\u00e9lescopique. Les boutons \u00e9toile emp\u00eachent tout d\u00e9vissement et mouvement des mains courantes pendant l\u00b4utilisation. Marches de hauteurs diff\u00e9rentes avec contremarches rev\u00eatues en PVC antid\u00e9rapant. L'escalier peut \u00eatre plac\u00e9 en pont ou en angle.","robots":{"index":"noindex","follow":"follow","max-snippet":"max-snippet:-1","max-image-preview":"max-image-preview:large","max-video-preview":"max-video-preview:-1"},"og_locale":"fr_FR","og_type":"article","og_title":"ESCALIER \u00c0 DEUX VOL\u00c9ES - FisioTech","og_description":"Escalier de marche \u00e0 deux vol\u00e9es Structure en acier \u00e9poxy, parties coulissantes zingu\u00e9es. Mains courantes en forme anatomique en m\u00e9tal \u00e9poxy r\u00e9glables en hauteur avec un syst\u00e8me t\u00e9lescopique. Les boutons \u00e9toile emp\u00eachent tout d\u00e9vissement et mouvement des mains courantes pendant l\u00b4utilisation. Marches de hauteurs diff\u00e9rentes avec contremarches rev\u00eatues en PVC antid\u00e9rapant. L'escalier peut \u00eatre plac\u00e9 en pont ou en angle.","og_url":"https:\/\/dev.fisiotech.com\/fr\/prodotto\/escalier-a-deux-volees\/","og_site_name":"FisioTech","article_modified_time":"2025-03-18T10:26:13+00:00","og_image":[{"width":750,"height":750,"url":"https:\/\/dev.fisiotech.com\/wp-content\/uploads\/2023\/11\/Scala-per-deambulazione-2-rampe.jpg","type":"image\/jpeg"}],"twitter_card":"summary_large_image","schema":{"@context":"https:\/\/schema.org","@graph":[{"@type":"WebPage","@id":"https:\/\/dev.fisiotech.com\/fr\/prodotto\/escalier-a-deux-volees\/","url":"https:\/\/dev.fisiotech.com\/fr\/prodotto\/escalier-a-deux-volees\/","name":"ESCALIER \u00c0 DEUX VOL\u00c9ES - FisioTech","isPartOf":{"@id":"https:\/\/dev.fisiotech.com\/fr\/#website"},"primaryImageOfPage":{"@id":"https:\/\/dev.fisiotech.com\/fr\/prodotto\/escalier-a-deux-volees\/#primaryimage"},"image":{"@id":"https:\/\/dev.fisiotech.com\/fr\/prodotto\/escalier-a-deux-volees\/#primaryimage"},"thumbnailUrl":"https:\/\/dev.fisiotech.com\/wp-content\/uploads\/2023\/11\/Scala-per-deambulazione-2-rampe.jpg","datePublished":"2023-10-24T08:12:26+00:00","dateModified":"2025-03-18T10:26:13+00:00","description":"Escalier de marche \u00e0 deux vol\u00e9es Structure en acier \u00e9poxy, parties coulissantes zingu\u00e9es. Mains courantes en forme anatomique en m\u00e9tal \u00e9poxy r\u00e9glables en hauteur avec un syst\u00e8me t\u00e9lescopique. Les boutons \u00e9toile emp\u00eachent tout d\u00e9vissement et mouvement des mains courantes pendant l\u00b4utilisation. Marches de hauteurs diff\u00e9rentes avec contremarches rev\u00eatues en PVC antid\u00e9rapant. L'escalier peut \u00eatre plac\u00e9 en pont ou en angle.","breadcrumb":{"@id":"https:\/\/dev.fisiotech.com\/fr\/prodotto\/escalier-a-deux-volees\/#breadcrumb"},"inLanguage":"fr-FR","potentialAction":[{"@type":"ReadAction","target":["https:\/\/dev.fisiotech.com\/fr\/prodotto\/escalier-a-deux-volees\/"]}]},{"@type":"ImageObject","inLanguage":"fr-FR","@id":"https:\/\/dev.fisiotech.com\/fr\/prodotto\/escalier-a-deux-volees\/#primaryimage","url":"https:\/\/dev.fisiotech.com\/wp-content\/uploads\/2023\/11\/Scala-per-deambulazione-2-rampe.jpg","contentUrl":"https:\/\/dev.fisiotech.com\/wp-content\/uploads\/2023\/11\/Scala-per-deambulazione-2-rampe.jpg","width":750,"height":750},{"@type":"BreadcrumbList","@id":"https:\/\/dev.fisiotech.com\/fr\/prodotto\/escalier-a-deux-volees\/#breadcrumb","itemListElement":[{"@type":"ListItem","position":1,"name":"Home","item":"https:\/\/dev.fisiotech.com\/fr\/"},{"@type":"ListItem","position":2,"name":"Boutique","item":"https:\/\/dev.fisiotech.com\/negozio\/"},{"@type":"ListItem","position":3,"name":"R\u00e9\u00e9ducation","item":"https:\/\/dev.fisiotech.com\/fr\/categoria-prodotto\/reeducation\/"},{"@type":"ListItem","position":4,"name":"Escaliers de r\u00e9\u00e9ducation","item":"https:\/\/dev.fisiotech.com\/fr\/categoria-prodotto\/reeducation\/escaliers-de-reeducation\/"},{"@type":"ListItem","position":5,"name":"ESCALIER \u00c0 DEUX VOL\u00c9ES"}]},{"@type":"WebSite","@id":"https:\/\/dev.fisiotech.com\/fr\/#website","url":"https:\/\/dev.fisiotech.com\/fr\/","name":"FisioTech","description":"Tecnologie al servizio della salute","publisher":{"@id":"https:\/\/dev.fisiotech.com\/fr\/#organization"},"potentialAction":[{"@type":"SearchAction","target":{"@type":"EntryPoint","urlTemplate":"https:\/\/dev.fisiotech.com\/fr\/?s={search_term_string}"},"query-input":{"@type":"PropertyValueSpecification","valueRequired":true,"valueName":"search_term_string"}}],"inLanguage":"fr-FR"},{"@type":"Organization","@id":"https:\/\/dev.fisiotech.com\/fr\/#organization","name":"FisioTech - Tecnologie al servizio della salute","url":"https:\/\/dev.fisiotech.com\/fr\/","logo":{"@type":"ImageObject","inLanguage":"fr-FR","@id":"https:\/\/dev.fisiotech.com\/fr\/#\/schema\/logo\/image\/","url":"https:\/\/dev.fisiotech.com\/wp-content\/uploads\/2023\/09\/cropped-Fisiotech-logo.png","contentUrl":"https:\/\/dev.fisiotech.com\/wp-content\/uploads\/2023\/09\/cropped-Fisiotech-logo.png","width":861,"height":329,"caption":"FisioTech - Tecnologie al servizio della salute"},"image":{"@id":"https:\/\/dev.fisiotech.com\/fr\/#\/schema\/logo\/image\/"}}]}},"_links":{"self":[{"href":"https:\/\/dev.fisiotech.com\/fr\/wp-json\/wp\/v2\/product\/13059","targetHints":{"allow":["GET"]}}],"collection":[{"href":"https:\/\/dev.fisiotech.com\/fr\/wp-json\/wp\/v2\/product"}],"about":[{"href":"https:\/\/dev.fisiotech.com\/fr\/wp-json\/wp\/v2\/types\/product"}],"version-history":[{"count":1,"href":"https:\/\/dev.fisiotech.com\/fr\/wp-json\/wp\/v2\/product\/13059\/revisions"}],"predecessor-version":[{"id":13065,"href":"https:\/\/dev.fisiotech.com\/fr\/wp-json\/wp\/v2\/product\/13059\/revisions\/13065"}],"wp:featuredmedia":[{"embeddable":true,"href":"https:\/\/dev.fisiotech.com\/fr\/wp-json\/wp\/v2\/media\/4503"}],"wp:attachment":[{"href":"https:\/\/dev.fisiotech.com\/fr\/wp-json\/wp\/v2\/media?parent=13059"}],"wp:term":[{"taxonomy":"product_brand","embeddable":true,"href":"https:\/\/dev.fisiotech.com\/fr\/wp-json\/wp\/v2\/product_brand?post=13059"},{"taxonomy":"product_cat","embeddable":true,"href":"https:\/\/dev.fisiotech.com\/fr\/wp-json\/wp\/v2\/product_cat?post=13059"},{"taxonomy":"product_tag","embeddable":true,"href":"https:\/\/dev.fisiotech.com\/fr\/wp-json\/wp\/v2\/product_tag?post=13059"}],"curies":[{"name":"wp","href":"https:\/\/api.w.org\/{rel}","templated":true}]}}