{"id":13063,"date":"2023-11-17T09:15:03","date_gmt":"2023-11-17T09:15:03","guid":{"rendered":"https:\/\/fisiotech.com\/prodotto\/plan-de-marche-incline-pour-escalier\/"},"modified":"2024-09-12T21:06:54","modified_gmt":"2024-09-12T21:06:54","slug":"plan-de-marche-incline-pour-escalier","status":"publish","type":"product","link":"https:\/\/dev.fisiotech.com\/fr\/prodotto\/plan-de-marche-incline-pour-escalier\/","title":{"rendered":"PLAN DE MARCHE INCLIN\u00c9 POUR ESCALIER"},"content":{"rendered":"","protected":false},"excerpt":{"rendered":"<p>Plan de marche inclin\u00e9 avec rev\u00eatement antid\u00e9rapant pour escalier de r\u00e9\u00e9ducation. Le plan a \u00e9t\u00e9 con\u00e7u pour \u00eatre ais\u00e9ment plac\u00e9 sur les escaliers \u00e0 quatre marches pour les faire devenir un plan inclin\u00e9 d\u00b4environ 20\u00b0, qui simule un parcours en mont\u00e9e ou en descente. Le patient peut utiliser les mains courantes m\u00eame quand le plan est en place pour assurer une d\u00e9ambulation en compl\u00e8te s\u00e9curit\u00e9.  <\/p>\n","protected":false},"featured_media":4500,"template":"","meta":{"_acf_changed":false},"product_brand":[],"product_cat":[380,368],"product_tag":[],"class_list":{"0":"post-13063","1":"product","2":"type-product","3":"status-publish","4":"has-post-thumbnail","6":"product_cat-escaliers-de-reeducation","7":"product_cat-reeducation","9":"entry","10":"has-media","12":"first","13":"instock","14":"shipping-taxable","15":"purchasable","16":"product-type-simple","17":"has-product-nav","18":"col","19":"span_1_of_3","20":"owp-content-center","21":"owp-thumbs-layout-horizontal","22":"owp-btn-normal","23":"owp-tabs-layout-horizontal","24":"has-no-thumbnails"},"acf":[],"yoast_head":"<!-- This site is optimized with the Yoast SEO plugin v27.1.1 - https:\/\/yoast.com\/product\/yoast-seo-wordpress\/ -->\n<title>PLAN DE MARCHE INCLIN\u00c9 POUR ESCALIER - FisioTech<\/title>\n<meta name=\"description\" content=\"Plan de marche inclin\u00e9 avec rev\u00eatement antid\u00e9rapant pour escalier de r\u00e9\u00e9ducation. Le plan a \u00e9t\u00e9 con\u00e7u pour \u00eatre ais\u00e9ment plac\u00e9 sur les escaliers \u00e0 quatre marches pour les faire devenir un plan inclin\u00e9 d\u00b4environ 20\u00b0, qui simule un parcours en mont\u00e9e ou en descente. Le patient peut utiliser les mains courantes m\u00eame quand le plan est en place pour assurer une d\u00e9ambulation en compl\u00e8te s\u00e9curit\u00e9.\" \/>\n<meta name=\"robots\" content=\"noindex, follow, max-snippet:-1, max-image-preview:large, max-video-preview:-1\" \/>\n<meta property=\"og:locale\" content=\"fr_FR\" \/>\n<meta property=\"og:type\" content=\"article\" \/>\n<meta property=\"og:title\" content=\"PLAN DE MARCHE INCLIN\u00c9 POUR ESCALIER - FisioTech\" \/>\n<meta property=\"og:description\" content=\"Plan de marche inclin\u00e9 avec rev\u00eatement antid\u00e9rapant pour escalier de r\u00e9\u00e9ducation. Le plan a \u00e9t\u00e9 con\u00e7u pour \u00eatre ais\u00e9ment plac\u00e9 sur les escaliers \u00e0 quatre marches pour les faire devenir un plan inclin\u00e9 d\u00b4environ 20\u00b0, qui simule un parcours en mont\u00e9e ou en descente. Le patient peut utiliser les mains courantes m\u00eame quand le plan est en place pour assurer une d\u00e9ambulation en compl\u00e8te s\u00e9curit\u00e9.\" \/>\n<meta property=\"og:url\" content=\"https:\/\/dev.fisiotech.com\/fr\/prodotto\/plan-de-marche-incline-pour-escalier\/\" \/>\n<meta property=\"og:site_name\" content=\"FisioTech\" \/>\n<meta property=\"article:modified_time\" content=\"2024-09-12T21:06:54+00:00\" \/>\n<meta property=\"og:image\" content=\"https:\/\/dev.fisiotech.com\/wp-content\/uploads\/2023\/11\/Scala-per-deambulazione-2-rampe-con-piano-inclinato.jpg\" \/>\n\t<meta property=\"og:image:width\" content=\"750\" \/>\n\t<meta property=\"og:image:height\" content=\"750\" \/>\n\t<meta property=\"og:image:type\" content=\"image\/jpeg\" \/>\n<meta name=\"twitter:card\" content=\"summary_large_image\" \/>\n<script type=\"application\/ld+json\" class=\"yoast-schema-graph\">{\"@context\":\"https:\/\/schema.org\",\"@graph\":[{\"@type\":\"WebPage\",\"@id\":\"https:\/\/dev.fisiotech.com\/fr\/prodotto\/plan-de-marche-incline-pour-escalier\/\",\"url\":\"https:\/\/dev.fisiotech.com\/fr\/prodotto\/plan-de-marche-incline-pour-escalier\/\",\"name\":\"PLAN DE MARCHE INCLIN\u00c9 POUR ESCALIER - FisioTech\",\"isPartOf\":{\"@id\":\"https:\/\/dev.fisiotech.com\/fr\/#website\"},\"primaryImageOfPage\":{\"@id\":\"https:\/\/dev.fisiotech.com\/fr\/prodotto\/plan-de-marche-incline-pour-escalier\/#primaryimage\"},\"image\":{\"@id\":\"https:\/\/dev.fisiotech.com\/fr\/prodotto\/plan-de-marche-incline-pour-escalier\/#primaryimage\"},\"thumbnailUrl\":\"https:\/\/dev.fisiotech.com\/wp-content\/uploads\/2023\/11\/Scala-per-deambulazione-2-rampe-con-piano-inclinato.jpg\",\"datePublished\":\"2023-11-17T09:15:03+00:00\",\"dateModified\":\"2024-09-12T21:06:54+00:00\",\"description\":\"Plan de marche inclin\u00e9 avec rev\u00eatement antid\u00e9rapant pour escalier de r\u00e9\u00e9ducation. Le plan a \u00e9t\u00e9 con\u00e7u pour \u00eatre ais\u00e9ment plac\u00e9 sur les escaliers \u00e0 quatre marches pour les faire devenir un plan inclin\u00e9 d\u00b4environ 20\u00b0, qui simule un parcours en mont\u00e9e ou en descente. Le patient peut utiliser les mains courantes m\u00eame quand le plan est en place pour assurer une d\u00e9ambulation en compl\u00e8te s\u00e9curit\u00e9.\",\"breadcrumb\":{\"@id\":\"https:\/\/dev.fisiotech.com\/fr\/prodotto\/plan-de-marche-incline-pour-escalier\/#breadcrumb\"},\"inLanguage\":\"fr-FR\",\"potentialAction\":[{\"@type\":\"ReadAction\",\"target\":[\"https:\/\/dev.fisiotech.com\/fr\/prodotto\/plan-de-marche-incline-pour-escalier\/\"]}]},{\"@type\":\"ImageObject\",\"inLanguage\":\"fr-FR\",\"@id\":\"https:\/\/dev.fisiotech.com\/fr\/prodotto\/plan-de-marche-incline-pour-escalier\/#primaryimage\",\"url\":\"https:\/\/dev.fisiotech.com\/wp-content\/uploads\/2023\/11\/Scala-per-deambulazione-2-rampe-con-piano-inclinato.jpg\",\"contentUrl\":\"https:\/\/dev.fisiotech.com\/wp-content\/uploads\/2023\/11\/Scala-per-deambulazione-2-rampe-con-piano-inclinato.jpg\",\"width\":750,\"height\":750},{\"@type\":\"BreadcrumbList\",\"@id\":\"https:\/\/dev.fisiotech.com\/fr\/prodotto\/plan-de-marche-incline-pour-escalier\/#breadcrumb\",\"itemListElement\":[{\"@type\":\"ListItem\",\"position\":1,\"name\":\"Home\",\"item\":\"https:\/\/dev.fisiotech.com\/fr\/\"},{\"@type\":\"ListItem\",\"position\":2,\"name\":\"Boutique\",\"item\":\"https:\/\/dev.fisiotech.com\/negozio\/\"},{\"@type\":\"ListItem\",\"position\":3,\"name\":\"R\u00e9\u00e9ducation\",\"item\":\"https:\/\/dev.fisiotech.com\/fr\/categoria-prodotto\/reeducation\/\"},{\"@type\":\"ListItem\",\"position\":4,\"name\":\"Escaliers de r\u00e9\u00e9ducation\",\"item\":\"https:\/\/dev.fisiotech.com\/fr\/categoria-prodotto\/reeducation\/escaliers-de-reeducation\/\"},{\"@type\":\"ListItem\",\"position\":5,\"name\":\"PLAN DE MARCHE INCLIN\u00c9 POUR ESCALIER\"}]},{\"@type\":\"WebSite\",\"@id\":\"https:\/\/dev.fisiotech.com\/fr\/#website\",\"url\":\"https:\/\/dev.fisiotech.com\/fr\/\",\"name\":\"FisioTech\",\"description\":\"Tecnologie al servizio della salute\",\"publisher\":{\"@id\":\"https:\/\/dev.fisiotech.com\/fr\/#organization\"},\"potentialAction\":[{\"@type\":\"SearchAction\",\"target\":{\"@type\":\"EntryPoint\",\"urlTemplate\":\"https:\/\/dev.fisiotech.com\/fr\/?s={search_term_string}\"},\"query-input\":{\"@type\":\"PropertyValueSpecification\",\"valueRequired\":true,\"valueName\":\"search_term_string\"}}],\"inLanguage\":\"fr-FR\"},{\"@type\":\"Organization\",\"@id\":\"https:\/\/dev.fisiotech.com\/fr\/#organization\",\"name\":\"FisioTech - Tecnologie al servizio della salute\",\"url\":\"https:\/\/dev.fisiotech.com\/fr\/\",\"logo\":{\"@type\":\"ImageObject\",\"inLanguage\":\"fr-FR\",\"@id\":\"https:\/\/dev.fisiotech.com\/fr\/#\/schema\/logo\/image\/\",\"url\":\"https:\/\/dev.fisiotech.com\/wp-content\/uploads\/2023\/09\/cropped-Fisiotech-logo.png\",\"contentUrl\":\"https:\/\/dev.fisiotech.com\/wp-content\/uploads\/2023\/09\/cropped-Fisiotech-logo.png\",\"width\":861,\"height\":329,\"caption\":\"FisioTech - Tecnologie al servizio della salute\"},\"image\":{\"@id\":\"https:\/\/dev.fisiotech.com\/fr\/#\/schema\/logo\/image\/\"}}]}<\/script>\n<!-- \/ Yoast SEO plugin. -->","yoast_head_json":{"title":"PLAN DE MARCHE INCLIN\u00c9 POUR ESCALIER - FisioTech","description":"Plan de marche inclin\u00e9 avec rev\u00eatement antid\u00e9rapant pour escalier de r\u00e9\u00e9ducation. Le plan a \u00e9t\u00e9 con\u00e7u pour \u00eatre ais\u00e9ment plac\u00e9 sur les escaliers \u00e0 quatre marches pour les faire devenir un plan inclin\u00e9 d\u00b4environ 20\u00b0, qui simule un parcours en mont\u00e9e ou en descente. Le patient peut utiliser les mains courantes m\u00eame quand le plan est en place pour assurer une d\u00e9ambulation en compl\u00e8te s\u00e9curit\u00e9.","robots":{"index":"noindex","follow":"follow","max-snippet":"max-snippet:-1","max-image-preview":"max-image-preview:large","max-video-preview":"max-video-preview:-1"},"og_locale":"fr_FR","og_type":"article","og_title":"PLAN DE MARCHE INCLIN\u00c9 POUR ESCALIER - FisioTech","og_description":"Plan de marche inclin\u00e9 avec rev\u00eatement antid\u00e9rapant pour escalier de r\u00e9\u00e9ducation. Le plan a \u00e9t\u00e9 con\u00e7u pour \u00eatre ais\u00e9ment plac\u00e9 sur les escaliers \u00e0 quatre marches pour les faire devenir un plan inclin\u00e9 d\u00b4environ 20\u00b0, qui simule un parcours en mont\u00e9e ou en descente. Le patient peut utiliser les mains courantes m\u00eame quand le plan est en place pour assurer une d\u00e9ambulation en compl\u00e8te s\u00e9curit\u00e9.","og_url":"https:\/\/dev.fisiotech.com\/fr\/prodotto\/plan-de-marche-incline-pour-escalier\/","og_site_name":"FisioTech","article_modified_time":"2024-09-12T21:06:54+00:00","og_image":[{"width":750,"height":750,"url":"https:\/\/dev.fisiotech.com\/wp-content\/uploads\/2023\/11\/Scala-per-deambulazione-2-rampe-con-piano-inclinato.jpg","type":"image\/jpeg"}],"twitter_card":"summary_large_image","schema":{"@context":"https:\/\/schema.org","@graph":[{"@type":"WebPage","@id":"https:\/\/dev.fisiotech.com\/fr\/prodotto\/plan-de-marche-incline-pour-escalier\/","url":"https:\/\/dev.fisiotech.com\/fr\/prodotto\/plan-de-marche-incline-pour-escalier\/","name":"PLAN DE MARCHE INCLIN\u00c9 POUR ESCALIER - FisioTech","isPartOf":{"@id":"https:\/\/dev.fisiotech.com\/fr\/#website"},"primaryImageOfPage":{"@id":"https:\/\/dev.fisiotech.com\/fr\/prodotto\/plan-de-marche-incline-pour-escalier\/#primaryimage"},"image":{"@id":"https:\/\/dev.fisiotech.com\/fr\/prodotto\/plan-de-marche-incline-pour-escalier\/#primaryimage"},"thumbnailUrl":"https:\/\/dev.fisiotech.com\/wp-content\/uploads\/2023\/11\/Scala-per-deambulazione-2-rampe-con-piano-inclinato.jpg","datePublished":"2023-11-17T09:15:03+00:00","dateModified":"2024-09-12T21:06:54+00:00","description":"Plan de marche inclin\u00e9 avec rev\u00eatement antid\u00e9rapant pour escalier de r\u00e9\u00e9ducation. Le plan a \u00e9t\u00e9 con\u00e7u pour \u00eatre ais\u00e9ment plac\u00e9 sur les escaliers \u00e0 quatre marches pour les faire devenir un plan inclin\u00e9 d\u00b4environ 20\u00b0, qui simule un parcours en mont\u00e9e ou en descente. Le patient peut utiliser les mains courantes m\u00eame quand le plan est en place pour assurer une d\u00e9ambulation en compl\u00e8te s\u00e9curit\u00e9.","breadcrumb":{"@id":"https:\/\/dev.fisiotech.com\/fr\/prodotto\/plan-de-marche-incline-pour-escalier\/#breadcrumb"},"inLanguage":"fr-FR","potentialAction":[{"@type":"ReadAction","target":["https:\/\/dev.fisiotech.com\/fr\/prodotto\/plan-de-marche-incline-pour-escalier\/"]}]},{"@type":"ImageObject","inLanguage":"fr-FR","@id":"https:\/\/dev.fisiotech.com\/fr\/prodotto\/plan-de-marche-incline-pour-escalier\/#primaryimage","url":"https:\/\/dev.fisiotech.com\/wp-content\/uploads\/2023\/11\/Scala-per-deambulazione-2-rampe-con-piano-inclinato.jpg","contentUrl":"https:\/\/dev.fisiotech.com\/wp-content\/uploads\/2023\/11\/Scala-per-deambulazione-2-rampe-con-piano-inclinato.jpg","width":750,"height":750},{"@type":"BreadcrumbList","@id":"https:\/\/dev.fisiotech.com\/fr\/prodotto\/plan-de-marche-incline-pour-escalier\/#breadcrumb","itemListElement":[{"@type":"ListItem","position":1,"name":"Home","item":"https:\/\/dev.fisiotech.com\/fr\/"},{"@type":"ListItem","position":2,"name":"Boutique","item":"https:\/\/dev.fisiotech.com\/negozio\/"},{"@type":"ListItem","position":3,"name":"R\u00e9\u00e9ducation","item":"https:\/\/dev.fisiotech.com\/fr\/categoria-prodotto\/reeducation\/"},{"@type":"ListItem","position":4,"name":"Escaliers de r\u00e9\u00e9ducation","item":"https:\/\/dev.fisiotech.com\/fr\/categoria-prodotto\/reeducation\/escaliers-de-reeducation\/"},{"@type":"ListItem","position":5,"name":"PLAN DE MARCHE INCLIN\u00c9 POUR ESCALIER"}]},{"@type":"WebSite","@id":"https:\/\/dev.fisiotech.com\/fr\/#website","url":"https:\/\/dev.fisiotech.com\/fr\/","name":"FisioTech","description":"Tecnologie al servizio della salute","publisher":{"@id":"https:\/\/dev.fisiotech.com\/fr\/#organization"},"potentialAction":[{"@type":"SearchAction","target":{"@type":"EntryPoint","urlTemplate":"https:\/\/dev.fisiotech.com\/fr\/?s={search_term_string}"},"query-input":{"@type":"PropertyValueSpecification","valueRequired":true,"valueName":"search_term_string"}}],"inLanguage":"fr-FR"},{"@type":"Organization","@id":"https:\/\/dev.fisiotech.com\/fr\/#organization","name":"FisioTech - Tecnologie al servizio della salute","url":"https:\/\/dev.fisiotech.com\/fr\/","logo":{"@type":"ImageObject","inLanguage":"fr-FR","@id":"https:\/\/dev.fisiotech.com\/fr\/#\/schema\/logo\/image\/","url":"https:\/\/dev.fisiotech.com\/wp-content\/uploads\/2023\/09\/cropped-Fisiotech-logo.png","contentUrl":"https:\/\/dev.fisiotech.com\/wp-content\/uploads\/2023\/09\/cropped-Fisiotech-logo.png","width":861,"height":329,"caption":"FisioTech - Tecnologie al servizio della salute"},"image":{"@id":"https:\/\/dev.fisiotech.com\/fr\/#\/schema\/logo\/image\/"}}]}},"_links":{"self":[{"href":"https:\/\/dev.fisiotech.com\/fr\/wp-json\/wp\/v2\/product\/13063","targetHints":{"allow":["GET"]}}],"collection":[{"href":"https:\/\/dev.fisiotech.com\/fr\/wp-json\/wp\/v2\/product"}],"about":[{"href":"https:\/\/dev.fisiotech.com\/fr\/wp-json\/wp\/v2\/types\/product"}],"version-history":[{"count":1,"href":"https:\/\/dev.fisiotech.com\/fr\/wp-json\/wp\/v2\/product\/13063\/revisions"}],"predecessor-version":[{"id":13069,"href":"https:\/\/dev.fisiotech.com\/fr\/wp-json\/wp\/v2\/product\/13063\/revisions\/13069"}],"wp:featuredmedia":[{"embeddable":true,"href":"https:\/\/dev.fisiotech.com\/fr\/wp-json\/wp\/v2\/media\/4500"}],"wp:attachment":[{"href":"https:\/\/dev.fisiotech.com\/fr\/wp-json\/wp\/v2\/media?parent=13063"}],"wp:term":[{"taxonomy":"product_brand","embeddable":true,"href":"https:\/\/dev.fisiotech.com\/fr\/wp-json\/wp\/v2\/product_brand?post=13063"},{"taxonomy":"product_cat","embeddable":true,"href":"https:\/\/dev.fisiotech.com\/fr\/wp-json\/wp\/v2\/product_cat?post=13063"},{"taxonomy":"product_tag","embeddable":true,"href":"https:\/\/dev.fisiotech.com\/fr\/wp-json\/wp\/v2\/product_tag?post=13063"}],"curies":[{"name":"wp","href":"https:\/\/api.w.org\/{rel}","templated":true}]}}