{"id":13096,"date":"2023-11-16T21:27:58","date_gmt":"2023-11-16T21:27:58","guid":{"rendered":"https:\/\/fisiotech.com\/prodotto\/core-balance\/"},"modified":"2025-03-18T12:43:33","modified_gmt":"2025-03-18T12:43:33","slug":"core-balance","status":"publish","type":"product","link":"https:\/\/dev.fisiotech.com\/fr\/prodotto\/core-balance\/","title":{"rendered":"CORE BALANCE"},"content":{"rendered":"","protected":false},"excerpt":{"rendered":"<h4>CORE BALANCE<\/h4>\n<p> Il se compose d\u00b4une base rigide et une coupole verte souple qui peut \u00eatre enlev\u00e9e de la base. La coupole peut \u00eatre gonfl\u00e9e suivant vos n\u00e9cessit\u00e9s. Core balance peut \u00eatre utilis\u00e9e dans plusieurs types d\u00b4activit\u00e9s, de l\u00b4entra\u00eenement \u00e0 la r\u00e9\u00e9ducation des genoux et des chevilles. <\/p>\n","protected":false},"featured_media":4539,"template":"","meta":{"_acf_changed":false},"product_brand":[],"product_cat":[372,368],"product_tag":[],"class_list":{"0":"post-13096","1":"product","2":"type-product","3":"status-publish","4":"has-post-thumbnail","6":"product_cat-entrainement-de-lequilibre","7":"product_cat-reeducation","9":"entry","10":"has-media","12":"first","13":"instock","14":"shipping-taxable","15":"purchasable","16":"product-type-simple","17":"has-product-nav","18":"col","19":"span_1_of_3","20":"owp-content-center","21":"owp-thumbs-layout-horizontal","22":"owp-btn-normal","23":"owp-tabs-layout-horizontal","24":"has-no-thumbnails"},"acf":[],"yoast_head":"<!-- This site is optimized with the Yoast SEO plugin v27.1.1 - https:\/\/yoast.com\/product\/yoast-seo-wordpress\/ -->\n<title>CORE BALANCE - FisioTech<\/title>\n<meta name=\"description\" content=\"CORE BALANCE Il se compose d\u00b4une base rigide et une coupole verte souple qui peut \u00eatre enlev\u00e9e de la base. La coupole peut \u00eatre gonfl\u00e9e suivant vos n\u00e9cessit\u00e9s. Core balance peut \u00eatre utilis\u00e9e dans plusieurs types d\u00b4activit\u00e9s, de l\u00b4entra\u00eenement \u00e0 la r\u00e9\u00e9ducation des genoux et des chevilles.\" \/>\n<meta name=\"robots\" content=\"noindex, follow, max-snippet:-1, max-image-preview:large, max-video-preview:-1\" \/>\n<meta property=\"og:locale\" content=\"fr_FR\" \/>\n<meta property=\"og:type\" content=\"article\" \/>\n<meta property=\"og:title\" content=\"CORE BALANCE - FisioTech\" \/>\n<meta property=\"og:description\" content=\"CORE BALANCE Il se compose d\u00b4une base rigide et une coupole verte souple qui peut \u00eatre enlev\u00e9e de la base. La coupole peut \u00eatre gonfl\u00e9e suivant vos n\u00e9cessit\u00e9s. Core balance peut \u00eatre utilis\u00e9e dans plusieurs types d\u00b4activit\u00e9s, de l\u00b4entra\u00eenement \u00e0 la r\u00e9\u00e9ducation des genoux et des chevilles.\" \/>\n<meta property=\"og:url\" content=\"https:\/\/dev.fisiotech.com\/fr\/prodotto\/core-balance\/\" \/>\n<meta property=\"og:site_name\" content=\"FisioTech\" \/>\n<meta property=\"article:modified_time\" content=\"2025-03-18T12:43:33+00:00\" \/>\n<meta property=\"og:image\" content=\"https:\/\/dev.fisiotech.com\/wp-content\/uploads\/2023\/11\/Core-Balance-1.jpg\" \/>\n\t<meta property=\"og:image:width\" content=\"750\" \/>\n\t<meta property=\"og:image:height\" content=\"750\" \/>\n\t<meta property=\"og:image:type\" content=\"image\/jpeg\" \/>\n<meta name=\"twitter:card\" content=\"summary_large_image\" \/>\n<script type=\"application\/ld+json\" class=\"yoast-schema-graph\">{\"@context\":\"https:\/\/schema.org\",\"@graph\":[{\"@type\":\"WebPage\",\"@id\":\"https:\/\/dev.fisiotech.com\/fr\/prodotto\/core-balance\/\",\"url\":\"https:\/\/dev.fisiotech.com\/fr\/prodotto\/core-balance\/\",\"name\":\"CORE BALANCE - FisioTech\",\"isPartOf\":{\"@id\":\"https:\/\/dev.fisiotech.com\/fr\/#website\"},\"primaryImageOfPage\":{\"@id\":\"https:\/\/dev.fisiotech.com\/fr\/prodotto\/core-balance\/#primaryimage\"},\"image\":{\"@id\":\"https:\/\/dev.fisiotech.com\/fr\/prodotto\/core-balance\/#primaryimage\"},\"thumbnailUrl\":\"https:\/\/dev.fisiotech.com\/wp-content\/uploads\/2023\/11\/Core-Balance-1.jpg\",\"datePublished\":\"2023-11-16T21:27:58+00:00\",\"dateModified\":\"2025-03-18T12:43:33+00:00\",\"description\":\"CORE BALANCE Il se compose d\u00b4une base rigide et une coupole verte souple qui peut \u00eatre enlev\u00e9e de la base. La coupole peut \u00eatre gonfl\u00e9e suivant vos n\u00e9cessit\u00e9s. Core balance peut \u00eatre utilis\u00e9e dans plusieurs types d\u00b4activit\u00e9s, de l\u00b4entra\u00eenement \u00e0 la r\u00e9\u00e9ducation des genoux et des chevilles.\",\"breadcrumb\":{\"@id\":\"https:\/\/dev.fisiotech.com\/fr\/prodotto\/core-balance\/#breadcrumb\"},\"inLanguage\":\"fr-FR\",\"potentialAction\":[{\"@type\":\"ReadAction\",\"target\":[\"https:\/\/dev.fisiotech.com\/fr\/prodotto\/core-balance\/\"]}]},{\"@type\":\"ImageObject\",\"inLanguage\":\"fr-FR\",\"@id\":\"https:\/\/dev.fisiotech.com\/fr\/prodotto\/core-balance\/#primaryimage\",\"url\":\"https:\/\/dev.fisiotech.com\/wp-content\/uploads\/2023\/11\/Core-Balance-1.jpg\",\"contentUrl\":\"https:\/\/dev.fisiotech.com\/wp-content\/uploads\/2023\/11\/Core-Balance-1.jpg\",\"width\":750,\"height\":750},{\"@type\":\"BreadcrumbList\",\"@id\":\"https:\/\/dev.fisiotech.com\/fr\/prodotto\/core-balance\/#breadcrumb\",\"itemListElement\":[{\"@type\":\"ListItem\",\"position\":1,\"name\":\"Home\",\"item\":\"https:\/\/dev.fisiotech.com\/fr\/\"},{\"@type\":\"ListItem\",\"position\":2,\"name\":\"Boutique\",\"item\":\"https:\/\/dev.fisiotech.com\/negozio\/\"},{\"@type\":\"ListItem\",\"position\":3,\"name\":\"R\u00e9\u00e9ducation\",\"item\":\"https:\/\/dev.fisiotech.com\/fr\/categoria-prodotto\/reeducation\/\"},{\"@type\":\"ListItem\",\"position\":4,\"name\":\"Entra\u00eenement de l&#039;\u00e9quilibre\",\"item\":\"https:\/\/dev.fisiotech.com\/fr\/categoria-prodotto\/reeducation\/entrainement-de-lequilibre\/\"},{\"@type\":\"ListItem\",\"position\":5,\"name\":\"CORE BALANCE\"}]},{\"@type\":\"WebSite\",\"@id\":\"https:\/\/dev.fisiotech.com\/fr\/#website\",\"url\":\"https:\/\/dev.fisiotech.com\/fr\/\",\"name\":\"FisioTech\",\"description\":\"Tecnologie al servizio della salute\",\"publisher\":{\"@id\":\"https:\/\/dev.fisiotech.com\/fr\/#organization\"},\"potentialAction\":[{\"@type\":\"SearchAction\",\"target\":{\"@type\":\"EntryPoint\",\"urlTemplate\":\"https:\/\/dev.fisiotech.com\/fr\/?s={search_term_string}\"},\"query-input\":{\"@type\":\"PropertyValueSpecification\",\"valueRequired\":true,\"valueName\":\"search_term_string\"}}],\"inLanguage\":\"fr-FR\"},{\"@type\":\"Organization\",\"@id\":\"https:\/\/dev.fisiotech.com\/fr\/#organization\",\"name\":\"FisioTech - Tecnologie al servizio della salute\",\"url\":\"https:\/\/dev.fisiotech.com\/fr\/\",\"logo\":{\"@type\":\"ImageObject\",\"inLanguage\":\"fr-FR\",\"@id\":\"https:\/\/dev.fisiotech.com\/fr\/#\/schema\/logo\/image\/\",\"url\":\"https:\/\/dev.fisiotech.com\/wp-content\/uploads\/2023\/09\/cropped-Fisiotech-logo.png\",\"contentUrl\":\"https:\/\/dev.fisiotech.com\/wp-content\/uploads\/2023\/09\/cropped-Fisiotech-logo.png\",\"width\":861,\"height\":329,\"caption\":\"FisioTech - Tecnologie al servizio della salute\"},\"image\":{\"@id\":\"https:\/\/dev.fisiotech.com\/fr\/#\/schema\/logo\/image\/\"}}]}<\/script>\n<!-- \/ Yoast SEO plugin. -->","yoast_head_json":{"title":"CORE BALANCE - FisioTech","description":"CORE BALANCE Il se compose d\u00b4une base rigide et une coupole verte souple qui peut \u00eatre enlev\u00e9e de la base. La coupole peut \u00eatre gonfl\u00e9e suivant vos n\u00e9cessit\u00e9s. Core balance peut \u00eatre utilis\u00e9e dans plusieurs types d\u00b4activit\u00e9s, de l\u00b4entra\u00eenement \u00e0 la r\u00e9\u00e9ducation des genoux et des chevilles.","robots":{"index":"noindex","follow":"follow","max-snippet":"max-snippet:-1","max-image-preview":"max-image-preview:large","max-video-preview":"max-video-preview:-1"},"og_locale":"fr_FR","og_type":"article","og_title":"CORE BALANCE - FisioTech","og_description":"CORE BALANCE Il se compose d\u00b4une base rigide et une coupole verte souple qui peut \u00eatre enlev\u00e9e de la base. La coupole peut \u00eatre gonfl\u00e9e suivant vos n\u00e9cessit\u00e9s. Core balance peut \u00eatre utilis\u00e9e dans plusieurs types d\u00b4activit\u00e9s, de l\u00b4entra\u00eenement \u00e0 la r\u00e9\u00e9ducation des genoux et des chevilles.","og_url":"https:\/\/dev.fisiotech.com\/fr\/prodotto\/core-balance\/","og_site_name":"FisioTech","article_modified_time":"2025-03-18T12:43:33+00:00","og_image":[{"width":750,"height":750,"url":"https:\/\/dev.fisiotech.com\/wp-content\/uploads\/2023\/11\/Core-Balance-1.jpg","type":"image\/jpeg"}],"twitter_card":"summary_large_image","schema":{"@context":"https:\/\/schema.org","@graph":[{"@type":"WebPage","@id":"https:\/\/dev.fisiotech.com\/fr\/prodotto\/core-balance\/","url":"https:\/\/dev.fisiotech.com\/fr\/prodotto\/core-balance\/","name":"CORE BALANCE - FisioTech","isPartOf":{"@id":"https:\/\/dev.fisiotech.com\/fr\/#website"},"primaryImageOfPage":{"@id":"https:\/\/dev.fisiotech.com\/fr\/prodotto\/core-balance\/#primaryimage"},"image":{"@id":"https:\/\/dev.fisiotech.com\/fr\/prodotto\/core-balance\/#primaryimage"},"thumbnailUrl":"https:\/\/dev.fisiotech.com\/wp-content\/uploads\/2023\/11\/Core-Balance-1.jpg","datePublished":"2023-11-16T21:27:58+00:00","dateModified":"2025-03-18T12:43:33+00:00","description":"CORE BALANCE Il se compose d\u00b4une base rigide et une coupole verte souple qui peut \u00eatre enlev\u00e9e de la base. La coupole peut \u00eatre gonfl\u00e9e suivant vos n\u00e9cessit\u00e9s. Core balance peut \u00eatre utilis\u00e9e dans plusieurs types d\u00b4activit\u00e9s, de l\u00b4entra\u00eenement \u00e0 la r\u00e9\u00e9ducation des genoux et des chevilles.","breadcrumb":{"@id":"https:\/\/dev.fisiotech.com\/fr\/prodotto\/core-balance\/#breadcrumb"},"inLanguage":"fr-FR","potentialAction":[{"@type":"ReadAction","target":["https:\/\/dev.fisiotech.com\/fr\/prodotto\/core-balance\/"]}]},{"@type":"ImageObject","inLanguage":"fr-FR","@id":"https:\/\/dev.fisiotech.com\/fr\/prodotto\/core-balance\/#primaryimage","url":"https:\/\/dev.fisiotech.com\/wp-content\/uploads\/2023\/11\/Core-Balance-1.jpg","contentUrl":"https:\/\/dev.fisiotech.com\/wp-content\/uploads\/2023\/11\/Core-Balance-1.jpg","width":750,"height":750},{"@type":"BreadcrumbList","@id":"https:\/\/dev.fisiotech.com\/fr\/prodotto\/core-balance\/#breadcrumb","itemListElement":[{"@type":"ListItem","position":1,"name":"Home","item":"https:\/\/dev.fisiotech.com\/fr\/"},{"@type":"ListItem","position":2,"name":"Boutique","item":"https:\/\/dev.fisiotech.com\/negozio\/"},{"@type":"ListItem","position":3,"name":"R\u00e9\u00e9ducation","item":"https:\/\/dev.fisiotech.com\/fr\/categoria-prodotto\/reeducation\/"},{"@type":"ListItem","position":4,"name":"Entra\u00eenement de l&#039;\u00e9quilibre","item":"https:\/\/dev.fisiotech.com\/fr\/categoria-prodotto\/reeducation\/entrainement-de-lequilibre\/"},{"@type":"ListItem","position":5,"name":"CORE BALANCE"}]},{"@type":"WebSite","@id":"https:\/\/dev.fisiotech.com\/fr\/#website","url":"https:\/\/dev.fisiotech.com\/fr\/","name":"FisioTech","description":"Tecnologie al servizio della salute","publisher":{"@id":"https:\/\/dev.fisiotech.com\/fr\/#organization"},"potentialAction":[{"@type":"SearchAction","target":{"@type":"EntryPoint","urlTemplate":"https:\/\/dev.fisiotech.com\/fr\/?s={search_term_string}"},"query-input":{"@type":"PropertyValueSpecification","valueRequired":true,"valueName":"search_term_string"}}],"inLanguage":"fr-FR"},{"@type":"Organization","@id":"https:\/\/dev.fisiotech.com\/fr\/#organization","name":"FisioTech - Tecnologie al servizio della salute","url":"https:\/\/dev.fisiotech.com\/fr\/","logo":{"@type":"ImageObject","inLanguage":"fr-FR","@id":"https:\/\/dev.fisiotech.com\/fr\/#\/schema\/logo\/image\/","url":"https:\/\/dev.fisiotech.com\/wp-content\/uploads\/2023\/09\/cropped-Fisiotech-logo.png","contentUrl":"https:\/\/dev.fisiotech.com\/wp-content\/uploads\/2023\/09\/cropped-Fisiotech-logo.png","width":861,"height":329,"caption":"FisioTech - Tecnologie al servizio della salute"},"image":{"@id":"https:\/\/dev.fisiotech.com\/fr\/#\/schema\/logo\/image\/"}}]}},"_links":{"self":[{"href":"https:\/\/dev.fisiotech.com\/fr\/wp-json\/wp\/v2\/product\/13096","targetHints":{"allow":["GET"]}}],"collection":[{"href":"https:\/\/dev.fisiotech.com\/fr\/wp-json\/wp\/v2\/product"}],"about":[{"href":"https:\/\/dev.fisiotech.com\/fr\/wp-json\/wp\/v2\/types\/product"}],"version-history":[{"count":1,"href":"https:\/\/dev.fisiotech.com\/fr\/wp-json\/wp\/v2\/product\/13096\/revisions"}],"predecessor-version":[{"id":13116,"href":"https:\/\/dev.fisiotech.com\/fr\/wp-json\/wp\/v2\/product\/13096\/revisions\/13116"}],"wp:featuredmedia":[{"embeddable":true,"href":"https:\/\/dev.fisiotech.com\/fr\/wp-json\/wp\/v2\/media\/4539"}],"wp:attachment":[{"href":"https:\/\/dev.fisiotech.com\/fr\/wp-json\/wp\/v2\/media?parent=13096"}],"wp:term":[{"taxonomy":"product_brand","embeddable":true,"href":"https:\/\/dev.fisiotech.com\/fr\/wp-json\/wp\/v2\/product_brand?post=13096"},{"taxonomy":"product_cat","embeddable":true,"href":"https:\/\/dev.fisiotech.com\/fr\/wp-json\/wp\/v2\/product_cat?post=13096"},{"taxonomy":"product_tag","embeddable":true,"href":"https:\/\/dev.fisiotech.com\/fr\/wp-json\/wp\/v2\/product_tag?post=13096"}],"curies":[{"name":"wp","href":"https:\/\/api.w.org\/{rel}","templated":true}]}}