{"id":13105,"date":"2023-11-17T08:41:27","date_gmt":"2023-11-17T08:41:27","guid":{"rendered":"https:\/\/fisiotech.com\/prodotto\/movin-step\/"},"modified":"2025-03-18T13:42:33","modified_gmt":"2025-03-18T13:42:33","slug":"movin-step","status":"publish","type":"product","link":"https:\/\/dev.fisiotech.com\/fr\/prodotto\/movin-step\/","title":{"rendered":"MOVIN&rsquo; STEP"},"content":{"rendered":"","protected":false},"excerpt":{"rendered":"<h4>MOVIN&rsquo; STEP<\/h4>\n<p> Il peut \u00eatre utilis\u00e9 comme step pour activit\u00e9s cardiovasculaires \u00e0 bas impact ou comme base mobile pour entra\u00eener son \u00e9quilibre et coordination. Une soupape permet de r\u00e9gler le d\u00e9bit d\u00b4air afin de choisir l\u00b4extension du mouvement. <\/p>\n","protected":false},"featured_media":4533,"template":"","meta":{"_acf_changed":false},"product_brand":[],"product_cat":[372,368],"product_tag":[],"class_list":{"0":"post-13105","1":"product","2":"type-product","3":"status-publish","4":"has-post-thumbnail","6":"product_cat-entrainement-de-lequilibre","7":"product_cat-reeducation","9":"entry","10":"has-media","12":"first","13":"instock","14":"shipping-taxable","15":"purchasable","16":"product-type-simple","17":"has-product-nav","18":"col","19":"span_1_of_3","20":"owp-content-center","21":"owp-thumbs-layout-horizontal","22":"owp-btn-normal","23":"owp-tabs-layout-horizontal"},"acf":[],"yoast_head":"<!-- This site is optimized with the Yoast SEO plugin v27.1.1 - https:\/\/yoast.com\/product\/yoast-seo-wordpress\/ -->\n<title>MOVIN&#039; STEP - FisioTech<\/title>\n<meta name=\"description\" content=\"MOVIN&#039; STEP Il peut \u00eatre utilis\u00e9 comme step pour activit\u00e9s cardiovasculaires \u00e0 bas impact ou comme base mobile pour entra\u00eener son \u00e9quilibre et coordination. Une soupape permet de r\u00e9gler le d\u00e9bit d\u00b4air afin de choisir l\u00b4extension du mouvement.\" \/>\n<meta name=\"robots\" content=\"noindex, follow, max-snippet:-1, max-image-preview:large, max-video-preview:-1\" \/>\n<meta property=\"og:locale\" content=\"fr_FR\" \/>\n<meta property=\"og:type\" content=\"article\" \/>\n<meta property=\"og:title\" content=\"MOVIN&#039; STEP - FisioTech\" \/>\n<meta property=\"og:description\" content=\"MOVIN&#039; STEP Il peut \u00eatre utilis\u00e9 comme step pour activit\u00e9s cardiovasculaires \u00e0 bas impact ou comme base mobile pour entra\u00eener son \u00e9quilibre et coordination. Une soupape permet de r\u00e9gler le d\u00e9bit d\u00b4air afin de choisir l\u00b4extension du mouvement.\" \/>\n<meta property=\"og:url\" content=\"https:\/\/dev.fisiotech.com\/fr\/prodotto\/movin-step\/\" \/>\n<meta property=\"og:site_name\" content=\"FisioTech\" \/>\n<meta property=\"article:modified_time\" content=\"2025-03-18T13:42:33+00:00\" \/>\n<meta property=\"og:image\" content=\"https:\/\/dev.fisiotech.com\/wp-content\/uploads\/2023\/11\/Movinstep.jpg\" \/>\n\t<meta property=\"og:image:width\" content=\"750\" \/>\n\t<meta property=\"og:image:height\" content=\"750\" \/>\n\t<meta property=\"og:image:type\" content=\"image\/jpeg\" \/>\n<meta name=\"twitter:card\" content=\"summary_large_image\" \/>\n<script type=\"application\/ld+json\" class=\"yoast-schema-graph\">{\"@context\":\"https:\/\/schema.org\",\"@graph\":[{\"@type\":\"WebPage\",\"@id\":\"https:\/\/dev.fisiotech.com\/fr\/prodotto\/movin-step\/\",\"url\":\"https:\/\/dev.fisiotech.com\/fr\/prodotto\/movin-step\/\",\"name\":\"MOVIN' STEP - FisioTech\",\"isPartOf\":{\"@id\":\"https:\/\/dev.fisiotech.com\/fr\/#website\"},\"primaryImageOfPage\":{\"@id\":\"https:\/\/dev.fisiotech.com\/fr\/prodotto\/movin-step\/#primaryimage\"},\"image\":{\"@id\":\"https:\/\/dev.fisiotech.com\/fr\/prodotto\/movin-step\/#primaryimage\"},\"thumbnailUrl\":\"https:\/\/dev.fisiotech.com\/wp-content\/uploads\/2023\/11\/Movinstep.jpg\",\"datePublished\":\"2023-11-17T08:41:27+00:00\",\"dateModified\":\"2025-03-18T13:42:33+00:00\",\"description\":\"MOVIN' STEP Il peut \u00eatre utilis\u00e9 comme step pour activit\u00e9s cardiovasculaires \u00e0 bas impact ou comme base mobile pour entra\u00eener son \u00e9quilibre et coordination. Une soupape permet de r\u00e9gler le d\u00e9bit d\u00b4air afin de choisir l\u00b4extension du mouvement.\",\"breadcrumb\":{\"@id\":\"https:\/\/dev.fisiotech.com\/fr\/prodotto\/movin-step\/#breadcrumb\"},\"inLanguage\":\"fr-FR\",\"potentialAction\":[{\"@type\":\"ReadAction\",\"target\":[\"https:\/\/dev.fisiotech.com\/fr\/prodotto\/movin-step\/\"]}]},{\"@type\":\"ImageObject\",\"inLanguage\":\"fr-FR\",\"@id\":\"https:\/\/dev.fisiotech.com\/fr\/prodotto\/movin-step\/#primaryimage\",\"url\":\"https:\/\/dev.fisiotech.com\/wp-content\/uploads\/2023\/11\/Movinstep.jpg\",\"contentUrl\":\"https:\/\/dev.fisiotech.com\/wp-content\/uploads\/2023\/11\/Movinstep.jpg\",\"width\":750,\"height\":750},{\"@type\":\"BreadcrumbList\",\"@id\":\"https:\/\/dev.fisiotech.com\/fr\/prodotto\/movin-step\/#breadcrumb\",\"itemListElement\":[{\"@type\":\"ListItem\",\"position\":1,\"name\":\"Home\",\"item\":\"https:\/\/dev.fisiotech.com\/fr\/\"},{\"@type\":\"ListItem\",\"position\":2,\"name\":\"Boutique\",\"item\":\"https:\/\/dev.fisiotech.com\/negozio\/\"},{\"@type\":\"ListItem\",\"position\":3,\"name\":\"R\u00e9\u00e9ducation\",\"item\":\"https:\/\/dev.fisiotech.com\/fr\/categoria-prodotto\/reeducation\/\"},{\"@type\":\"ListItem\",\"position\":4,\"name\":\"Entra\u00eenement de l&#039;\u00e9quilibre\",\"item\":\"https:\/\/dev.fisiotech.com\/fr\/categoria-prodotto\/reeducation\/entrainement-de-lequilibre\/\"},{\"@type\":\"ListItem\",\"position\":5,\"name\":\"MOVIN&rsquo; STEP\"}]},{\"@type\":\"WebSite\",\"@id\":\"https:\/\/dev.fisiotech.com\/fr\/#website\",\"url\":\"https:\/\/dev.fisiotech.com\/fr\/\",\"name\":\"FisioTech\",\"description\":\"Tecnologie al servizio della salute\",\"publisher\":{\"@id\":\"https:\/\/dev.fisiotech.com\/fr\/#organization\"},\"potentialAction\":[{\"@type\":\"SearchAction\",\"target\":{\"@type\":\"EntryPoint\",\"urlTemplate\":\"https:\/\/dev.fisiotech.com\/fr\/?s={search_term_string}\"},\"query-input\":{\"@type\":\"PropertyValueSpecification\",\"valueRequired\":true,\"valueName\":\"search_term_string\"}}],\"inLanguage\":\"fr-FR\"},{\"@type\":\"Organization\",\"@id\":\"https:\/\/dev.fisiotech.com\/fr\/#organization\",\"name\":\"FisioTech - Tecnologie al servizio della salute\",\"url\":\"https:\/\/dev.fisiotech.com\/fr\/\",\"logo\":{\"@type\":\"ImageObject\",\"inLanguage\":\"fr-FR\",\"@id\":\"https:\/\/dev.fisiotech.com\/fr\/#\/schema\/logo\/image\/\",\"url\":\"https:\/\/dev.fisiotech.com\/wp-content\/uploads\/2023\/09\/cropped-Fisiotech-logo.png\",\"contentUrl\":\"https:\/\/dev.fisiotech.com\/wp-content\/uploads\/2023\/09\/cropped-Fisiotech-logo.png\",\"width\":861,\"height\":329,\"caption\":\"FisioTech - Tecnologie al servizio della salute\"},\"image\":{\"@id\":\"https:\/\/dev.fisiotech.com\/fr\/#\/schema\/logo\/image\/\"}}]}<\/script>\n<!-- \/ Yoast SEO plugin. -->","yoast_head_json":{"title":"MOVIN' STEP - FisioTech","description":"MOVIN' STEP Il peut \u00eatre utilis\u00e9 comme step pour activit\u00e9s cardiovasculaires \u00e0 bas impact ou comme base mobile pour entra\u00eener son \u00e9quilibre et coordination. Une soupape permet de r\u00e9gler le d\u00e9bit d\u00b4air afin de choisir l\u00b4extension du mouvement.","robots":{"index":"noindex","follow":"follow","max-snippet":"max-snippet:-1","max-image-preview":"max-image-preview:large","max-video-preview":"max-video-preview:-1"},"og_locale":"fr_FR","og_type":"article","og_title":"MOVIN' STEP - FisioTech","og_description":"MOVIN' STEP Il peut \u00eatre utilis\u00e9 comme step pour activit\u00e9s cardiovasculaires \u00e0 bas impact ou comme base mobile pour entra\u00eener son \u00e9quilibre et coordination. Une soupape permet de r\u00e9gler le d\u00e9bit d\u00b4air afin de choisir l\u00b4extension du mouvement.","og_url":"https:\/\/dev.fisiotech.com\/fr\/prodotto\/movin-step\/","og_site_name":"FisioTech","article_modified_time":"2025-03-18T13:42:33+00:00","og_image":[{"width":750,"height":750,"url":"https:\/\/dev.fisiotech.com\/wp-content\/uploads\/2023\/11\/Movinstep.jpg","type":"image\/jpeg"}],"twitter_card":"summary_large_image","schema":{"@context":"https:\/\/schema.org","@graph":[{"@type":"WebPage","@id":"https:\/\/dev.fisiotech.com\/fr\/prodotto\/movin-step\/","url":"https:\/\/dev.fisiotech.com\/fr\/prodotto\/movin-step\/","name":"MOVIN' STEP - FisioTech","isPartOf":{"@id":"https:\/\/dev.fisiotech.com\/fr\/#website"},"primaryImageOfPage":{"@id":"https:\/\/dev.fisiotech.com\/fr\/prodotto\/movin-step\/#primaryimage"},"image":{"@id":"https:\/\/dev.fisiotech.com\/fr\/prodotto\/movin-step\/#primaryimage"},"thumbnailUrl":"https:\/\/dev.fisiotech.com\/wp-content\/uploads\/2023\/11\/Movinstep.jpg","datePublished":"2023-11-17T08:41:27+00:00","dateModified":"2025-03-18T13:42:33+00:00","description":"MOVIN' STEP Il peut \u00eatre utilis\u00e9 comme step pour activit\u00e9s cardiovasculaires \u00e0 bas impact ou comme base mobile pour entra\u00eener son \u00e9quilibre et coordination. Une soupape permet de r\u00e9gler le d\u00e9bit d\u00b4air afin de choisir l\u00b4extension du mouvement.","breadcrumb":{"@id":"https:\/\/dev.fisiotech.com\/fr\/prodotto\/movin-step\/#breadcrumb"},"inLanguage":"fr-FR","potentialAction":[{"@type":"ReadAction","target":["https:\/\/dev.fisiotech.com\/fr\/prodotto\/movin-step\/"]}]},{"@type":"ImageObject","inLanguage":"fr-FR","@id":"https:\/\/dev.fisiotech.com\/fr\/prodotto\/movin-step\/#primaryimage","url":"https:\/\/dev.fisiotech.com\/wp-content\/uploads\/2023\/11\/Movinstep.jpg","contentUrl":"https:\/\/dev.fisiotech.com\/wp-content\/uploads\/2023\/11\/Movinstep.jpg","width":750,"height":750},{"@type":"BreadcrumbList","@id":"https:\/\/dev.fisiotech.com\/fr\/prodotto\/movin-step\/#breadcrumb","itemListElement":[{"@type":"ListItem","position":1,"name":"Home","item":"https:\/\/dev.fisiotech.com\/fr\/"},{"@type":"ListItem","position":2,"name":"Boutique","item":"https:\/\/dev.fisiotech.com\/negozio\/"},{"@type":"ListItem","position":3,"name":"R\u00e9\u00e9ducation","item":"https:\/\/dev.fisiotech.com\/fr\/categoria-prodotto\/reeducation\/"},{"@type":"ListItem","position":4,"name":"Entra\u00eenement de l&#039;\u00e9quilibre","item":"https:\/\/dev.fisiotech.com\/fr\/categoria-prodotto\/reeducation\/entrainement-de-lequilibre\/"},{"@type":"ListItem","position":5,"name":"MOVIN&rsquo; STEP"}]},{"@type":"WebSite","@id":"https:\/\/dev.fisiotech.com\/fr\/#website","url":"https:\/\/dev.fisiotech.com\/fr\/","name":"FisioTech","description":"Tecnologie al servizio della salute","publisher":{"@id":"https:\/\/dev.fisiotech.com\/fr\/#organization"},"potentialAction":[{"@type":"SearchAction","target":{"@type":"EntryPoint","urlTemplate":"https:\/\/dev.fisiotech.com\/fr\/?s={search_term_string}"},"query-input":{"@type":"PropertyValueSpecification","valueRequired":true,"valueName":"search_term_string"}}],"inLanguage":"fr-FR"},{"@type":"Organization","@id":"https:\/\/dev.fisiotech.com\/fr\/#organization","name":"FisioTech - Tecnologie al servizio della salute","url":"https:\/\/dev.fisiotech.com\/fr\/","logo":{"@type":"ImageObject","inLanguage":"fr-FR","@id":"https:\/\/dev.fisiotech.com\/fr\/#\/schema\/logo\/image\/","url":"https:\/\/dev.fisiotech.com\/wp-content\/uploads\/2023\/09\/cropped-Fisiotech-logo.png","contentUrl":"https:\/\/dev.fisiotech.com\/wp-content\/uploads\/2023\/09\/cropped-Fisiotech-logo.png","width":861,"height":329,"caption":"FisioTech - Tecnologie al servizio della salute"},"image":{"@id":"https:\/\/dev.fisiotech.com\/fr\/#\/schema\/logo\/image\/"}}]}},"_links":{"self":[{"href":"https:\/\/dev.fisiotech.com\/fr\/wp-json\/wp\/v2\/product\/13105","targetHints":{"allow":["GET"]}}],"collection":[{"href":"https:\/\/dev.fisiotech.com\/fr\/wp-json\/wp\/v2\/product"}],"about":[{"href":"https:\/\/dev.fisiotech.com\/fr\/wp-json\/wp\/v2\/types\/product"}],"version-history":[{"count":1,"href":"https:\/\/dev.fisiotech.com\/fr\/wp-json\/wp\/v2\/product\/13105\/revisions"}],"predecessor-version":[{"id":13123,"href":"https:\/\/dev.fisiotech.com\/fr\/wp-json\/wp\/v2\/product\/13105\/revisions\/13123"}],"wp:featuredmedia":[{"embeddable":true,"href":"https:\/\/dev.fisiotech.com\/fr\/wp-json\/wp\/v2\/media\/4533"}],"wp:attachment":[{"href":"https:\/\/dev.fisiotech.com\/fr\/wp-json\/wp\/v2\/media?parent=13105"}],"wp:term":[{"taxonomy":"product_brand","embeddable":true,"href":"https:\/\/dev.fisiotech.com\/fr\/wp-json\/wp\/v2\/product_brand?post=13105"},{"taxonomy":"product_cat","embeddable":true,"href":"https:\/\/dev.fisiotech.com\/fr\/wp-json\/wp\/v2\/product_cat?post=13105"},{"taxonomy":"product_tag","embeddable":true,"href":"https:\/\/dev.fisiotech.com\/fr\/wp-json\/wp\/v2\/product_tag?post=13105"}],"curies":[{"name":"wp","href":"https:\/\/api.w.org\/{rel}","templated":true}]}}