{"id":13129,"date":"2023-12-04T09:58:05","date_gmt":"2023-12-04T09:58:05","guid":{"rendered":"https:\/\/fisiotech.com\/prodotto\/artemide\/"},"modified":"2025-03-18T10:33:31","modified_gmt":"2025-03-18T10:33:31","slug":"artemide","status":"publish","type":"product","link":"https:\/\/dev.fisiotech.com\/fr\/prodotto\/artemide\/","title":{"rendered":"ARTEMIDE"},"content":{"rendered":"","protected":false},"excerpt":{"rendered":"<h4>ARTEMIDE FAUTEUIL DE R\u00c9\u00c9DUCATION<\/h4>\n<p> Fauteuil de r\u00e9\u00e9ducation, peut \u00eatre utilis\u00e9 pour les exercices des membres sup\u00e9rieurs et inf\u00e9rieurs. Le balancier peut \u00eatre utilis\u00e9 sur les deux c\u00f4t\u00e9s. Le poids\/effort peut \u00eatre r\u00e9gl\u00e9 singuli\u00e8rement avec des indicateurs num\u00e9riques. Les jambes peuvent \u00eatre immobilis\u00e9es avec une sangle. Structure en m\u00e9tal \u00e9poxy.    <\/p>\n","protected":false},"featured_media":4615,"template":"","meta":{"_acf_changed":false},"product_brand":[],"product_cat":[368,378],"product_tag":[],"class_list":{"0":"post-13129","1":"product","2":"type-product","3":"status-publish","4":"has-post-thumbnail","6":"product_cat-reeducation","7":"product_cat-reeducation-des-membres","9":"entry","10":"has-media","12":"first","13":"instock","14":"shipping-taxable","15":"purchasable","16":"product-type-simple","17":"has-product-nav","18":"col","19":"span_1_of_3","20":"owp-content-center","21":"owp-thumbs-layout-horizontal","22":"owp-btn-normal","23":"owp-tabs-layout-horizontal"},"acf":[],"yoast_head":"<!-- This site is optimized with the Yoast SEO plugin v27.1.1 - https:\/\/yoast.com\/product\/yoast-seo-wordpress\/ -->\n<title>ARTEMIDE - FisioTech<\/title>\n<meta name=\"description\" content=\"ARTEMIDE FAUTEUIL DE R\u00c9\u00c9DUCATION Fauteuil de r\u00e9\u00e9ducation, peut \u00eatre utilis\u00e9 pour les exercices des membres sup\u00e9rieurs et inf\u00e9rieurs. Le balancier peut \u00eatre utilis\u00e9 sur les deux c\u00f4t\u00e9s. Le poids\/effort peut \u00eatre r\u00e9gl\u00e9 singuli\u00e8rement avec des indicateurs num\u00e9riques. Les jambes peuvent \u00eatre immobilis\u00e9es avec une sangle. Structure en m\u00e9tal \u00e9poxy.\" \/>\n<meta name=\"robots\" content=\"noindex, follow, max-snippet:-1, max-image-preview:large, max-video-preview:-1\" \/>\n<meta property=\"og:locale\" content=\"fr_FR\" \/>\n<meta property=\"og:type\" content=\"article\" \/>\n<meta property=\"og:title\" content=\"ARTEMIDE - FisioTech\" \/>\n<meta property=\"og:description\" content=\"ARTEMIDE FAUTEUIL DE R\u00c9\u00c9DUCATION Fauteuil de r\u00e9\u00e9ducation, peut \u00eatre utilis\u00e9 pour les exercices des membres sup\u00e9rieurs et inf\u00e9rieurs. Le balancier peut \u00eatre utilis\u00e9 sur les deux c\u00f4t\u00e9s. Le poids\/effort peut \u00eatre r\u00e9gl\u00e9 singuli\u00e8rement avec des indicateurs num\u00e9riques. Les jambes peuvent \u00eatre immobilis\u00e9es avec une sangle. Structure en m\u00e9tal \u00e9poxy.\" \/>\n<meta property=\"og:url\" content=\"https:\/\/dev.fisiotech.com\/fr\/prodotto\/artemide\/\" \/>\n<meta property=\"og:site_name\" content=\"FisioTech\" \/>\n<meta property=\"article:modified_time\" content=\"2025-03-18T10:33:31+00:00\" \/>\n<meta property=\"og:image\" content=\"https:\/\/dev.fisiotech.com\/wp-content\/uploads\/2023\/12\/artemide.jpg\" \/>\n\t<meta property=\"og:image:width\" content=\"750\" \/>\n\t<meta property=\"og:image:height\" content=\"750\" \/>\n\t<meta property=\"og:image:type\" content=\"image\/jpeg\" \/>\n<meta name=\"twitter:card\" content=\"summary_large_image\" \/>\n<script type=\"application\/ld+json\" class=\"yoast-schema-graph\">{\"@context\":\"https:\/\/schema.org\",\"@graph\":[{\"@type\":\"WebPage\",\"@id\":\"https:\/\/dev.fisiotech.com\/fr\/prodotto\/artemide\/\",\"url\":\"https:\/\/dev.fisiotech.com\/fr\/prodotto\/artemide\/\",\"name\":\"ARTEMIDE - FisioTech\",\"isPartOf\":{\"@id\":\"https:\/\/dev.fisiotech.com\/fr\/#website\"},\"primaryImageOfPage\":{\"@id\":\"https:\/\/dev.fisiotech.com\/fr\/prodotto\/artemide\/#primaryimage\"},\"image\":{\"@id\":\"https:\/\/dev.fisiotech.com\/fr\/prodotto\/artemide\/#primaryimage\"},\"thumbnailUrl\":\"https:\/\/dev.fisiotech.com\/wp-content\/uploads\/2023\/12\/artemide.jpg\",\"datePublished\":\"2023-12-04T09:58:05+00:00\",\"dateModified\":\"2025-03-18T10:33:31+00:00\",\"description\":\"ARTEMIDE FAUTEUIL DE R\u00c9\u00c9DUCATION Fauteuil de r\u00e9\u00e9ducation, peut \u00eatre utilis\u00e9 pour les exercices des membres sup\u00e9rieurs et inf\u00e9rieurs. Le balancier peut \u00eatre utilis\u00e9 sur les deux c\u00f4t\u00e9s. Le poids\/effort peut \u00eatre r\u00e9gl\u00e9 singuli\u00e8rement avec des indicateurs num\u00e9riques. Les jambes peuvent \u00eatre immobilis\u00e9es avec une sangle. Structure en m\u00e9tal \u00e9poxy.\",\"breadcrumb\":{\"@id\":\"https:\/\/dev.fisiotech.com\/fr\/prodotto\/artemide\/#breadcrumb\"},\"inLanguage\":\"fr-FR\",\"potentialAction\":[{\"@type\":\"ReadAction\",\"target\":[\"https:\/\/dev.fisiotech.com\/fr\/prodotto\/artemide\/\"]}]},{\"@type\":\"ImageObject\",\"inLanguage\":\"fr-FR\",\"@id\":\"https:\/\/dev.fisiotech.com\/fr\/prodotto\/artemide\/#primaryimage\",\"url\":\"https:\/\/dev.fisiotech.com\/wp-content\/uploads\/2023\/12\/artemide.jpg\",\"contentUrl\":\"https:\/\/dev.fisiotech.com\/wp-content\/uploads\/2023\/12\/artemide.jpg\",\"width\":750,\"height\":750},{\"@type\":\"BreadcrumbList\",\"@id\":\"https:\/\/dev.fisiotech.com\/fr\/prodotto\/artemide\/#breadcrumb\",\"itemListElement\":[{\"@type\":\"ListItem\",\"position\":1,\"name\":\"Home\",\"item\":\"https:\/\/dev.fisiotech.com\/fr\/\"},{\"@type\":\"ListItem\",\"position\":2,\"name\":\"Boutique\",\"item\":\"https:\/\/dev.fisiotech.com\/negozio\/\"},{\"@type\":\"ListItem\",\"position\":3,\"name\":\"R\u00e9\u00e9ducation\",\"item\":\"https:\/\/dev.fisiotech.com\/fr\/categoria-prodotto\/reeducation\/\"},{\"@type\":\"ListItem\",\"position\":4,\"name\":\"R\u00e9\u00e9ducation des membres\",\"item\":\"https:\/\/dev.fisiotech.com\/fr\/categoria-prodotto\/reeducation\/reeducation-des-membres\/\"},{\"@type\":\"ListItem\",\"position\":5,\"name\":\"ARTEMIDE\"}]},{\"@type\":\"WebSite\",\"@id\":\"https:\/\/dev.fisiotech.com\/fr\/#website\",\"url\":\"https:\/\/dev.fisiotech.com\/fr\/\",\"name\":\"FisioTech\",\"description\":\"Tecnologie al servizio della salute\",\"publisher\":{\"@id\":\"https:\/\/dev.fisiotech.com\/fr\/#organization\"},\"potentialAction\":[{\"@type\":\"SearchAction\",\"target\":{\"@type\":\"EntryPoint\",\"urlTemplate\":\"https:\/\/dev.fisiotech.com\/fr\/?s={search_term_string}\"},\"query-input\":{\"@type\":\"PropertyValueSpecification\",\"valueRequired\":true,\"valueName\":\"search_term_string\"}}],\"inLanguage\":\"fr-FR\"},{\"@type\":\"Organization\",\"@id\":\"https:\/\/dev.fisiotech.com\/fr\/#organization\",\"name\":\"FisioTech - Tecnologie al servizio della salute\",\"url\":\"https:\/\/dev.fisiotech.com\/fr\/\",\"logo\":{\"@type\":\"ImageObject\",\"inLanguage\":\"fr-FR\",\"@id\":\"https:\/\/dev.fisiotech.com\/fr\/#\/schema\/logo\/image\/\",\"url\":\"https:\/\/dev.fisiotech.com\/wp-content\/uploads\/2023\/09\/cropped-Fisiotech-logo.png\",\"contentUrl\":\"https:\/\/dev.fisiotech.com\/wp-content\/uploads\/2023\/09\/cropped-Fisiotech-logo.png\",\"width\":861,\"height\":329,\"caption\":\"FisioTech - Tecnologie al servizio della salute\"},\"image\":{\"@id\":\"https:\/\/dev.fisiotech.com\/fr\/#\/schema\/logo\/image\/\"}}]}<\/script>\n<!-- \/ Yoast SEO plugin. -->","yoast_head_json":{"title":"ARTEMIDE - FisioTech","description":"ARTEMIDE FAUTEUIL DE R\u00c9\u00c9DUCATION Fauteuil de r\u00e9\u00e9ducation, peut \u00eatre utilis\u00e9 pour les exercices des membres sup\u00e9rieurs et inf\u00e9rieurs. Le balancier peut \u00eatre utilis\u00e9 sur les deux c\u00f4t\u00e9s. Le poids\/effort peut \u00eatre r\u00e9gl\u00e9 singuli\u00e8rement avec des indicateurs num\u00e9riques. Les jambes peuvent \u00eatre immobilis\u00e9es avec une sangle. Structure en m\u00e9tal \u00e9poxy.","robots":{"index":"noindex","follow":"follow","max-snippet":"max-snippet:-1","max-image-preview":"max-image-preview:large","max-video-preview":"max-video-preview:-1"},"og_locale":"fr_FR","og_type":"article","og_title":"ARTEMIDE - FisioTech","og_description":"ARTEMIDE FAUTEUIL DE R\u00c9\u00c9DUCATION Fauteuil de r\u00e9\u00e9ducation, peut \u00eatre utilis\u00e9 pour les exercices des membres sup\u00e9rieurs et inf\u00e9rieurs. Le balancier peut \u00eatre utilis\u00e9 sur les deux c\u00f4t\u00e9s. Le poids\/effort peut \u00eatre r\u00e9gl\u00e9 singuli\u00e8rement avec des indicateurs num\u00e9riques. Les jambes peuvent \u00eatre immobilis\u00e9es avec une sangle. Structure en m\u00e9tal \u00e9poxy.","og_url":"https:\/\/dev.fisiotech.com\/fr\/prodotto\/artemide\/","og_site_name":"FisioTech","article_modified_time":"2025-03-18T10:33:31+00:00","og_image":[{"width":750,"height":750,"url":"https:\/\/dev.fisiotech.com\/wp-content\/uploads\/2023\/12\/artemide.jpg","type":"image\/jpeg"}],"twitter_card":"summary_large_image","schema":{"@context":"https:\/\/schema.org","@graph":[{"@type":"WebPage","@id":"https:\/\/dev.fisiotech.com\/fr\/prodotto\/artemide\/","url":"https:\/\/dev.fisiotech.com\/fr\/prodotto\/artemide\/","name":"ARTEMIDE - FisioTech","isPartOf":{"@id":"https:\/\/dev.fisiotech.com\/fr\/#website"},"primaryImageOfPage":{"@id":"https:\/\/dev.fisiotech.com\/fr\/prodotto\/artemide\/#primaryimage"},"image":{"@id":"https:\/\/dev.fisiotech.com\/fr\/prodotto\/artemide\/#primaryimage"},"thumbnailUrl":"https:\/\/dev.fisiotech.com\/wp-content\/uploads\/2023\/12\/artemide.jpg","datePublished":"2023-12-04T09:58:05+00:00","dateModified":"2025-03-18T10:33:31+00:00","description":"ARTEMIDE FAUTEUIL DE R\u00c9\u00c9DUCATION Fauteuil de r\u00e9\u00e9ducation, peut \u00eatre utilis\u00e9 pour les exercices des membres sup\u00e9rieurs et inf\u00e9rieurs. Le balancier peut \u00eatre utilis\u00e9 sur les deux c\u00f4t\u00e9s. Le poids\/effort peut \u00eatre r\u00e9gl\u00e9 singuli\u00e8rement avec des indicateurs num\u00e9riques. Les jambes peuvent \u00eatre immobilis\u00e9es avec une sangle. Structure en m\u00e9tal \u00e9poxy.","breadcrumb":{"@id":"https:\/\/dev.fisiotech.com\/fr\/prodotto\/artemide\/#breadcrumb"},"inLanguage":"fr-FR","potentialAction":[{"@type":"ReadAction","target":["https:\/\/dev.fisiotech.com\/fr\/prodotto\/artemide\/"]}]},{"@type":"ImageObject","inLanguage":"fr-FR","@id":"https:\/\/dev.fisiotech.com\/fr\/prodotto\/artemide\/#primaryimage","url":"https:\/\/dev.fisiotech.com\/wp-content\/uploads\/2023\/12\/artemide.jpg","contentUrl":"https:\/\/dev.fisiotech.com\/wp-content\/uploads\/2023\/12\/artemide.jpg","width":750,"height":750},{"@type":"BreadcrumbList","@id":"https:\/\/dev.fisiotech.com\/fr\/prodotto\/artemide\/#breadcrumb","itemListElement":[{"@type":"ListItem","position":1,"name":"Home","item":"https:\/\/dev.fisiotech.com\/fr\/"},{"@type":"ListItem","position":2,"name":"Boutique","item":"https:\/\/dev.fisiotech.com\/negozio\/"},{"@type":"ListItem","position":3,"name":"R\u00e9\u00e9ducation","item":"https:\/\/dev.fisiotech.com\/fr\/categoria-prodotto\/reeducation\/"},{"@type":"ListItem","position":4,"name":"R\u00e9\u00e9ducation des membres","item":"https:\/\/dev.fisiotech.com\/fr\/categoria-prodotto\/reeducation\/reeducation-des-membres\/"},{"@type":"ListItem","position":5,"name":"ARTEMIDE"}]},{"@type":"WebSite","@id":"https:\/\/dev.fisiotech.com\/fr\/#website","url":"https:\/\/dev.fisiotech.com\/fr\/","name":"FisioTech","description":"Tecnologie al servizio della salute","publisher":{"@id":"https:\/\/dev.fisiotech.com\/fr\/#organization"},"potentialAction":[{"@type":"SearchAction","target":{"@type":"EntryPoint","urlTemplate":"https:\/\/dev.fisiotech.com\/fr\/?s={search_term_string}"},"query-input":{"@type":"PropertyValueSpecification","valueRequired":true,"valueName":"search_term_string"}}],"inLanguage":"fr-FR"},{"@type":"Organization","@id":"https:\/\/dev.fisiotech.com\/fr\/#organization","name":"FisioTech - Tecnologie al servizio della salute","url":"https:\/\/dev.fisiotech.com\/fr\/","logo":{"@type":"ImageObject","inLanguage":"fr-FR","@id":"https:\/\/dev.fisiotech.com\/fr\/#\/schema\/logo\/image\/","url":"https:\/\/dev.fisiotech.com\/wp-content\/uploads\/2023\/09\/cropped-Fisiotech-logo.png","contentUrl":"https:\/\/dev.fisiotech.com\/wp-content\/uploads\/2023\/09\/cropped-Fisiotech-logo.png","width":861,"height":329,"caption":"FisioTech - Tecnologie al servizio della salute"},"image":{"@id":"https:\/\/dev.fisiotech.com\/fr\/#\/schema\/logo\/image\/"}}]}},"_links":{"self":[{"href":"https:\/\/dev.fisiotech.com\/fr\/wp-json\/wp\/v2\/product\/13129","targetHints":{"allow":["GET"]}}],"collection":[{"href":"https:\/\/dev.fisiotech.com\/fr\/wp-json\/wp\/v2\/product"}],"about":[{"href":"https:\/\/dev.fisiotech.com\/fr\/wp-json\/wp\/v2\/types\/product"}],"version-history":[{"count":1,"href":"https:\/\/dev.fisiotech.com\/fr\/wp-json\/wp\/v2\/product\/13129\/revisions"}],"predecessor-version":[{"id":13176,"href":"https:\/\/dev.fisiotech.com\/fr\/wp-json\/wp\/v2\/product\/13129\/revisions\/13176"}],"wp:featuredmedia":[{"embeddable":true,"href":"https:\/\/dev.fisiotech.com\/fr\/wp-json\/wp\/v2\/media\/4615"}],"wp:attachment":[{"href":"https:\/\/dev.fisiotech.com\/fr\/wp-json\/wp\/v2\/media?parent=13129"}],"wp:term":[{"taxonomy":"product_brand","embeddable":true,"href":"https:\/\/dev.fisiotech.com\/fr\/wp-json\/wp\/v2\/product_brand?post=13129"},{"taxonomy":"product_cat","embeddable":true,"href":"https:\/\/dev.fisiotech.com\/fr\/wp-json\/wp\/v2\/product_cat?post=13129"},{"taxonomy":"product_tag","embeddable":true,"href":"https:\/\/dev.fisiotech.com\/fr\/wp-json\/wp\/v2\/product_tag?post=13129"}],"curies":[{"name":"wp","href":"https:\/\/api.w.org\/{rel}","templated":true}]}}