{"id":13144,"date":"2024-01-05T12:24:48","date_gmt":"2024-01-05T12:24:48","guid":{"rendered":"https:\/\/fisiotech.com\/prodotto\/panneau-de-erghotherapie\/"},"modified":"2025-03-18T11:03:23","modified_gmt":"2025-03-18T11:03:23","slug":"panneau-de-erghotherapie","status":"publish","type":"product","link":"https:\/\/dev.fisiotech.com\/fr\/prodotto\/panneau-de-erghotherapie\/","title":{"rendered":"PANNEAU DE ERGHOTH\u00c9RAPIE"},"content":{"rendered":"","protected":false},"excerpt":{"rendered":"<h4>PANNEAU DE ERGHOTH\u00c9RAPIE<\/h4>\n<p> Dispositif pour la r\u00e9\u00e9ducation des membres sup\u00e9rieurs. Panneau mural avec 9 \u00e9l\u00e9ments qui recr\u00e9ent les activit\u00e9s quotidiennes :<br \/>Ampoule<br \/>Interrupteur<br \/>Prise<br \/>Verrou<br \/>Loquet<br \/>Second verrou<br \/>Cha\u00eene de porte<br \/>Poign\u00e9e de fen\u00eatre<br \/>Musclet.          <\/p>\n","protected":false},"featured_media":4590,"template":"","meta":{"_acf_changed":false},"product_brand":[],"product_cat":[368,378],"product_tag":[],"class_list":{"0":"post-13144","1":"product","2":"type-product","3":"status-publish","4":"has-post-thumbnail","6":"product_cat-reeducation","7":"product_cat-reeducation-des-membres","9":"entry","10":"has-media","12":"first","13":"instock","14":"shipping-taxable","15":"purchasable","16":"product-type-simple","17":"has-product-nav","18":"col","19":"span_1_of_3","20":"owp-content-center","21":"owp-thumbs-layout-horizontal","22":"owp-btn-normal","23":"owp-tabs-layout-horizontal","24":"has-no-thumbnails"},"acf":[],"yoast_head":"<!-- This site is optimized with the Yoast SEO plugin v27.1.1 - https:\/\/yoast.com\/product\/yoast-seo-wordpress\/ -->\n<title>PANNEAU DE ERGHOTH\u00c9RAPIE - FisioTech<\/title>\n<meta name=\"description\" content=\"PANNEAU DE ERGHOTH\u00c9RAPIE Dispositif pour la r\u00e9\u00e9ducation des membres sup\u00e9rieurs. Panneau mural avec 9 \u00e9l\u00e9ments qui recr\u00e9ent les activit\u00e9s quotidiennes :AmpouleInterrupteurPriseVerrouLoquetSecond verrouCha\u00eene de portePoign\u00e9e de fen\u00eatreMusclet.\" \/>\n<meta name=\"robots\" content=\"noindex, follow, max-snippet:-1, max-image-preview:large, max-video-preview:-1\" \/>\n<meta property=\"og:locale\" content=\"fr_FR\" \/>\n<meta property=\"og:type\" content=\"article\" \/>\n<meta property=\"og:title\" content=\"PANNEAU DE ERGHOTH\u00c9RAPIE - FisioTech\" \/>\n<meta property=\"og:description\" content=\"PANNEAU DE ERGHOTH\u00c9RAPIE Dispositif pour la r\u00e9\u00e9ducation des membres sup\u00e9rieurs. Panneau mural avec 9 \u00e9l\u00e9ments qui recr\u00e9ent les activit\u00e9s quotidiennes :AmpouleInterrupteurPriseVerrouLoquetSecond verrouCha\u00eene de portePoign\u00e9e de fen\u00eatreMusclet.\" \/>\n<meta property=\"og:url\" content=\"https:\/\/dev.fisiotech.com\/fr\/prodotto\/panneau-de-erghotherapie\/\" \/>\n<meta property=\"og:site_name\" content=\"FisioTech\" \/>\n<meta property=\"article:modified_time\" content=\"2025-03-18T11:03:23+00:00\" \/>\n<meta property=\"og:image\" content=\"https:\/\/dev.fisiotech.com\/wp-content\/uploads\/2024\/01\/pannello-per-ergoterapia.jpg\" \/>\n\t<meta property=\"og:image:width\" content=\"750\" \/>\n\t<meta property=\"og:image:height\" content=\"750\" \/>\n\t<meta property=\"og:image:type\" content=\"image\/jpeg\" \/>\n<meta name=\"twitter:card\" content=\"summary_large_image\" \/>\n<script type=\"application\/ld+json\" class=\"yoast-schema-graph\">{\"@context\":\"https:\/\/schema.org\",\"@graph\":[{\"@type\":\"WebPage\",\"@id\":\"https:\/\/dev.fisiotech.com\/fr\/prodotto\/panneau-de-erghotherapie\/\",\"url\":\"https:\/\/dev.fisiotech.com\/fr\/prodotto\/panneau-de-erghotherapie\/\",\"name\":\"PANNEAU DE ERGHOTH\u00c9RAPIE - FisioTech\",\"isPartOf\":{\"@id\":\"https:\/\/dev.fisiotech.com\/fr\/#website\"},\"primaryImageOfPage\":{\"@id\":\"https:\/\/dev.fisiotech.com\/fr\/prodotto\/panneau-de-erghotherapie\/#primaryimage\"},\"image\":{\"@id\":\"https:\/\/dev.fisiotech.com\/fr\/prodotto\/panneau-de-erghotherapie\/#primaryimage\"},\"thumbnailUrl\":\"https:\/\/dev.fisiotech.com\/wp-content\/uploads\/2024\/01\/pannello-per-ergoterapia.jpg\",\"datePublished\":\"2024-01-05T12:24:48+00:00\",\"dateModified\":\"2025-03-18T11:03:23+00:00\",\"description\":\"PANNEAU DE ERGHOTH\u00c9RAPIE Dispositif pour la r\u00e9\u00e9ducation des membres sup\u00e9rieurs. Panneau mural avec 9 \u00e9l\u00e9ments qui recr\u00e9ent les activit\u00e9s quotidiennes :AmpouleInterrupteurPriseVerrouLoquetSecond verrouCha\u00eene de portePoign\u00e9e de fen\u00eatreMusclet.\",\"breadcrumb\":{\"@id\":\"https:\/\/dev.fisiotech.com\/fr\/prodotto\/panneau-de-erghotherapie\/#breadcrumb\"},\"inLanguage\":\"fr-FR\",\"potentialAction\":[{\"@type\":\"ReadAction\",\"target\":[\"https:\/\/dev.fisiotech.com\/fr\/prodotto\/panneau-de-erghotherapie\/\"]}]},{\"@type\":\"ImageObject\",\"inLanguage\":\"fr-FR\",\"@id\":\"https:\/\/dev.fisiotech.com\/fr\/prodotto\/panneau-de-erghotherapie\/#primaryimage\",\"url\":\"https:\/\/dev.fisiotech.com\/wp-content\/uploads\/2024\/01\/pannello-per-ergoterapia.jpg\",\"contentUrl\":\"https:\/\/dev.fisiotech.com\/wp-content\/uploads\/2024\/01\/pannello-per-ergoterapia.jpg\",\"width\":750,\"height\":750},{\"@type\":\"BreadcrumbList\",\"@id\":\"https:\/\/dev.fisiotech.com\/fr\/prodotto\/panneau-de-erghotherapie\/#breadcrumb\",\"itemListElement\":[{\"@type\":\"ListItem\",\"position\":1,\"name\":\"Home\",\"item\":\"https:\/\/dev.fisiotech.com\/fr\/\"},{\"@type\":\"ListItem\",\"position\":2,\"name\":\"Boutique\",\"item\":\"https:\/\/dev.fisiotech.com\/negozio\/\"},{\"@type\":\"ListItem\",\"position\":3,\"name\":\"R\u00e9\u00e9ducation\",\"item\":\"https:\/\/dev.fisiotech.com\/fr\/categoria-prodotto\/reeducation\/\"},{\"@type\":\"ListItem\",\"position\":4,\"name\":\"R\u00e9\u00e9ducation des membres\",\"item\":\"https:\/\/dev.fisiotech.com\/fr\/categoria-prodotto\/reeducation\/reeducation-des-membres\/\"},{\"@type\":\"ListItem\",\"position\":5,\"name\":\"PANNEAU DE ERGHOTH\u00c9RAPIE\"}]},{\"@type\":\"WebSite\",\"@id\":\"https:\/\/dev.fisiotech.com\/fr\/#website\",\"url\":\"https:\/\/dev.fisiotech.com\/fr\/\",\"name\":\"FisioTech\",\"description\":\"Tecnologie al servizio della salute\",\"publisher\":{\"@id\":\"https:\/\/dev.fisiotech.com\/fr\/#organization\"},\"potentialAction\":[{\"@type\":\"SearchAction\",\"target\":{\"@type\":\"EntryPoint\",\"urlTemplate\":\"https:\/\/dev.fisiotech.com\/fr\/?s={search_term_string}\"},\"query-input\":{\"@type\":\"PropertyValueSpecification\",\"valueRequired\":true,\"valueName\":\"search_term_string\"}}],\"inLanguage\":\"fr-FR\"},{\"@type\":\"Organization\",\"@id\":\"https:\/\/dev.fisiotech.com\/fr\/#organization\",\"name\":\"FisioTech - Tecnologie al servizio della salute\",\"url\":\"https:\/\/dev.fisiotech.com\/fr\/\",\"logo\":{\"@type\":\"ImageObject\",\"inLanguage\":\"fr-FR\",\"@id\":\"https:\/\/dev.fisiotech.com\/fr\/#\/schema\/logo\/image\/\",\"url\":\"https:\/\/dev.fisiotech.com\/wp-content\/uploads\/2023\/09\/cropped-Fisiotech-logo.png\",\"contentUrl\":\"https:\/\/dev.fisiotech.com\/wp-content\/uploads\/2023\/09\/cropped-Fisiotech-logo.png\",\"width\":861,\"height\":329,\"caption\":\"FisioTech - Tecnologie al servizio della salute\"},\"image\":{\"@id\":\"https:\/\/dev.fisiotech.com\/fr\/#\/schema\/logo\/image\/\"}}]}<\/script>\n<!-- \/ Yoast SEO plugin. -->","yoast_head_json":{"title":"PANNEAU DE ERGHOTH\u00c9RAPIE - FisioTech","description":"PANNEAU DE ERGHOTH\u00c9RAPIE Dispositif pour la r\u00e9\u00e9ducation des membres sup\u00e9rieurs. Panneau mural avec 9 \u00e9l\u00e9ments qui recr\u00e9ent les activit\u00e9s quotidiennes :AmpouleInterrupteurPriseVerrouLoquetSecond verrouCha\u00eene de portePoign\u00e9e de fen\u00eatreMusclet.","robots":{"index":"noindex","follow":"follow","max-snippet":"max-snippet:-1","max-image-preview":"max-image-preview:large","max-video-preview":"max-video-preview:-1"},"og_locale":"fr_FR","og_type":"article","og_title":"PANNEAU DE ERGHOTH\u00c9RAPIE - FisioTech","og_description":"PANNEAU DE ERGHOTH\u00c9RAPIE Dispositif pour la r\u00e9\u00e9ducation des membres sup\u00e9rieurs. Panneau mural avec 9 \u00e9l\u00e9ments qui recr\u00e9ent les activit\u00e9s quotidiennes :AmpouleInterrupteurPriseVerrouLoquetSecond verrouCha\u00eene de portePoign\u00e9e de fen\u00eatreMusclet.","og_url":"https:\/\/dev.fisiotech.com\/fr\/prodotto\/panneau-de-erghotherapie\/","og_site_name":"FisioTech","article_modified_time":"2025-03-18T11:03:23+00:00","og_image":[{"width":750,"height":750,"url":"https:\/\/dev.fisiotech.com\/wp-content\/uploads\/2024\/01\/pannello-per-ergoterapia.jpg","type":"image\/jpeg"}],"twitter_card":"summary_large_image","schema":{"@context":"https:\/\/schema.org","@graph":[{"@type":"WebPage","@id":"https:\/\/dev.fisiotech.com\/fr\/prodotto\/panneau-de-erghotherapie\/","url":"https:\/\/dev.fisiotech.com\/fr\/prodotto\/panneau-de-erghotherapie\/","name":"PANNEAU DE ERGHOTH\u00c9RAPIE - FisioTech","isPartOf":{"@id":"https:\/\/dev.fisiotech.com\/fr\/#website"},"primaryImageOfPage":{"@id":"https:\/\/dev.fisiotech.com\/fr\/prodotto\/panneau-de-erghotherapie\/#primaryimage"},"image":{"@id":"https:\/\/dev.fisiotech.com\/fr\/prodotto\/panneau-de-erghotherapie\/#primaryimage"},"thumbnailUrl":"https:\/\/dev.fisiotech.com\/wp-content\/uploads\/2024\/01\/pannello-per-ergoterapia.jpg","datePublished":"2024-01-05T12:24:48+00:00","dateModified":"2025-03-18T11:03:23+00:00","description":"PANNEAU DE ERGHOTH\u00c9RAPIE Dispositif pour la r\u00e9\u00e9ducation des membres sup\u00e9rieurs. Panneau mural avec 9 \u00e9l\u00e9ments qui recr\u00e9ent les activit\u00e9s quotidiennes :AmpouleInterrupteurPriseVerrouLoquetSecond verrouCha\u00eene de portePoign\u00e9e de fen\u00eatreMusclet.","breadcrumb":{"@id":"https:\/\/dev.fisiotech.com\/fr\/prodotto\/panneau-de-erghotherapie\/#breadcrumb"},"inLanguage":"fr-FR","potentialAction":[{"@type":"ReadAction","target":["https:\/\/dev.fisiotech.com\/fr\/prodotto\/panneau-de-erghotherapie\/"]}]},{"@type":"ImageObject","inLanguage":"fr-FR","@id":"https:\/\/dev.fisiotech.com\/fr\/prodotto\/panneau-de-erghotherapie\/#primaryimage","url":"https:\/\/dev.fisiotech.com\/wp-content\/uploads\/2024\/01\/pannello-per-ergoterapia.jpg","contentUrl":"https:\/\/dev.fisiotech.com\/wp-content\/uploads\/2024\/01\/pannello-per-ergoterapia.jpg","width":750,"height":750},{"@type":"BreadcrumbList","@id":"https:\/\/dev.fisiotech.com\/fr\/prodotto\/panneau-de-erghotherapie\/#breadcrumb","itemListElement":[{"@type":"ListItem","position":1,"name":"Home","item":"https:\/\/dev.fisiotech.com\/fr\/"},{"@type":"ListItem","position":2,"name":"Boutique","item":"https:\/\/dev.fisiotech.com\/negozio\/"},{"@type":"ListItem","position":3,"name":"R\u00e9\u00e9ducation","item":"https:\/\/dev.fisiotech.com\/fr\/categoria-prodotto\/reeducation\/"},{"@type":"ListItem","position":4,"name":"R\u00e9\u00e9ducation des membres","item":"https:\/\/dev.fisiotech.com\/fr\/categoria-prodotto\/reeducation\/reeducation-des-membres\/"},{"@type":"ListItem","position":5,"name":"PANNEAU DE ERGHOTH\u00c9RAPIE"}]},{"@type":"WebSite","@id":"https:\/\/dev.fisiotech.com\/fr\/#website","url":"https:\/\/dev.fisiotech.com\/fr\/","name":"FisioTech","description":"Tecnologie al servizio della salute","publisher":{"@id":"https:\/\/dev.fisiotech.com\/fr\/#organization"},"potentialAction":[{"@type":"SearchAction","target":{"@type":"EntryPoint","urlTemplate":"https:\/\/dev.fisiotech.com\/fr\/?s={search_term_string}"},"query-input":{"@type":"PropertyValueSpecification","valueRequired":true,"valueName":"search_term_string"}}],"inLanguage":"fr-FR"},{"@type":"Organization","@id":"https:\/\/dev.fisiotech.com\/fr\/#organization","name":"FisioTech - Tecnologie al servizio della salute","url":"https:\/\/dev.fisiotech.com\/fr\/","logo":{"@type":"ImageObject","inLanguage":"fr-FR","@id":"https:\/\/dev.fisiotech.com\/fr\/#\/schema\/logo\/image\/","url":"https:\/\/dev.fisiotech.com\/wp-content\/uploads\/2023\/09\/cropped-Fisiotech-logo.png","contentUrl":"https:\/\/dev.fisiotech.com\/wp-content\/uploads\/2023\/09\/cropped-Fisiotech-logo.png","width":861,"height":329,"caption":"FisioTech - Tecnologie al servizio della salute"},"image":{"@id":"https:\/\/dev.fisiotech.com\/fr\/#\/schema\/logo\/image\/"}}]}},"_links":{"self":[{"href":"https:\/\/dev.fisiotech.com\/fr\/wp-json\/wp\/v2\/product\/13144","targetHints":{"allow":["GET"]}}],"collection":[{"href":"https:\/\/dev.fisiotech.com\/fr\/wp-json\/wp\/v2\/product"}],"about":[{"href":"https:\/\/dev.fisiotech.com\/fr\/wp-json\/wp\/v2\/types\/product"}],"version-history":[{"count":1,"href":"https:\/\/dev.fisiotech.com\/fr\/wp-json\/wp\/v2\/product\/13144\/revisions"}],"predecessor-version":[{"id":13191,"href":"https:\/\/dev.fisiotech.com\/fr\/wp-json\/wp\/v2\/product\/13144\/revisions\/13191"}],"wp:featuredmedia":[{"embeddable":true,"href":"https:\/\/dev.fisiotech.com\/fr\/wp-json\/wp\/v2\/media\/4590"}],"wp:attachment":[{"href":"https:\/\/dev.fisiotech.com\/fr\/wp-json\/wp\/v2\/media?parent=13144"}],"wp:term":[{"taxonomy":"product_brand","embeddable":true,"href":"https:\/\/dev.fisiotech.com\/fr\/wp-json\/wp\/v2\/product_brand?post=13144"},{"taxonomy":"product_cat","embeddable":true,"href":"https:\/\/dev.fisiotech.com\/fr\/wp-json\/wp\/v2\/product_cat?post=13144"},{"taxonomy":"product_tag","embeddable":true,"href":"https:\/\/dev.fisiotech.com\/fr\/wp-json\/wp\/v2\/product_tag?post=13144"}],"curies":[{"name":"wp","href":"https:\/\/api.w.org\/{rel}","templated":true}]}}