{"id":13216,"date":"2024-01-05T13:21:28","date_gmt":"2024-01-05T13:21:28","guid":{"rendered":"https:\/\/fisiotech.com\/prodotto\/poulie-dexercice-double-avec-espalier\/"},"modified":"2025-03-18T14:45:47","modified_gmt":"2025-03-18T14:45:47","slug":"poulie-dexercice-double-avec-espalier","status":"publish","type":"product","link":"https:\/\/dev.fisiotech.com\/fr\/prodotto\/poulie-dexercice-double-avec-espalier\/","title":{"rendered":"POULIE D&rsquo;EXERCICE DOUBLE AVEC ESPALIER"},"content":{"rendered":"","protected":false},"excerpt":{"rendered":"<h4>POULIE D&rsquo;EXERCICE DOUBLE AVEC ESPALIER<\/h4>\n<p> Structure en acier \u00e9poxy avec parties coulissantes chrom\u00e9es. Constitu\u00e9 de deux poulies d\u00b4exercice lat\u00e9rales et d\u00b4un espalier central avec montants en acier verni et 13 barreaux. Charge maximale de 8 kg par c\u00f4t\u00e9 r\u00e9glable avec disques poids 1 kg. Id\u00e9al pour plusieurs exercices de renforcement musculaire.   <\/p>\n","protected":false},"featured_media":4711,"template":"","meta":{"_acf_changed":false},"product_brand":[],"product_cat":[376,368],"product_tag":[],"class_list":{"0":"post-13216","1":"product","2":"type-product","3":"status-publish","4":"has-post-thumbnail","6":"product_cat-poulietherapie","7":"product_cat-reeducation","9":"entry","10":"has-media","12":"first","13":"instock","14":"shipping-taxable","15":"purchasable","16":"product-type-simple","17":"has-product-nav","18":"col","19":"span_1_of_3","20":"owp-content-center","21":"owp-thumbs-layout-horizontal","22":"owp-btn-normal","23":"owp-tabs-layout-horizontal","24":"has-no-thumbnails"},"acf":[],"yoast_head":"<!-- This site is optimized with the Yoast SEO plugin v27.1.1 - https:\/\/yoast.com\/product\/yoast-seo-wordpress\/ -->\n<title>POULIE D&#039;EXERCICE DOUBLE AVEC ESPALIER - FisioTech<\/title>\n<meta name=\"description\" content=\"POULIE D&#039;EXERCICE DOUBLE AVEC ESPALIER Structure en acier \u00e9poxy avec parties coulissantes chrom\u00e9es. Constitu\u00e9 de deux poulies d\u00b4exercice lat\u00e9rales et d\u00b4un espalier central avec montants en acier verni et 13 barreaux. Charge maximale de 8 kg par c\u00f4t\u00e9 r\u00e9glable avec disques poids 1 kg. Id\u00e9al pour plusieurs exercices de renforcement musculaire.\" \/>\n<meta name=\"robots\" content=\"noindex, follow, max-snippet:-1, max-image-preview:large, max-video-preview:-1\" \/>\n<meta property=\"og:locale\" content=\"fr_FR\" \/>\n<meta property=\"og:type\" content=\"article\" \/>\n<meta property=\"og:title\" content=\"POULIE D&#039;EXERCICE DOUBLE AVEC ESPALIER - FisioTech\" \/>\n<meta property=\"og:description\" content=\"POULIE D&#039;EXERCICE DOUBLE AVEC ESPALIER Structure en acier \u00e9poxy avec parties coulissantes chrom\u00e9es. Constitu\u00e9 de deux poulies d\u00b4exercice lat\u00e9rales et d\u00b4un espalier central avec montants en acier verni et 13 barreaux. Charge maximale de 8 kg par c\u00f4t\u00e9 r\u00e9glable avec disques poids 1 kg. Id\u00e9al pour plusieurs exercices de renforcement musculaire.\" \/>\n<meta property=\"og:url\" content=\"https:\/\/dev.fisiotech.com\/fr\/prodotto\/poulie-dexercice-double-avec-espalier\/\" \/>\n<meta property=\"og:site_name\" content=\"FisioTech\" \/>\n<meta property=\"article:modified_time\" content=\"2025-03-18T14:45:47+00:00\" \/>\n<meta property=\"og:image\" content=\"https:\/\/dev.fisiotech.com\/wp-content\/uploads\/2024\/01\/poliercolina.jpg\" \/>\n\t<meta property=\"og:image:width\" content=\"750\" \/>\n\t<meta property=\"og:image:height\" content=\"750\" \/>\n\t<meta property=\"og:image:type\" content=\"image\/jpeg\" \/>\n<meta name=\"twitter:card\" content=\"summary_large_image\" \/>\n<script type=\"application\/ld+json\" class=\"yoast-schema-graph\">{\"@context\":\"https:\/\/schema.org\",\"@graph\":[{\"@type\":\"WebPage\",\"@id\":\"https:\/\/dev.fisiotech.com\/fr\/prodotto\/poulie-dexercice-double-avec-espalier\/\",\"url\":\"https:\/\/dev.fisiotech.com\/fr\/prodotto\/poulie-dexercice-double-avec-espalier\/\",\"name\":\"POULIE D'EXERCICE DOUBLE AVEC ESPALIER - FisioTech\",\"isPartOf\":{\"@id\":\"https:\/\/dev.fisiotech.com\/fr\/#website\"},\"primaryImageOfPage\":{\"@id\":\"https:\/\/dev.fisiotech.com\/fr\/prodotto\/poulie-dexercice-double-avec-espalier\/#primaryimage\"},\"image\":{\"@id\":\"https:\/\/dev.fisiotech.com\/fr\/prodotto\/poulie-dexercice-double-avec-espalier\/#primaryimage\"},\"thumbnailUrl\":\"https:\/\/dev.fisiotech.com\/wp-content\/uploads\/2024\/01\/poliercolina.jpg\",\"datePublished\":\"2024-01-05T13:21:28+00:00\",\"dateModified\":\"2025-03-18T14:45:47+00:00\",\"description\":\"POULIE D'EXERCICE DOUBLE AVEC ESPALIER Structure en acier \u00e9poxy avec parties coulissantes chrom\u00e9es. Constitu\u00e9 de deux poulies d\u00b4exercice lat\u00e9rales et d\u00b4un espalier central avec montants en acier verni et 13 barreaux. Charge maximale de 8 kg par c\u00f4t\u00e9 r\u00e9glable avec disques poids 1 kg. Id\u00e9al pour plusieurs exercices de renforcement musculaire.\",\"breadcrumb\":{\"@id\":\"https:\/\/dev.fisiotech.com\/fr\/prodotto\/poulie-dexercice-double-avec-espalier\/#breadcrumb\"},\"inLanguage\":\"fr-FR\",\"potentialAction\":[{\"@type\":\"ReadAction\",\"target\":[\"https:\/\/dev.fisiotech.com\/fr\/prodotto\/poulie-dexercice-double-avec-espalier\/\"]}]},{\"@type\":\"ImageObject\",\"inLanguage\":\"fr-FR\",\"@id\":\"https:\/\/dev.fisiotech.com\/fr\/prodotto\/poulie-dexercice-double-avec-espalier\/#primaryimage\",\"url\":\"https:\/\/dev.fisiotech.com\/wp-content\/uploads\/2024\/01\/poliercolina.jpg\",\"contentUrl\":\"https:\/\/dev.fisiotech.com\/wp-content\/uploads\/2024\/01\/poliercolina.jpg\",\"width\":750,\"height\":750},{\"@type\":\"BreadcrumbList\",\"@id\":\"https:\/\/dev.fisiotech.com\/fr\/prodotto\/poulie-dexercice-double-avec-espalier\/#breadcrumb\",\"itemListElement\":[{\"@type\":\"ListItem\",\"position\":1,\"name\":\"Home\",\"item\":\"https:\/\/dev.fisiotech.com\/fr\/\"},{\"@type\":\"ListItem\",\"position\":2,\"name\":\"Boutique\",\"item\":\"https:\/\/dev.fisiotech.com\/negozio\/\"},{\"@type\":\"ListItem\",\"position\":3,\"name\":\"R\u00e9\u00e9ducation\",\"item\":\"https:\/\/dev.fisiotech.com\/fr\/categoria-prodotto\/reeducation\/\"},{\"@type\":\"ListItem\",\"position\":4,\"name\":\"Poulieth\u00e9rapie\",\"item\":\"https:\/\/dev.fisiotech.com\/fr\/categoria-prodotto\/reeducation\/poulietherapie\/\"},{\"@type\":\"ListItem\",\"position\":5,\"name\":\"POULIE D&rsquo;EXERCICE DOUBLE AVEC ESPALIER\"}]},{\"@type\":\"WebSite\",\"@id\":\"https:\/\/dev.fisiotech.com\/fr\/#website\",\"url\":\"https:\/\/dev.fisiotech.com\/fr\/\",\"name\":\"FisioTech\",\"description\":\"Tecnologie al servizio della salute\",\"publisher\":{\"@id\":\"https:\/\/dev.fisiotech.com\/fr\/#organization\"},\"potentialAction\":[{\"@type\":\"SearchAction\",\"target\":{\"@type\":\"EntryPoint\",\"urlTemplate\":\"https:\/\/dev.fisiotech.com\/fr\/?s={search_term_string}\"},\"query-input\":{\"@type\":\"PropertyValueSpecification\",\"valueRequired\":true,\"valueName\":\"search_term_string\"}}],\"inLanguage\":\"fr-FR\"},{\"@type\":\"Organization\",\"@id\":\"https:\/\/dev.fisiotech.com\/fr\/#organization\",\"name\":\"FisioTech - Tecnologie al servizio della salute\",\"url\":\"https:\/\/dev.fisiotech.com\/fr\/\",\"logo\":{\"@type\":\"ImageObject\",\"inLanguage\":\"fr-FR\",\"@id\":\"https:\/\/dev.fisiotech.com\/fr\/#\/schema\/logo\/image\/\",\"url\":\"https:\/\/dev.fisiotech.com\/wp-content\/uploads\/2023\/09\/cropped-Fisiotech-logo.png\",\"contentUrl\":\"https:\/\/dev.fisiotech.com\/wp-content\/uploads\/2023\/09\/cropped-Fisiotech-logo.png\",\"width\":861,\"height\":329,\"caption\":\"FisioTech - Tecnologie al servizio della salute\"},\"image\":{\"@id\":\"https:\/\/dev.fisiotech.com\/fr\/#\/schema\/logo\/image\/\"}}]}<\/script>\n<!-- \/ Yoast SEO plugin. -->","yoast_head_json":{"title":"POULIE D'EXERCICE DOUBLE AVEC ESPALIER - FisioTech","description":"POULIE D'EXERCICE DOUBLE AVEC ESPALIER Structure en acier \u00e9poxy avec parties coulissantes chrom\u00e9es. Constitu\u00e9 de deux poulies d\u00b4exercice lat\u00e9rales et d\u00b4un espalier central avec montants en acier verni et 13 barreaux. Charge maximale de 8 kg par c\u00f4t\u00e9 r\u00e9glable avec disques poids 1 kg. Id\u00e9al pour plusieurs exercices de renforcement musculaire.","robots":{"index":"noindex","follow":"follow","max-snippet":"max-snippet:-1","max-image-preview":"max-image-preview:large","max-video-preview":"max-video-preview:-1"},"og_locale":"fr_FR","og_type":"article","og_title":"POULIE D'EXERCICE DOUBLE AVEC ESPALIER - FisioTech","og_description":"POULIE D'EXERCICE DOUBLE AVEC ESPALIER Structure en acier \u00e9poxy avec parties coulissantes chrom\u00e9es. Constitu\u00e9 de deux poulies d\u00b4exercice lat\u00e9rales et d\u00b4un espalier central avec montants en acier verni et 13 barreaux. Charge maximale de 8 kg par c\u00f4t\u00e9 r\u00e9glable avec disques poids 1 kg. Id\u00e9al pour plusieurs exercices de renforcement musculaire.","og_url":"https:\/\/dev.fisiotech.com\/fr\/prodotto\/poulie-dexercice-double-avec-espalier\/","og_site_name":"FisioTech","article_modified_time":"2025-03-18T14:45:47+00:00","og_image":[{"width":750,"height":750,"url":"https:\/\/dev.fisiotech.com\/wp-content\/uploads\/2024\/01\/poliercolina.jpg","type":"image\/jpeg"}],"twitter_card":"summary_large_image","schema":{"@context":"https:\/\/schema.org","@graph":[{"@type":"WebPage","@id":"https:\/\/dev.fisiotech.com\/fr\/prodotto\/poulie-dexercice-double-avec-espalier\/","url":"https:\/\/dev.fisiotech.com\/fr\/prodotto\/poulie-dexercice-double-avec-espalier\/","name":"POULIE D'EXERCICE DOUBLE AVEC ESPALIER - FisioTech","isPartOf":{"@id":"https:\/\/dev.fisiotech.com\/fr\/#website"},"primaryImageOfPage":{"@id":"https:\/\/dev.fisiotech.com\/fr\/prodotto\/poulie-dexercice-double-avec-espalier\/#primaryimage"},"image":{"@id":"https:\/\/dev.fisiotech.com\/fr\/prodotto\/poulie-dexercice-double-avec-espalier\/#primaryimage"},"thumbnailUrl":"https:\/\/dev.fisiotech.com\/wp-content\/uploads\/2024\/01\/poliercolina.jpg","datePublished":"2024-01-05T13:21:28+00:00","dateModified":"2025-03-18T14:45:47+00:00","description":"POULIE D'EXERCICE DOUBLE AVEC ESPALIER Structure en acier \u00e9poxy avec parties coulissantes chrom\u00e9es. Constitu\u00e9 de deux poulies d\u00b4exercice lat\u00e9rales et d\u00b4un espalier central avec montants en acier verni et 13 barreaux. Charge maximale de 8 kg par c\u00f4t\u00e9 r\u00e9glable avec disques poids 1 kg. Id\u00e9al pour plusieurs exercices de renforcement musculaire.","breadcrumb":{"@id":"https:\/\/dev.fisiotech.com\/fr\/prodotto\/poulie-dexercice-double-avec-espalier\/#breadcrumb"},"inLanguage":"fr-FR","potentialAction":[{"@type":"ReadAction","target":["https:\/\/dev.fisiotech.com\/fr\/prodotto\/poulie-dexercice-double-avec-espalier\/"]}]},{"@type":"ImageObject","inLanguage":"fr-FR","@id":"https:\/\/dev.fisiotech.com\/fr\/prodotto\/poulie-dexercice-double-avec-espalier\/#primaryimage","url":"https:\/\/dev.fisiotech.com\/wp-content\/uploads\/2024\/01\/poliercolina.jpg","contentUrl":"https:\/\/dev.fisiotech.com\/wp-content\/uploads\/2024\/01\/poliercolina.jpg","width":750,"height":750},{"@type":"BreadcrumbList","@id":"https:\/\/dev.fisiotech.com\/fr\/prodotto\/poulie-dexercice-double-avec-espalier\/#breadcrumb","itemListElement":[{"@type":"ListItem","position":1,"name":"Home","item":"https:\/\/dev.fisiotech.com\/fr\/"},{"@type":"ListItem","position":2,"name":"Boutique","item":"https:\/\/dev.fisiotech.com\/negozio\/"},{"@type":"ListItem","position":3,"name":"R\u00e9\u00e9ducation","item":"https:\/\/dev.fisiotech.com\/fr\/categoria-prodotto\/reeducation\/"},{"@type":"ListItem","position":4,"name":"Poulieth\u00e9rapie","item":"https:\/\/dev.fisiotech.com\/fr\/categoria-prodotto\/reeducation\/poulietherapie\/"},{"@type":"ListItem","position":5,"name":"POULIE D&rsquo;EXERCICE DOUBLE AVEC ESPALIER"}]},{"@type":"WebSite","@id":"https:\/\/dev.fisiotech.com\/fr\/#website","url":"https:\/\/dev.fisiotech.com\/fr\/","name":"FisioTech","description":"Tecnologie al servizio della salute","publisher":{"@id":"https:\/\/dev.fisiotech.com\/fr\/#organization"},"potentialAction":[{"@type":"SearchAction","target":{"@type":"EntryPoint","urlTemplate":"https:\/\/dev.fisiotech.com\/fr\/?s={search_term_string}"},"query-input":{"@type":"PropertyValueSpecification","valueRequired":true,"valueName":"search_term_string"}}],"inLanguage":"fr-FR"},{"@type":"Organization","@id":"https:\/\/dev.fisiotech.com\/fr\/#organization","name":"FisioTech - Tecnologie al servizio della salute","url":"https:\/\/dev.fisiotech.com\/fr\/","logo":{"@type":"ImageObject","inLanguage":"fr-FR","@id":"https:\/\/dev.fisiotech.com\/fr\/#\/schema\/logo\/image\/","url":"https:\/\/dev.fisiotech.com\/wp-content\/uploads\/2023\/09\/cropped-Fisiotech-logo.png","contentUrl":"https:\/\/dev.fisiotech.com\/wp-content\/uploads\/2023\/09\/cropped-Fisiotech-logo.png","width":861,"height":329,"caption":"FisioTech - Tecnologie al servizio della salute"},"image":{"@id":"https:\/\/dev.fisiotech.com\/fr\/#\/schema\/logo\/image\/"}}]}},"_links":{"self":[{"href":"https:\/\/dev.fisiotech.com\/fr\/wp-json\/wp\/v2\/product\/13216","targetHints":{"allow":["GET"]}}],"collection":[{"href":"https:\/\/dev.fisiotech.com\/fr\/wp-json\/wp\/v2\/product"}],"about":[{"href":"https:\/\/dev.fisiotech.com\/fr\/wp-json\/wp\/v2\/types\/product"}],"version-history":[{"count":1,"href":"https:\/\/dev.fisiotech.com\/fr\/wp-json\/wp\/v2\/product\/13216\/revisions"}],"predecessor-version":[{"id":13276,"href":"https:\/\/dev.fisiotech.com\/fr\/wp-json\/wp\/v2\/product\/13216\/revisions\/13276"}],"wp:featuredmedia":[{"embeddable":true,"href":"https:\/\/dev.fisiotech.com\/fr\/wp-json\/wp\/v2\/media\/4711"}],"wp:attachment":[{"href":"https:\/\/dev.fisiotech.com\/fr\/wp-json\/wp\/v2\/media?parent=13216"}],"wp:term":[{"taxonomy":"product_brand","embeddable":true,"href":"https:\/\/dev.fisiotech.com\/fr\/wp-json\/wp\/v2\/product_brand?post=13216"},{"taxonomy":"product_cat","embeddable":true,"href":"https:\/\/dev.fisiotech.com\/fr\/wp-json\/wp\/v2\/product_cat?post=13216"},{"taxonomy":"product_tag","embeddable":true,"href":"https:\/\/dev.fisiotech.com\/fr\/wp-json\/wp\/v2\/product_tag?post=13216"}],"curies":[{"name":"wp","href":"https:\/\/api.w.org\/{rel}","templated":true}]}}