{"id":13224,"date":"2024-01-05T13:32:32","date_gmt":"2024-01-05T13:32:32","guid":{"rendered":"https:\/\/fisiotech.com\/prodotto\/bracelet-de-poulietherapie\/"},"modified":"2024-01-05T13:32:32","modified_gmt":"2024-01-05T13:32:32","slug":"bracelet-de-poulietherapie","status":"publish","type":"product","link":"https:\/\/dev.fisiotech.com\/fr\/prodotto\/bracelet-de-poulietherapie\/","title":{"rendered":"BRACELET DE POULIETH\u00c9RAPIE"},"content":{"rendered":"","protected":false},"excerpt":{"rendered":"<h4>BRACELET<\/h4>\n<p> Bracelet pour poulieth\u00e9rapie rembourr\u00e9 en mousse \u00e9paisseur 8 mm et rev\u00eatu en simili cuir bord\u00e9 bleu. Ce bracelet permet d\u00b4effectuer th\u00e9rapies de traction en compl\u00e8te s\u00e9curit\u00e9 gr\u00e2ce \u00e0 la bande r\u00e9sistante en polypropyl\u00e8ne et aux anneaux en fer zingu\u00e9 qui le soutiennent. <\/p>\n","protected":false},"featured_media":4654,"template":"","meta":{"_acf_changed":false},"product_brand":[],"product_cat":[376,368],"product_tag":[],"class_list":{"0":"post-13224","1":"product","2":"type-product","3":"status-publish","4":"has-post-thumbnail","6":"product_cat-poulietherapie","7":"product_cat-reeducation","9":"entry","10":"has-media","12":"first","13":"instock","14":"shipping-taxable","15":"purchasable","16":"product-type-simple","17":"has-product-nav","18":"col","19":"span_1_of_3","20":"owp-content-center","21":"owp-thumbs-layout-horizontal","22":"owp-btn-normal","23":"owp-tabs-layout-horizontal","24":"has-no-thumbnails"},"acf":[],"yoast_head":"<!-- This site is optimized with the Yoast SEO plugin v27.1.1 - https:\/\/yoast.com\/product\/yoast-seo-wordpress\/ -->\n<title>BRACELET DE POULIETH\u00c9RAPIE - FisioTech<\/title>\n<meta name=\"description\" content=\"BRACELET Bracelet pour poulieth\u00e9rapie rembourr\u00e9 en mousse \u00e9paisseur 8 mm et rev\u00eatu en simili cuir bord\u00e9 bleu. Ce bracelet permet d\u00b4effectuer th\u00e9rapies de traction en compl\u00e8te s\u00e9curit\u00e9 gr\u00e2ce \u00e0 la bande r\u00e9sistante en polypropyl\u00e8ne et aux anneaux en fer zingu\u00e9 qui le soutiennent.\" \/>\n<meta name=\"robots\" content=\"noindex, follow, max-snippet:-1, max-image-preview:large, max-video-preview:-1\" \/>\n<meta property=\"og:locale\" content=\"fr_FR\" \/>\n<meta property=\"og:type\" content=\"article\" \/>\n<meta property=\"og:title\" content=\"BRACELET DE POULIETH\u00c9RAPIE - FisioTech\" \/>\n<meta property=\"og:description\" content=\"BRACELET Bracelet pour poulieth\u00e9rapie rembourr\u00e9 en mousse \u00e9paisseur 8 mm et rev\u00eatu en simili cuir bord\u00e9 bleu. Ce bracelet permet d\u00b4effectuer th\u00e9rapies de traction en compl\u00e8te s\u00e9curit\u00e9 gr\u00e2ce \u00e0 la bande r\u00e9sistante en polypropyl\u00e8ne et aux anneaux en fer zingu\u00e9 qui le soutiennent.\" \/>\n<meta property=\"og:url\" content=\"https:\/\/dev.fisiotech.com\/fr\/prodotto\/bracelet-de-poulietherapie\/\" \/>\n<meta property=\"og:site_name\" content=\"FisioTech\" \/>\n<meta property=\"og:image\" content=\"https:\/\/dev.fisiotech.com\/wp-content\/uploads\/2024\/01\/cinturino-per-puleggio-terapia.jpg\" \/>\n\t<meta property=\"og:image:width\" content=\"750\" \/>\n\t<meta property=\"og:image:height\" content=\"750\" \/>\n\t<meta property=\"og:image:type\" content=\"image\/jpeg\" \/>\n<meta name=\"twitter:card\" content=\"summary_large_image\" \/>\n<script type=\"application\/ld+json\" class=\"yoast-schema-graph\">{\"@context\":\"https:\/\/schema.org\",\"@graph\":[{\"@type\":\"WebPage\",\"@id\":\"https:\/\/dev.fisiotech.com\/fr\/prodotto\/bracelet-de-poulietherapie\/\",\"url\":\"https:\/\/dev.fisiotech.com\/fr\/prodotto\/bracelet-de-poulietherapie\/\",\"name\":\"BRACELET DE POULIETH\u00c9RAPIE - FisioTech\",\"isPartOf\":{\"@id\":\"https:\/\/dev.fisiotech.com\/fr\/#website\"},\"primaryImageOfPage\":{\"@id\":\"https:\/\/dev.fisiotech.com\/fr\/prodotto\/bracelet-de-poulietherapie\/#primaryimage\"},\"image\":{\"@id\":\"https:\/\/dev.fisiotech.com\/fr\/prodotto\/bracelet-de-poulietherapie\/#primaryimage\"},\"thumbnailUrl\":\"https:\/\/dev.fisiotech.com\/wp-content\/uploads\/2024\/01\/cinturino-per-puleggio-terapia.jpg\",\"datePublished\":\"2024-01-05T13:32:32+00:00\",\"description\":\"BRACELET Bracelet pour poulieth\u00e9rapie rembourr\u00e9 en mousse \u00e9paisseur 8 mm et rev\u00eatu en simili cuir bord\u00e9 bleu. Ce bracelet permet d\u00b4effectuer th\u00e9rapies de traction en compl\u00e8te s\u00e9curit\u00e9 gr\u00e2ce \u00e0 la bande r\u00e9sistante en polypropyl\u00e8ne et aux anneaux en fer zingu\u00e9 qui le soutiennent.\",\"breadcrumb\":{\"@id\":\"https:\/\/dev.fisiotech.com\/fr\/prodotto\/bracelet-de-poulietherapie\/#breadcrumb\"},\"inLanguage\":\"fr-FR\",\"potentialAction\":[{\"@type\":\"ReadAction\",\"target\":[\"https:\/\/dev.fisiotech.com\/fr\/prodotto\/bracelet-de-poulietherapie\/\"]}]},{\"@type\":\"ImageObject\",\"inLanguage\":\"fr-FR\",\"@id\":\"https:\/\/dev.fisiotech.com\/fr\/prodotto\/bracelet-de-poulietherapie\/#primaryimage\",\"url\":\"https:\/\/dev.fisiotech.com\/wp-content\/uploads\/2024\/01\/cinturino-per-puleggio-terapia.jpg\",\"contentUrl\":\"https:\/\/dev.fisiotech.com\/wp-content\/uploads\/2024\/01\/cinturino-per-puleggio-terapia.jpg\",\"width\":750,\"height\":750},{\"@type\":\"BreadcrumbList\",\"@id\":\"https:\/\/dev.fisiotech.com\/fr\/prodotto\/bracelet-de-poulietherapie\/#breadcrumb\",\"itemListElement\":[{\"@type\":\"ListItem\",\"position\":1,\"name\":\"Home\",\"item\":\"https:\/\/dev.fisiotech.com\/fr\/\"},{\"@type\":\"ListItem\",\"position\":2,\"name\":\"Boutique\",\"item\":\"https:\/\/dev.fisiotech.com\/negozio\/\"},{\"@type\":\"ListItem\",\"position\":3,\"name\":\"R\u00e9\u00e9ducation\",\"item\":\"https:\/\/dev.fisiotech.com\/fr\/categoria-prodotto\/reeducation\/\"},{\"@type\":\"ListItem\",\"position\":4,\"name\":\"Poulieth\u00e9rapie\",\"item\":\"https:\/\/dev.fisiotech.com\/fr\/categoria-prodotto\/reeducation\/poulietherapie\/\"},{\"@type\":\"ListItem\",\"position\":5,\"name\":\"BRACELET DE POULIETH\u00c9RAPIE\"}]},{\"@type\":\"WebSite\",\"@id\":\"https:\/\/dev.fisiotech.com\/fr\/#website\",\"url\":\"https:\/\/dev.fisiotech.com\/fr\/\",\"name\":\"FisioTech\",\"description\":\"Tecnologie al servizio della salute\",\"publisher\":{\"@id\":\"https:\/\/dev.fisiotech.com\/fr\/#organization\"},\"potentialAction\":[{\"@type\":\"SearchAction\",\"target\":{\"@type\":\"EntryPoint\",\"urlTemplate\":\"https:\/\/dev.fisiotech.com\/fr\/?s={search_term_string}\"},\"query-input\":{\"@type\":\"PropertyValueSpecification\",\"valueRequired\":true,\"valueName\":\"search_term_string\"}}],\"inLanguage\":\"fr-FR\"},{\"@type\":\"Organization\",\"@id\":\"https:\/\/dev.fisiotech.com\/fr\/#organization\",\"name\":\"FisioTech - Tecnologie al servizio della salute\",\"url\":\"https:\/\/dev.fisiotech.com\/fr\/\",\"logo\":{\"@type\":\"ImageObject\",\"inLanguage\":\"fr-FR\",\"@id\":\"https:\/\/dev.fisiotech.com\/fr\/#\/schema\/logo\/image\/\",\"url\":\"https:\/\/dev.fisiotech.com\/wp-content\/uploads\/2023\/09\/cropped-Fisiotech-logo.png\",\"contentUrl\":\"https:\/\/dev.fisiotech.com\/wp-content\/uploads\/2023\/09\/cropped-Fisiotech-logo.png\",\"width\":861,\"height\":329,\"caption\":\"FisioTech - Tecnologie al servizio della salute\"},\"image\":{\"@id\":\"https:\/\/dev.fisiotech.com\/fr\/#\/schema\/logo\/image\/\"}}]}<\/script>\n<!-- \/ Yoast SEO plugin. -->","yoast_head_json":{"title":"BRACELET DE POULIETH\u00c9RAPIE - FisioTech","description":"BRACELET Bracelet pour poulieth\u00e9rapie rembourr\u00e9 en mousse \u00e9paisseur 8 mm et rev\u00eatu en simili cuir bord\u00e9 bleu. Ce bracelet permet d\u00b4effectuer th\u00e9rapies de traction en compl\u00e8te s\u00e9curit\u00e9 gr\u00e2ce \u00e0 la bande r\u00e9sistante en polypropyl\u00e8ne et aux anneaux en fer zingu\u00e9 qui le soutiennent.","robots":{"index":"noindex","follow":"follow","max-snippet":"max-snippet:-1","max-image-preview":"max-image-preview:large","max-video-preview":"max-video-preview:-1"},"og_locale":"fr_FR","og_type":"article","og_title":"BRACELET DE POULIETH\u00c9RAPIE - FisioTech","og_description":"BRACELET Bracelet pour poulieth\u00e9rapie rembourr\u00e9 en mousse \u00e9paisseur 8 mm et rev\u00eatu en simili cuir bord\u00e9 bleu. Ce bracelet permet d\u00b4effectuer th\u00e9rapies de traction en compl\u00e8te s\u00e9curit\u00e9 gr\u00e2ce \u00e0 la bande r\u00e9sistante en polypropyl\u00e8ne et aux anneaux en fer zingu\u00e9 qui le soutiennent.","og_url":"https:\/\/dev.fisiotech.com\/fr\/prodotto\/bracelet-de-poulietherapie\/","og_site_name":"FisioTech","og_image":[{"width":750,"height":750,"url":"https:\/\/dev.fisiotech.com\/wp-content\/uploads\/2024\/01\/cinturino-per-puleggio-terapia.jpg","type":"image\/jpeg"}],"twitter_card":"summary_large_image","schema":{"@context":"https:\/\/schema.org","@graph":[{"@type":"WebPage","@id":"https:\/\/dev.fisiotech.com\/fr\/prodotto\/bracelet-de-poulietherapie\/","url":"https:\/\/dev.fisiotech.com\/fr\/prodotto\/bracelet-de-poulietherapie\/","name":"BRACELET DE POULIETH\u00c9RAPIE - FisioTech","isPartOf":{"@id":"https:\/\/dev.fisiotech.com\/fr\/#website"},"primaryImageOfPage":{"@id":"https:\/\/dev.fisiotech.com\/fr\/prodotto\/bracelet-de-poulietherapie\/#primaryimage"},"image":{"@id":"https:\/\/dev.fisiotech.com\/fr\/prodotto\/bracelet-de-poulietherapie\/#primaryimage"},"thumbnailUrl":"https:\/\/dev.fisiotech.com\/wp-content\/uploads\/2024\/01\/cinturino-per-puleggio-terapia.jpg","datePublished":"2024-01-05T13:32:32+00:00","description":"BRACELET Bracelet pour poulieth\u00e9rapie rembourr\u00e9 en mousse \u00e9paisseur 8 mm et rev\u00eatu en simili cuir bord\u00e9 bleu. Ce bracelet permet d\u00b4effectuer th\u00e9rapies de traction en compl\u00e8te s\u00e9curit\u00e9 gr\u00e2ce \u00e0 la bande r\u00e9sistante en polypropyl\u00e8ne et aux anneaux en fer zingu\u00e9 qui le soutiennent.","breadcrumb":{"@id":"https:\/\/dev.fisiotech.com\/fr\/prodotto\/bracelet-de-poulietherapie\/#breadcrumb"},"inLanguage":"fr-FR","potentialAction":[{"@type":"ReadAction","target":["https:\/\/dev.fisiotech.com\/fr\/prodotto\/bracelet-de-poulietherapie\/"]}]},{"@type":"ImageObject","inLanguage":"fr-FR","@id":"https:\/\/dev.fisiotech.com\/fr\/prodotto\/bracelet-de-poulietherapie\/#primaryimage","url":"https:\/\/dev.fisiotech.com\/wp-content\/uploads\/2024\/01\/cinturino-per-puleggio-terapia.jpg","contentUrl":"https:\/\/dev.fisiotech.com\/wp-content\/uploads\/2024\/01\/cinturino-per-puleggio-terapia.jpg","width":750,"height":750},{"@type":"BreadcrumbList","@id":"https:\/\/dev.fisiotech.com\/fr\/prodotto\/bracelet-de-poulietherapie\/#breadcrumb","itemListElement":[{"@type":"ListItem","position":1,"name":"Home","item":"https:\/\/dev.fisiotech.com\/fr\/"},{"@type":"ListItem","position":2,"name":"Boutique","item":"https:\/\/dev.fisiotech.com\/negozio\/"},{"@type":"ListItem","position":3,"name":"R\u00e9\u00e9ducation","item":"https:\/\/dev.fisiotech.com\/fr\/categoria-prodotto\/reeducation\/"},{"@type":"ListItem","position":4,"name":"Poulieth\u00e9rapie","item":"https:\/\/dev.fisiotech.com\/fr\/categoria-prodotto\/reeducation\/poulietherapie\/"},{"@type":"ListItem","position":5,"name":"BRACELET DE POULIETH\u00c9RAPIE"}]},{"@type":"WebSite","@id":"https:\/\/dev.fisiotech.com\/fr\/#website","url":"https:\/\/dev.fisiotech.com\/fr\/","name":"FisioTech","description":"Tecnologie al servizio della salute","publisher":{"@id":"https:\/\/dev.fisiotech.com\/fr\/#organization"},"potentialAction":[{"@type":"SearchAction","target":{"@type":"EntryPoint","urlTemplate":"https:\/\/dev.fisiotech.com\/fr\/?s={search_term_string}"},"query-input":{"@type":"PropertyValueSpecification","valueRequired":true,"valueName":"search_term_string"}}],"inLanguage":"fr-FR"},{"@type":"Organization","@id":"https:\/\/dev.fisiotech.com\/fr\/#organization","name":"FisioTech - Tecnologie al servizio della salute","url":"https:\/\/dev.fisiotech.com\/fr\/","logo":{"@type":"ImageObject","inLanguage":"fr-FR","@id":"https:\/\/dev.fisiotech.com\/fr\/#\/schema\/logo\/image\/","url":"https:\/\/dev.fisiotech.com\/wp-content\/uploads\/2023\/09\/cropped-Fisiotech-logo.png","contentUrl":"https:\/\/dev.fisiotech.com\/wp-content\/uploads\/2023\/09\/cropped-Fisiotech-logo.png","width":861,"height":329,"caption":"FisioTech - Tecnologie al servizio della salute"},"image":{"@id":"https:\/\/dev.fisiotech.com\/fr\/#\/schema\/logo\/image\/"}}]}},"_links":{"self":[{"href":"https:\/\/dev.fisiotech.com\/fr\/wp-json\/wp\/v2\/product\/13224","targetHints":{"allow":["GET"]}}],"collection":[{"href":"https:\/\/dev.fisiotech.com\/fr\/wp-json\/wp\/v2\/product"}],"about":[{"href":"https:\/\/dev.fisiotech.com\/fr\/wp-json\/wp\/v2\/types\/product"}],"version-history":[{"count":0,"href":"https:\/\/dev.fisiotech.com\/fr\/wp-json\/wp\/v2\/product\/13224\/revisions"}],"wp:featuredmedia":[{"embeddable":true,"href":"https:\/\/dev.fisiotech.com\/fr\/wp-json\/wp\/v2\/media\/4654"}],"wp:attachment":[{"href":"https:\/\/dev.fisiotech.com\/fr\/wp-json\/wp\/v2\/media?parent=13224"}],"wp:term":[{"taxonomy":"product_brand","embeddable":true,"href":"https:\/\/dev.fisiotech.com\/fr\/wp-json\/wp\/v2\/product_brand?post=13224"},{"taxonomy":"product_cat","embeddable":true,"href":"https:\/\/dev.fisiotech.com\/fr\/wp-json\/wp\/v2\/product_cat?post=13224"},{"taxonomy":"product_tag","embeddable":true,"href":"https:\/\/dev.fisiotech.com\/fr\/wp-json\/wp\/v2\/product_tag?post=13224"}],"curies":[{"name":"wp","href":"https:\/\/api.w.org\/{rel}","templated":true}]}}