{"id":13248,"date":"2024-01-05T13:51:09","date_gmt":"2024-01-05T13:51:09","guid":{"rendered":"https:\/\/fisiotech.com\/prodotto\/sangle-a-chevilles-avec-anneau\/"},"modified":"2024-01-05T13:51:09","modified_gmt":"2024-01-05T13:51:09","slug":"sangle-a-chevilles-avec-anneau","status":"publish","type":"product","link":"https:\/\/dev.fisiotech.com\/fr\/prodotto\/sangle-a-chevilles-avec-anneau\/","title":{"rendered":"SANGLE \u00c0 CHEVILLES AVEC ANNEAU"},"content":{"rendered":"","protected":false},"excerpt":{"rendered":"<h4>SANGLE \u00c0 CHEVILLES AVEC ANNEAU<\/h4>\n<p> Sangle \u00e0 cheville avec anneau pour th\u00e9rapie de traction et poulieth\u00e9rapie. Avec anneau solide en fer zingu\u00e9, rembourr\u00e9e et rev\u00eatue et avec fermeture velcro. <\/p>\n","protected":false},"featured_media":4648,"template":"","meta":{"_acf_changed":false},"product_brand":[],"product_cat":[376,368],"product_tag":[],"class_list":{"0":"post-13248","1":"product","2":"type-product","3":"status-publish","4":"has-post-thumbnail","6":"product_cat-poulietherapie","7":"product_cat-reeducation","9":"entry","10":"has-media","12":"first","13":"instock","14":"shipping-taxable","15":"purchasable","16":"product-type-simple","17":"has-product-nav","18":"col","19":"span_1_of_3","20":"owp-content-center","21":"owp-thumbs-layout-horizontal","22":"owp-btn-normal","23":"owp-tabs-layout-horizontal","24":"has-no-thumbnails"},"acf":[],"yoast_head":"<!-- This site is optimized with the Yoast SEO plugin v27.1.1 - https:\/\/yoast.com\/product\/yoast-seo-wordpress\/ -->\n<title>SANGLE \u00c0 CHEVILLES AVEC ANNEAU - FisioTech<\/title>\n<meta name=\"description\" content=\"SANGLE \u00c0 CHEVILLES AVEC ANNEAU Sangle \u00e0 cheville avec anneau pour th\u00e9rapie de traction et poulieth\u00e9rapie. Avec anneau solide en fer zingu\u00e9, rembourr\u00e9e et rev\u00eatue et avec fermeture velcro.\" \/>\n<meta name=\"robots\" content=\"noindex, follow, max-snippet:-1, max-image-preview:large, max-video-preview:-1\" \/>\n<meta property=\"og:locale\" content=\"fr_FR\" \/>\n<meta property=\"og:type\" content=\"article\" \/>\n<meta property=\"og:title\" content=\"SANGLE \u00c0 CHEVILLES AVEC ANNEAU - FisioTech\" \/>\n<meta property=\"og:description\" content=\"SANGLE \u00c0 CHEVILLES AVEC ANNEAU Sangle \u00e0 cheville avec anneau pour th\u00e9rapie de traction et poulieth\u00e9rapie. Avec anneau solide en fer zingu\u00e9, rembourr\u00e9e et rev\u00eatue et avec fermeture velcro.\" \/>\n<meta property=\"og:url\" content=\"https:\/\/dev.fisiotech.com\/fr\/prodotto\/sangle-a-chevilles-avec-anneau\/\" \/>\n<meta property=\"og:site_name\" content=\"FisioTech\" \/>\n<meta property=\"og:image\" content=\"https:\/\/dev.fisiotech.com\/wp-content\/uploads\/2024\/01\/cavigliera-con-gancio-per-puleggio-terapia.jpg\" \/>\n\t<meta property=\"og:image:width\" content=\"750\" \/>\n\t<meta property=\"og:image:height\" content=\"750\" \/>\n\t<meta property=\"og:image:type\" content=\"image\/jpeg\" \/>\n<meta name=\"twitter:card\" content=\"summary_large_image\" \/>\n<script type=\"application\/ld+json\" class=\"yoast-schema-graph\">{\"@context\":\"https:\/\/schema.org\",\"@graph\":[{\"@type\":\"WebPage\",\"@id\":\"https:\/\/dev.fisiotech.com\/fr\/prodotto\/sangle-a-chevilles-avec-anneau\/\",\"url\":\"https:\/\/dev.fisiotech.com\/fr\/prodotto\/sangle-a-chevilles-avec-anneau\/\",\"name\":\"SANGLE \u00c0 CHEVILLES AVEC ANNEAU - FisioTech\",\"isPartOf\":{\"@id\":\"https:\/\/dev.fisiotech.com\/fr\/#website\"},\"primaryImageOfPage\":{\"@id\":\"https:\/\/dev.fisiotech.com\/fr\/prodotto\/sangle-a-chevilles-avec-anneau\/#primaryimage\"},\"image\":{\"@id\":\"https:\/\/dev.fisiotech.com\/fr\/prodotto\/sangle-a-chevilles-avec-anneau\/#primaryimage\"},\"thumbnailUrl\":\"https:\/\/dev.fisiotech.com\/wp-content\/uploads\/2024\/01\/cavigliera-con-gancio-per-puleggio-terapia.jpg\",\"datePublished\":\"2024-01-05T13:51:09+00:00\",\"description\":\"SANGLE \u00c0 CHEVILLES AVEC ANNEAU Sangle \u00e0 cheville avec anneau pour th\u00e9rapie de traction et poulieth\u00e9rapie. Avec anneau solide en fer zingu\u00e9, rembourr\u00e9e et rev\u00eatue et avec fermeture velcro.\",\"breadcrumb\":{\"@id\":\"https:\/\/dev.fisiotech.com\/fr\/prodotto\/sangle-a-chevilles-avec-anneau\/#breadcrumb\"},\"inLanguage\":\"fr-FR\",\"potentialAction\":[{\"@type\":\"ReadAction\",\"target\":[\"https:\/\/dev.fisiotech.com\/fr\/prodotto\/sangle-a-chevilles-avec-anneau\/\"]}]},{\"@type\":\"ImageObject\",\"inLanguage\":\"fr-FR\",\"@id\":\"https:\/\/dev.fisiotech.com\/fr\/prodotto\/sangle-a-chevilles-avec-anneau\/#primaryimage\",\"url\":\"https:\/\/dev.fisiotech.com\/wp-content\/uploads\/2024\/01\/cavigliera-con-gancio-per-puleggio-terapia.jpg\",\"contentUrl\":\"https:\/\/dev.fisiotech.com\/wp-content\/uploads\/2024\/01\/cavigliera-con-gancio-per-puleggio-terapia.jpg\",\"width\":750,\"height\":750},{\"@type\":\"BreadcrumbList\",\"@id\":\"https:\/\/dev.fisiotech.com\/fr\/prodotto\/sangle-a-chevilles-avec-anneau\/#breadcrumb\",\"itemListElement\":[{\"@type\":\"ListItem\",\"position\":1,\"name\":\"Home\",\"item\":\"https:\/\/dev.fisiotech.com\/fr\/\"},{\"@type\":\"ListItem\",\"position\":2,\"name\":\"Boutique\",\"item\":\"https:\/\/dev.fisiotech.com\/negozio\/\"},{\"@type\":\"ListItem\",\"position\":3,\"name\":\"R\u00e9\u00e9ducation\",\"item\":\"https:\/\/dev.fisiotech.com\/fr\/categoria-prodotto\/reeducation\/\"},{\"@type\":\"ListItem\",\"position\":4,\"name\":\"Poulieth\u00e9rapie\",\"item\":\"https:\/\/dev.fisiotech.com\/fr\/categoria-prodotto\/reeducation\/poulietherapie\/\"},{\"@type\":\"ListItem\",\"position\":5,\"name\":\"SANGLE \u00c0 CHEVILLES AVEC ANNEAU\"}]},{\"@type\":\"WebSite\",\"@id\":\"https:\/\/dev.fisiotech.com\/fr\/#website\",\"url\":\"https:\/\/dev.fisiotech.com\/fr\/\",\"name\":\"FisioTech\",\"description\":\"Tecnologie al servizio della salute\",\"publisher\":{\"@id\":\"https:\/\/dev.fisiotech.com\/fr\/#organization\"},\"potentialAction\":[{\"@type\":\"SearchAction\",\"target\":{\"@type\":\"EntryPoint\",\"urlTemplate\":\"https:\/\/dev.fisiotech.com\/fr\/?s={search_term_string}\"},\"query-input\":{\"@type\":\"PropertyValueSpecification\",\"valueRequired\":true,\"valueName\":\"search_term_string\"}}],\"inLanguage\":\"fr-FR\"},{\"@type\":\"Organization\",\"@id\":\"https:\/\/dev.fisiotech.com\/fr\/#organization\",\"name\":\"FisioTech - Tecnologie al servizio della salute\",\"url\":\"https:\/\/dev.fisiotech.com\/fr\/\",\"logo\":{\"@type\":\"ImageObject\",\"inLanguage\":\"fr-FR\",\"@id\":\"https:\/\/dev.fisiotech.com\/fr\/#\/schema\/logo\/image\/\",\"url\":\"https:\/\/dev.fisiotech.com\/wp-content\/uploads\/2023\/09\/cropped-Fisiotech-logo.png\",\"contentUrl\":\"https:\/\/dev.fisiotech.com\/wp-content\/uploads\/2023\/09\/cropped-Fisiotech-logo.png\",\"width\":861,\"height\":329,\"caption\":\"FisioTech - Tecnologie al servizio della salute\"},\"image\":{\"@id\":\"https:\/\/dev.fisiotech.com\/fr\/#\/schema\/logo\/image\/\"}}]}<\/script>\n<!-- \/ Yoast SEO plugin. -->","yoast_head_json":{"title":"SANGLE \u00c0 CHEVILLES AVEC ANNEAU - FisioTech","description":"SANGLE \u00c0 CHEVILLES AVEC ANNEAU Sangle \u00e0 cheville avec anneau pour th\u00e9rapie de traction et poulieth\u00e9rapie. Avec anneau solide en fer zingu\u00e9, rembourr\u00e9e et rev\u00eatue et avec fermeture velcro.","robots":{"index":"noindex","follow":"follow","max-snippet":"max-snippet:-1","max-image-preview":"max-image-preview:large","max-video-preview":"max-video-preview:-1"},"og_locale":"fr_FR","og_type":"article","og_title":"SANGLE \u00c0 CHEVILLES AVEC ANNEAU - FisioTech","og_description":"SANGLE \u00c0 CHEVILLES AVEC ANNEAU Sangle \u00e0 cheville avec anneau pour th\u00e9rapie de traction et poulieth\u00e9rapie. Avec anneau solide en fer zingu\u00e9, rembourr\u00e9e et rev\u00eatue et avec fermeture velcro.","og_url":"https:\/\/dev.fisiotech.com\/fr\/prodotto\/sangle-a-chevilles-avec-anneau\/","og_site_name":"FisioTech","og_image":[{"width":750,"height":750,"url":"https:\/\/dev.fisiotech.com\/wp-content\/uploads\/2024\/01\/cavigliera-con-gancio-per-puleggio-terapia.jpg","type":"image\/jpeg"}],"twitter_card":"summary_large_image","schema":{"@context":"https:\/\/schema.org","@graph":[{"@type":"WebPage","@id":"https:\/\/dev.fisiotech.com\/fr\/prodotto\/sangle-a-chevilles-avec-anneau\/","url":"https:\/\/dev.fisiotech.com\/fr\/prodotto\/sangle-a-chevilles-avec-anneau\/","name":"SANGLE \u00c0 CHEVILLES AVEC ANNEAU - FisioTech","isPartOf":{"@id":"https:\/\/dev.fisiotech.com\/fr\/#website"},"primaryImageOfPage":{"@id":"https:\/\/dev.fisiotech.com\/fr\/prodotto\/sangle-a-chevilles-avec-anneau\/#primaryimage"},"image":{"@id":"https:\/\/dev.fisiotech.com\/fr\/prodotto\/sangle-a-chevilles-avec-anneau\/#primaryimage"},"thumbnailUrl":"https:\/\/dev.fisiotech.com\/wp-content\/uploads\/2024\/01\/cavigliera-con-gancio-per-puleggio-terapia.jpg","datePublished":"2024-01-05T13:51:09+00:00","description":"SANGLE \u00c0 CHEVILLES AVEC ANNEAU Sangle \u00e0 cheville avec anneau pour th\u00e9rapie de traction et poulieth\u00e9rapie. Avec anneau solide en fer zingu\u00e9, rembourr\u00e9e et rev\u00eatue et avec fermeture velcro.","breadcrumb":{"@id":"https:\/\/dev.fisiotech.com\/fr\/prodotto\/sangle-a-chevilles-avec-anneau\/#breadcrumb"},"inLanguage":"fr-FR","potentialAction":[{"@type":"ReadAction","target":["https:\/\/dev.fisiotech.com\/fr\/prodotto\/sangle-a-chevilles-avec-anneau\/"]}]},{"@type":"ImageObject","inLanguage":"fr-FR","@id":"https:\/\/dev.fisiotech.com\/fr\/prodotto\/sangle-a-chevilles-avec-anneau\/#primaryimage","url":"https:\/\/dev.fisiotech.com\/wp-content\/uploads\/2024\/01\/cavigliera-con-gancio-per-puleggio-terapia.jpg","contentUrl":"https:\/\/dev.fisiotech.com\/wp-content\/uploads\/2024\/01\/cavigliera-con-gancio-per-puleggio-terapia.jpg","width":750,"height":750},{"@type":"BreadcrumbList","@id":"https:\/\/dev.fisiotech.com\/fr\/prodotto\/sangle-a-chevilles-avec-anneau\/#breadcrumb","itemListElement":[{"@type":"ListItem","position":1,"name":"Home","item":"https:\/\/dev.fisiotech.com\/fr\/"},{"@type":"ListItem","position":2,"name":"Boutique","item":"https:\/\/dev.fisiotech.com\/negozio\/"},{"@type":"ListItem","position":3,"name":"R\u00e9\u00e9ducation","item":"https:\/\/dev.fisiotech.com\/fr\/categoria-prodotto\/reeducation\/"},{"@type":"ListItem","position":4,"name":"Poulieth\u00e9rapie","item":"https:\/\/dev.fisiotech.com\/fr\/categoria-prodotto\/reeducation\/poulietherapie\/"},{"@type":"ListItem","position":5,"name":"SANGLE \u00c0 CHEVILLES AVEC ANNEAU"}]},{"@type":"WebSite","@id":"https:\/\/dev.fisiotech.com\/fr\/#website","url":"https:\/\/dev.fisiotech.com\/fr\/","name":"FisioTech","description":"Tecnologie al servizio della salute","publisher":{"@id":"https:\/\/dev.fisiotech.com\/fr\/#organization"},"potentialAction":[{"@type":"SearchAction","target":{"@type":"EntryPoint","urlTemplate":"https:\/\/dev.fisiotech.com\/fr\/?s={search_term_string}"},"query-input":{"@type":"PropertyValueSpecification","valueRequired":true,"valueName":"search_term_string"}}],"inLanguage":"fr-FR"},{"@type":"Organization","@id":"https:\/\/dev.fisiotech.com\/fr\/#organization","name":"FisioTech - Tecnologie al servizio della salute","url":"https:\/\/dev.fisiotech.com\/fr\/","logo":{"@type":"ImageObject","inLanguage":"fr-FR","@id":"https:\/\/dev.fisiotech.com\/fr\/#\/schema\/logo\/image\/","url":"https:\/\/dev.fisiotech.com\/wp-content\/uploads\/2023\/09\/cropped-Fisiotech-logo.png","contentUrl":"https:\/\/dev.fisiotech.com\/wp-content\/uploads\/2023\/09\/cropped-Fisiotech-logo.png","width":861,"height":329,"caption":"FisioTech - Tecnologie al servizio della salute"},"image":{"@id":"https:\/\/dev.fisiotech.com\/fr\/#\/schema\/logo\/image\/"}}]}},"_links":{"self":[{"href":"https:\/\/dev.fisiotech.com\/fr\/wp-json\/wp\/v2\/product\/13248","targetHints":{"allow":["GET"]}}],"collection":[{"href":"https:\/\/dev.fisiotech.com\/fr\/wp-json\/wp\/v2\/product"}],"about":[{"href":"https:\/\/dev.fisiotech.com\/fr\/wp-json\/wp\/v2\/types\/product"}],"version-history":[{"count":0,"href":"https:\/\/dev.fisiotech.com\/fr\/wp-json\/wp\/v2\/product\/13248\/revisions"}],"wp:featuredmedia":[{"embeddable":true,"href":"https:\/\/dev.fisiotech.com\/fr\/wp-json\/wp\/v2\/media\/4648"}],"wp:attachment":[{"href":"https:\/\/dev.fisiotech.com\/fr\/wp-json\/wp\/v2\/media?parent=13248"}],"wp:term":[{"taxonomy":"product_brand","embeddable":true,"href":"https:\/\/dev.fisiotech.com\/fr\/wp-json\/wp\/v2\/product_brand?post=13248"},{"taxonomy":"product_cat","embeddable":true,"href":"https:\/\/dev.fisiotech.com\/fr\/wp-json\/wp\/v2\/product_cat?post=13248"},{"taxonomy":"product_tag","embeddable":true,"href":"https:\/\/dev.fisiotech.com\/fr\/wp-json\/wp\/v2\/product_tag?post=13248"}],"curies":[{"name":"wp","href":"https:\/\/api.w.org\/{rel}","templated":true}]}}