{"id":13258,"date":"2024-01-05T13:56:13","date_gmt":"2024-01-05T13:56:13","guid":{"rendered":"https:\/\/fisiotech.com\/prodotto\/sachet-de-sable-avec-oeillet\/"},"modified":"2024-01-05T13:56:13","modified_gmt":"2024-01-05T13:56:13","slug":"sachet-de-sable-avec-oeillet","status":"publish","type":"product","link":"https:\/\/dev.fisiotech.com\/fr\/prodotto\/sachet-de-sable-avec-oeillet\/","title":{"rendered":"SACHET DE SABLE AVEC \u0152ILLET"},"content":{"rendered":"","protected":false},"excerpt":{"rendered":"<h4>SACHETS DE SABLE AVEC \u0152ILLET<\/h4>\n<p> Sachets remplis de sable pour poulieth\u00e9rapie rev\u00eatus en simili cuir bleu et avec un \u0153illet en m\u00e9tal zingu\u00e9. Disponibles en plusieurs dimensions et utilis\u00e9s comme lest ou comme contrepoids pendant la th\u00e9rapie et les tractions. <\/p>\n","protected":false},"featured_media":4714,"template":"","meta":{"_acf_changed":false},"product_brand":[],"product_cat":[376,368],"product_tag":[],"class_list":{"0":"post-13258","1":"product","2":"type-product","3":"status-publish","4":"has-post-thumbnail","6":"product_cat-poulietherapie","7":"product_cat-reeducation","9":"entry","10":"has-media","12":"first","13":"instock","14":"shipping-taxable","15":"purchasable","16":"product-type-variable","17":"has-default-attributes","18":"has-product-nav","19":"col","20":"span_1_of_3","21":"owp-content-center","22":"owp-thumbs-layout-horizontal","23":"owp-btn-normal","24":"owp-tabs-layout-horizontal","25":"has-no-thumbnails"},"acf":[],"yoast_head":"<!-- This site is optimized with the Yoast SEO plugin v27.1.1 - https:\/\/yoast.com\/product\/yoast-seo-wordpress\/ -->\n<title>SACHET DE SABLE AVEC \u0152ILLET - FisioTech<\/title>\n<meta name=\"description\" content=\"SACHETS DE SABLE AVEC \u0152ILLET Sachets remplis de sable pour poulieth\u00e9rapie rev\u00eatus en simili cuir bleu et avec un \u0153illet en m\u00e9tal zingu\u00e9. Disponibles en plusieurs dimensions et utilis\u00e9s comme lest ou comme contrepoids pendant la th\u00e9rapie et les tractions.\" \/>\n<meta name=\"robots\" content=\"noindex, follow, max-snippet:-1, max-image-preview:large, max-video-preview:-1\" \/>\n<meta property=\"og:locale\" content=\"fr_FR\" \/>\n<meta property=\"og:type\" content=\"article\" \/>\n<meta property=\"og:title\" content=\"SACHET DE SABLE AVEC \u0152ILLET - FisioTech\" \/>\n<meta property=\"og:description\" content=\"SACHETS DE SABLE AVEC \u0152ILLET Sachets remplis de sable pour poulieth\u00e9rapie rev\u00eatus en simili cuir bleu et avec un \u0153illet en m\u00e9tal zingu\u00e9. Disponibles en plusieurs dimensions et utilis\u00e9s comme lest ou comme contrepoids pendant la th\u00e9rapie et les tractions.\" \/>\n<meta property=\"og:url\" content=\"https:\/\/dev.fisiotech.com\/fr\/prodotto\/sachet-de-sable-avec-oeillet\/\" \/>\n<meta property=\"og:site_name\" content=\"FisioTech\" \/>\n<meta property=\"og:image\" content=\"https:\/\/dev.fisiotech.com\/wp-content\/uploads\/2024\/01\/sacchetti-di-sabbia-con-gancio.jpg\" \/>\n\t<meta property=\"og:image:width\" content=\"750\" \/>\n\t<meta property=\"og:image:height\" content=\"750\" \/>\n\t<meta property=\"og:image:type\" content=\"image\/jpeg\" \/>\n<meta name=\"twitter:card\" content=\"summary_large_image\" \/>\n<script type=\"application\/ld+json\" class=\"yoast-schema-graph\">{\"@context\":\"https:\/\/schema.org\",\"@graph\":[{\"@type\":\"WebPage\",\"@id\":\"https:\/\/dev.fisiotech.com\/fr\/prodotto\/sachet-de-sable-avec-oeillet\/\",\"url\":\"https:\/\/dev.fisiotech.com\/fr\/prodotto\/sachet-de-sable-avec-oeillet\/\",\"name\":\"SACHET DE SABLE AVEC \u0152ILLET - FisioTech\",\"isPartOf\":{\"@id\":\"https:\/\/dev.fisiotech.com\/fr\/#website\"},\"primaryImageOfPage\":{\"@id\":\"https:\/\/dev.fisiotech.com\/fr\/prodotto\/sachet-de-sable-avec-oeillet\/#primaryimage\"},\"image\":{\"@id\":\"https:\/\/dev.fisiotech.com\/fr\/prodotto\/sachet-de-sable-avec-oeillet\/#primaryimage\"},\"thumbnailUrl\":\"https:\/\/dev.fisiotech.com\/wp-content\/uploads\/2024\/01\/sacchetti-di-sabbia-con-gancio.jpg\",\"datePublished\":\"2024-01-05T13:56:13+00:00\",\"description\":\"SACHETS DE SABLE AVEC \u0152ILLET Sachets remplis de sable pour poulieth\u00e9rapie rev\u00eatus en simili cuir bleu et avec un \u0153illet en m\u00e9tal zingu\u00e9. Disponibles en plusieurs dimensions et utilis\u00e9s comme lest ou comme contrepoids pendant la th\u00e9rapie et les tractions.\",\"breadcrumb\":{\"@id\":\"https:\/\/dev.fisiotech.com\/fr\/prodotto\/sachet-de-sable-avec-oeillet\/#breadcrumb\"},\"inLanguage\":\"fr-FR\",\"potentialAction\":[{\"@type\":\"ReadAction\",\"target\":[\"https:\/\/dev.fisiotech.com\/fr\/prodotto\/sachet-de-sable-avec-oeillet\/\"]}]},{\"@type\":\"ImageObject\",\"inLanguage\":\"fr-FR\",\"@id\":\"https:\/\/dev.fisiotech.com\/fr\/prodotto\/sachet-de-sable-avec-oeillet\/#primaryimage\",\"url\":\"https:\/\/dev.fisiotech.com\/wp-content\/uploads\/2024\/01\/sacchetti-di-sabbia-con-gancio.jpg\",\"contentUrl\":\"https:\/\/dev.fisiotech.com\/wp-content\/uploads\/2024\/01\/sacchetti-di-sabbia-con-gancio.jpg\",\"width\":750,\"height\":750},{\"@type\":\"BreadcrumbList\",\"@id\":\"https:\/\/dev.fisiotech.com\/fr\/prodotto\/sachet-de-sable-avec-oeillet\/#breadcrumb\",\"itemListElement\":[{\"@type\":\"ListItem\",\"position\":1,\"name\":\"Home\",\"item\":\"https:\/\/dev.fisiotech.com\/fr\/\"},{\"@type\":\"ListItem\",\"position\":2,\"name\":\"Boutique\",\"item\":\"https:\/\/dev.fisiotech.com\/negozio\/\"},{\"@type\":\"ListItem\",\"position\":3,\"name\":\"R\u00e9\u00e9ducation\",\"item\":\"https:\/\/dev.fisiotech.com\/fr\/categoria-prodotto\/reeducation\/\"},{\"@type\":\"ListItem\",\"position\":4,\"name\":\"Poulieth\u00e9rapie\",\"item\":\"https:\/\/dev.fisiotech.com\/fr\/categoria-prodotto\/reeducation\/poulietherapie\/\"},{\"@type\":\"ListItem\",\"position\":5,\"name\":\"SACHET DE SABLE AVEC \u0152ILLET\"}]},{\"@type\":\"WebSite\",\"@id\":\"https:\/\/dev.fisiotech.com\/fr\/#website\",\"url\":\"https:\/\/dev.fisiotech.com\/fr\/\",\"name\":\"FisioTech\",\"description\":\"Tecnologie al servizio della salute\",\"publisher\":{\"@id\":\"https:\/\/dev.fisiotech.com\/fr\/#organization\"},\"potentialAction\":[{\"@type\":\"SearchAction\",\"target\":{\"@type\":\"EntryPoint\",\"urlTemplate\":\"https:\/\/dev.fisiotech.com\/fr\/?s={search_term_string}\"},\"query-input\":{\"@type\":\"PropertyValueSpecification\",\"valueRequired\":true,\"valueName\":\"search_term_string\"}}],\"inLanguage\":\"fr-FR\"},{\"@type\":\"Organization\",\"@id\":\"https:\/\/dev.fisiotech.com\/fr\/#organization\",\"name\":\"FisioTech - Tecnologie al servizio della salute\",\"url\":\"https:\/\/dev.fisiotech.com\/fr\/\",\"logo\":{\"@type\":\"ImageObject\",\"inLanguage\":\"fr-FR\",\"@id\":\"https:\/\/dev.fisiotech.com\/fr\/#\/schema\/logo\/image\/\",\"url\":\"https:\/\/dev.fisiotech.com\/wp-content\/uploads\/2023\/09\/cropped-Fisiotech-logo.png\",\"contentUrl\":\"https:\/\/dev.fisiotech.com\/wp-content\/uploads\/2023\/09\/cropped-Fisiotech-logo.png\",\"width\":861,\"height\":329,\"caption\":\"FisioTech - Tecnologie al servizio della salute\"},\"image\":{\"@id\":\"https:\/\/dev.fisiotech.com\/fr\/#\/schema\/logo\/image\/\"}}]}<\/script>\n<!-- \/ Yoast SEO plugin. -->","yoast_head_json":{"title":"SACHET DE SABLE AVEC \u0152ILLET - FisioTech","description":"SACHETS DE SABLE AVEC \u0152ILLET Sachets remplis de sable pour poulieth\u00e9rapie rev\u00eatus en simili cuir bleu et avec un \u0153illet en m\u00e9tal zingu\u00e9. Disponibles en plusieurs dimensions et utilis\u00e9s comme lest ou comme contrepoids pendant la th\u00e9rapie et les tractions.","robots":{"index":"noindex","follow":"follow","max-snippet":"max-snippet:-1","max-image-preview":"max-image-preview:large","max-video-preview":"max-video-preview:-1"},"og_locale":"fr_FR","og_type":"article","og_title":"SACHET DE SABLE AVEC \u0152ILLET - FisioTech","og_description":"SACHETS DE SABLE AVEC \u0152ILLET Sachets remplis de sable pour poulieth\u00e9rapie rev\u00eatus en simili cuir bleu et avec un \u0153illet en m\u00e9tal zingu\u00e9. Disponibles en plusieurs dimensions et utilis\u00e9s comme lest ou comme contrepoids pendant la th\u00e9rapie et les tractions.","og_url":"https:\/\/dev.fisiotech.com\/fr\/prodotto\/sachet-de-sable-avec-oeillet\/","og_site_name":"FisioTech","og_image":[{"width":750,"height":750,"url":"https:\/\/dev.fisiotech.com\/wp-content\/uploads\/2024\/01\/sacchetti-di-sabbia-con-gancio.jpg","type":"image\/jpeg"}],"twitter_card":"summary_large_image","schema":{"@context":"https:\/\/schema.org","@graph":[{"@type":"WebPage","@id":"https:\/\/dev.fisiotech.com\/fr\/prodotto\/sachet-de-sable-avec-oeillet\/","url":"https:\/\/dev.fisiotech.com\/fr\/prodotto\/sachet-de-sable-avec-oeillet\/","name":"SACHET DE SABLE AVEC \u0152ILLET - FisioTech","isPartOf":{"@id":"https:\/\/dev.fisiotech.com\/fr\/#website"},"primaryImageOfPage":{"@id":"https:\/\/dev.fisiotech.com\/fr\/prodotto\/sachet-de-sable-avec-oeillet\/#primaryimage"},"image":{"@id":"https:\/\/dev.fisiotech.com\/fr\/prodotto\/sachet-de-sable-avec-oeillet\/#primaryimage"},"thumbnailUrl":"https:\/\/dev.fisiotech.com\/wp-content\/uploads\/2024\/01\/sacchetti-di-sabbia-con-gancio.jpg","datePublished":"2024-01-05T13:56:13+00:00","description":"SACHETS DE SABLE AVEC \u0152ILLET Sachets remplis de sable pour poulieth\u00e9rapie rev\u00eatus en simili cuir bleu et avec un \u0153illet en m\u00e9tal zingu\u00e9. Disponibles en plusieurs dimensions et utilis\u00e9s comme lest ou comme contrepoids pendant la th\u00e9rapie et les tractions.","breadcrumb":{"@id":"https:\/\/dev.fisiotech.com\/fr\/prodotto\/sachet-de-sable-avec-oeillet\/#breadcrumb"},"inLanguage":"fr-FR","potentialAction":[{"@type":"ReadAction","target":["https:\/\/dev.fisiotech.com\/fr\/prodotto\/sachet-de-sable-avec-oeillet\/"]}]},{"@type":"ImageObject","inLanguage":"fr-FR","@id":"https:\/\/dev.fisiotech.com\/fr\/prodotto\/sachet-de-sable-avec-oeillet\/#primaryimage","url":"https:\/\/dev.fisiotech.com\/wp-content\/uploads\/2024\/01\/sacchetti-di-sabbia-con-gancio.jpg","contentUrl":"https:\/\/dev.fisiotech.com\/wp-content\/uploads\/2024\/01\/sacchetti-di-sabbia-con-gancio.jpg","width":750,"height":750},{"@type":"BreadcrumbList","@id":"https:\/\/dev.fisiotech.com\/fr\/prodotto\/sachet-de-sable-avec-oeillet\/#breadcrumb","itemListElement":[{"@type":"ListItem","position":1,"name":"Home","item":"https:\/\/dev.fisiotech.com\/fr\/"},{"@type":"ListItem","position":2,"name":"Boutique","item":"https:\/\/dev.fisiotech.com\/negozio\/"},{"@type":"ListItem","position":3,"name":"R\u00e9\u00e9ducation","item":"https:\/\/dev.fisiotech.com\/fr\/categoria-prodotto\/reeducation\/"},{"@type":"ListItem","position":4,"name":"Poulieth\u00e9rapie","item":"https:\/\/dev.fisiotech.com\/fr\/categoria-prodotto\/reeducation\/poulietherapie\/"},{"@type":"ListItem","position":5,"name":"SACHET DE SABLE AVEC \u0152ILLET"}]},{"@type":"WebSite","@id":"https:\/\/dev.fisiotech.com\/fr\/#website","url":"https:\/\/dev.fisiotech.com\/fr\/","name":"FisioTech","description":"Tecnologie al servizio della salute","publisher":{"@id":"https:\/\/dev.fisiotech.com\/fr\/#organization"},"potentialAction":[{"@type":"SearchAction","target":{"@type":"EntryPoint","urlTemplate":"https:\/\/dev.fisiotech.com\/fr\/?s={search_term_string}"},"query-input":{"@type":"PropertyValueSpecification","valueRequired":true,"valueName":"search_term_string"}}],"inLanguage":"fr-FR"},{"@type":"Organization","@id":"https:\/\/dev.fisiotech.com\/fr\/#organization","name":"FisioTech - Tecnologie al servizio della salute","url":"https:\/\/dev.fisiotech.com\/fr\/","logo":{"@type":"ImageObject","inLanguage":"fr-FR","@id":"https:\/\/dev.fisiotech.com\/fr\/#\/schema\/logo\/image\/","url":"https:\/\/dev.fisiotech.com\/wp-content\/uploads\/2023\/09\/cropped-Fisiotech-logo.png","contentUrl":"https:\/\/dev.fisiotech.com\/wp-content\/uploads\/2023\/09\/cropped-Fisiotech-logo.png","width":861,"height":329,"caption":"FisioTech - Tecnologie al servizio della salute"},"image":{"@id":"https:\/\/dev.fisiotech.com\/fr\/#\/schema\/logo\/image\/"}}]}},"_links":{"self":[{"href":"https:\/\/dev.fisiotech.com\/fr\/wp-json\/wp\/v2\/product\/13258","targetHints":{"allow":["GET"]}}],"collection":[{"href":"https:\/\/dev.fisiotech.com\/fr\/wp-json\/wp\/v2\/product"}],"about":[{"href":"https:\/\/dev.fisiotech.com\/fr\/wp-json\/wp\/v2\/types\/product"}],"version-history":[{"count":0,"href":"https:\/\/dev.fisiotech.com\/fr\/wp-json\/wp\/v2\/product\/13258\/revisions"}],"wp:featuredmedia":[{"embeddable":true,"href":"https:\/\/dev.fisiotech.com\/fr\/wp-json\/wp\/v2\/media\/4714"}],"wp:attachment":[{"href":"https:\/\/dev.fisiotech.com\/fr\/wp-json\/wp\/v2\/media?parent=13258"}],"wp:term":[{"taxonomy":"product_brand","embeddable":true,"href":"https:\/\/dev.fisiotech.com\/fr\/wp-json\/wp\/v2\/product_brand?post=13258"},{"taxonomy":"product_cat","embeddable":true,"href":"https:\/\/dev.fisiotech.com\/fr\/wp-json\/wp\/v2\/product_cat?post=13258"},{"taxonomy":"product_tag","embeddable":true,"href":"https:\/\/dev.fisiotech.com\/fr\/wp-json\/wp\/v2\/product_tag?post=13258"}],"curies":[{"name":"wp","href":"https:\/\/api.w.org\/{rel}","templated":true}]}}