{"id":13403,"date":"2024-01-08T07:40:31","date_gmt":"2024-01-08T07:40:31","guid":{"rendered":"https:\/\/fisiotech.com\/prodotto\/espalier-simple-en-bois\/"},"modified":"2025-03-18T15:41:44","modified_gmt":"2025-03-18T15:41:44","slug":"espalier-simple-en-bois","status":"publish","type":"product","link":"https:\/\/dev.fisiotech.com\/fr\/prodotto\/espalier-simple-en-bois\/","title":{"rendered":"ESPALIER SIMPLE EN BOIS"},"content":{"rendered":"","protected":false},"excerpt":{"rendered":"<p>Espalier simple en h\u00eatre verni naturel \u00e0 barreaux ovales. Un des deux barreaux les plus en haut est saillant, tandis que l\u00b4autre est rentrant afin de pouvoir effectuer exercices de suspension. Livr\u00e9 avec charni\u00e8res en acier zingu\u00e9 pour le fixage au mur. L\u00b4espalier est utilis\u00e9 pour plusieurs exercices pour les articulations et la musculation, en particulier pour exercices de gymnastique de pr\u00e9vention et traitement du mal de dos. En plus, il est utilis\u00e9 pour l\u00b4entra\u00eenement et la r\u00e9\u00e9ducation, l\u00b4\u00e9tirement des articulations, les exercices de correction des probl\u00e8mes li\u00e9s \u00e0 la mauvaise posture et les exercices de mouvement articulaire pour les enfants.    <\/p>\n","protected":false},"featured_media":2796,"template":"","meta":{"_acf_changed":false},"product_brand":[],"product_cat":[338,320],"product_tag":[],"class_list":{"0":"post-13403","1":"product","2":"type-product","3":"status-publish","4":"has-post-thumbnail","6":"product_cat-espaliers","7":"product_cat-gymnastique","9":"entry","10":"has-media","12":"first","13":"instock","14":"shipping-taxable","15":"purchasable","16":"product-type-simple","17":"has-product-nav","18":"col","19":"span_1_of_3","20":"owp-content-center","21":"owp-thumbs-layout-horizontal","22":"owp-btn-normal","23":"owp-tabs-layout-horizontal","24":"has-no-thumbnails"},"acf":[],"yoast_head":"<!-- This site is optimized with the Yoast SEO plugin v27.1.1 - https:\/\/yoast.com\/product\/yoast-seo-wordpress\/ -->\n<title>ESPALIER SIMPLE EN BOIS - FisioTech<\/title>\n<meta name=\"description\" content=\"Espalier simple en h\u00eatre verni naturel \u00e0 barreaux ovales. Un des deux barreaux les plus en haut est saillant, tandis que l\u00b4autre est rentrant afin de pouvoir effectuer exercices de suspension. Livr\u00e9 avec charni\u00e8res en acier zingu\u00e9 pour le fixage au mur. L\u00b4espalier est utilis\u00e9 pour plusieurs exercices pour les articulations et la musculation, en particulier pour exercices de gymnastique de pr\u00e9vention et traitement du mal de dos. En plus, il est utilis\u00e9 pour l\u00b4entra\u00eenement et la r\u00e9\u00e9ducation, l\u00b4\u00e9tirement des articulations, les exercices de correction des probl\u00e8mes li\u00e9s \u00e0 la mauvaise posture et les exercices de mouvement articulaire pour les enfants.\" \/>\n<meta name=\"robots\" content=\"noindex, follow, max-snippet:-1, max-image-preview:large, max-video-preview:-1\" \/>\n<meta property=\"og:locale\" content=\"fr_FR\" \/>\n<meta property=\"og:type\" content=\"article\" \/>\n<meta property=\"og:title\" content=\"ESPALIER SIMPLE EN BOIS - FisioTech\" \/>\n<meta property=\"og:description\" content=\"Espalier simple en h\u00eatre verni naturel \u00e0 barreaux ovales. Un des deux barreaux les plus en haut est saillant, tandis que l\u00b4autre est rentrant afin de pouvoir effectuer exercices de suspension. Livr\u00e9 avec charni\u00e8res en acier zingu\u00e9 pour le fixage au mur. L\u00b4espalier est utilis\u00e9 pour plusieurs exercices pour les articulations et la musculation, en particulier pour exercices de gymnastique de pr\u00e9vention et traitement du mal de dos. En plus, il est utilis\u00e9 pour l\u00b4entra\u00eenement et la r\u00e9\u00e9ducation, l\u00b4\u00e9tirement des articulations, les exercices de correction des probl\u00e8mes li\u00e9s \u00e0 la mauvaise posture et les exercices de mouvement articulaire pour les enfants.\" \/>\n<meta property=\"og:url\" content=\"https:\/\/dev.fisiotech.com\/fr\/prodotto\/espalier-simple-en-bois\/\" \/>\n<meta property=\"og:site_name\" content=\"FisioTech\" \/>\n<meta property=\"article:modified_time\" content=\"2025-03-18T15:41:44+00:00\" \/>\n<meta property=\"og:image\" content=\"https:\/\/dev.fisiotech.com\/wp-content\/uploads\/2024\/01\/spalliera-singola-campata-in-legno.jpg\" \/>\n\t<meta property=\"og:image:width\" content=\"750\" \/>\n\t<meta property=\"og:image:height\" content=\"750\" \/>\n\t<meta property=\"og:image:type\" content=\"image\/jpeg\" \/>\n<meta name=\"twitter:card\" content=\"summary_large_image\" \/>\n<script type=\"application\/ld+json\" class=\"yoast-schema-graph\">{\"@context\":\"https:\/\/schema.org\",\"@graph\":[{\"@type\":\"WebPage\",\"@id\":\"https:\/\/dev.fisiotech.com\/fr\/prodotto\/espalier-simple-en-bois\/\",\"url\":\"https:\/\/dev.fisiotech.com\/fr\/prodotto\/espalier-simple-en-bois\/\",\"name\":\"ESPALIER SIMPLE EN BOIS - FisioTech\",\"isPartOf\":{\"@id\":\"https:\/\/dev.fisiotech.com\/fr\/#website\"},\"primaryImageOfPage\":{\"@id\":\"https:\/\/dev.fisiotech.com\/fr\/prodotto\/espalier-simple-en-bois\/#primaryimage\"},\"image\":{\"@id\":\"https:\/\/dev.fisiotech.com\/fr\/prodotto\/espalier-simple-en-bois\/#primaryimage\"},\"thumbnailUrl\":\"https:\/\/dev.fisiotech.com\/wp-content\/uploads\/2024\/01\/spalliera-singola-campata-in-legno.jpg\",\"datePublished\":\"2024-01-08T07:40:31+00:00\",\"dateModified\":\"2025-03-18T15:41:44+00:00\",\"description\":\"Espalier simple en h\u00eatre verni naturel \u00e0 barreaux ovales. Un des deux barreaux les plus en haut est saillant, tandis que l\u00b4autre est rentrant afin de pouvoir effectuer exercices de suspension. Livr\u00e9 avec charni\u00e8res en acier zingu\u00e9 pour le fixage au mur. L\u00b4espalier est utilis\u00e9 pour plusieurs exercices pour les articulations et la musculation, en particulier pour exercices de gymnastique de pr\u00e9vention et traitement du mal de dos. En plus, il est utilis\u00e9 pour l\u00b4entra\u00eenement et la r\u00e9\u00e9ducation, l\u00b4\u00e9tirement des articulations, les exercices de correction des probl\u00e8mes li\u00e9s \u00e0 la mauvaise posture et les exercices de mouvement articulaire pour les enfants.\",\"breadcrumb\":{\"@id\":\"https:\/\/dev.fisiotech.com\/fr\/prodotto\/espalier-simple-en-bois\/#breadcrumb\"},\"inLanguage\":\"fr-FR\",\"potentialAction\":[{\"@type\":\"ReadAction\",\"target\":[\"https:\/\/dev.fisiotech.com\/fr\/prodotto\/espalier-simple-en-bois\/\"]}]},{\"@type\":\"ImageObject\",\"inLanguage\":\"fr-FR\",\"@id\":\"https:\/\/dev.fisiotech.com\/fr\/prodotto\/espalier-simple-en-bois\/#primaryimage\",\"url\":\"https:\/\/dev.fisiotech.com\/wp-content\/uploads\/2024\/01\/spalliera-singola-campata-in-legno.jpg\",\"contentUrl\":\"https:\/\/dev.fisiotech.com\/wp-content\/uploads\/2024\/01\/spalliera-singola-campata-in-legno.jpg\",\"width\":750,\"height\":750},{\"@type\":\"BreadcrumbList\",\"@id\":\"https:\/\/dev.fisiotech.com\/fr\/prodotto\/espalier-simple-en-bois\/#breadcrumb\",\"itemListElement\":[{\"@type\":\"ListItem\",\"position\":1,\"name\":\"Home\",\"item\":\"https:\/\/dev.fisiotech.com\/fr\/\"},{\"@type\":\"ListItem\",\"position\":2,\"name\":\"Boutique\",\"item\":\"https:\/\/dev.fisiotech.com\/negozio\/\"},{\"@type\":\"ListItem\",\"position\":3,\"name\":\"Gymnastique\",\"item\":\"https:\/\/dev.fisiotech.com\/fr\/categoria-prodotto\/gymnastique\/\"},{\"@type\":\"ListItem\",\"position\":4,\"name\":\"Espaliers\",\"item\":\"https:\/\/dev.fisiotech.com\/fr\/categoria-prodotto\/gymnastique\/espaliers\/\"},{\"@type\":\"ListItem\",\"position\":5,\"name\":\"ESPALIER SIMPLE EN BOIS\"}]},{\"@type\":\"WebSite\",\"@id\":\"https:\/\/dev.fisiotech.com\/fr\/#website\",\"url\":\"https:\/\/dev.fisiotech.com\/fr\/\",\"name\":\"FisioTech\",\"description\":\"Tecnologie al servizio della salute\",\"publisher\":{\"@id\":\"https:\/\/dev.fisiotech.com\/fr\/#organization\"},\"potentialAction\":[{\"@type\":\"SearchAction\",\"target\":{\"@type\":\"EntryPoint\",\"urlTemplate\":\"https:\/\/dev.fisiotech.com\/fr\/?s={search_term_string}\"},\"query-input\":{\"@type\":\"PropertyValueSpecification\",\"valueRequired\":true,\"valueName\":\"search_term_string\"}}],\"inLanguage\":\"fr-FR\"},{\"@type\":\"Organization\",\"@id\":\"https:\/\/dev.fisiotech.com\/fr\/#organization\",\"name\":\"FisioTech - Tecnologie al servizio della salute\",\"url\":\"https:\/\/dev.fisiotech.com\/fr\/\",\"logo\":{\"@type\":\"ImageObject\",\"inLanguage\":\"fr-FR\",\"@id\":\"https:\/\/dev.fisiotech.com\/fr\/#\/schema\/logo\/image\/\",\"url\":\"https:\/\/dev.fisiotech.com\/wp-content\/uploads\/2023\/09\/cropped-Fisiotech-logo.png\",\"contentUrl\":\"https:\/\/dev.fisiotech.com\/wp-content\/uploads\/2023\/09\/cropped-Fisiotech-logo.png\",\"width\":861,\"height\":329,\"caption\":\"FisioTech - Tecnologie al servizio della salute\"},\"image\":{\"@id\":\"https:\/\/dev.fisiotech.com\/fr\/#\/schema\/logo\/image\/\"}}]}<\/script>\n<!-- \/ Yoast SEO plugin. -->","yoast_head_json":{"title":"ESPALIER SIMPLE EN BOIS - FisioTech","description":"Espalier simple en h\u00eatre verni naturel \u00e0 barreaux ovales. Un des deux barreaux les plus en haut est saillant, tandis que l\u00b4autre est rentrant afin de pouvoir effectuer exercices de suspension. Livr\u00e9 avec charni\u00e8res en acier zingu\u00e9 pour le fixage au mur. L\u00b4espalier est utilis\u00e9 pour plusieurs exercices pour les articulations et la musculation, en particulier pour exercices de gymnastique de pr\u00e9vention et traitement du mal de dos. En plus, il est utilis\u00e9 pour l\u00b4entra\u00eenement et la r\u00e9\u00e9ducation, l\u00b4\u00e9tirement des articulations, les exercices de correction des probl\u00e8mes li\u00e9s \u00e0 la mauvaise posture et les exercices de mouvement articulaire pour les enfants.","robots":{"index":"noindex","follow":"follow","max-snippet":"max-snippet:-1","max-image-preview":"max-image-preview:large","max-video-preview":"max-video-preview:-1"},"og_locale":"fr_FR","og_type":"article","og_title":"ESPALIER SIMPLE EN BOIS - FisioTech","og_description":"Espalier simple en h\u00eatre verni naturel \u00e0 barreaux ovales. Un des deux barreaux les plus en haut est saillant, tandis que l\u00b4autre est rentrant afin de pouvoir effectuer exercices de suspension. Livr\u00e9 avec charni\u00e8res en acier zingu\u00e9 pour le fixage au mur. L\u00b4espalier est utilis\u00e9 pour plusieurs exercices pour les articulations et la musculation, en particulier pour exercices de gymnastique de pr\u00e9vention et traitement du mal de dos. En plus, il est utilis\u00e9 pour l\u00b4entra\u00eenement et la r\u00e9\u00e9ducation, l\u00b4\u00e9tirement des articulations, les exercices de correction des probl\u00e8mes li\u00e9s \u00e0 la mauvaise posture et les exercices de mouvement articulaire pour les enfants.","og_url":"https:\/\/dev.fisiotech.com\/fr\/prodotto\/espalier-simple-en-bois\/","og_site_name":"FisioTech","article_modified_time":"2025-03-18T15:41:44+00:00","og_image":[{"width":750,"height":750,"url":"https:\/\/dev.fisiotech.com\/wp-content\/uploads\/2024\/01\/spalliera-singola-campata-in-legno.jpg","type":"image\/jpeg"}],"twitter_card":"summary_large_image","schema":{"@context":"https:\/\/schema.org","@graph":[{"@type":"WebPage","@id":"https:\/\/dev.fisiotech.com\/fr\/prodotto\/espalier-simple-en-bois\/","url":"https:\/\/dev.fisiotech.com\/fr\/prodotto\/espalier-simple-en-bois\/","name":"ESPALIER SIMPLE EN BOIS - FisioTech","isPartOf":{"@id":"https:\/\/dev.fisiotech.com\/fr\/#website"},"primaryImageOfPage":{"@id":"https:\/\/dev.fisiotech.com\/fr\/prodotto\/espalier-simple-en-bois\/#primaryimage"},"image":{"@id":"https:\/\/dev.fisiotech.com\/fr\/prodotto\/espalier-simple-en-bois\/#primaryimage"},"thumbnailUrl":"https:\/\/dev.fisiotech.com\/wp-content\/uploads\/2024\/01\/spalliera-singola-campata-in-legno.jpg","datePublished":"2024-01-08T07:40:31+00:00","dateModified":"2025-03-18T15:41:44+00:00","description":"Espalier simple en h\u00eatre verni naturel \u00e0 barreaux ovales. Un des deux barreaux les plus en haut est saillant, tandis que l\u00b4autre est rentrant afin de pouvoir effectuer exercices de suspension. Livr\u00e9 avec charni\u00e8res en acier zingu\u00e9 pour le fixage au mur. L\u00b4espalier est utilis\u00e9 pour plusieurs exercices pour les articulations et la musculation, en particulier pour exercices de gymnastique de pr\u00e9vention et traitement du mal de dos. En plus, il est utilis\u00e9 pour l\u00b4entra\u00eenement et la r\u00e9\u00e9ducation, l\u00b4\u00e9tirement des articulations, les exercices de correction des probl\u00e8mes li\u00e9s \u00e0 la mauvaise posture et les exercices de mouvement articulaire pour les enfants.","breadcrumb":{"@id":"https:\/\/dev.fisiotech.com\/fr\/prodotto\/espalier-simple-en-bois\/#breadcrumb"},"inLanguage":"fr-FR","potentialAction":[{"@type":"ReadAction","target":["https:\/\/dev.fisiotech.com\/fr\/prodotto\/espalier-simple-en-bois\/"]}]},{"@type":"ImageObject","inLanguage":"fr-FR","@id":"https:\/\/dev.fisiotech.com\/fr\/prodotto\/espalier-simple-en-bois\/#primaryimage","url":"https:\/\/dev.fisiotech.com\/wp-content\/uploads\/2024\/01\/spalliera-singola-campata-in-legno.jpg","contentUrl":"https:\/\/dev.fisiotech.com\/wp-content\/uploads\/2024\/01\/spalliera-singola-campata-in-legno.jpg","width":750,"height":750},{"@type":"BreadcrumbList","@id":"https:\/\/dev.fisiotech.com\/fr\/prodotto\/espalier-simple-en-bois\/#breadcrumb","itemListElement":[{"@type":"ListItem","position":1,"name":"Home","item":"https:\/\/dev.fisiotech.com\/fr\/"},{"@type":"ListItem","position":2,"name":"Boutique","item":"https:\/\/dev.fisiotech.com\/negozio\/"},{"@type":"ListItem","position":3,"name":"Gymnastique","item":"https:\/\/dev.fisiotech.com\/fr\/categoria-prodotto\/gymnastique\/"},{"@type":"ListItem","position":4,"name":"Espaliers","item":"https:\/\/dev.fisiotech.com\/fr\/categoria-prodotto\/gymnastique\/espaliers\/"},{"@type":"ListItem","position":5,"name":"ESPALIER SIMPLE EN BOIS"}]},{"@type":"WebSite","@id":"https:\/\/dev.fisiotech.com\/fr\/#website","url":"https:\/\/dev.fisiotech.com\/fr\/","name":"FisioTech","description":"Tecnologie al servizio della salute","publisher":{"@id":"https:\/\/dev.fisiotech.com\/fr\/#organization"},"potentialAction":[{"@type":"SearchAction","target":{"@type":"EntryPoint","urlTemplate":"https:\/\/dev.fisiotech.com\/fr\/?s={search_term_string}"},"query-input":{"@type":"PropertyValueSpecification","valueRequired":true,"valueName":"search_term_string"}}],"inLanguage":"fr-FR"},{"@type":"Organization","@id":"https:\/\/dev.fisiotech.com\/fr\/#organization","name":"FisioTech - Tecnologie al servizio della salute","url":"https:\/\/dev.fisiotech.com\/fr\/","logo":{"@type":"ImageObject","inLanguage":"fr-FR","@id":"https:\/\/dev.fisiotech.com\/fr\/#\/schema\/logo\/image\/","url":"https:\/\/dev.fisiotech.com\/wp-content\/uploads\/2023\/09\/cropped-Fisiotech-logo.png","contentUrl":"https:\/\/dev.fisiotech.com\/wp-content\/uploads\/2023\/09\/cropped-Fisiotech-logo.png","width":861,"height":329,"caption":"FisioTech - Tecnologie al servizio della salute"},"image":{"@id":"https:\/\/dev.fisiotech.com\/fr\/#\/schema\/logo\/image\/"}}]}},"_links":{"self":[{"href":"https:\/\/dev.fisiotech.com\/fr\/wp-json\/wp\/v2\/product\/13403","targetHints":{"allow":["GET"]}}],"collection":[{"href":"https:\/\/dev.fisiotech.com\/fr\/wp-json\/wp\/v2\/product"}],"about":[{"href":"https:\/\/dev.fisiotech.com\/fr\/wp-json\/wp\/v2\/types\/product"}],"version-history":[{"count":1,"href":"https:\/\/dev.fisiotech.com\/fr\/wp-json\/wp\/v2\/product\/13403\/revisions"}],"predecessor-version":[{"id":13417,"href":"https:\/\/dev.fisiotech.com\/fr\/wp-json\/wp\/v2\/product\/13403\/revisions\/13417"}],"wp:featuredmedia":[{"embeddable":true,"href":"https:\/\/dev.fisiotech.com\/fr\/wp-json\/wp\/v2\/media\/2796"}],"wp:attachment":[{"href":"https:\/\/dev.fisiotech.com\/fr\/wp-json\/wp\/v2\/media?parent=13403"}],"wp:term":[{"taxonomy":"product_brand","embeddable":true,"href":"https:\/\/dev.fisiotech.com\/fr\/wp-json\/wp\/v2\/product_brand?post=13403"},{"taxonomy":"product_cat","embeddable":true,"href":"https:\/\/dev.fisiotech.com\/fr\/wp-json\/wp\/v2\/product_cat?post=13403"},{"taxonomy":"product_tag","embeddable":true,"href":"https:\/\/dev.fisiotech.com\/fr\/wp-json\/wp\/v2\/product_tag?post=13403"}],"curies":[{"name":"wp","href":"https:\/\/api.w.org\/{rel}","templated":true}]}}