{"id":13461,"date":"2024-01-08T08:23:52","date_gmt":"2024-01-08T08:23:52","guid":{"rendered":"https:\/\/fisiotech.com\/prodotto\/tapis-mat-gold\/"},"modified":"2025-03-18T16:00:22","modified_gmt":"2025-03-18T16:00:22","slug":"tapis-mat-gold","status":"publish","type":"product","link":"https:\/\/dev.fisiotech.com\/fr\/prodotto\/tapis-mat-gold\/","title":{"rendered":"TAPIS MAT GOLD"},"content":{"rendered":"","protected":false},"excerpt":{"rendered":"<p>Mousse de polyur\u00e9thane \u00e0 peau int\u00e9grale \u00e0 la formulation exclusive (sans HFC et CFC) avec agents gonflants ODP (Ozone Depletion Potential). Sa conformation \u00e0 cellules compl\u00e8tement ouvertes donne au tapis des excellentes caract\u00e9ristiques d\u00b4amortissement de chocs en permettant le normal \u00e9coulement d\u00b4air de chaque couche du tapis, l\u00b4homog\u00e9n\u00e9it\u00e9 de l\u00b4\u00e9paisseur et de la densit\u00e9 de n\u00b4importe quel point du tapis. Une r\u00e9sistance m\u00e9canique sup\u00e9rieure est donn\u00e9e par le skin (peau) particulaire de la partie sup\u00e9rieure et inf\u00e9rieure. Ces tapis ont une r\u00e9sistance \u00e0 l\u00b4abrasion et une prise excellentes.  <\/p>\n","protected":false},"featured_media":2846,"template":"","meta":{"_acf_changed":false},"product_brand":[],"product_cat":[320,332],"product_tag":[],"class_list":{"0":"post-13461","1":"product","2":"type-product","3":"status-publish","4":"has-post-thumbnail","6":"product_cat-gymnastique","7":"product_cat-tapis","9":"entry","10":"has-media","12":"first","13":"instock","14":"shipping-taxable","15":"purchasable","16":"product-type-variable","17":"has-default-attributes","18":"has-product-nav","19":"col","20":"span_1_of_3","21":"owp-content-center","22":"owp-thumbs-layout-horizontal","23":"owp-btn-normal","24":"owp-tabs-layout-horizontal","25":"has-no-thumbnails"},"acf":[],"yoast_head":"<!-- This site is optimized with the Yoast SEO plugin v27.1.1 - https:\/\/yoast.com\/product\/yoast-seo-wordpress\/ -->\n<title>TAPIS MAT GOLD - FisioTech<\/title>\n<meta name=\"description\" content=\"Mousse de polyur\u00e9thane \u00e0 peau int\u00e9grale \u00e0 la formulation exclusive (sans HFC et CFC) avec agents gonflants ODP (Ozone Depletion Potential). Sa conformation \u00e0 cellules compl\u00e8tement ouvertes donne au tapis des excellentes caract\u00e9ristiques d\u00b4amortissement de chocs en permettant le normal \u00e9coulement d\u00b4air de chaque couche du tapis, l\u00b4homog\u00e9n\u00e9it\u00e9 de l\u00b4\u00e9paisseur et de la densit\u00e9 de n\u00b4importe quel point du tapis. Une r\u00e9sistance m\u00e9canique sup\u00e9rieure est donn\u00e9e par le skin (peau) particulaire de la partie sup\u00e9rieure et inf\u00e9rieure. Ces tapis ont une r\u00e9sistance \u00e0 l\u00b4abrasion et une prise excellentes.\" \/>\n<meta name=\"robots\" content=\"noindex, follow, max-snippet:-1, max-image-preview:large, max-video-preview:-1\" \/>\n<meta property=\"og:locale\" content=\"fr_FR\" \/>\n<meta property=\"og:type\" content=\"article\" \/>\n<meta property=\"og:title\" content=\"TAPIS MAT GOLD - FisioTech\" \/>\n<meta property=\"og:description\" content=\"Mousse de polyur\u00e9thane \u00e0 peau int\u00e9grale \u00e0 la formulation exclusive (sans HFC et CFC) avec agents gonflants ODP (Ozone Depletion Potential). Sa conformation \u00e0 cellules compl\u00e8tement ouvertes donne au tapis des excellentes caract\u00e9ristiques d\u00b4amortissement de chocs en permettant le normal \u00e9coulement d\u00b4air de chaque couche du tapis, l\u00b4homog\u00e9n\u00e9it\u00e9 de l\u00b4\u00e9paisseur et de la densit\u00e9 de n\u00b4importe quel point du tapis. Une r\u00e9sistance m\u00e9canique sup\u00e9rieure est donn\u00e9e par le skin (peau) particulaire de la partie sup\u00e9rieure et inf\u00e9rieure. Ces tapis ont une r\u00e9sistance \u00e0 l\u00b4abrasion et une prise excellentes.\" \/>\n<meta property=\"og:url\" content=\"https:\/\/dev.fisiotech.com\/fr\/prodotto\/tapis-mat-gold\/\" \/>\n<meta property=\"og:site_name\" content=\"FisioTech\" \/>\n<meta property=\"article:modified_time\" content=\"2025-03-18T16:00:22+00:00\" \/>\n<meta property=\"og:image\" content=\"https:\/\/dev.fisiotech.com\/wp-content\/uploads\/2024\/01\/mat-gold.jpg\" \/>\n\t<meta property=\"og:image:width\" content=\"750\" \/>\n\t<meta property=\"og:image:height\" content=\"750\" \/>\n\t<meta property=\"og:image:type\" content=\"image\/jpeg\" \/>\n<meta name=\"twitter:card\" content=\"summary_large_image\" \/>\n<script type=\"application\/ld+json\" class=\"yoast-schema-graph\">{\"@context\":\"https:\/\/schema.org\",\"@graph\":[{\"@type\":\"WebPage\",\"@id\":\"https:\/\/dev.fisiotech.com\/fr\/prodotto\/tapis-mat-gold\/\",\"url\":\"https:\/\/dev.fisiotech.com\/fr\/prodotto\/tapis-mat-gold\/\",\"name\":\"TAPIS MAT GOLD - FisioTech\",\"isPartOf\":{\"@id\":\"https:\/\/dev.fisiotech.com\/fr\/#website\"},\"primaryImageOfPage\":{\"@id\":\"https:\/\/dev.fisiotech.com\/fr\/prodotto\/tapis-mat-gold\/#primaryimage\"},\"image\":{\"@id\":\"https:\/\/dev.fisiotech.com\/fr\/prodotto\/tapis-mat-gold\/#primaryimage\"},\"thumbnailUrl\":\"https:\/\/dev.fisiotech.com\/wp-content\/uploads\/2024\/01\/mat-gold.jpg\",\"datePublished\":\"2024-01-08T08:23:52+00:00\",\"dateModified\":\"2025-03-18T16:00:22+00:00\",\"description\":\"Mousse de polyur\u00e9thane \u00e0 peau int\u00e9grale \u00e0 la formulation exclusive (sans HFC et CFC) avec agents gonflants ODP (Ozone Depletion Potential). Sa conformation \u00e0 cellules compl\u00e8tement ouvertes donne au tapis des excellentes caract\u00e9ristiques d\u00b4amortissement de chocs en permettant le normal \u00e9coulement d\u00b4air de chaque couche du tapis, l\u00b4homog\u00e9n\u00e9it\u00e9 de l\u00b4\u00e9paisseur et de la densit\u00e9 de n\u00b4importe quel point du tapis. Une r\u00e9sistance m\u00e9canique sup\u00e9rieure est donn\u00e9e par le skin (peau) particulaire de la partie sup\u00e9rieure et inf\u00e9rieure. Ces tapis ont une r\u00e9sistance \u00e0 l\u00b4abrasion et une prise excellentes.\",\"breadcrumb\":{\"@id\":\"https:\/\/dev.fisiotech.com\/fr\/prodotto\/tapis-mat-gold\/#breadcrumb\"},\"inLanguage\":\"fr-FR\",\"potentialAction\":[{\"@type\":\"ReadAction\",\"target\":[\"https:\/\/dev.fisiotech.com\/fr\/prodotto\/tapis-mat-gold\/\"]}]},{\"@type\":\"ImageObject\",\"inLanguage\":\"fr-FR\",\"@id\":\"https:\/\/dev.fisiotech.com\/fr\/prodotto\/tapis-mat-gold\/#primaryimage\",\"url\":\"https:\/\/dev.fisiotech.com\/wp-content\/uploads\/2024\/01\/mat-gold.jpg\",\"contentUrl\":\"https:\/\/dev.fisiotech.com\/wp-content\/uploads\/2024\/01\/mat-gold.jpg\",\"width\":750,\"height\":750},{\"@type\":\"BreadcrumbList\",\"@id\":\"https:\/\/dev.fisiotech.com\/fr\/prodotto\/tapis-mat-gold\/#breadcrumb\",\"itemListElement\":[{\"@type\":\"ListItem\",\"position\":1,\"name\":\"Home\",\"item\":\"https:\/\/dev.fisiotech.com\/fr\/\"},{\"@type\":\"ListItem\",\"position\":2,\"name\":\"Boutique\",\"item\":\"https:\/\/dev.fisiotech.com\/negozio\/\"},{\"@type\":\"ListItem\",\"position\":3,\"name\":\"Gymnastique\",\"item\":\"https:\/\/dev.fisiotech.com\/fr\/categoria-prodotto\/gymnastique\/\"},{\"@type\":\"ListItem\",\"position\":4,\"name\":\"Tapis\",\"item\":\"https:\/\/dev.fisiotech.com\/fr\/categoria-prodotto\/gymnastique\/tapis\/\"},{\"@type\":\"ListItem\",\"position\":5,\"name\":\"TAPIS MAT GOLD\"}]},{\"@type\":\"WebSite\",\"@id\":\"https:\/\/dev.fisiotech.com\/fr\/#website\",\"url\":\"https:\/\/dev.fisiotech.com\/fr\/\",\"name\":\"FisioTech\",\"description\":\"Tecnologie al servizio della salute\",\"publisher\":{\"@id\":\"https:\/\/dev.fisiotech.com\/fr\/#organization\"},\"potentialAction\":[{\"@type\":\"SearchAction\",\"target\":{\"@type\":\"EntryPoint\",\"urlTemplate\":\"https:\/\/dev.fisiotech.com\/fr\/?s={search_term_string}\"},\"query-input\":{\"@type\":\"PropertyValueSpecification\",\"valueRequired\":true,\"valueName\":\"search_term_string\"}}],\"inLanguage\":\"fr-FR\"},{\"@type\":\"Organization\",\"@id\":\"https:\/\/dev.fisiotech.com\/fr\/#organization\",\"name\":\"FisioTech - Tecnologie al servizio della salute\",\"url\":\"https:\/\/dev.fisiotech.com\/fr\/\",\"logo\":{\"@type\":\"ImageObject\",\"inLanguage\":\"fr-FR\",\"@id\":\"https:\/\/dev.fisiotech.com\/fr\/#\/schema\/logo\/image\/\",\"url\":\"https:\/\/dev.fisiotech.com\/wp-content\/uploads\/2023\/09\/cropped-Fisiotech-logo.png\",\"contentUrl\":\"https:\/\/dev.fisiotech.com\/wp-content\/uploads\/2023\/09\/cropped-Fisiotech-logo.png\",\"width\":861,\"height\":329,\"caption\":\"FisioTech - Tecnologie al servizio della salute\"},\"image\":{\"@id\":\"https:\/\/dev.fisiotech.com\/fr\/#\/schema\/logo\/image\/\"}}]}<\/script>\n<!-- \/ Yoast SEO plugin. -->","yoast_head_json":{"title":"TAPIS MAT GOLD - FisioTech","description":"Mousse de polyur\u00e9thane \u00e0 peau int\u00e9grale \u00e0 la formulation exclusive (sans HFC et CFC) avec agents gonflants ODP (Ozone Depletion Potential). Sa conformation \u00e0 cellules compl\u00e8tement ouvertes donne au tapis des excellentes caract\u00e9ristiques d\u00b4amortissement de chocs en permettant le normal \u00e9coulement d\u00b4air de chaque couche du tapis, l\u00b4homog\u00e9n\u00e9it\u00e9 de l\u00b4\u00e9paisseur et de la densit\u00e9 de n\u00b4importe quel point du tapis. Une r\u00e9sistance m\u00e9canique sup\u00e9rieure est donn\u00e9e par le skin (peau) particulaire de la partie sup\u00e9rieure et inf\u00e9rieure. Ces tapis ont une r\u00e9sistance \u00e0 l\u00b4abrasion et une prise excellentes.","robots":{"index":"noindex","follow":"follow","max-snippet":"max-snippet:-1","max-image-preview":"max-image-preview:large","max-video-preview":"max-video-preview:-1"},"og_locale":"fr_FR","og_type":"article","og_title":"TAPIS MAT GOLD - FisioTech","og_description":"Mousse de polyur\u00e9thane \u00e0 peau int\u00e9grale \u00e0 la formulation exclusive (sans HFC et CFC) avec agents gonflants ODP (Ozone Depletion Potential). Sa conformation \u00e0 cellules compl\u00e8tement ouvertes donne au tapis des excellentes caract\u00e9ristiques d\u00b4amortissement de chocs en permettant le normal \u00e9coulement d\u00b4air de chaque couche du tapis, l\u00b4homog\u00e9n\u00e9it\u00e9 de l\u00b4\u00e9paisseur et de la densit\u00e9 de n\u00b4importe quel point du tapis. Une r\u00e9sistance m\u00e9canique sup\u00e9rieure est donn\u00e9e par le skin (peau) particulaire de la partie sup\u00e9rieure et inf\u00e9rieure. Ces tapis ont une r\u00e9sistance \u00e0 l\u00b4abrasion et une prise excellentes.","og_url":"https:\/\/dev.fisiotech.com\/fr\/prodotto\/tapis-mat-gold\/","og_site_name":"FisioTech","article_modified_time":"2025-03-18T16:00:22+00:00","og_image":[{"width":750,"height":750,"url":"https:\/\/dev.fisiotech.com\/wp-content\/uploads\/2024\/01\/mat-gold.jpg","type":"image\/jpeg"}],"twitter_card":"summary_large_image","schema":{"@context":"https:\/\/schema.org","@graph":[{"@type":"WebPage","@id":"https:\/\/dev.fisiotech.com\/fr\/prodotto\/tapis-mat-gold\/","url":"https:\/\/dev.fisiotech.com\/fr\/prodotto\/tapis-mat-gold\/","name":"TAPIS MAT GOLD - FisioTech","isPartOf":{"@id":"https:\/\/dev.fisiotech.com\/fr\/#website"},"primaryImageOfPage":{"@id":"https:\/\/dev.fisiotech.com\/fr\/prodotto\/tapis-mat-gold\/#primaryimage"},"image":{"@id":"https:\/\/dev.fisiotech.com\/fr\/prodotto\/tapis-mat-gold\/#primaryimage"},"thumbnailUrl":"https:\/\/dev.fisiotech.com\/wp-content\/uploads\/2024\/01\/mat-gold.jpg","datePublished":"2024-01-08T08:23:52+00:00","dateModified":"2025-03-18T16:00:22+00:00","description":"Mousse de polyur\u00e9thane \u00e0 peau int\u00e9grale \u00e0 la formulation exclusive (sans HFC et CFC) avec agents gonflants ODP (Ozone Depletion Potential). Sa conformation \u00e0 cellules compl\u00e8tement ouvertes donne au tapis des excellentes caract\u00e9ristiques d\u00b4amortissement de chocs en permettant le normal \u00e9coulement d\u00b4air de chaque couche du tapis, l\u00b4homog\u00e9n\u00e9it\u00e9 de l\u00b4\u00e9paisseur et de la densit\u00e9 de n\u00b4importe quel point du tapis. Une r\u00e9sistance m\u00e9canique sup\u00e9rieure est donn\u00e9e par le skin (peau) particulaire de la partie sup\u00e9rieure et inf\u00e9rieure. Ces tapis ont une r\u00e9sistance \u00e0 l\u00b4abrasion et une prise excellentes.","breadcrumb":{"@id":"https:\/\/dev.fisiotech.com\/fr\/prodotto\/tapis-mat-gold\/#breadcrumb"},"inLanguage":"fr-FR","potentialAction":[{"@type":"ReadAction","target":["https:\/\/dev.fisiotech.com\/fr\/prodotto\/tapis-mat-gold\/"]}]},{"@type":"ImageObject","inLanguage":"fr-FR","@id":"https:\/\/dev.fisiotech.com\/fr\/prodotto\/tapis-mat-gold\/#primaryimage","url":"https:\/\/dev.fisiotech.com\/wp-content\/uploads\/2024\/01\/mat-gold.jpg","contentUrl":"https:\/\/dev.fisiotech.com\/wp-content\/uploads\/2024\/01\/mat-gold.jpg","width":750,"height":750},{"@type":"BreadcrumbList","@id":"https:\/\/dev.fisiotech.com\/fr\/prodotto\/tapis-mat-gold\/#breadcrumb","itemListElement":[{"@type":"ListItem","position":1,"name":"Home","item":"https:\/\/dev.fisiotech.com\/fr\/"},{"@type":"ListItem","position":2,"name":"Boutique","item":"https:\/\/dev.fisiotech.com\/negozio\/"},{"@type":"ListItem","position":3,"name":"Gymnastique","item":"https:\/\/dev.fisiotech.com\/fr\/categoria-prodotto\/gymnastique\/"},{"@type":"ListItem","position":4,"name":"Tapis","item":"https:\/\/dev.fisiotech.com\/fr\/categoria-prodotto\/gymnastique\/tapis\/"},{"@type":"ListItem","position":5,"name":"TAPIS MAT GOLD"}]},{"@type":"WebSite","@id":"https:\/\/dev.fisiotech.com\/fr\/#website","url":"https:\/\/dev.fisiotech.com\/fr\/","name":"FisioTech","description":"Tecnologie al servizio della salute","publisher":{"@id":"https:\/\/dev.fisiotech.com\/fr\/#organization"},"potentialAction":[{"@type":"SearchAction","target":{"@type":"EntryPoint","urlTemplate":"https:\/\/dev.fisiotech.com\/fr\/?s={search_term_string}"},"query-input":{"@type":"PropertyValueSpecification","valueRequired":true,"valueName":"search_term_string"}}],"inLanguage":"fr-FR"},{"@type":"Organization","@id":"https:\/\/dev.fisiotech.com\/fr\/#organization","name":"FisioTech - Tecnologie al servizio della salute","url":"https:\/\/dev.fisiotech.com\/fr\/","logo":{"@type":"ImageObject","inLanguage":"fr-FR","@id":"https:\/\/dev.fisiotech.com\/fr\/#\/schema\/logo\/image\/","url":"https:\/\/dev.fisiotech.com\/wp-content\/uploads\/2023\/09\/cropped-Fisiotech-logo.png","contentUrl":"https:\/\/dev.fisiotech.com\/wp-content\/uploads\/2023\/09\/cropped-Fisiotech-logo.png","width":861,"height":329,"caption":"FisioTech - Tecnologie al servizio della salute"},"image":{"@id":"https:\/\/dev.fisiotech.com\/fr\/#\/schema\/logo\/image\/"}}]}},"_links":{"self":[{"href":"https:\/\/dev.fisiotech.com\/fr\/wp-json\/wp\/v2\/product\/13461","targetHints":{"allow":["GET"]}}],"collection":[{"href":"https:\/\/dev.fisiotech.com\/fr\/wp-json\/wp\/v2\/product"}],"about":[{"href":"https:\/\/dev.fisiotech.com\/fr\/wp-json\/wp\/v2\/types\/product"}],"version-history":[{"count":1,"href":"https:\/\/dev.fisiotech.com\/fr\/wp-json\/wp\/v2\/product\/13461\/revisions"}],"predecessor-version":[{"id":13475,"href":"https:\/\/dev.fisiotech.com\/fr\/wp-json\/wp\/v2\/product\/13461\/revisions\/13475"}],"wp:featuredmedia":[{"embeddable":true,"href":"https:\/\/dev.fisiotech.com\/fr\/wp-json\/wp\/v2\/media\/2846"}],"wp:attachment":[{"href":"https:\/\/dev.fisiotech.com\/fr\/wp-json\/wp\/v2\/media?parent=13461"}],"wp:term":[{"taxonomy":"product_brand","embeddable":true,"href":"https:\/\/dev.fisiotech.com\/fr\/wp-json\/wp\/v2\/product_brand?post=13461"},{"taxonomy":"product_cat","embeddable":true,"href":"https:\/\/dev.fisiotech.com\/fr\/wp-json\/wp\/v2\/product_cat?post=13461"},{"taxonomy":"product_tag","embeddable":true,"href":"https:\/\/dev.fisiotech.com\/fr\/wp-json\/wp\/v2\/product_tag?post=13461"}],"curies":[{"name":"wp","href":"https:\/\/api.w.org\/{rel}","templated":true}]}}