{"id":13563,"date":"2024-01-08T10:21:36","date_gmt":"2024-01-08T10:21:36","guid":{"rendered":"https:\/\/fisiotech.com\/prodotto\/balance-pad-xl\/"},"modified":"2025-03-19T09:26:11","modified_gmt":"2025-03-19T09:26:11","slug":"balance-pad-xl","status":"publish","type":"product","link":"https:\/\/dev.fisiotech.com\/fr\/prodotto\/balance-pad-xl\/","title":{"rendered":"BALANCE PAD XL"},"content":{"rendered":"","protected":false},"excerpt":{"rendered":"<p>Comme pour le BALANCE-PAD ELITE, la diff\u00e9rence principale entre le BALANCE-PAD Xlarge de AIREX\u00ae et le Balance Pad est la surface en nids-d\u00b4abeilles du dessus et du fond. L\u00b4\u00e9paisseur de 6 cm qui rend le coussin instable ne change pas. En plus, sa consistance mouvante, cause une constante stimulation au corps pour maintenir l\u00b4\u00e9quilibre et stabiliser les articulations. Conseill\u00e9 pour : pilates, fitness, yoga, kin\u00e9sith\u00e9rapie et r\u00e9\u00e9ducation, gymnastique de groupe et entra\u00eenement de l\u00b4\u00e9quilibre.  <\/p>\n","protected":false},"featured_media":2911,"template":"","meta":{"_acf_changed":false},"product_brand":[],"product_cat":[322,320],"product_tag":[],"class_list":{"0":"post-13563","1":"product","2":"type-product","3":"status-publish","4":"has-post-thumbnail","6":"product_cat-airex-fr","7":"product_cat-gymnastique","9":"entry","10":"has-media","12":"first","13":"instock","14":"shipping-taxable","15":"purchasable","16":"product-type-simple","17":"has-product-nav","18":"col","19":"span_1_of_3","20":"owp-content-center","21":"owp-thumbs-layout-horizontal","22":"owp-btn-normal","23":"owp-tabs-layout-horizontal","24":"has-no-thumbnails"},"acf":[],"yoast_head":"<!-- This site is optimized with the Yoast SEO plugin v27.1.1 - https:\/\/yoast.com\/product\/yoast-seo-wordpress\/ -->\n<title>BALANCE PAD XL - FisioTech<\/title>\n<meta name=\"description\" content=\"Comme pour le BALANCE-PAD ELITE, la diff\u00e9rence principale entre le BALANCE-PAD Xlarge de AIREX\u00ae et le Balance Pad est la surface en nids-d\u00b4abeilles du dessus et du fond. L\u00b4\u00e9paisseur de 6 cm qui rend le coussin instable ne change pas. En plus, sa consistance mouvante, cause une constante stimulation au corps pour maintenir l\u00b4\u00e9quilibre et stabiliser les articulations. Conseill\u00e9 pour : pilates, fitness, yoga, kin\u00e9sith\u00e9rapie et r\u00e9\u00e9ducation, gymnastique de groupe et entra\u00eenement de l\u00b4\u00e9quilibre.\" \/>\n<meta name=\"robots\" content=\"noindex, follow, max-snippet:-1, max-image-preview:large, max-video-preview:-1\" \/>\n<meta property=\"og:locale\" content=\"fr_FR\" \/>\n<meta property=\"og:type\" content=\"article\" \/>\n<meta property=\"og:title\" content=\"BALANCE PAD XL - FisioTech\" \/>\n<meta property=\"og:description\" content=\"Comme pour le BALANCE-PAD ELITE, la diff\u00e9rence principale entre le BALANCE-PAD Xlarge de AIREX\u00ae et le Balance Pad est la surface en nids-d\u00b4abeilles du dessus et du fond. L\u00b4\u00e9paisseur de 6 cm qui rend le coussin instable ne change pas. En plus, sa consistance mouvante, cause une constante stimulation au corps pour maintenir l\u00b4\u00e9quilibre et stabiliser les articulations. Conseill\u00e9 pour : pilates, fitness, yoga, kin\u00e9sith\u00e9rapie et r\u00e9\u00e9ducation, gymnastique de groupe et entra\u00eenement de l\u00b4\u00e9quilibre.\" \/>\n<meta property=\"og:url\" content=\"https:\/\/dev.fisiotech.com\/fr\/prodotto\/balance-pad-xl\/\" \/>\n<meta property=\"og:site_name\" content=\"FisioTech\" \/>\n<meta property=\"article:modified_time\" content=\"2025-03-19T09:26:11+00:00\" \/>\n<meta property=\"og:image\" content=\"https:\/\/dev.fisiotech.com\/wp-content\/uploads\/2024\/01\/balance-pad-xl.jpg\" \/>\n\t<meta property=\"og:image:width\" content=\"750\" \/>\n\t<meta property=\"og:image:height\" content=\"750\" \/>\n\t<meta property=\"og:image:type\" content=\"image\/jpeg\" \/>\n<meta name=\"twitter:card\" content=\"summary_large_image\" \/>\n<script type=\"application\/ld+json\" class=\"yoast-schema-graph\">{\"@context\":\"https:\/\/schema.org\",\"@graph\":[{\"@type\":\"WebPage\",\"@id\":\"https:\/\/dev.fisiotech.com\/fr\/prodotto\/balance-pad-xl\/\",\"url\":\"https:\/\/dev.fisiotech.com\/fr\/prodotto\/balance-pad-xl\/\",\"name\":\"BALANCE PAD XL - FisioTech\",\"isPartOf\":{\"@id\":\"https:\/\/dev.fisiotech.com\/fr\/#website\"},\"primaryImageOfPage\":{\"@id\":\"https:\/\/dev.fisiotech.com\/fr\/prodotto\/balance-pad-xl\/#primaryimage\"},\"image\":{\"@id\":\"https:\/\/dev.fisiotech.com\/fr\/prodotto\/balance-pad-xl\/#primaryimage\"},\"thumbnailUrl\":\"https:\/\/dev.fisiotech.com\/wp-content\/uploads\/2024\/01\/balance-pad-xl.jpg\",\"datePublished\":\"2024-01-08T10:21:36+00:00\",\"dateModified\":\"2025-03-19T09:26:11+00:00\",\"description\":\"Comme pour le BALANCE-PAD ELITE, la diff\u00e9rence principale entre le BALANCE-PAD Xlarge de AIREX\u00ae et le Balance Pad est la surface en nids-d\u00b4abeilles du dessus et du fond. L\u00b4\u00e9paisseur de 6 cm qui rend le coussin instable ne change pas. En plus, sa consistance mouvante, cause une constante stimulation au corps pour maintenir l\u00b4\u00e9quilibre et stabiliser les articulations. Conseill\u00e9 pour : pilates, fitness, yoga, kin\u00e9sith\u00e9rapie et r\u00e9\u00e9ducation, gymnastique de groupe et entra\u00eenement de l\u00b4\u00e9quilibre.\",\"breadcrumb\":{\"@id\":\"https:\/\/dev.fisiotech.com\/fr\/prodotto\/balance-pad-xl\/#breadcrumb\"},\"inLanguage\":\"fr-FR\",\"potentialAction\":[{\"@type\":\"ReadAction\",\"target\":[\"https:\/\/dev.fisiotech.com\/fr\/prodotto\/balance-pad-xl\/\"]}]},{\"@type\":\"ImageObject\",\"inLanguage\":\"fr-FR\",\"@id\":\"https:\/\/dev.fisiotech.com\/fr\/prodotto\/balance-pad-xl\/#primaryimage\",\"url\":\"https:\/\/dev.fisiotech.com\/wp-content\/uploads\/2024\/01\/balance-pad-xl.jpg\",\"contentUrl\":\"https:\/\/dev.fisiotech.com\/wp-content\/uploads\/2024\/01\/balance-pad-xl.jpg\",\"width\":750,\"height\":750},{\"@type\":\"BreadcrumbList\",\"@id\":\"https:\/\/dev.fisiotech.com\/fr\/prodotto\/balance-pad-xl\/#breadcrumb\",\"itemListElement\":[{\"@type\":\"ListItem\",\"position\":1,\"name\":\"Home\",\"item\":\"https:\/\/dev.fisiotech.com\/fr\/\"},{\"@type\":\"ListItem\",\"position\":2,\"name\":\"Boutique\",\"item\":\"https:\/\/dev.fisiotech.com\/negozio\/\"},{\"@type\":\"ListItem\",\"position\":3,\"name\":\"Gymnastique\",\"item\":\"https:\/\/dev.fisiotech.com\/fr\/categoria-prodotto\/gymnastique\/\"},{\"@type\":\"ListItem\",\"position\":4,\"name\":\"Airex\",\"item\":\"https:\/\/dev.fisiotech.com\/fr\/categoria-prodotto\/gymnastique\/airex-fr\/\"},{\"@type\":\"ListItem\",\"position\":5,\"name\":\"BALANCE PAD XL\"}]},{\"@type\":\"WebSite\",\"@id\":\"https:\/\/dev.fisiotech.com\/fr\/#website\",\"url\":\"https:\/\/dev.fisiotech.com\/fr\/\",\"name\":\"FisioTech\",\"description\":\"Tecnologie al servizio della salute\",\"publisher\":{\"@id\":\"https:\/\/dev.fisiotech.com\/fr\/#organization\"},\"potentialAction\":[{\"@type\":\"SearchAction\",\"target\":{\"@type\":\"EntryPoint\",\"urlTemplate\":\"https:\/\/dev.fisiotech.com\/fr\/?s={search_term_string}\"},\"query-input\":{\"@type\":\"PropertyValueSpecification\",\"valueRequired\":true,\"valueName\":\"search_term_string\"}}],\"inLanguage\":\"fr-FR\"},{\"@type\":\"Organization\",\"@id\":\"https:\/\/dev.fisiotech.com\/fr\/#organization\",\"name\":\"FisioTech - Tecnologie al servizio della salute\",\"url\":\"https:\/\/dev.fisiotech.com\/fr\/\",\"logo\":{\"@type\":\"ImageObject\",\"inLanguage\":\"fr-FR\",\"@id\":\"https:\/\/dev.fisiotech.com\/fr\/#\/schema\/logo\/image\/\",\"url\":\"https:\/\/dev.fisiotech.com\/wp-content\/uploads\/2023\/09\/cropped-Fisiotech-logo.png\",\"contentUrl\":\"https:\/\/dev.fisiotech.com\/wp-content\/uploads\/2023\/09\/cropped-Fisiotech-logo.png\",\"width\":861,\"height\":329,\"caption\":\"FisioTech - Tecnologie al servizio della salute\"},\"image\":{\"@id\":\"https:\/\/dev.fisiotech.com\/fr\/#\/schema\/logo\/image\/\"}}]}<\/script>\n<!-- \/ Yoast SEO plugin. -->","yoast_head_json":{"title":"BALANCE PAD XL - FisioTech","description":"Comme pour le BALANCE-PAD ELITE, la diff\u00e9rence principale entre le BALANCE-PAD Xlarge de AIREX\u00ae et le Balance Pad est la surface en nids-d\u00b4abeilles du dessus et du fond. L\u00b4\u00e9paisseur de 6 cm qui rend le coussin instable ne change pas. En plus, sa consistance mouvante, cause une constante stimulation au corps pour maintenir l\u00b4\u00e9quilibre et stabiliser les articulations. Conseill\u00e9 pour : pilates, fitness, yoga, kin\u00e9sith\u00e9rapie et r\u00e9\u00e9ducation, gymnastique de groupe et entra\u00eenement de l\u00b4\u00e9quilibre.","robots":{"index":"noindex","follow":"follow","max-snippet":"max-snippet:-1","max-image-preview":"max-image-preview:large","max-video-preview":"max-video-preview:-1"},"og_locale":"fr_FR","og_type":"article","og_title":"BALANCE PAD XL - FisioTech","og_description":"Comme pour le BALANCE-PAD ELITE, la diff\u00e9rence principale entre le BALANCE-PAD Xlarge de AIREX\u00ae et le Balance Pad est la surface en nids-d\u00b4abeilles du dessus et du fond. L\u00b4\u00e9paisseur de 6 cm qui rend le coussin instable ne change pas. En plus, sa consistance mouvante, cause une constante stimulation au corps pour maintenir l\u00b4\u00e9quilibre et stabiliser les articulations. Conseill\u00e9 pour : pilates, fitness, yoga, kin\u00e9sith\u00e9rapie et r\u00e9\u00e9ducation, gymnastique de groupe et entra\u00eenement de l\u00b4\u00e9quilibre.","og_url":"https:\/\/dev.fisiotech.com\/fr\/prodotto\/balance-pad-xl\/","og_site_name":"FisioTech","article_modified_time":"2025-03-19T09:26:11+00:00","og_image":[{"width":750,"height":750,"url":"https:\/\/dev.fisiotech.com\/wp-content\/uploads\/2024\/01\/balance-pad-xl.jpg","type":"image\/jpeg"}],"twitter_card":"summary_large_image","schema":{"@context":"https:\/\/schema.org","@graph":[{"@type":"WebPage","@id":"https:\/\/dev.fisiotech.com\/fr\/prodotto\/balance-pad-xl\/","url":"https:\/\/dev.fisiotech.com\/fr\/prodotto\/balance-pad-xl\/","name":"BALANCE PAD XL - FisioTech","isPartOf":{"@id":"https:\/\/dev.fisiotech.com\/fr\/#website"},"primaryImageOfPage":{"@id":"https:\/\/dev.fisiotech.com\/fr\/prodotto\/balance-pad-xl\/#primaryimage"},"image":{"@id":"https:\/\/dev.fisiotech.com\/fr\/prodotto\/balance-pad-xl\/#primaryimage"},"thumbnailUrl":"https:\/\/dev.fisiotech.com\/wp-content\/uploads\/2024\/01\/balance-pad-xl.jpg","datePublished":"2024-01-08T10:21:36+00:00","dateModified":"2025-03-19T09:26:11+00:00","description":"Comme pour le BALANCE-PAD ELITE, la diff\u00e9rence principale entre le BALANCE-PAD Xlarge de AIREX\u00ae et le Balance Pad est la surface en nids-d\u00b4abeilles du dessus et du fond. L\u00b4\u00e9paisseur de 6 cm qui rend le coussin instable ne change pas. En plus, sa consistance mouvante, cause une constante stimulation au corps pour maintenir l\u00b4\u00e9quilibre et stabiliser les articulations. Conseill\u00e9 pour : pilates, fitness, yoga, kin\u00e9sith\u00e9rapie et r\u00e9\u00e9ducation, gymnastique de groupe et entra\u00eenement de l\u00b4\u00e9quilibre.","breadcrumb":{"@id":"https:\/\/dev.fisiotech.com\/fr\/prodotto\/balance-pad-xl\/#breadcrumb"},"inLanguage":"fr-FR","potentialAction":[{"@type":"ReadAction","target":["https:\/\/dev.fisiotech.com\/fr\/prodotto\/balance-pad-xl\/"]}]},{"@type":"ImageObject","inLanguage":"fr-FR","@id":"https:\/\/dev.fisiotech.com\/fr\/prodotto\/balance-pad-xl\/#primaryimage","url":"https:\/\/dev.fisiotech.com\/wp-content\/uploads\/2024\/01\/balance-pad-xl.jpg","contentUrl":"https:\/\/dev.fisiotech.com\/wp-content\/uploads\/2024\/01\/balance-pad-xl.jpg","width":750,"height":750},{"@type":"BreadcrumbList","@id":"https:\/\/dev.fisiotech.com\/fr\/prodotto\/balance-pad-xl\/#breadcrumb","itemListElement":[{"@type":"ListItem","position":1,"name":"Home","item":"https:\/\/dev.fisiotech.com\/fr\/"},{"@type":"ListItem","position":2,"name":"Boutique","item":"https:\/\/dev.fisiotech.com\/negozio\/"},{"@type":"ListItem","position":3,"name":"Gymnastique","item":"https:\/\/dev.fisiotech.com\/fr\/categoria-prodotto\/gymnastique\/"},{"@type":"ListItem","position":4,"name":"Airex","item":"https:\/\/dev.fisiotech.com\/fr\/categoria-prodotto\/gymnastique\/airex-fr\/"},{"@type":"ListItem","position":5,"name":"BALANCE PAD XL"}]},{"@type":"WebSite","@id":"https:\/\/dev.fisiotech.com\/fr\/#website","url":"https:\/\/dev.fisiotech.com\/fr\/","name":"FisioTech","description":"Tecnologie al servizio della salute","publisher":{"@id":"https:\/\/dev.fisiotech.com\/fr\/#organization"},"potentialAction":[{"@type":"SearchAction","target":{"@type":"EntryPoint","urlTemplate":"https:\/\/dev.fisiotech.com\/fr\/?s={search_term_string}"},"query-input":{"@type":"PropertyValueSpecification","valueRequired":true,"valueName":"search_term_string"}}],"inLanguage":"fr-FR"},{"@type":"Organization","@id":"https:\/\/dev.fisiotech.com\/fr\/#organization","name":"FisioTech - Tecnologie al servizio della salute","url":"https:\/\/dev.fisiotech.com\/fr\/","logo":{"@type":"ImageObject","inLanguage":"fr-FR","@id":"https:\/\/dev.fisiotech.com\/fr\/#\/schema\/logo\/image\/","url":"https:\/\/dev.fisiotech.com\/wp-content\/uploads\/2023\/09\/cropped-Fisiotech-logo.png","contentUrl":"https:\/\/dev.fisiotech.com\/wp-content\/uploads\/2023\/09\/cropped-Fisiotech-logo.png","width":861,"height":329,"caption":"FisioTech - Tecnologie al servizio della salute"},"image":{"@id":"https:\/\/dev.fisiotech.com\/fr\/#\/schema\/logo\/image\/"}}]}},"_links":{"self":[{"href":"https:\/\/dev.fisiotech.com\/fr\/wp-json\/wp\/v2\/product\/13563","targetHints":{"allow":["GET"]}}],"collection":[{"href":"https:\/\/dev.fisiotech.com\/fr\/wp-json\/wp\/v2\/product"}],"about":[{"href":"https:\/\/dev.fisiotech.com\/fr\/wp-json\/wp\/v2\/types\/product"}],"version-history":[{"count":1,"href":"https:\/\/dev.fisiotech.com\/fr\/wp-json\/wp\/v2\/product\/13563\/revisions"}],"predecessor-version":[{"id":13592,"href":"https:\/\/dev.fisiotech.com\/fr\/wp-json\/wp\/v2\/product\/13563\/revisions\/13592"}],"wp:featuredmedia":[{"embeddable":true,"href":"https:\/\/dev.fisiotech.com\/fr\/wp-json\/wp\/v2\/media\/2911"}],"wp:attachment":[{"href":"https:\/\/dev.fisiotech.com\/fr\/wp-json\/wp\/v2\/media?parent=13563"}],"wp:term":[{"taxonomy":"product_brand","embeddable":true,"href":"https:\/\/dev.fisiotech.com\/fr\/wp-json\/wp\/v2\/product_brand?post=13563"},{"taxonomy":"product_cat","embeddable":true,"href":"https:\/\/dev.fisiotech.com\/fr\/wp-json\/wp\/v2\/product_cat?post=13563"},{"taxonomy":"product_tag","embeddable":true,"href":"https:\/\/dev.fisiotech.com\/fr\/wp-json\/wp\/v2\/product_tag?post=13563"}],"curies":[{"name":"wp","href":"https:\/\/api.w.org\/{rel}","templated":true}]}}