{"id":13599,"date":"2024-01-08T10:43:05","date_gmt":"2024-01-08T10:43:05","guid":{"rendered":"https:\/\/fisiotech.com\/prodotto\/discosit\/"},"modified":"2025-03-19T15:07:54","modified_gmt":"2025-03-19T15:07:54","slug":"discosit","status":"publish","type":"product","link":"https:\/\/dev.fisiotech.com\/fr\/prodotto\/discosit\/","title":{"rendered":"DISC&rsquo;O&rsquo;SIT"},"content":{"rendered":"","protected":false},"excerpt":{"rendered":"<p>Le cousin d\u00b4assise Disc\u00b4o\u00b4Sit favorise une posture correcte. Utilis\u00e9 sur une chaise il donne du confort \u00e0 l\u00b4\u00e9pine dorsale gr\u00e2ce au mouvement offert. Le Disc\u00b4o\u00b4Sit est utilis\u00e9 aussi dans l\u00b4entra\u00eenement fonctionnel, pour exercices au sol pour d\u00e9velopper la coordination et am\u00e9liorer les r\u00e9flexes et la stabilit\u00e9. Charge maximale conseill\u00e9e : 120 kg Charge maximale test\u00e9e : 200 kg.  <\/p>\n","protected":false},"featured_media":3063,"template":"","meta":{"_acf_changed":false},"product_brand":[],"product_cat":[324,320],"product_tag":[],"class_list":{"0":"post-13599","1":"product","2":"type-product","3":"status-publish","4":"has-post-thumbnail","6":"product_cat-coussins","7":"product_cat-gymnastique","9":"entry","10":"has-media","12":"first","13":"instock","14":"shipping-taxable","15":"purchasable","16":"product-type-simple","17":"has-product-nav","18":"col","19":"span_1_of_3","20":"owp-content-center","21":"owp-thumbs-layout-horizontal","22":"owp-btn-normal","23":"owp-tabs-layout-horizontal","24":"has-no-thumbnails"},"acf":[],"yoast_head":"<!-- This site is optimized with the Yoast SEO plugin v27.1.1 - https:\/\/yoast.com\/product\/yoast-seo-wordpress\/ -->\n<title>DISC&#039;O&#039;SIT - FisioTech<\/title>\n<meta name=\"description\" content=\"Le cousin d\u00b4assise Disc\u00b4o\u00b4Sit favorise une posture correcte. Utilis\u00e9 sur une chaise il donne du confort \u00e0 l\u00b4\u00e9pine dorsale gr\u00e2ce au mouvement offert. Le Disc\u00b4o\u00b4Sit est utilis\u00e9 aussi dans l\u00b4entra\u00eenement fonctionnel, pour exercices au sol pour d\u00e9velopper la coordination et am\u00e9liorer les r\u00e9flexes et la stabilit\u00e9. Charge maximale conseill\u00e9e : 120 kg Charge maximale test\u00e9e : 200 kg.\" \/>\n<meta name=\"robots\" content=\"noindex, follow, max-snippet:-1, max-image-preview:large, max-video-preview:-1\" \/>\n<meta property=\"og:locale\" content=\"fr_FR\" \/>\n<meta property=\"og:type\" content=\"article\" \/>\n<meta property=\"og:title\" content=\"DISC&#039;O&#039;SIT - FisioTech\" \/>\n<meta property=\"og:description\" content=\"Le cousin d\u00b4assise Disc\u00b4o\u00b4Sit favorise une posture correcte. Utilis\u00e9 sur une chaise il donne du confort \u00e0 l\u00b4\u00e9pine dorsale gr\u00e2ce au mouvement offert. Le Disc\u00b4o\u00b4Sit est utilis\u00e9 aussi dans l\u00b4entra\u00eenement fonctionnel, pour exercices au sol pour d\u00e9velopper la coordination et am\u00e9liorer les r\u00e9flexes et la stabilit\u00e9. Charge maximale conseill\u00e9e : 120 kg Charge maximale test\u00e9e : 200 kg.\" \/>\n<meta property=\"og:url\" content=\"https:\/\/dev.fisiotech.com\/fr\/prodotto\/discosit\/\" \/>\n<meta property=\"og:site_name\" content=\"FisioTech\" \/>\n<meta property=\"article:modified_time\" content=\"2025-03-19T15:07:54+00:00\" \/>\n<meta property=\"og:image\" content=\"https:\/\/dev.fisiotech.com\/wp-content\/uploads\/2024\/01\/discosit.jpg\" \/>\n\t<meta property=\"og:image:width\" content=\"750\" \/>\n\t<meta property=\"og:image:height\" content=\"750\" \/>\n\t<meta property=\"og:image:type\" content=\"image\/jpeg\" \/>\n<meta name=\"twitter:card\" content=\"summary_large_image\" \/>\n<script type=\"application\/ld+json\" class=\"yoast-schema-graph\">{\"@context\":\"https:\/\/schema.org\",\"@graph\":[{\"@type\":\"WebPage\",\"@id\":\"https:\/\/dev.fisiotech.com\/fr\/prodotto\/discosit\/\",\"url\":\"https:\/\/dev.fisiotech.com\/fr\/prodotto\/discosit\/\",\"name\":\"DISC'O'SIT - FisioTech\",\"isPartOf\":{\"@id\":\"https:\/\/dev.fisiotech.com\/fr\/#website\"},\"primaryImageOfPage\":{\"@id\":\"https:\/\/dev.fisiotech.com\/fr\/prodotto\/discosit\/#primaryimage\"},\"image\":{\"@id\":\"https:\/\/dev.fisiotech.com\/fr\/prodotto\/discosit\/#primaryimage\"},\"thumbnailUrl\":\"https:\/\/dev.fisiotech.com\/wp-content\/uploads\/2024\/01\/discosit.jpg\",\"datePublished\":\"2024-01-08T10:43:05+00:00\",\"dateModified\":\"2025-03-19T15:07:54+00:00\",\"description\":\"Le cousin d\u00b4assise Disc\u00b4o\u00b4Sit favorise une posture correcte. Utilis\u00e9 sur une chaise il donne du confort \u00e0 l\u00b4\u00e9pine dorsale gr\u00e2ce au mouvement offert. Le Disc\u00b4o\u00b4Sit est utilis\u00e9 aussi dans l\u00b4entra\u00eenement fonctionnel, pour exercices au sol pour d\u00e9velopper la coordination et am\u00e9liorer les r\u00e9flexes et la stabilit\u00e9. Charge maximale conseill\u00e9e : 120 kg Charge maximale test\u00e9e : 200 kg.\",\"breadcrumb\":{\"@id\":\"https:\/\/dev.fisiotech.com\/fr\/prodotto\/discosit\/#breadcrumb\"},\"inLanguage\":\"fr-FR\",\"potentialAction\":[{\"@type\":\"ReadAction\",\"target\":[\"https:\/\/dev.fisiotech.com\/fr\/prodotto\/discosit\/\"]}]},{\"@type\":\"ImageObject\",\"inLanguage\":\"fr-FR\",\"@id\":\"https:\/\/dev.fisiotech.com\/fr\/prodotto\/discosit\/#primaryimage\",\"url\":\"https:\/\/dev.fisiotech.com\/wp-content\/uploads\/2024\/01\/discosit.jpg\",\"contentUrl\":\"https:\/\/dev.fisiotech.com\/wp-content\/uploads\/2024\/01\/discosit.jpg\",\"width\":750,\"height\":750},{\"@type\":\"BreadcrumbList\",\"@id\":\"https:\/\/dev.fisiotech.com\/fr\/prodotto\/discosit\/#breadcrumb\",\"itemListElement\":[{\"@type\":\"ListItem\",\"position\":1,\"name\":\"Home\",\"item\":\"https:\/\/dev.fisiotech.com\/fr\/\"},{\"@type\":\"ListItem\",\"position\":2,\"name\":\"Boutique\",\"item\":\"https:\/\/dev.fisiotech.com\/negozio\/\"},{\"@type\":\"ListItem\",\"position\":3,\"name\":\"Gymnastique\",\"item\":\"https:\/\/dev.fisiotech.com\/fr\/categoria-prodotto\/gymnastique\/\"},{\"@type\":\"ListItem\",\"position\":4,\"name\":\"Coussins\",\"item\":\"https:\/\/dev.fisiotech.com\/fr\/categoria-prodotto\/gymnastique\/coussins\/\"},{\"@type\":\"ListItem\",\"position\":5,\"name\":\"DISC&rsquo;O&rsquo;SIT\"}]},{\"@type\":\"WebSite\",\"@id\":\"https:\/\/dev.fisiotech.com\/fr\/#website\",\"url\":\"https:\/\/dev.fisiotech.com\/fr\/\",\"name\":\"FisioTech\",\"description\":\"Tecnologie al servizio della salute\",\"publisher\":{\"@id\":\"https:\/\/dev.fisiotech.com\/fr\/#organization\"},\"potentialAction\":[{\"@type\":\"SearchAction\",\"target\":{\"@type\":\"EntryPoint\",\"urlTemplate\":\"https:\/\/dev.fisiotech.com\/fr\/?s={search_term_string}\"},\"query-input\":{\"@type\":\"PropertyValueSpecification\",\"valueRequired\":true,\"valueName\":\"search_term_string\"}}],\"inLanguage\":\"fr-FR\"},{\"@type\":\"Organization\",\"@id\":\"https:\/\/dev.fisiotech.com\/fr\/#organization\",\"name\":\"FisioTech - Tecnologie al servizio della salute\",\"url\":\"https:\/\/dev.fisiotech.com\/fr\/\",\"logo\":{\"@type\":\"ImageObject\",\"inLanguage\":\"fr-FR\",\"@id\":\"https:\/\/dev.fisiotech.com\/fr\/#\/schema\/logo\/image\/\",\"url\":\"https:\/\/dev.fisiotech.com\/wp-content\/uploads\/2023\/09\/cropped-Fisiotech-logo.png\",\"contentUrl\":\"https:\/\/dev.fisiotech.com\/wp-content\/uploads\/2023\/09\/cropped-Fisiotech-logo.png\",\"width\":861,\"height\":329,\"caption\":\"FisioTech - Tecnologie al servizio della salute\"},\"image\":{\"@id\":\"https:\/\/dev.fisiotech.com\/fr\/#\/schema\/logo\/image\/\"}}]}<\/script>\n<!-- \/ Yoast SEO plugin. -->","yoast_head_json":{"title":"DISC'O'SIT - FisioTech","description":"Le cousin d\u00b4assise Disc\u00b4o\u00b4Sit favorise une posture correcte. Utilis\u00e9 sur une chaise il donne du confort \u00e0 l\u00b4\u00e9pine dorsale gr\u00e2ce au mouvement offert. Le Disc\u00b4o\u00b4Sit est utilis\u00e9 aussi dans l\u00b4entra\u00eenement fonctionnel, pour exercices au sol pour d\u00e9velopper la coordination et am\u00e9liorer les r\u00e9flexes et la stabilit\u00e9. Charge maximale conseill\u00e9e : 120 kg Charge maximale test\u00e9e : 200 kg.","robots":{"index":"noindex","follow":"follow","max-snippet":"max-snippet:-1","max-image-preview":"max-image-preview:large","max-video-preview":"max-video-preview:-1"},"og_locale":"fr_FR","og_type":"article","og_title":"DISC'O'SIT - FisioTech","og_description":"Le cousin d\u00b4assise Disc\u00b4o\u00b4Sit favorise une posture correcte. Utilis\u00e9 sur une chaise il donne du confort \u00e0 l\u00b4\u00e9pine dorsale gr\u00e2ce au mouvement offert. Le Disc\u00b4o\u00b4Sit est utilis\u00e9 aussi dans l\u00b4entra\u00eenement fonctionnel, pour exercices au sol pour d\u00e9velopper la coordination et am\u00e9liorer les r\u00e9flexes et la stabilit\u00e9. Charge maximale conseill\u00e9e : 120 kg Charge maximale test\u00e9e : 200 kg.","og_url":"https:\/\/dev.fisiotech.com\/fr\/prodotto\/discosit\/","og_site_name":"FisioTech","article_modified_time":"2025-03-19T15:07:54+00:00","og_image":[{"width":750,"height":750,"url":"https:\/\/dev.fisiotech.com\/wp-content\/uploads\/2024\/01\/discosit.jpg","type":"image\/jpeg"}],"twitter_card":"summary_large_image","schema":{"@context":"https:\/\/schema.org","@graph":[{"@type":"WebPage","@id":"https:\/\/dev.fisiotech.com\/fr\/prodotto\/discosit\/","url":"https:\/\/dev.fisiotech.com\/fr\/prodotto\/discosit\/","name":"DISC'O'SIT - FisioTech","isPartOf":{"@id":"https:\/\/dev.fisiotech.com\/fr\/#website"},"primaryImageOfPage":{"@id":"https:\/\/dev.fisiotech.com\/fr\/prodotto\/discosit\/#primaryimage"},"image":{"@id":"https:\/\/dev.fisiotech.com\/fr\/prodotto\/discosit\/#primaryimage"},"thumbnailUrl":"https:\/\/dev.fisiotech.com\/wp-content\/uploads\/2024\/01\/discosit.jpg","datePublished":"2024-01-08T10:43:05+00:00","dateModified":"2025-03-19T15:07:54+00:00","description":"Le cousin d\u00b4assise Disc\u00b4o\u00b4Sit favorise une posture correcte. Utilis\u00e9 sur une chaise il donne du confort \u00e0 l\u00b4\u00e9pine dorsale gr\u00e2ce au mouvement offert. Le Disc\u00b4o\u00b4Sit est utilis\u00e9 aussi dans l\u00b4entra\u00eenement fonctionnel, pour exercices au sol pour d\u00e9velopper la coordination et am\u00e9liorer les r\u00e9flexes et la stabilit\u00e9. Charge maximale conseill\u00e9e : 120 kg Charge maximale test\u00e9e : 200 kg.","breadcrumb":{"@id":"https:\/\/dev.fisiotech.com\/fr\/prodotto\/discosit\/#breadcrumb"},"inLanguage":"fr-FR","potentialAction":[{"@type":"ReadAction","target":["https:\/\/dev.fisiotech.com\/fr\/prodotto\/discosit\/"]}]},{"@type":"ImageObject","inLanguage":"fr-FR","@id":"https:\/\/dev.fisiotech.com\/fr\/prodotto\/discosit\/#primaryimage","url":"https:\/\/dev.fisiotech.com\/wp-content\/uploads\/2024\/01\/discosit.jpg","contentUrl":"https:\/\/dev.fisiotech.com\/wp-content\/uploads\/2024\/01\/discosit.jpg","width":750,"height":750},{"@type":"BreadcrumbList","@id":"https:\/\/dev.fisiotech.com\/fr\/prodotto\/discosit\/#breadcrumb","itemListElement":[{"@type":"ListItem","position":1,"name":"Home","item":"https:\/\/dev.fisiotech.com\/fr\/"},{"@type":"ListItem","position":2,"name":"Boutique","item":"https:\/\/dev.fisiotech.com\/negozio\/"},{"@type":"ListItem","position":3,"name":"Gymnastique","item":"https:\/\/dev.fisiotech.com\/fr\/categoria-prodotto\/gymnastique\/"},{"@type":"ListItem","position":4,"name":"Coussins","item":"https:\/\/dev.fisiotech.com\/fr\/categoria-prodotto\/gymnastique\/coussins\/"},{"@type":"ListItem","position":5,"name":"DISC&rsquo;O&rsquo;SIT"}]},{"@type":"WebSite","@id":"https:\/\/dev.fisiotech.com\/fr\/#website","url":"https:\/\/dev.fisiotech.com\/fr\/","name":"FisioTech","description":"Tecnologie al servizio della salute","publisher":{"@id":"https:\/\/dev.fisiotech.com\/fr\/#organization"},"potentialAction":[{"@type":"SearchAction","target":{"@type":"EntryPoint","urlTemplate":"https:\/\/dev.fisiotech.com\/fr\/?s={search_term_string}"},"query-input":{"@type":"PropertyValueSpecification","valueRequired":true,"valueName":"search_term_string"}}],"inLanguage":"fr-FR"},{"@type":"Organization","@id":"https:\/\/dev.fisiotech.com\/fr\/#organization","name":"FisioTech - Tecnologie al servizio della salute","url":"https:\/\/dev.fisiotech.com\/fr\/","logo":{"@type":"ImageObject","inLanguage":"fr-FR","@id":"https:\/\/dev.fisiotech.com\/fr\/#\/schema\/logo\/image\/","url":"https:\/\/dev.fisiotech.com\/wp-content\/uploads\/2023\/09\/cropped-Fisiotech-logo.png","contentUrl":"https:\/\/dev.fisiotech.com\/wp-content\/uploads\/2023\/09\/cropped-Fisiotech-logo.png","width":861,"height":329,"caption":"FisioTech - Tecnologie al servizio della salute"},"image":{"@id":"https:\/\/dev.fisiotech.com\/fr\/#\/schema\/logo\/image\/"}}]}},"_links":{"self":[{"href":"https:\/\/dev.fisiotech.com\/fr\/wp-json\/wp\/v2\/product\/13599","targetHints":{"allow":["GET"]}}],"collection":[{"href":"https:\/\/dev.fisiotech.com\/fr\/wp-json\/wp\/v2\/product"}],"about":[{"href":"https:\/\/dev.fisiotech.com\/fr\/wp-json\/wp\/v2\/types\/product"}],"version-history":[{"count":1,"href":"https:\/\/dev.fisiotech.com\/fr\/wp-json\/wp\/v2\/product\/13599\/revisions"}],"predecessor-version":[{"id":13667,"href":"https:\/\/dev.fisiotech.com\/fr\/wp-json\/wp\/v2\/product\/13599\/revisions\/13667"}],"wp:featuredmedia":[{"embeddable":true,"href":"https:\/\/dev.fisiotech.com\/fr\/wp-json\/wp\/v2\/media\/3063"}],"wp:attachment":[{"href":"https:\/\/dev.fisiotech.com\/fr\/wp-json\/wp\/v2\/media?parent=13599"}],"wp:term":[{"taxonomy":"product_brand","embeddable":true,"href":"https:\/\/dev.fisiotech.com\/fr\/wp-json\/wp\/v2\/product_brand?post=13599"},{"taxonomy":"product_cat","embeddable":true,"href":"https:\/\/dev.fisiotech.com\/fr\/wp-json\/wp\/v2\/product_cat?post=13599"},{"taxonomy":"product_tag","embeddable":true,"href":"https:\/\/dev.fisiotech.com\/fr\/wp-json\/wp\/v2\/product_tag?post=13599"}],"curies":[{"name":"wp","href":"https:\/\/api.w.org\/{rel}","templated":true}]}}