{"id":13633,"date":"2024-06-27T09:06:09","date_gmt":"2024-06-27T09:06:09","guid":{"rendered":"https:\/\/fisiotech.com\/prodotto\/coussins-cubes\/"},"modified":"2025-03-19T15:01:28","modified_gmt":"2025-03-19T15:01:28","slug":"coussins-cubes","status":"publish","type":"product","link":"https:\/\/dev.fisiotech.com\/fr\/prodotto\/coussins-cubes\/","title":{"rendered":"COUSSINS CUBES"},"content":{"rendered":"","protected":false},"excerpt":{"rendered":"<p>Coussins en forme cubique pour maintenir le patient en position correcte pendant le traitement et pour de diff\u00e9rents exercices de r\u00e9\u00e9ducation. Disponibles en plusieurs dimensions. Rembourrement en mousse de polyur\u00e9thane densit\u00e9 30 kg\/m\u00b3, classe italienne r\u00e9sistance au feu : 1 IM (la meilleure). Sellerie en simili cuir lavable, classe italienne r\u00e9sistance au feu : 1 IM.  <\/p>\n","protected":false},"featured_media":3054,"template":"","meta":{"_acf_changed":false},"product_brand":[],"product_cat":[324,320],"product_tag":[],"class_list":{"0":"post-13633","1":"product","2":"type-product","3":"status-publish","4":"has-post-thumbnail","6":"product_cat-coussins","7":"product_cat-gymnastique","9":"entry","10":"has-media","12":"first","13":"instock","14":"shipping-taxable","15":"purchasable","16":"product-type-variable","17":"has-default-attributes","18":"has-product-nav","19":"col","20":"span_1_of_3","21":"owp-content-center","22":"owp-thumbs-layout-horizontal","23":"owp-btn-normal","24":"owp-tabs-layout-horizontal"},"acf":[],"yoast_head":"<!-- This site is optimized with the Yoast SEO plugin v27.1.1 - https:\/\/yoast.com\/product\/yoast-seo-wordpress\/ -->\n<title>COUSSINS CUBES - FisioTech<\/title>\n<meta name=\"description\" content=\"Coussins en forme cubique pour maintenir le patient en position correcte pendant le traitement et pour de diff\u00e9rents exercices de r\u00e9\u00e9ducation. Disponibles en plusieurs dimensions. Rembourrement en mousse de polyur\u00e9thane densit\u00e9 30 kg\/m\u00b3, classe italienne r\u00e9sistance au feu : 1 IM (la meilleure). Sellerie en simili cuir lavable, classe italienne r\u00e9sistance au feu : 1 IM.\" \/>\n<meta name=\"robots\" content=\"noindex, follow, max-snippet:-1, max-image-preview:large, max-video-preview:-1\" \/>\n<meta property=\"og:locale\" content=\"fr_FR\" \/>\n<meta property=\"og:type\" content=\"article\" \/>\n<meta property=\"og:title\" content=\"COUSSINS CUBES - FisioTech\" \/>\n<meta property=\"og:description\" content=\"Coussins en forme cubique pour maintenir le patient en position correcte pendant le traitement et pour de diff\u00e9rents exercices de r\u00e9\u00e9ducation. Disponibles en plusieurs dimensions. Rembourrement en mousse de polyur\u00e9thane densit\u00e9 30 kg\/m\u00b3, classe italienne r\u00e9sistance au feu : 1 IM (la meilleure). Sellerie en simili cuir lavable, classe italienne r\u00e9sistance au feu : 1 IM.\" \/>\n<meta property=\"og:url\" content=\"https:\/\/dev.fisiotech.com\/fr\/prodotto\/coussins-cubes\/\" \/>\n<meta property=\"og:site_name\" content=\"FisioTech\" \/>\n<meta property=\"article:modified_time\" content=\"2025-03-19T15:01:28+00:00\" \/>\n<meta property=\"og:image\" content=\"https:\/\/dev.fisiotech.com\/wp-content\/uploads\/2024\/01\/cubi.jpg\" \/>\n\t<meta property=\"og:image:width\" content=\"750\" \/>\n\t<meta property=\"og:image:height\" content=\"750\" \/>\n\t<meta property=\"og:image:type\" content=\"image\/jpeg\" \/>\n<meta name=\"twitter:card\" content=\"summary_large_image\" \/>\n<script type=\"application\/ld+json\" class=\"yoast-schema-graph\">{\"@context\":\"https:\/\/schema.org\",\"@graph\":[{\"@type\":\"WebPage\",\"@id\":\"https:\/\/dev.fisiotech.com\/fr\/prodotto\/coussins-cubes\/\",\"url\":\"https:\/\/dev.fisiotech.com\/fr\/prodotto\/coussins-cubes\/\",\"name\":\"COUSSINS CUBES - FisioTech\",\"isPartOf\":{\"@id\":\"https:\/\/dev.fisiotech.com\/fr\/#website\"},\"primaryImageOfPage\":{\"@id\":\"https:\/\/dev.fisiotech.com\/fr\/prodotto\/coussins-cubes\/#primaryimage\"},\"image\":{\"@id\":\"https:\/\/dev.fisiotech.com\/fr\/prodotto\/coussins-cubes\/#primaryimage\"},\"thumbnailUrl\":\"https:\/\/dev.fisiotech.com\/wp-content\/uploads\/2024\/01\/cubi.jpg\",\"datePublished\":\"2024-06-27T09:06:09+00:00\",\"dateModified\":\"2025-03-19T15:01:28+00:00\",\"description\":\"Coussins en forme cubique pour maintenir le patient en position correcte pendant le traitement et pour de diff\u00e9rents exercices de r\u00e9\u00e9ducation. Disponibles en plusieurs dimensions. Rembourrement en mousse de polyur\u00e9thane densit\u00e9 30 kg\/m\u00b3, classe italienne r\u00e9sistance au feu : 1 IM (la meilleure). Sellerie en simili cuir lavable, classe italienne r\u00e9sistance au feu : 1 IM.\",\"breadcrumb\":{\"@id\":\"https:\/\/dev.fisiotech.com\/fr\/prodotto\/coussins-cubes\/#breadcrumb\"},\"inLanguage\":\"fr-FR\",\"potentialAction\":[{\"@type\":\"ReadAction\",\"target\":[\"https:\/\/dev.fisiotech.com\/fr\/prodotto\/coussins-cubes\/\"]}]},{\"@type\":\"ImageObject\",\"inLanguage\":\"fr-FR\",\"@id\":\"https:\/\/dev.fisiotech.com\/fr\/prodotto\/coussins-cubes\/#primaryimage\",\"url\":\"https:\/\/dev.fisiotech.com\/wp-content\/uploads\/2024\/01\/cubi.jpg\",\"contentUrl\":\"https:\/\/dev.fisiotech.com\/wp-content\/uploads\/2024\/01\/cubi.jpg\",\"width\":750,\"height\":750},{\"@type\":\"BreadcrumbList\",\"@id\":\"https:\/\/dev.fisiotech.com\/fr\/prodotto\/coussins-cubes\/#breadcrumb\",\"itemListElement\":[{\"@type\":\"ListItem\",\"position\":1,\"name\":\"Home\",\"item\":\"https:\/\/dev.fisiotech.com\/fr\/\"},{\"@type\":\"ListItem\",\"position\":2,\"name\":\"Boutique\",\"item\":\"https:\/\/dev.fisiotech.com\/negozio\/\"},{\"@type\":\"ListItem\",\"position\":3,\"name\":\"Gymnastique\",\"item\":\"https:\/\/dev.fisiotech.com\/fr\/categoria-prodotto\/gymnastique\/\"},{\"@type\":\"ListItem\",\"position\":4,\"name\":\"Coussins\",\"item\":\"https:\/\/dev.fisiotech.com\/fr\/categoria-prodotto\/gymnastique\/coussins\/\"},{\"@type\":\"ListItem\",\"position\":5,\"name\":\"COUSSINS CUBES\"}]},{\"@type\":\"WebSite\",\"@id\":\"https:\/\/dev.fisiotech.com\/fr\/#website\",\"url\":\"https:\/\/dev.fisiotech.com\/fr\/\",\"name\":\"FisioTech\",\"description\":\"Tecnologie al servizio della salute\",\"publisher\":{\"@id\":\"https:\/\/dev.fisiotech.com\/fr\/#organization\"},\"potentialAction\":[{\"@type\":\"SearchAction\",\"target\":{\"@type\":\"EntryPoint\",\"urlTemplate\":\"https:\/\/dev.fisiotech.com\/fr\/?s={search_term_string}\"},\"query-input\":{\"@type\":\"PropertyValueSpecification\",\"valueRequired\":true,\"valueName\":\"search_term_string\"}}],\"inLanguage\":\"fr-FR\"},{\"@type\":\"Organization\",\"@id\":\"https:\/\/dev.fisiotech.com\/fr\/#organization\",\"name\":\"FisioTech - Tecnologie al servizio della salute\",\"url\":\"https:\/\/dev.fisiotech.com\/fr\/\",\"logo\":{\"@type\":\"ImageObject\",\"inLanguage\":\"fr-FR\",\"@id\":\"https:\/\/dev.fisiotech.com\/fr\/#\/schema\/logo\/image\/\",\"url\":\"https:\/\/dev.fisiotech.com\/wp-content\/uploads\/2023\/09\/cropped-Fisiotech-logo.png\",\"contentUrl\":\"https:\/\/dev.fisiotech.com\/wp-content\/uploads\/2023\/09\/cropped-Fisiotech-logo.png\",\"width\":861,\"height\":329,\"caption\":\"FisioTech - Tecnologie al servizio della salute\"},\"image\":{\"@id\":\"https:\/\/dev.fisiotech.com\/fr\/#\/schema\/logo\/image\/\"}}]}<\/script>\n<!-- \/ Yoast SEO plugin. -->","yoast_head_json":{"title":"COUSSINS CUBES - FisioTech","description":"Coussins en forme cubique pour maintenir le patient en position correcte pendant le traitement et pour de diff\u00e9rents exercices de r\u00e9\u00e9ducation. Disponibles en plusieurs dimensions. Rembourrement en mousse de polyur\u00e9thane densit\u00e9 30 kg\/m\u00b3, classe italienne r\u00e9sistance au feu : 1 IM (la meilleure). Sellerie en simili cuir lavable, classe italienne r\u00e9sistance au feu : 1 IM.","robots":{"index":"noindex","follow":"follow","max-snippet":"max-snippet:-1","max-image-preview":"max-image-preview:large","max-video-preview":"max-video-preview:-1"},"og_locale":"fr_FR","og_type":"article","og_title":"COUSSINS CUBES - FisioTech","og_description":"Coussins en forme cubique pour maintenir le patient en position correcte pendant le traitement et pour de diff\u00e9rents exercices de r\u00e9\u00e9ducation. Disponibles en plusieurs dimensions. Rembourrement en mousse de polyur\u00e9thane densit\u00e9 30 kg\/m\u00b3, classe italienne r\u00e9sistance au feu : 1 IM (la meilleure). Sellerie en simili cuir lavable, classe italienne r\u00e9sistance au feu : 1 IM.","og_url":"https:\/\/dev.fisiotech.com\/fr\/prodotto\/coussins-cubes\/","og_site_name":"FisioTech","article_modified_time":"2025-03-19T15:01:28+00:00","og_image":[{"width":750,"height":750,"url":"https:\/\/dev.fisiotech.com\/wp-content\/uploads\/2024\/01\/cubi.jpg","type":"image\/jpeg"}],"twitter_card":"summary_large_image","schema":{"@context":"https:\/\/schema.org","@graph":[{"@type":"WebPage","@id":"https:\/\/dev.fisiotech.com\/fr\/prodotto\/coussins-cubes\/","url":"https:\/\/dev.fisiotech.com\/fr\/prodotto\/coussins-cubes\/","name":"COUSSINS CUBES - FisioTech","isPartOf":{"@id":"https:\/\/dev.fisiotech.com\/fr\/#website"},"primaryImageOfPage":{"@id":"https:\/\/dev.fisiotech.com\/fr\/prodotto\/coussins-cubes\/#primaryimage"},"image":{"@id":"https:\/\/dev.fisiotech.com\/fr\/prodotto\/coussins-cubes\/#primaryimage"},"thumbnailUrl":"https:\/\/dev.fisiotech.com\/wp-content\/uploads\/2024\/01\/cubi.jpg","datePublished":"2024-06-27T09:06:09+00:00","dateModified":"2025-03-19T15:01:28+00:00","description":"Coussins en forme cubique pour maintenir le patient en position correcte pendant le traitement et pour de diff\u00e9rents exercices de r\u00e9\u00e9ducation. Disponibles en plusieurs dimensions. Rembourrement en mousse de polyur\u00e9thane densit\u00e9 30 kg\/m\u00b3, classe italienne r\u00e9sistance au feu : 1 IM (la meilleure). Sellerie en simili cuir lavable, classe italienne r\u00e9sistance au feu : 1 IM.","breadcrumb":{"@id":"https:\/\/dev.fisiotech.com\/fr\/prodotto\/coussins-cubes\/#breadcrumb"},"inLanguage":"fr-FR","potentialAction":[{"@type":"ReadAction","target":["https:\/\/dev.fisiotech.com\/fr\/prodotto\/coussins-cubes\/"]}]},{"@type":"ImageObject","inLanguage":"fr-FR","@id":"https:\/\/dev.fisiotech.com\/fr\/prodotto\/coussins-cubes\/#primaryimage","url":"https:\/\/dev.fisiotech.com\/wp-content\/uploads\/2024\/01\/cubi.jpg","contentUrl":"https:\/\/dev.fisiotech.com\/wp-content\/uploads\/2024\/01\/cubi.jpg","width":750,"height":750},{"@type":"BreadcrumbList","@id":"https:\/\/dev.fisiotech.com\/fr\/prodotto\/coussins-cubes\/#breadcrumb","itemListElement":[{"@type":"ListItem","position":1,"name":"Home","item":"https:\/\/dev.fisiotech.com\/fr\/"},{"@type":"ListItem","position":2,"name":"Boutique","item":"https:\/\/dev.fisiotech.com\/negozio\/"},{"@type":"ListItem","position":3,"name":"Gymnastique","item":"https:\/\/dev.fisiotech.com\/fr\/categoria-prodotto\/gymnastique\/"},{"@type":"ListItem","position":4,"name":"Coussins","item":"https:\/\/dev.fisiotech.com\/fr\/categoria-prodotto\/gymnastique\/coussins\/"},{"@type":"ListItem","position":5,"name":"COUSSINS CUBES"}]},{"@type":"WebSite","@id":"https:\/\/dev.fisiotech.com\/fr\/#website","url":"https:\/\/dev.fisiotech.com\/fr\/","name":"FisioTech","description":"Tecnologie al servizio della salute","publisher":{"@id":"https:\/\/dev.fisiotech.com\/fr\/#organization"},"potentialAction":[{"@type":"SearchAction","target":{"@type":"EntryPoint","urlTemplate":"https:\/\/dev.fisiotech.com\/fr\/?s={search_term_string}"},"query-input":{"@type":"PropertyValueSpecification","valueRequired":true,"valueName":"search_term_string"}}],"inLanguage":"fr-FR"},{"@type":"Organization","@id":"https:\/\/dev.fisiotech.com\/fr\/#organization","name":"FisioTech - Tecnologie al servizio della salute","url":"https:\/\/dev.fisiotech.com\/fr\/","logo":{"@type":"ImageObject","inLanguage":"fr-FR","@id":"https:\/\/dev.fisiotech.com\/fr\/#\/schema\/logo\/image\/","url":"https:\/\/dev.fisiotech.com\/wp-content\/uploads\/2023\/09\/cropped-Fisiotech-logo.png","contentUrl":"https:\/\/dev.fisiotech.com\/wp-content\/uploads\/2023\/09\/cropped-Fisiotech-logo.png","width":861,"height":329,"caption":"FisioTech - Tecnologie al servizio della salute"},"image":{"@id":"https:\/\/dev.fisiotech.com\/fr\/#\/schema\/logo\/image\/"}}]}},"_links":{"self":[{"href":"https:\/\/dev.fisiotech.com\/fr\/wp-json\/wp\/v2\/product\/13633","targetHints":{"allow":["GET"]}}],"collection":[{"href":"https:\/\/dev.fisiotech.com\/fr\/wp-json\/wp\/v2\/product"}],"about":[{"href":"https:\/\/dev.fisiotech.com\/fr\/wp-json\/wp\/v2\/types\/product"}],"version-history":[{"count":1,"href":"https:\/\/dev.fisiotech.com\/fr\/wp-json\/wp\/v2\/product\/13633\/revisions"}],"predecessor-version":[{"id":13673,"href":"https:\/\/dev.fisiotech.com\/fr\/wp-json\/wp\/v2\/product\/13633\/revisions\/13673"}],"wp:featuredmedia":[{"embeddable":true,"href":"https:\/\/dev.fisiotech.com\/fr\/wp-json\/wp\/v2\/media\/3054"}],"wp:attachment":[{"href":"https:\/\/dev.fisiotech.com\/fr\/wp-json\/wp\/v2\/media?parent=13633"}],"wp:term":[{"taxonomy":"product_brand","embeddable":true,"href":"https:\/\/dev.fisiotech.com\/fr\/wp-json\/wp\/v2\/product_brand?post=13633"},{"taxonomy":"product_cat","embeddable":true,"href":"https:\/\/dev.fisiotech.com\/fr\/wp-json\/wp\/v2\/product_cat?post=13633"},{"taxonomy":"product_tag","embeddable":true,"href":"https:\/\/dev.fisiotech.com\/fr\/wp-json\/wp\/v2\/product_tag?post=13633"}],"curies":[{"name":"wp","href":"https:\/\/api.w.org\/{rel}","templated":true}]}}