{"id":13751,"date":"2024-01-09T09:46:57","date_gmt":"2024-01-09T09:46:57","guid":{"rendered":"https:\/\/fisiotech.com\/prodotto\/bande-elastique-en-rouleau\/"},"modified":"2025-03-19T15:48:27","modified_gmt":"2025-03-19T15:48:27","slug":"bande-elastique-en-rouleau","status":"publish","type":"product","link":"https:\/\/dev.fisiotech.com\/fr\/prodotto\/bande-elastique-en-rouleau\/","title":{"rendered":"BANDE \u00c9LASTIQUE EN ROULEAU"},"content":{"rendered":"","protected":false},"excerpt":{"rendered":"<p>Les bandes \u00e9lastiques en rouleau sont un outil simple et pratique pour le fitness, le pilates, le d\u00e9veloppement du tonus musculaire, le renforcement musculaire, la r\u00e9\u00e9ducation et l\u00b4\u00e9tirement. Id\u00e9ales pour ceux qui ont besoin de mesures personnalis\u00e9es. Faciles \u00e0 couper selon les n\u00e9cessit\u00e9s de chacun. <\/p>\n","protected":false},"featured_media":3159,"template":"","meta":{"_acf_changed":false},"product_brand":[],"product_cat":[326,320],"product_tag":[],"class_list":{"0":"post-13751","1":"product","2":"type-product","3":"status-publish","4":"has-post-thumbnail","6":"product_cat-bandes-elastiques","7":"product_cat-gymnastique","9":"entry","10":"has-media","12":"first","13":"instock","14":"shipping-taxable","15":"purchasable","16":"product-type-variable","17":"has-default-attributes","18":"has-product-nav","19":"col","20":"span_1_of_3","21":"owp-content-center","22":"owp-thumbs-layout-horizontal","23":"owp-btn-normal","24":"owp-tabs-layout-horizontal","25":"has-no-thumbnails"},"acf":[],"yoast_head":"<!-- This site is optimized with the Yoast SEO plugin v27.1.1 - https:\/\/yoast.com\/product\/yoast-seo-wordpress\/ -->\n<title>BANDE \u00c9LASTIQUE EN ROULEAU - FisioTech<\/title>\n<meta name=\"description\" content=\"Les bandes \u00e9lastiques en rouleau sont un outil simple et pratique pour le fitness, le pilates, le d\u00e9veloppement du tonus musculaire, le renforcement musculaire, la r\u00e9\u00e9ducation et l\u00b4\u00e9tirement. Id\u00e9ales pour ceux qui ont besoin de mesures personnalis\u00e9es. Faciles \u00e0 couper selon les n\u00e9cessit\u00e9s de chacun.\" \/>\n<meta name=\"robots\" content=\"noindex, follow, max-snippet:-1, max-image-preview:large, max-video-preview:-1\" \/>\n<meta property=\"og:locale\" content=\"fr_FR\" \/>\n<meta property=\"og:type\" content=\"article\" \/>\n<meta property=\"og:title\" content=\"BANDE \u00c9LASTIQUE EN ROULEAU - FisioTech\" \/>\n<meta property=\"og:description\" content=\"Les bandes \u00e9lastiques en rouleau sont un outil simple et pratique pour le fitness, le pilates, le d\u00e9veloppement du tonus musculaire, le renforcement musculaire, la r\u00e9\u00e9ducation et l\u00b4\u00e9tirement. Id\u00e9ales pour ceux qui ont besoin de mesures personnalis\u00e9es. Faciles \u00e0 couper selon les n\u00e9cessit\u00e9s de chacun.\" \/>\n<meta property=\"og:url\" content=\"https:\/\/dev.fisiotech.com\/fr\/prodotto\/bande-elastique-en-rouleau\/\" \/>\n<meta property=\"og:site_name\" content=\"FisioTech\" \/>\n<meta property=\"article:modified_time\" content=\"2025-03-19T15:48:27+00:00\" \/>\n<meta property=\"og:image\" content=\"https:\/\/dev.fisiotech.com\/wp-content\/uploads\/2024\/01\/elastici-a-banda-rotoli.jpg\" \/>\n\t<meta property=\"og:image:width\" content=\"750\" \/>\n\t<meta property=\"og:image:height\" content=\"750\" \/>\n\t<meta property=\"og:image:type\" content=\"image\/jpeg\" \/>\n<meta name=\"twitter:card\" content=\"summary_large_image\" \/>\n<script type=\"application\/ld+json\" class=\"yoast-schema-graph\">{\"@context\":\"https:\/\/schema.org\",\"@graph\":[{\"@type\":\"WebPage\",\"@id\":\"https:\/\/dev.fisiotech.com\/fr\/prodotto\/bande-elastique-en-rouleau\/\",\"url\":\"https:\/\/dev.fisiotech.com\/fr\/prodotto\/bande-elastique-en-rouleau\/\",\"name\":\"BANDE \u00c9LASTIQUE EN ROULEAU - FisioTech\",\"isPartOf\":{\"@id\":\"https:\/\/dev.fisiotech.com\/fr\/#website\"},\"primaryImageOfPage\":{\"@id\":\"https:\/\/dev.fisiotech.com\/fr\/prodotto\/bande-elastique-en-rouleau\/#primaryimage\"},\"image\":{\"@id\":\"https:\/\/dev.fisiotech.com\/fr\/prodotto\/bande-elastique-en-rouleau\/#primaryimage\"},\"thumbnailUrl\":\"https:\/\/dev.fisiotech.com\/wp-content\/uploads\/2024\/01\/elastici-a-banda-rotoli.jpg\",\"datePublished\":\"2024-01-09T09:46:57+00:00\",\"dateModified\":\"2025-03-19T15:48:27+00:00\",\"description\":\"Les bandes \u00e9lastiques en rouleau sont un outil simple et pratique pour le fitness, le pilates, le d\u00e9veloppement du tonus musculaire, le renforcement musculaire, la r\u00e9\u00e9ducation et l\u00b4\u00e9tirement. Id\u00e9ales pour ceux qui ont besoin de mesures personnalis\u00e9es. Faciles \u00e0 couper selon les n\u00e9cessit\u00e9s de chacun.\",\"breadcrumb\":{\"@id\":\"https:\/\/dev.fisiotech.com\/fr\/prodotto\/bande-elastique-en-rouleau\/#breadcrumb\"},\"inLanguage\":\"fr-FR\",\"potentialAction\":[{\"@type\":\"ReadAction\",\"target\":[\"https:\/\/dev.fisiotech.com\/fr\/prodotto\/bande-elastique-en-rouleau\/\"]}]},{\"@type\":\"ImageObject\",\"inLanguage\":\"fr-FR\",\"@id\":\"https:\/\/dev.fisiotech.com\/fr\/prodotto\/bande-elastique-en-rouleau\/#primaryimage\",\"url\":\"https:\/\/dev.fisiotech.com\/wp-content\/uploads\/2024\/01\/elastici-a-banda-rotoli.jpg\",\"contentUrl\":\"https:\/\/dev.fisiotech.com\/wp-content\/uploads\/2024\/01\/elastici-a-banda-rotoli.jpg\",\"width\":750,\"height\":750},{\"@type\":\"BreadcrumbList\",\"@id\":\"https:\/\/dev.fisiotech.com\/fr\/prodotto\/bande-elastique-en-rouleau\/#breadcrumb\",\"itemListElement\":[{\"@type\":\"ListItem\",\"position\":1,\"name\":\"Home\",\"item\":\"https:\/\/dev.fisiotech.com\/fr\/\"},{\"@type\":\"ListItem\",\"position\":2,\"name\":\"Boutique\",\"item\":\"https:\/\/dev.fisiotech.com\/negozio\/\"},{\"@type\":\"ListItem\",\"position\":3,\"name\":\"Gymnastique\",\"item\":\"https:\/\/dev.fisiotech.com\/fr\/categoria-prodotto\/gymnastique\/\"},{\"@type\":\"ListItem\",\"position\":4,\"name\":\"Bandes \u00e9lastiques\",\"item\":\"https:\/\/dev.fisiotech.com\/fr\/categoria-prodotto\/gymnastique\/bandes-elastiques\/\"},{\"@type\":\"ListItem\",\"position\":5,\"name\":\"BANDE \u00c9LASTIQUE EN ROULEAU\"}]},{\"@type\":\"WebSite\",\"@id\":\"https:\/\/dev.fisiotech.com\/fr\/#website\",\"url\":\"https:\/\/dev.fisiotech.com\/fr\/\",\"name\":\"FisioTech\",\"description\":\"Tecnologie al servizio della salute\",\"publisher\":{\"@id\":\"https:\/\/dev.fisiotech.com\/fr\/#organization\"},\"potentialAction\":[{\"@type\":\"SearchAction\",\"target\":{\"@type\":\"EntryPoint\",\"urlTemplate\":\"https:\/\/dev.fisiotech.com\/fr\/?s={search_term_string}\"},\"query-input\":{\"@type\":\"PropertyValueSpecification\",\"valueRequired\":true,\"valueName\":\"search_term_string\"}}],\"inLanguage\":\"fr-FR\"},{\"@type\":\"Organization\",\"@id\":\"https:\/\/dev.fisiotech.com\/fr\/#organization\",\"name\":\"FisioTech - Tecnologie al servizio della salute\",\"url\":\"https:\/\/dev.fisiotech.com\/fr\/\",\"logo\":{\"@type\":\"ImageObject\",\"inLanguage\":\"fr-FR\",\"@id\":\"https:\/\/dev.fisiotech.com\/fr\/#\/schema\/logo\/image\/\",\"url\":\"https:\/\/dev.fisiotech.com\/wp-content\/uploads\/2023\/09\/cropped-Fisiotech-logo.png\",\"contentUrl\":\"https:\/\/dev.fisiotech.com\/wp-content\/uploads\/2023\/09\/cropped-Fisiotech-logo.png\",\"width\":861,\"height\":329,\"caption\":\"FisioTech - Tecnologie al servizio della salute\"},\"image\":{\"@id\":\"https:\/\/dev.fisiotech.com\/fr\/#\/schema\/logo\/image\/\"}}]}<\/script>\n<!-- \/ Yoast SEO plugin. -->","yoast_head_json":{"title":"BANDE \u00c9LASTIQUE EN ROULEAU - FisioTech","description":"Les bandes \u00e9lastiques en rouleau sont un outil simple et pratique pour le fitness, le pilates, le d\u00e9veloppement du tonus musculaire, le renforcement musculaire, la r\u00e9\u00e9ducation et l\u00b4\u00e9tirement. Id\u00e9ales pour ceux qui ont besoin de mesures personnalis\u00e9es. Faciles \u00e0 couper selon les n\u00e9cessit\u00e9s de chacun.","robots":{"index":"noindex","follow":"follow","max-snippet":"max-snippet:-1","max-image-preview":"max-image-preview:large","max-video-preview":"max-video-preview:-1"},"og_locale":"fr_FR","og_type":"article","og_title":"BANDE \u00c9LASTIQUE EN ROULEAU - FisioTech","og_description":"Les bandes \u00e9lastiques en rouleau sont un outil simple et pratique pour le fitness, le pilates, le d\u00e9veloppement du tonus musculaire, le renforcement musculaire, la r\u00e9\u00e9ducation et l\u00b4\u00e9tirement. Id\u00e9ales pour ceux qui ont besoin de mesures personnalis\u00e9es. Faciles \u00e0 couper selon les n\u00e9cessit\u00e9s de chacun.","og_url":"https:\/\/dev.fisiotech.com\/fr\/prodotto\/bande-elastique-en-rouleau\/","og_site_name":"FisioTech","article_modified_time":"2025-03-19T15:48:27+00:00","og_image":[{"width":750,"height":750,"url":"https:\/\/dev.fisiotech.com\/wp-content\/uploads\/2024\/01\/elastici-a-banda-rotoli.jpg","type":"image\/jpeg"}],"twitter_card":"summary_large_image","schema":{"@context":"https:\/\/schema.org","@graph":[{"@type":"WebPage","@id":"https:\/\/dev.fisiotech.com\/fr\/prodotto\/bande-elastique-en-rouleau\/","url":"https:\/\/dev.fisiotech.com\/fr\/prodotto\/bande-elastique-en-rouleau\/","name":"BANDE \u00c9LASTIQUE EN ROULEAU - FisioTech","isPartOf":{"@id":"https:\/\/dev.fisiotech.com\/fr\/#website"},"primaryImageOfPage":{"@id":"https:\/\/dev.fisiotech.com\/fr\/prodotto\/bande-elastique-en-rouleau\/#primaryimage"},"image":{"@id":"https:\/\/dev.fisiotech.com\/fr\/prodotto\/bande-elastique-en-rouleau\/#primaryimage"},"thumbnailUrl":"https:\/\/dev.fisiotech.com\/wp-content\/uploads\/2024\/01\/elastici-a-banda-rotoli.jpg","datePublished":"2024-01-09T09:46:57+00:00","dateModified":"2025-03-19T15:48:27+00:00","description":"Les bandes \u00e9lastiques en rouleau sont un outil simple et pratique pour le fitness, le pilates, le d\u00e9veloppement du tonus musculaire, le renforcement musculaire, la r\u00e9\u00e9ducation et l\u00b4\u00e9tirement. Id\u00e9ales pour ceux qui ont besoin de mesures personnalis\u00e9es. Faciles \u00e0 couper selon les n\u00e9cessit\u00e9s de chacun.","breadcrumb":{"@id":"https:\/\/dev.fisiotech.com\/fr\/prodotto\/bande-elastique-en-rouleau\/#breadcrumb"},"inLanguage":"fr-FR","potentialAction":[{"@type":"ReadAction","target":["https:\/\/dev.fisiotech.com\/fr\/prodotto\/bande-elastique-en-rouleau\/"]}]},{"@type":"ImageObject","inLanguage":"fr-FR","@id":"https:\/\/dev.fisiotech.com\/fr\/prodotto\/bande-elastique-en-rouleau\/#primaryimage","url":"https:\/\/dev.fisiotech.com\/wp-content\/uploads\/2024\/01\/elastici-a-banda-rotoli.jpg","contentUrl":"https:\/\/dev.fisiotech.com\/wp-content\/uploads\/2024\/01\/elastici-a-banda-rotoli.jpg","width":750,"height":750},{"@type":"BreadcrumbList","@id":"https:\/\/dev.fisiotech.com\/fr\/prodotto\/bande-elastique-en-rouleau\/#breadcrumb","itemListElement":[{"@type":"ListItem","position":1,"name":"Home","item":"https:\/\/dev.fisiotech.com\/fr\/"},{"@type":"ListItem","position":2,"name":"Boutique","item":"https:\/\/dev.fisiotech.com\/negozio\/"},{"@type":"ListItem","position":3,"name":"Gymnastique","item":"https:\/\/dev.fisiotech.com\/fr\/categoria-prodotto\/gymnastique\/"},{"@type":"ListItem","position":4,"name":"Bandes \u00e9lastiques","item":"https:\/\/dev.fisiotech.com\/fr\/categoria-prodotto\/gymnastique\/bandes-elastiques\/"},{"@type":"ListItem","position":5,"name":"BANDE \u00c9LASTIQUE EN ROULEAU"}]},{"@type":"WebSite","@id":"https:\/\/dev.fisiotech.com\/fr\/#website","url":"https:\/\/dev.fisiotech.com\/fr\/","name":"FisioTech","description":"Tecnologie al servizio della salute","publisher":{"@id":"https:\/\/dev.fisiotech.com\/fr\/#organization"},"potentialAction":[{"@type":"SearchAction","target":{"@type":"EntryPoint","urlTemplate":"https:\/\/dev.fisiotech.com\/fr\/?s={search_term_string}"},"query-input":{"@type":"PropertyValueSpecification","valueRequired":true,"valueName":"search_term_string"}}],"inLanguage":"fr-FR"},{"@type":"Organization","@id":"https:\/\/dev.fisiotech.com\/fr\/#organization","name":"FisioTech - Tecnologie al servizio della salute","url":"https:\/\/dev.fisiotech.com\/fr\/","logo":{"@type":"ImageObject","inLanguage":"fr-FR","@id":"https:\/\/dev.fisiotech.com\/fr\/#\/schema\/logo\/image\/","url":"https:\/\/dev.fisiotech.com\/wp-content\/uploads\/2023\/09\/cropped-Fisiotech-logo.png","contentUrl":"https:\/\/dev.fisiotech.com\/wp-content\/uploads\/2023\/09\/cropped-Fisiotech-logo.png","width":861,"height":329,"caption":"FisioTech - Tecnologie al servizio della salute"},"image":{"@id":"https:\/\/dev.fisiotech.com\/fr\/#\/schema\/logo\/image\/"}}]}},"_links":{"self":[{"href":"https:\/\/dev.fisiotech.com\/fr\/wp-json\/wp\/v2\/product\/13751","targetHints":{"allow":["GET"]}}],"collection":[{"href":"https:\/\/dev.fisiotech.com\/fr\/wp-json\/wp\/v2\/product"}],"about":[{"href":"https:\/\/dev.fisiotech.com\/fr\/wp-json\/wp\/v2\/types\/product"}],"version-history":[{"count":1,"href":"https:\/\/dev.fisiotech.com\/fr\/wp-json\/wp\/v2\/product\/13751\/revisions"}],"predecessor-version":[{"id":13843,"href":"https:\/\/dev.fisiotech.com\/fr\/wp-json\/wp\/v2\/product\/13751\/revisions\/13843"}],"wp:featuredmedia":[{"embeddable":true,"href":"https:\/\/dev.fisiotech.com\/fr\/wp-json\/wp\/v2\/media\/3159"}],"wp:attachment":[{"href":"https:\/\/dev.fisiotech.com\/fr\/wp-json\/wp\/v2\/media?parent=13751"}],"wp:term":[{"taxonomy":"product_brand","embeddable":true,"href":"https:\/\/dev.fisiotech.com\/fr\/wp-json\/wp\/v2\/product_brand?post=13751"},{"taxonomy":"product_cat","embeddable":true,"href":"https:\/\/dev.fisiotech.com\/fr\/wp-json\/wp\/v2\/product_cat?post=13751"},{"taxonomy":"product_tag","embeddable":true,"href":"https:\/\/dev.fisiotech.com\/fr\/wp-json\/wp\/v2\/product_tag?post=13751"}],"curies":[{"name":"wp","href":"https:\/\/api.w.org\/{rel}","templated":true}]}}