{"id":14135,"date":"2024-03-06T09:58:39","date_gmt":"2024-03-06T09:58:39","guid":{"rendered":"https:\/\/fisiotech.com\/prodotto\/velo-dappartement-semi-allonge\/"},"modified":"2025-06-17T09:29:10","modified_gmt":"2025-06-17T09:29:10","slug":"velo-dappartement-semi-allonge","status":"publish","type":"product","link":"https:\/\/dev.fisiotech.com\/fr\/prodotto\/velo-dappartement-semi-allonge\/","title":{"rendered":"V\u00c9LO D&rsquo;APPARTEMENT SEMI ALLONG\u00c9"},"content":{"rendered":"","protected":false},"excerpt":{"rendered":"<p>V\u00e9lo d&rsquo;appartement magn\u00e9tique semi allong\u00e9 pour entra\u00eenement maison. Id\u00e9al pour le r\u00e9tablissement des muscles des membres inf\u00e9rieurs gr\u00e2ce \u00e0 la possibilit\u00e9 de r\u00e9gler manuellement la r\u00e9sistance et de voir constamment les d\u00e9tails les plus importants de l\u00b4entra\u00eenement. L\u00b4utilisateur a une position plus confortable que dans les v\u00e9los d\u00b4appartement classiques.<\/p>\n","protected":false},"featured_media":3890,"template":"","meta":{"_acf_changed":false},"product_brand":[],"product_cat":[342],"product_tag":[],"class_list":{"0":"post-14135","1":"product","2":"type-product","3":"status-publish","4":"has-post-thumbnail","6":"product_cat-entrainement-maison","8":"entry","9":"has-media","11":"first","12":"instock","13":"shipping-taxable","14":"purchasable","15":"product-type-simple","16":"has-product-nav","17":"col","18":"span_1_of_3","19":"owp-content-center","20":"owp-thumbs-layout-horizontal","21":"owp-btn-normal","22":"owp-tabs-layout-horizontal"},"acf":[],"yoast_head":"<!-- This site is optimized with the Yoast SEO plugin v27.1.1 - https:\/\/yoast.com\/product\/yoast-seo-wordpress\/ -->\n<title>V\u00c9LO D&#039;APPARTEMENT SEMI ALLONG\u00c9 - FisioTech<\/title>\n<meta name=\"description\" content=\"V\u00e9lo d&#039;appartement magn\u00e9tique semi allong\u00e9 pour entra\u00eenement maison. Id\u00e9al pour le r\u00e9tablissement des muscles des membres inf\u00e9rieurs gr\u00e2ce \u00e0 la possibilit\u00e9 de r\u00e9gler manuellement la r\u00e9sistance et de voir constamment les d\u00e9tails les plus importants de l\u00b4entra\u00eenement. L\u00b4utilisateur a une position plus confortable que dans les v\u00e9los d\u00b4appartement classiques.\" \/>\n<meta name=\"robots\" content=\"noindex, follow, max-snippet:-1, max-image-preview:large, max-video-preview:-1\" \/>\n<meta property=\"og:locale\" content=\"fr_FR\" \/>\n<meta property=\"og:type\" content=\"article\" \/>\n<meta property=\"og:title\" content=\"V\u00c9LO D&#039;APPARTEMENT SEMI ALLONG\u00c9 - FisioTech\" \/>\n<meta property=\"og:description\" content=\"V\u00e9lo d&#039;appartement magn\u00e9tique semi allong\u00e9 pour entra\u00eenement maison. Id\u00e9al pour le r\u00e9tablissement des muscles des membres inf\u00e9rieurs gr\u00e2ce \u00e0 la possibilit\u00e9 de r\u00e9gler manuellement la r\u00e9sistance et de voir constamment les d\u00e9tails les plus importants de l\u00b4entra\u00eenement. L\u00b4utilisateur a une position plus confortable que dans les v\u00e9los d\u00b4appartement classiques.\" \/>\n<meta property=\"og:url\" content=\"https:\/\/dev.fisiotech.com\/fr\/prodotto\/velo-dappartement-semi-allonge\/\" \/>\n<meta property=\"og:site_name\" content=\"FisioTech\" \/>\n<meta property=\"article:modified_time\" content=\"2025-06-17T09:29:10+00:00\" \/>\n<meta property=\"og:image\" content=\"https:\/\/dev.fisiotech.com\/wp-content\/uploads\/2024\/03\/cyclette-orizzontale.jpg\" \/>\n\t<meta property=\"og:image:width\" content=\"750\" \/>\n\t<meta property=\"og:image:height\" content=\"750\" \/>\n\t<meta property=\"og:image:type\" content=\"image\/jpeg\" \/>\n<meta name=\"twitter:card\" content=\"summary_large_image\" \/>\n<meta name=\"twitter:label1\" content=\"Dur\u00e9e de lecture estim\u00e9e\" \/>\n\t<meta name=\"twitter:data1\" content=\"1 minute\" \/>\n<script type=\"application\/ld+json\" class=\"yoast-schema-graph\">{\"@context\":\"https:\/\/schema.org\",\"@graph\":[{\"@type\":\"WebPage\",\"@id\":\"https:\/\/dev.fisiotech.com\/fr\/prodotto\/velo-dappartement-semi-allonge\/\",\"url\":\"https:\/\/dev.fisiotech.com\/fr\/prodotto\/velo-dappartement-semi-allonge\/\",\"name\":\"V\u00c9LO D'APPARTEMENT SEMI ALLONG\u00c9 - FisioTech\",\"isPartOf\":{\"@id\":\"https:\/\/dev.fisiotech.com\/fr\/#website\"},\"primaryImageOfPage\":{\"@id\":\"https:\/\/dev.fisiotech.com\/fr\/prodotto\/velo-dappartement-semi-allonge\/#primaryimage\"},\"image\":{\"@id\":\"https:\/\/dev.fisiotech.com\/fr\/prodotto\/velo-dappartement-semi-allonge\/#primaryimage\"},\"thumbnailUrl\":\"https:\/\/dev.fisiotech.com\/wp-content\/uploads\/2024\/03\/cyclette-orizzontale.jpg\",\"datePublished\":\"2024-03-06T09:58:39+00:00\",\"dateModified\":\"2025-06-17T09:29:10+00:00\",\"description\":\"V\u00e9lo d'appartement magn\u00e9tique semi allong\u00e9 pour entra\u00eenement maison. Id\u00e9al pour le r\u00e9tablissement des muscles des membres inf\u00e9rieurs gr\u00e2ce \u00e0 la possibilit\u00e9 de r\u00e9gler manuellement la r\u00e9sistance et de voir constamment les d\u00e9tails les plus importants de l\u00b4entra\u00eenement. L\u00b4utilisateur a une position plus confortable que dans les v\u00e9los d\u00b4appartement classiques.\",\"breadcrumb\":{\"@id\":\"https:\/\/dev.fisiotech.com\/fr\/prodotto\/velo-dappartement-semi-allonge\/#breadcrumb\"},\"inLanguage\":\"fr-FR\",\"potentialAction\":[{\"@type\":\"ReadAction\",\"target\":[\"https:\/\/dev.fisiotech.com\/fr\/prodotto\/velo-dappartement-semi-allonge\/\"]}]},{\"@type\":\"ImageObject\",\"inLanguage\":\"fr-FR\",\"@id\":\"https:\/\/dev.fisiotech.com\/fr\/prodotto\/velo-dappartement-semi-allonge\/#primaryimage\",\"url\":\"https:\/\/dev.fisiotech.com\/wp-content\/uploads\/2024\/03\/cyclette-orizzontale.jpg\",\"contentUrl\":\"https:\/\/dev.fisiotech.com\/wp-content\/uploads\/2024\/03\/cyclette-orizzontale.jpg\",\"width\":750,\"height\":750},{\"@type\":\"BreadcrumbList\",\"@id\":\"https:\/\/dev.fisiotech.com\/fr\/prodotto\/velo-dappartement-semi-allonge\/#breadcrumb\",\"itemListElement\":[{\"@type\":\"ListItem\",\"position\":1,\"name\":\"Home\",\"item\":\"https:\/\/dev.fisiotech.com\/fr\/\"},{\"@type\":\"ListItem\",\"position\":2,\"name\":\"Boutique\",\"item\":\"https:\/\/dev.fisiotech.com\/negozio\/\"},{\"@type\":\"ListItem\",\"position\":3,\"name\":\"Entra\u00eenement maison\",\"item\":\"https:\/\/dev.fisiotech.com\/fr\/categoria-prodotto\/entrainement-maison\/\"},{\"@type\":\"ListItem\",\"position\":4,\"name\":\"V\u00c9LO D&rsquo;APPARTEMENT SEMI ALLONG\u00c9\"}]},{\"@type\":\"WebSite\",\"@id\":\"https:\/\/dev.fisiotech.com\/fr\/#website\",\"url\":\"https:\/\/dev.fisiotech.com\/fr\/\",\"name\":\"FisioTech\",\"description\":\"Tecnologie al servizio della salute\",\"publisher\":{\"@id\":\"https:\/\/dev.fisiotech.com\/fr\/#organization\"},\"potentialAction\":[{\"@type\":\"SearchAction\",\"target\":{\"@type\":\"EntryPoint\",\"urlTemplate\":\"https:\/\/dev.fisiotech.com\/fr\/?s={search_term_string}\"},\"query-input\":{\"@type\":\"PropertyValueSpecification\",\"valueRequired\":true,\"valueName\":\"search_term_string\"}}],\"inLanguage\":\"fr-FR\"},{\"@type\":\"Organization\",\"@id\":\"https:\/\/dev.fisiotech.com\/fr\/#organization\",\"name\":\"FisioTech - Tecnologie al servizio della salute\",\"url\":\"https:\/\/dev.fisiotech.com\/fr\/\",\"logo\":{\"@type\":\"ImageObject\",\"inLanguage\":\"fr-FR\",\"@id\":\"https:\/\/dev.fisiotech.com\/fr\/#\/schema\/logo\/image\/\",\"url\":\"https:\/\/dev.fisiotech.com\/wp-content\/uploads\/2023\/09\/cropped-Fisiotech-logo.png\",\"contentUrl\":\"https:\/\/dev.fisiotech.com\/wp-content\/uploads\/2023\/09\/cropped-Fisiotech-logo.png\",\"width\":861,\"height\":329,\"caption\":\"FisioTech - Tecnologie al servizio della salute\"},\"image\":{\"@id\":\"https:\/\/dev.fisiotech.com\/fr\/#\/schema\/logo\/image\/\"}}]}<\/script>\n<!-- \/ Yoast SEO plugin. -->","yoast_head_json":{"title":"V\u00c9LO D'APPARTEMENT SEMI ALLONG\u00c9 - FisioTech","description":"V\u00e9lo d'appartement magn\u00e9tique semi allong\u00e9 pour entra\u00eenement maison. Id\u00e9al pour le r\u00e9tablissement des muscles des membres inf\u00e9rieurs gr\u00e2ce \u00e0 la possibilit\u00e9 de r\u00e9gler manuellement la r\u00e9sistance et de voir constamment les d\u00e9tails les plus importants de l\u00b4entra\u00eenement. L\u00b4utilisateur a une position plus confortable que dans les v\u00e9los d\u00b4appartement classiques.","robots":{"index":"noindex","follow":"follow","max-snippet":"max-snippet:-1","max-image-preview":"max-image-preview:large","max-video-preview":"max-video-preview:-1"},"og_locale":"fr_FR","og_type":"article","og_title":"V\u00c9LO D'APPARTEMENT SEMI ALLONG\u00c9 - FisioTech","og_description":"V\u00e9lo d'appartement magn\u00e9tique semi allong\u00e9 pour entra\u00eenement maison. Id\u00e9al pour le r\u00e9tablissement des muscles des membres inf\u00e9rieurs gr\u00e2ce \u00e0 la possibilit\u00e9 de r\u00e9gler manuellement la r\u00e9sistance et de voir constamment les d\u00e9tails les plus importants de l\u00b4entra\u00eenement. L\u00b4utilisateur a une position plus confortable que dans les v\u00e9los d\u00b4appartement classiques.","og_url":"https:\/\/dev.fisiotech.com\/fr\/prodotto\/velo-dappartement-semi-allonge\/","og_site_name":"FisioTech","article_modified_time":"2025-06-17T09:29:10+00:00","og_image":[{"width":750,"height":750,"url":"https:\/\/dev.fisiotech.com\/wp-content\/uploads\/2024\/03\/cyclette-orizzontale.jpg","type":"image\/jpeg"}],"twitter_card":"summary_large_image","twitter_misc":{"Dur\u00e9e de lecture estim\u00e9e":"1 minute"},"schema":{"@context":"https:\/\/schema.org","@graph":[{"@type":"WebPage","@id":"https:\/\/dev.fisiotech.com\/fr\/prodotto\/velo-dappartement-semi-allonge\/","url":"https:\/\/dev.fisiotech.com\/fr\/prodotto\/velo-dappartement-semi-allonge\/","name":"V\u00c9LO D'APPARTEMENT SEMI ALLONG\u00c9 - FisioTech","isPartOf":{"@id":"https:\/\/dev.fisiotech.com\/fr\/#website"},"primaryImageOfPage":{"@id":"https:\/\/dev.fisiotech.com\/fr\/prodotto\/velo-dappartement-semi-allonge\/#primaryimage"},"image":{"@id":"https:\/\/dev.fisiotech.com\/fr\/prodotto\/velo-dappartement-semi-allonge\/#primaryimage"},"thumbnailUrl":"https:\/\/dev.fisiotech.com\/wp-content\/uploads\/2024\/03\/cyclette-orizzontale.jpg","datePublished":"2024-03-06T09:58:39+00:00","dateModified":"2025-06-17T09:29:10+00:00","description":"V\u00e9lo d'appartement magn\u00e9tique semi allong\u00e9 pour entra\u00eenement maison. Id\u00e9al pour le r\u00e9tablissement des muscles des membres inf\u00e9rieurs gr\u00e2ce \u00e0 la possibilit\u00e9 de r\u00e9gler manuellement la r\u00e9sistance et de voir constamment les d\u00e9tails les plus importants de l\u00b4entra\u00eenement. L\u00b4utilisateur a une position plus confortable que dans les v\u00e9los d\u00b4appartement classiques.","breadcrumb":{"@id":"https:\/\/dev.fisiotech.com\/fr\/prodotto\/velo-dappartement-semi-allonge\/#breadcrumb"},"inLanguage":"fr-FR","potentialAction":[{"@type":"ReadAction","target":["https:\/\/dev.fisiotech.com\/fr\/prodotto\/velo-dappartement-semi-allonge\/"]}]},{"@type":"ImageObject","inLanguage":"fr-FR","@id":"https:\/\/dev.fisiotech.com\/fr\/prodotto\/velo-dappartement-semi-allonge\/#primaryimage","url":"https:\/\/dev.fisiotech.com\/wp-content\/uploads\/2024\/03\/cyclette-orizzontale.jpg","contentUrl":"https:\/\/dev.fisiotech.com\/wp-content\/uploads\/2024\/03\/cyclette-orizzontale.jpg","width":750,"height":750},{"@type":"BreadcrumbList","@id":"https:\/\/dev.fisiotech.com\/fr\/prodotto\/velo-dappartement-semi-allonge\/#breadcrumb","itemListElement":[{"@type":"ListItem","position":1,"name":"Home","item":"https:\/\/dev.fisiotech.com\/fr\/"},{"@type":"ListItem","position":2,"name":"Boutique","item":"https:\/\/dev.fisiotech.com\/negozio\/"},{"@type":"ListItem","position":3,"name":"Entra\u00eenement maison","item":"https:\/\/dev.fisiotech.com\/fr\/categoria-prodotto\/entrainement-maison\/"},{"@type":"ListItem","position":4,"name":"V\u00c9LO D&rsquo;APPARTEMENT SEMI ALLONG\u00c9"}]},{"@type":"WebSite","@id":"https:\/\/dev.fisiotech.com\/fr\/#website","url":"https:\/\/dev.fisiotech.com\/fr\/","name":"FisioTech","description":"Tecnologie al servizio della salute","publisher":{"@id":"https:\/\/dev.fisiotech.com\/fr\/#organization"},"potentialAction":[{"@type":"SearchAction","target":{"@type":"EntryPoint","urlTemplate":"https:\/\/dev.fisiotech.com\/fr\/?s={search_term_string}"},"query-input":{"@type":"PropertyValueSpecification","valueRequired":true,"valueName":"search_term_string"}}],"inLanguage":"fr-FR"},{"@type":"Organization","@id":"https:\/\/dev.fisiotech.com\/fr\/#organization","name":"FisioTech - Tecnologie al servizio della salute","url":"https:\/\/dev.fisiotech.com\/fr\/","logo":{"@type":"ImageObject","inLanguage":"fr-FR","@id":"https:\/\/dev.fisiotech.com\/fr\/#\/schema\/logo\/image\/","url":"https:\/\/dev.fisiotech.com\/wp-content\/uploads\/2023\/09\/cropped-Fisiotech-logo.png","contentUrl":"https:\/\/dev.fisiotech.com\/wp-content\/uploads\/2023\/09\/cropped-Fisiotech-logo.png","width":861,"height":329,"caption":"FisioTech - Tecnologie al servizio della salute"},"image":{"@id":"https:\/\/dev.fisiotech.com\/fr\/#\/schema\/logo\/image\/"}}]}},"_links":{"self":[{"href":"https:\/\/dev.fisiotech.com\/fr\/wp-json\/wp\/v2\/product\/14135","targetHints":{"allow":["GET"]}}],"collection":[{"href":"https:\/\/dev.fisiotech.com\/fr\/wp-json\/wp\/v2\/product"}],"about":[{"href":"https:\/\/dev.fisiotech.com\/fr\/wp-json\/wp\/v2\/types\/product"}],"version-history":[{"count":2,"href":"https:\/\/dev.fisiotech.com\/fr\/wp-json\/wp\/v2\/product\/14135\/revisions"}],"predecessor-version":[{"id":15942,"href":"https:\/\/dev.fisiotech.com\/fr\/wp-json\/wp\/v2\/product\/14135\/revisions\/15942"}],"wp:featuredmedia":[{"embeddable":true,"href":"https:\/\/dev.fisiotech.com\/fr\/wp-json\/wp\/v2\/media\/3890"}],"wp:attachment":[{"href":"https:\/\/dev.fisiotech.com\/fr\/wp-json\/wp\/v2\/media?parent=14135"}],"wp:term":[{"taxonomy":"product_brand","embeddable":true,"href":"https:\/\/dev.fisiotech.com\/fr\/wp-json\/wp\/v2\/product_brand?post=14135"},{"taxonomy":"product_cat","embeddable":true,"href":"https:\/\/dev.fisiotech.com\/fr\/wp-json\/wp\/v2\/product_cat?post=14135"},{"taxonomy":"product_tag","embeddable":true,"href":"https:\/\/dev.fisiotech.com\/fr\/wp-json\/wp\/v2\/product_tag?post=14135"}],"curies":[{"name":"wp","href":"https:\/\/api.w.org\/{rel}","templated":true}]}}